{"id":11141,"date":"2021-05-13T14:40:46","date_gmt":"2021-05-13T14:40:46","guid":{"rendered":"https:\/\/mouldking.store\/?post_type=product&#038;p=11141"},"modified":"2021-12-23T09:54:46","modified_gmt":"2021-12-23T09:54:46","slug":"mouldking-16014-central-perk-big-bang-theory-modular-friend-series-with-4488-pieces","status":"publish","type":"product","link":"https:\/\/mouldking.store\/nb\/shop\/mouldking-16014-central-perk-big-bang-theory-modular-friend-series-with-4488-pieces\/","title":{"rendered":"MOULDKING 16014 Central Perk Big Bang Theory Modular Friend Series with 4488 pieces"},"content":{"rendered":"<p>Produktinformasjon:<\/p>\n<ol>\n<li>Type: Blokker<\/li>\n<li>Kj\u00f8nn: Unisex<\/li>\n<li>Advarsel: kan ikke spise<\/li>\n<li>Aldersgruppe: &gt; 8 \u00e5r gammel<\/li>\n<li>Model Number: 16014<\/li>\n<li>Klassifisering: Montering<\/li>\n<li>Plastblokkform: Selvl\u00e5sende murstein<\/li>\n<li>Materiale: Plast<\/li>\n<li>Plasttype: ABS<\/li>\n<li>Bricks Blocks: 4488 PCS<\/li>\n<li>Inneholder detaljerte monteringsanvisninger.<\/li>\n<\/ol>\n<p>Legge merke til:<br \/>\n1. Uten original eske, men vi garanterer at v\u00e5re produkter har kvalitetssikring og pen emballasje.<br \/>\n2. Som alle delene vi har sjekket f\u00f8r frakt, s\u00e5 hvis du finner noen deler savnet eller skadet, ikke bekymre deg og bare kontakt oss, s\u00e5 kan vi sende dem til deg p\u00e5 nytt umiddelbart gratis.<\/p>\n<figure id=\"attachment_11142\" aria-describedby=\"caption-attachment-11142\" style=\"width: 800px\" class=\"wp-caption aligncenter\"><a href=\"https:\/\/mouldking.store\/wp-content\/uploads\/2021\/05\/mouldking-16014-central-perk-big-bang-theory-modular-friend-series-with-4488-pieces.jpg\"><img fetchpriority=\"high\" decoding=\"async\" class=\"wp-image-11142 size-full\" title=\"MOULDKING 16014 Central Perk Big Bang Theory Modular Friend Series with 4488 pieces\" src=\"https:\/\/mouldking.store\/wp-content\/uploads\/2021\/05\/mouldking-16014-central-perk-big-bang-theory-modular-friend-series-with-4488-pieces.jpg\" alt=\"MOULDKING 16014 Central Perk Big Bang Theory Modular Friend Series with 4488 pieces\" width=\"800\" height=\"800\" srcset=\"https:\/\/mouldking.store\/wp-content\/uploads\/2021\/05\/mouldking-16014-central-perk-big-bang-theory-modular-friend-series-with-4488-pieces.jpg 800w, https:\/\/mouldking.store\/wp-content\/uploads\/2021\/05\/mouldking-16014-central-perk-big-bang-theory-modular-friend-series-with-4488-pieces-300x300.jpg 300w, https:\/\/mouldking.store\/wp-content\/uploads\/2021\/05\/mouldking-16014-central-perk-big-bang-theory-modular-friend-series-with-4488-pieces-768x768.jpg 768w, https:\/\/mouldking.store\/wp-content\/uploads\/2021\/05\/mouldking-16014-central-perk-big-bang-theory-modular-friend-series-with-4488-pieces-600x600.jpg 600w, https:\/\/mouldking.store\/wp-content\/uploads\/2021\/05\/mouldking-16014-central-perk-big-bang-theory-modular-friend-series-with-4488-pieces-150x150.jpg 150w\" sizes=\"(max-width: 800px) 100vw, 800px\" \/><\/a><figcaption id=\"caption-attachment-11142\" class=\"wp-caption-text\">MOULDKING 16014 Central Perk Big Bang Theory Modular Friend Series with 4488 pieces<\/figcaption><\/figure>\n<figure id=\"attachment_11143\" aria-describedby=\"caption-attachment-11143\" style=\"width: 800px\" class=\"wp-caption aligncenter\"><img decoding=\"async\" class=\"size-full wp-image-11143\" title=\"MOULDKING 16014 Central Perk Big Bang Theory Modular Friend Series with 4488 pieces\" src=\"http:\/\/mouldking.store\/wp-content\/uploads\/2021\/05\/mouldking-16014-central-perk-big-bang-theory-modular-friend-series-with-4488-pieces-1.jpg\" alt=\"MOULDKING 16014 Central Perk Big Bang Theory Modular Friend Series with 4488 pieces\" width=\"800\" height=\"800\" srcset=\"https:\/\/mouldking.store\/wp-content\/uploads\/2021\/05\/mouldking-16014-central-perk-big-bang-theory-modular-friend-series-with-4488-pieces-1.jpg 800w, https:\/\/mouldking.store\/wp-content\/uploads\/2021\/05\/mouldking-16014-central-perk-big-bang-theory-modular-friend-series-with-4488-pieces-1-300x300.jpg 300w, https:\/\/mouldking.store\/wp-content\/uploads\/2021\/05\/mouldking-16014-central-perk-big-bang-theory-modular-friend-series-with-4488-pieces-1-768x768.jpg 768w, https:\/\/mouldking.store\/wp-content\/uploads\/2021\/05\/mouldking-16014-central-perk-big-bang-theory-modular-friend-series-with-4488-pieces-1-600x600.jpg 600w, https:\/\/mouldking.store\/wp-content\/uploads\/2021\/05\/mouldking-16014-central-perk-big-bang-theory-modular-friend-series-with-4488-pieces-1-150x150.jpg 150w\" sizes=\"(max-width: 800px) 100vw, 800px\" \/><figcaption id=\"caption-attachment-11143\" class=\"wp-caption-text\">MOULDKING 16014 Central Perk Big Bang Theory Modular Friend Series with 4488 pieces<\/figcaption><\/figure>\n<figure id=\"attachment_11144\" aria-describedby=\"caption-attachment-11144\" style=\"width: 800px\" class=\"wp-caption aligncenter\"><img decoding=\"async\" class=\"size-full wp-image-11144\" title=\"MOULDKING 16014 Central Perk Big Bang Theory Modular Friend Series with 4488 pieces\" src=\"http:\/\/mouldking.store\/wp-content\/uploads\/2021\/05\/mouldking-16014-central-perk-big-bang-theory-modular-friend-series-with-4488-pieces-2.jpg\" alt=\"MOULDKING 16014 Central Perk Big Bang Theory Modular Friend Series with 4488 pieces\" width=\"800\" height=\"800\" srcset=\"https:\/\/mouldking.store\/wp-content\/uploads\/2021\/05\/mouldking-16014-central-perk-big-bang-theory-modular-friend-series-with-4488-pieces-2.jpg 800w, https:\/\/mouldking.store\/wp-content\/uploads\/2021\/05\/mouldking-16014-central-perk-big-bang-theory-modular-friend-series-with-4488-pieces-2-300x300.jpg 300w, https:\/\/mouldking.store\/wp-content\/uploads\/2021\/05\/mouldking-16014-central-perk-big-bang-theory-modular-friend-series-with-4488-pieces-2-768x768.jpg 768w, https:\/\/mouldking.store\/wp-content\/uploads\/2021\/05\/mouldking-16014-central-perk-big-bang-theory-modular-friend-series-with-4488-pieces-2-600x600.jpg 600w, https:\/\/mouldking.store\/wp-content\/uploads\/2021\/05\/mouldking-16014-central-perk-big-bang-theory-modular-friend-series-with-4488-pieces-2-150x150.jpg 150w\" sizes=\"(max-width: 800px) 100vw, 800px\" \/><figcaption id=\"caption-attachment-11144\" class=\"wp-caption-text\">MOULDKING 16014 Central Perk Big Bang Theory Modular Friend Series with 4488 pieces<\/figcaption><\/figure>\n<figure id=\"attachment_11145\" aria-describedby=\"caption-attachment-11145\" style=\"width: 800px\" class=\"wp-caption aligncenter\"><img loading=\"lazy\" decoding=\"async\" class=\"size-full wp-image-11145\" title=\"MOULDKING 16014 Central Perk Big Bang Theory Modular Friend Series with 4488 pieces\" src=\"http:\/\/mouldking.store\/wp-content\/uploads\/2021\/05\/mouldking-16014-central-perk-big-bang-theory-modular-friend-series-with-4488-pieces-3.jpg\" alt=\"MOULDKING 16014 Central Perk Big Bang Theory Modular Friend Series with 4488 pieces\" width=\"800\" height=\"800\" srcset=\"https:\/\/mouldking.store\/wp-content\/uploads\/2021\/05\/mouldking-16014-central-perk-big-bang-theory-modular-friend-series-with-4488-pieces-3.jpg 800w, https:\/\/mouldking.store\/wp-content\/uploads\/2021\/05\/mouldking-16014-central-perk-big-bang-theory-modular-friend-series-with-4488-pieces-3-300x300.jpg 300w, https:\/\/mouldking.store\/wp-content\/uploads\/2021\/05\/mouldking-16014-central-perk-big-bang-theory-modular-friend-series-with-4488-pieces-3-768x768.jpg 768w, https:\/\/mouldking.store\/wp-content\/uploads\/2021\/05\/mouldking-16014-central-perk-big-bang-theory-modular-friend-series-with-4488-pieces-3-600x600.jpg 600w, https:\/\/mouldking.store\/wp-content\/uploads\/2021\/05\/mouldking-16014-central-perk-big-bang-theory-modular-friend-series-with-4488-pieces-3-150x150.jpg 150w\" sizes=\"(max-width: 800px) 100vw, 800px\" \/><figcaption id=\"caption-attachment-11145\" class=\"wp-caption-text\">MOULDKING 16014 Central Perk Big Bang Theory Modular Friend Series with 4488 pieces<\/figcaption><\/figure>\n<figure id=\"attachment_11146\" aria-describedby=\"caption-attachment-11146\" style=\"width: 800px\" class=\"wp-caption aligncenter\"><img loading=\"lazy\" decoding=\"async\" class=\"size-full wp-image-11146\" title=\"MOULDKING 16014 Central Perk Big Bang Theory Modular Friend Series with 4488 pieces\" src=\"http:\/\/mouldking.store\/wp-content\/uploads\/2021\/05\/mouldking-16014-central-perk-big-bang-theory-modular-friend-series-with-4488-pieces-4.jpg\" alt=\"MOULDKING 16014 Central Perk Big Bang Theory Modular Friend Series with 4488 pieces\" width=\"800\" height=\"800\" srcset=\"https:\/\/mouldking.store\/wp-content\/uploads\/2021\/05\/mouldking-16014-central-perk-big-bang-theory-modular-friend-series-with-4488-pieces-4.jpg 800w, https:\/\/mouldking.store\/wp-content\/uploads\/2021\/05\/mouldking-16014-central-perk-big-bang-theory-modular-friend-series-with-4488-pieces-4-300x300.jpg 300w, https:\/\/mouldking.store\/wp-content\/uploads\/2021\/05\/mouldking-16014-central-perk-big-bang-theory-modular-friend-series-with-4488-pieces-4-768x768.jpg 768w, https:\/\/mouldking.store\/wp-content\/uploads\/2021\/05\/mouldking-16014-central-perk-big-bang-theory-modular-friend-series-with-4488-pieces-4-600x600.jpg 600w, https:\/\/mouldking.store\/wp-content\/uploads\/2021\/05\/mouldking-16014-central-perk-big-bang-theory-modular-friend-series-with-4488-pieces-4-150x150.jpg 150w\" sizes=\"(max-width: 800px) 100vw, 800px\" \/><figcaption id=\"caption-attachment-11146\" class=\"wp-caption-text\">MOULDKING 16014 Central Perk Big Bang Theory Modular Friend Series with 4488 pieces<\/figcaption><\/figure>","protected":false},"excerpt":{"rendered":"<p>Product information: Type: Blocks Gender: Unisex Warning: can not eat Age Range: &gt; 8 years old Model Number: 16014 Classification: Assemblage Plastic Block Shape: Self-Locking Bricks Material: Plastic Plastic Type: ABS Bricks Blocks: 4488 PCS Contains detailed assembly instructions. Notice: 1. Without an original box, but we guarantee our products have quality assurance and nice [&hellip;]<\/p>","protected":false},"featured_media":11142,"comment_status":"open","ping_status":"closed","template":"","meta":{"_acf_changed":false},"product_cat":[390],"product_tag":[1282,1283,1281,1280],"class_list":["product","first","instock","sale","shipping-taxable","purchasable","product-type-simple"],"acf":[],"_links":{"self":[{"href":"https:\/\/mouldking.store\/nb\/wp-json\/wp\/v2\/product\/11141","targetHints":{"allow":["GET"]}}],"collection":[{"href":"https:\/\/mouldking.store\/nb\/wp-json\/wp\/v2\/product"}],"about":[{"href":"https:\/\/mouldking.store\/nb\/wp-json\/wp\/v2\/types\/product"}],"replies":[{"embeddable":true,"href":"https:\/\/mouldking.store\/nb\/wp-json\/wp\/v2\/comments?post=11141"}],"wp:featuredmedia":[{"embeddable":true,"href":"https:\/\/mouldking.store\/nb\/wp-json\/wp\/v2\/media\/11142"}],"wp:attachment":[{"href":"https:\/\/mouldking.store\/nb\/wp-json\/wp\/v2\/media?parent=11141"}],"wp:term":[{"taxonomy":"product_cat","embeddable":true,"href":"https:\/\/mouldking.store\/nb\/wp-json\/wp\/v2\/product_cat?post=11141"},{"taxonomy":"product_tag","embeddable":true,"href":"https:\/\/mouldking.store\/nb\/wp-json\/wp\/v2\/product_tag?post=11141"}],"curies":[{"name":"wp","href":"https:\/\/api.w.org\/{rel}","templated":true}]}}