{"id":11241,"date":"2021-05-22T15:13:35","date_gmt":"2021-05-22T15:13:35","guid":{"rendered":"https:\/\/mouldking.store\/?post_type=product&#038;p=11241"},"modified":"2025-12-25T09:28:21","modified_gmt":"2025-12-25T02:28:21","slug":"mouldking-13053-moc-3054-double-column-car-lift-18-with-537-pieces","status":"publish","type":"product","link":"https:\/\/mouldking.store\/nb\/shop\/mouldking-13053-moc-3054-double-column-car-lift-18-with-537-pieces\/","title":{"rendered":"MOULDKING 13053 MOC-3054 Dobbelts\u00f8ylet bill\u00f8ft 1:8 med 537 stk."},"content":{"rendered":"<p>Produktinformasjon:<\/p>\n<ol>\n<li>Type: Blokker<\/li>\n<li>Kj\u00f8nn: Unisex<\/li>\n<li>Advarsel: kan ikke spise<\/li>\n<li>Aldersgruppe: &gt; 6 \u00e5r gammel<\/li>\n<li>Model Number: 13053<\/li>\n<li>Klassifisering: Montering<\/li>\n<li>Plastblokkform: Selvl\u00e5sende murstein<\/li>\n<li>Materiale: Plast<\/li>\n<li>Plasttype: ABS<\/li>\n<li>Bricks Blocks: 537 PCS<\/li>\n<li>Inneholder detaljerte monteringsanvisninger<\/li>\n<\/ol>\n<p>Legge merke til:<br \/>\n1. Uten original eske, men vi garanterer at v\u00e5re produkter har kvalitetssikring og pen emballasje.<br \/>\n2. Som alle delene vi har sjekket f\u00f8r frakt, s\u00e5 hvis du finner noen deler savnet eller skadet, ikke bekymre deg og bare kontakt oss, s\u00e5 kan vi sende dem til deg p\u00e5 nytt umiddelbart gratis.<\/p>\n<figure id=\"attachment_11313\" aria-describedby=\"caption-attachment-11313\" style=\"width: 800px\" class=\"wp-caption aligncenter\"><img fetchpriority=\"high\" decoding=\"async\" class=\"size-full wp-image-11313\" title=\"MOULDKING 13053 MOC-3054 Dobbelts\u00f8ylet bill\u00f8ft 1:8 med 537 stk.\" src=\"http:\/\/mouldking.store\/wp-content\/uploads\/2021\/06\/mouldking-13053-moc-3054-double-column-car-lift-18-with-537-pieces.jpg\" alt=\"MOULDKING 13053 MOC-3054 Double Column Car Lift 1:8 with 537 pieces\" width=\"800\" height=\"800\" srcset=\"https:\/\/mouldking.store\/wp-content\/uploads\/2021\/06\/mouldking-13053-moc-3054-double-column-car-lift-18-with-537-pieces.jpg 800w, https:\/\/mouldking.store\/wp-content\/uploads\/2021\/06\/mouldking-13053-moc-3054-double-column-car-lift-18-with-537-pieces-300x300.jpg 300w, https:\/\/mouldking.store\/wp-content\/uploads\/2021\/06\/mouldking-13053-moc-3054-double-column-car-lift-18-with-537-pieces-768x768.jpg 768w, https:\/\/mouldking.store\/wp-content\/uploads\/2021\/06\/mouldking-13053-moc-3054-double-column-car-lift-18-with-537-pieces-600x600.jpg 600w, https:\/\/mouldking.store\/wp-content\/uploads\/2021\/06\/mouldking-13053-moc-3054-double-column-car-lift-18-with-537-pieces-150x150.jpg 150w\" sizes=\"(max-width: 800px) 100vw, 800px\" \/><figcaption id=\"caption-attachment-11313\" class=\"wp-caption-text\">MOULDKING 13053 MOC-3054 Dobbelts\u00f8ylet bill\u00f8ft 1:8 med 537 stk.<\/figcaption><\/figure>\n<figure id=\"attachment_11314\" aria-describedby=\"caption-attachment-11314\" style=\"width: 800px\" class=\"wp-caption aligncenter\"><img decoding=\"async\" class=\"size-full wp-image-11314\" title=\"MOULDKING 13053 MOC-3054 Dobbelts\u00f8ylet bill\u00f8ft 1:8 med 537 stk.\" src=\"http:\/\/mouldking.store\/wp-content\/uploads\/2021\/06\/mouldking-13053-moc-3054-double-column-car-lift-18-with-537-pieces-1.jpg\" alt=\"MOULDKING 13053 MOC-3054 Double Column Car Lift 1:8 with 537 pieces\" width=\"800\" height=\"800\" srcset=\"https:\/\/mouldking.store\/wp-content\/uploads\/2021\/06\/mouldking-13053-moc-3054-double-column-car-lift-18-with-537-pieces-1.jpg 800w, https:\/\/mouldking.store\/wp-content\/uploads\/2021\/06\/mouldking-13053-moc-3054-double-column-car-lift-18-with-537-pieces-1-300x300.jpg 300w, https:\/\/mouldking.store\/wp-content\/uploads\/2021\/06\/mouldking-13053-moc-3054-double-column-car-lift-18-with-537-pieces-1-768x768.jpg 768w, https:\/\/mouldking.store\/wp-content\/uploads\/2021\/06\/mouldking-13053-moc-3054-double-column-car-lift-18-with-537-pieces-1-600x600.jpg 600w, https:\/\/mouldking.store\/wp-content\/uploads\/2021\/06\/mouldking-13053-moc-3054-double-column-car-lift-18-with-537-pieces-1-150x150.jpg 150w\" sizes=\"(max-width: 800px) 100vw, 800px\" \/><figcaption id=\"caption-attachment-11314\" class=\"wp-caption-text\">MOULDKING 13053 MOC-3054 Dobbelts\u00f8ylet bill\u00f8ft 1:8 med 537 stk.<\/figcaption><\/figure>\n<figure id=\"attachment_11315\" aria-describedby=\"caption-attachment-11315\" style=\"width: 800px\" class=\"wp-caption aligncenter\"><img decoding=\"async\" class=\"size-full wp-image-11315\" title=\"MOULDKING 13053 MOC-3054 Dobbelts\u00f8ylet bill\u00f8ft 1:8 med 537 stk.\" src=\"http:\/\/mouldking.store\/wp-content\/uploads\/2021\/06\/mouldking-13053-moc-3054-double-column-car-lift-18-with-537-pieces-2.jpg\" alt=\"MOULDKING 13053 MOC-3054 Double Column Car Lift 1:8 with 537 pieces\" width=\"800\" height=\"800\" srcset=\"https:\/\/mouldking.store\/wp-content\/uploads\/2021\/06\/mouldking-13053-moc-3054-double-column-car-lift-18-with-537-pieces-2.jpg 800w, https:\/\/mouldking.store\/wp-content\/uploads\/2021\/06\/mouldking-13053-moc-3054-double-column-car-lift-18-with-537-pieces-2-300x300.jpg 300w, https:\/\/mouldking.store\/wp-content\/uploads\/2021\/06\/mouldking-13053-moc-3054-double-column-car-lift-18-with-537-pieces-2-768x768.jpg 768w, https:\/\/mouldking.store\/wp-content\/uploads\/2021\/06\/mouldking-13053-moc-3054-double-column-car-lift-18-with-537-pieces-2-600x600.jpg 600w, https:\/\/mouldking.store\/wp-content\/uploads\/2021\/06\/mouldking-13053-moc-3054-double-column-car-lift-18-with-537-pieces-2-150x150.jpg 150w\" sizes=\"(max-width: 800px) 100vw, 800px\" \/><figcaption id=\"caption-attachment-11315\" class=\"wp-caption-text\">MOULDKING 13053 MOC-3054 Dobbelts\u00f8ylet bill\u00f8ft 1:8 med 537 stk.<\/figcaption><\/figure>\n<figure id=\"attachment_11316\" aria-describedby=\"caption-attachment-11316\" style=\"width: 800px\" class=\"wp-caption aligncenter\"><img loading=\"lazy\" decoding=\"async\" class=\"size-full wp-image-11316\" title=\"MOULDKING 13053 MOC-3054 Dobbelts\u00f8ylet bill\u00f8ft 1:8 med 537 stk.\" src=\"http:\/\/mouldking.store\/wp-content\/uploads\/2021\/06\/mouldking-13053-moc-3054-double-column-car-lift-18-with-537-pieces-3.jpg\" alt=\"MOULDKING 13053 MOC-3054 Double Column Car Lift 1:8 with 537 pieces\" width=\"800\" height=\"800\" srcset=\"https:\/\/mouldking.store\/wp-content\/uploads\/2021\/06\/mouldking-13053-moc-3054-double-column-car-lift-18-with-537-pieces-3.jpg 800w, https:\/\/mouldking.store\/wp-content\/uploads\/2021\/06\/mouldking-13053-moc-3054-double-column-car-lift-18-with-537-pieces-3-300x300.jpg 300w, https:\/\/mouldking.store\/wp-content\/uploads\/2021\/06\/mouldking-13053-moc-3054-double-column-car-lift-18-with-537-pieces-3-768x768.jpg 768w, https:\/\/mouldking.store\/wp-content\/uploads\/2021\/06\/mouldking-13053-moc-3054-double-column-car-lift-18-with-537-pieces-3-600x600.jpg 600w, https:\/\/mouldking.store\/wp-content\/uploads\/2021\/06\/mouldking-13053-moc-3054-double-column-car-lift-18-with-537-pieces-3-150x150.jpg 150w\" sizes=\"(max-width: 800px) 100vw, 800px\" \/><figcaption id=\"caption-attachment-11316\" class=\"wp-caption-text\">MOULDKING 13053 MOC-3054 Dobbelts\u00f8ylet bill\u00f8ft 1:8 med 537 stk.<\/figcaption><\/figure>","protected":false},"excerpt":{"rendered":"<p>Product information: Type: Blocks Gender: Unisex Warning: can not eat Age Range: &gt; 6 years old Model Number: 13053 Classification: Assemblage Plastic Block Shape: Self-Locking Bricks Material: Plastic Plastic Type: ABS Bricks Blocks: 537 PCS Contains detailed assembly instructions Notice: 1. Without an original box, but we guarantee our products have quality assurance and nice [&hellip;]<\/p>","protected":false},"featured_media":11242,"comment_status":"open","ping_status":"closed","template":"","meta":{"_acf_changed":false},"product_cat":[364],"product_tag":[1311,1310,1309,1308],"class_list":["product","first","instock","featured","shipping-taxable","purchasable","product-type-simple"],"acf":[],"_links":{"self":[{"href":"https:\/\/mouldking.store\/nb\/wp-json\/wp\/v2\/product\/11241","targetHints":{"allow":["GET"]}}],"collection":[{"href":"https:\/\/mouldking.store\/nb\/wp-json\/wp\/v2\/product"}],"about":[{"href":"https:\/\/mouldking.store\/nb\/wp-json\/wp\/v2\/types\/product"}],"replies":[{"embeddable":true,"href":"https:\/\/mouldking.store\/nb\/wp-json\/wp\/v2\/comments?post=11241"}],"wp:featuredmedia":[{"embeddable":true,"href":"https:\/\/mouldking.store\/nb\/wp-json\/wp\/v2\/media\/11242"}],"wp:attachment":[{"href":"https:\/\/mouldking.store\/nb\/wp-json\/wp\/v2\/media?parent=11241"}],"wp:term":[{"taxonomy":"product_cat","embeddable":true,"href":"https:\/\/mouldking.store\/nb\/wp-json\/wp\/v2\/product_cat?post=11241"},{"taxonomy":"product_tag","embeddable":true,"href":"https:\/\/mouldking.store\/nb\/wp-json\/wp\/v2\/product_tag?post=11241"}],"curies":[{"name":"wp","href":"https:\/\/api.w.org\/{rel}","templated":true}]}}