{"id":11260,"date":"2021-05-25T15:40:00","date_gmt":"2021-05-25T15:40:00","guid":{"rendered":"https:\/\/mouldking.store\/?post_type=product&#038;p=11260"},"modified":"2025-02-28T16:11:49","modified_gmt":"2025-02-28T09:11:49","slug":"mouldking-17013-grove-mobile-crane-with-rc-with-4460-pieces","status":"publish","type":"product","link":"https:\/\/mouldking.store\/nb\/shop\/mouldking-17013-grove-mobile-crane-with-rc-with-4460-pieces\/","title":{"rendered":"MOULDKING 17013 Grove Mobilkran med RC med 4460 stk"},"content":{"rendered":"<p>Produktinformasjon:<\/p>\n<ol>\n<li>Type: Blokker<\/li>\n<li>Kj\u00f8nn: Unisex<\/li>\n<li>Advarsel: kan ikke spise<\/li>\n<li>Aldersgruppe: &gt; 8 \u00e5r gammel<\/li>\n<li>Model Number: 17013<\/li>\n<li>Klassifisering: Montering<\/li>\n<li>Plastblokkform: Selvl\u00e5sende murstein<\/li>\n<li>Materiale: Plast<\/li>\n<li>Plasttype: ABS<\/li>\n<li>Mursteinsblokker: 4460 STK<\/li>\n<li>Inneholder detaljerte monteringsanvisninger, PF deler<\/li>\n<li><strong>APP-lenke<\/strong>: hvis du ikke kan f\u00e5 appen gjennom en QR-kode, bare kontakt selgeren for \u00e5 f\u00e5 den.<\/li>\n<\/ol>\n<p>Legge merke til:<br \/>\n1. Uten original eske, men vi garanterer at v\u00e5re produkter har kvalitetssikring og pen emballasje.<br \/>\n2. Som alle delene vi har sjekket f\u00f8r frakt, s\u00e5 hvis du finner noen deler savnet eller skadet, ikke bekymre deg og bare kontakt oss, s\u00e5 kan vi sende dem til deg p\u00e5 nytt umiddelbart gratis.<\/p>\n<figure id=\"attachment_11261\" aria-describedby=\"caption-attachment-11261\" style=\"width: 800px\" class=\"wp-caption aligncenter\"><a href=\"https:\/\/mouldking.store\/wp-content\/uploads\/2021\/05\/mouldking-17013-grove-mobile-crane-with-rc-with-4460-pieces.jpg\"><img fetchpriority=\"high\" decoding=\"async\" class=\"wp-image-11261 size-full\" title=\"MOULDKING 17013 Grove Mobilkran med RC med 4460 stk\" src=\"https:\/\/mouldking.store\/wp-content\/uploads\/2021\/05\/mouldking-17013-grove-mobile-crane-with-rc-with-4460-pieces.jpg\" alt=\"MOULDKING 17013 Grove Mobile Crane with RC with 4460 pieces\" width=\"800\" height=\"800\" srcset=\"https:\/\/mouldking.store\/wp-content\/uploads\/2021\/05\/mouldking-17013-grove-mobile-crane-with-rc-with-4460-pieces.jpg 800w, https:\/\/mouldking.store\/wp-content\/uploads\/2021\/05\/mouldking-17013-grove-mobile-crane-with-rc-with-4460-pieces-300x300.jpg 300w, https:\/\/mouldking.store\/wp-content\/uploads\/2021\/05\/mouldking-17013-grove-mobile-crane-with-rc-with-4460-pieces-768x768.jpg 768w, https:\/\/mouldking.store\/wp-content\/uploads\/2021\/05\/mouldking-17013-grove-mobile-crane-with-rc-with-4460-pieces-600x600.jpg 600w, https:\/\/mouldking.store\/wp-content\/uploads\/2021\/05\/mouldking-17013-grove-mobile-crane-with-rc-with-4460-pieces-150x150.jpg 150w\" sizes=\"(max-width: 800px) 100vw, 800px\" \/><\/a><figcaption id=\"caption-attachment-11261\" class=\"wp-caption-text\">MOULDKING 17013 Grove Mobilkran med RC med 4460 stk<\/figcaption><\/figure>\n<figure id=\"attachment_11262\" aria-describedby=\"caption-attachment-11262\" style=\"width: 800px\" class=\"wp-caption aligncenter\"><img decoding=\"async\" class=\"size-full wp-image-11262\" title=\"MOULDKING 17013 Grove Mobilkran med RC med 4460 stk\" src=\"http:\/\/mouldking.store\/wp-content\/uploads\/2021\/05\/mouldking-17013-grove-mobile-crane-with-rc-with-4460-pieces-1.jpg\" alt=\"MOULDKING 17013 Grove Mobile Crane with RC with 4460 pieces\" width=\"800\" height=\"800\" srcset=\"https:\/\/mouldking.store\/wp-content\/uploads\/2021\/05\/mouldking-17013-grove-mobile-crane-with-rc-with-4460-pieces-1.jpg 800w, https:\/\/mouldking.store\/wp-content\/uploads\/2021\/05\/mouldking-17013-grove-mobile-crane-with-rc-with-4460-pieces-1-300x300.jpg 300w, https:\/\/mouldking.store\/wp-content\/uploads\/2021\/05\/mouldking-17013-grove-mobile-crane-with-rc-with-4460-pieces-1-768x768.jpg 768w, https:\/\/mouldking.store\/wp-content\/uploads\/2021\/05\/mouldking-17013-grove-mobile-crane-with-rc-with-4460-pieces-1-600x600.jpg 600w, https:\/\/mouldking.store\/wp-content\/uploads\/2021\/05\/mouldking-17013-grove-mobile-crane-with-rc-with-4460-pieces-1-150x150.jpg 150w\" sizes=\"(max-width: 800px) 100vw, 800px\" \/><figcaption id=\"caption-attachment-11262\" class=\"wp-caption-text\">MOULDKING 17013 Grove Mobilkran med RC med 4460 stk<\/figcaption><\/figure>\n<figure id=\"attachment_11263\" aria-describedby=\"caption-attachment-11263\" style=\"width: 800px\" class=\"wp-caption aligncenter\"><img decoding=\"async\" class=\"size-full wp-image-11263\" title=\"MOULDKING 17013 Grove Mobilkran med RC med 4460 stk\" src=\"http:\/\/mouldking.store\/wp-content\/uploads\/2021\/05\/mouldking-17013-grove-mobile-crane-with-rc-with-4460-pieces-2.jpg\" alt=\"MOULDKING 17013 Grove Mobile Crane with RC with 4460 pieces\" width=\"800\" height=\"800\" srcset=\"https:\/\/mouldking.store\/wp-content\/uploads\/2021\/05\/mouldking-17013-grove-mobile-crane-with-rc-with-4460-pieces-2.jpg 800w, https:\/\/mouldking.store\/wp-content\/uploads\/2021\/05\/mouldking-17013-grove-mobile-crane-with-rc-with-4460-pieces-2-300x300.jpg 300w, https:\/\/mouldking.store\/wp-content\/uploads\/2021\/05\/mouldking-17013-grove-mobile-crane-with-rc-with-4460-pieces-2-768x768.jpg 768w, https:\/\/mouldking.store\/wp-content\/uploads\/2021\/05\/mouldking-17013-grove-mobile-crane-with-rc-with-4460-pieces-2-600x600.jpg 600w, https:\/\/mouldking.store\/wp-content\/uploads\/2021\/05\/mouldking-17013-grove-mobile-crane-with-rc-with-4460-pieces-2-150x150.jpg 150w\" sizes=\"(max-width: 800px) 100vw, 800px\" \/><figcaption id=\"caption-attachment-11263\" class=\"wp-caption-text\">MOULDKING 17013 Grove Mobilkran med RC med 4460 stk<\/figcaption><\/figure>\n<figure id=\"attachment_11264\" aria-describedby=\"caption-attachment-11264\" style=\"width: 800px\" class=\"wp-caption aligncenter\"><img loading=\"lazy\" decoding=\"async\" class=\"size-full wp-image-11264\" title=\"MOULDKING 17013 Grove Mobilkran med RC med 4460 stk\" src=\"http:\/\/mouldking.store\/wp-content\/uploads\/2021\/05\/mouldking-17013-grove-mobile-crane-with-rc-with-4460-pieces-3.jpg\" alt=\"MOULDKING 17013 Grove Mobile Crane with RC with 4460 pieces\" width=\"800\" height=\"800\" srcset=\"https:\/\/mouldking.store\/wp-content\/uploads\/2021\/05\/mouldking-17013-grove-mobile-crane-with-rc-with-4460-pieces-3.jpg 800w, https:\/\/mouldking.store\/wp-content\/uploads\/2021\/05\/mouldking-17013-grove-mobile-crane-with-rc-with-4460-pieces-3-300x300.jpg 300w, https:\/\/mouldking.store\/wp-content\/uploads\/2021\/05\/mouldking-17013-grove-mobile-crane-with-rc-with-4460-pieces-3-768x768.jpg 768w, https:\/\/mouldking.store\/wp-content\/uploads\/2021\/05\/mouldking-17013-grove-mobile-crane-with-rc-with-4460-pieces-3-600x600.jpg 600w, https:\/\/mouldking.store\/wp-content\/uploads\/2021\/05\/mouldking-17013-grove-mobile-crane-with-rc-with-4460-pieces-3-150x150.jpg 150w\" sizes=\"(max-width: 800px) 100vw, 800px\" \/><figcaption id=\"caption-attachment-11264\" class=\"wp-caption-text\">MOULDKING 17013 Grove Mobilkran med RC med 4460 stk<\/figcaption><\/figure>","protected":false},"excerpt":{"rendered":"<p>Product information: Type: Blocks Gender: Unisex Warning: can not eat Age Range: &gt; 8 years old Model Number: 17013 Classification: Assemblage Plastic Block Shape: Self-Locking Bricks Material: Plastic Plastic Type: ABS Bricks Blocks: 4460 PCS Contains detailed assembly instructions, PF parts APP link: if can\u2019t get the app through a QR code, just pls contact [&hellip;]<\/p>","protected":false},"featured_media":11261,"comment_status":"open","ping_status":"closed","template":"","meta":{"_acf_changed":false},"product_cat":[364],"product_tag":[1317,1318,1316,1315],"class_list":["product","first","outofstock","sale","featured","shipping-taxable","purchasable","product-type-simple"],"acf":[],"_links":{"self":[{"href":"https:\/\/mouldking.store\/nb\/wp-json\/wp\/v2\/product\/11260","targetHints":{"allow":["GET"]}}],"collection":[{"href":"https:\/\/mouldking.store\/nb\/wp-json\/wp\/v2\/product"}],"about":[{"href":"https:\/\/mouldking.store\/nb\/wp-json\/wp\/v2\/types\/product"}],"replies":[{"embeddable":true,"href":"https:\/\/mouldking.store\/nb\/wp-json\/wp\/v2\/comments?post=11260"}],"wp:featuredmedia":[{"embeddable":true,"href":"https:\/\/mouldking.store\/nb\/wp-json\/wp\/v2\/media\/11261"}],"wp:attachment":[{"href":"https:\/\/mouldking.store\/nb\/wp-json\/wp\/v2\/media?parent=11260"}],"wp:term":[{"taxonomy":"product_cat","embeddable":true,"href":"https:\/\/mouldking.store\/nb\/wp-json\/wp\/v2\/product_cat?post=11260"},{"taxonomy":"product_tag","embeddable":true,"href":"https:\/\/mouldking.store\/nb\/wp-json\/wp\/v2\/product_tag?post=11260"}],"curies":[{"name":"wp","href":"https:\/\/api.w.org\/{rel}","templated":true}]}}