{"id":11282,"date":"2021-06-07T14:44:59","date_gmt":"2021-06-07T14:44:59","guid":{"rendered":"https:\/\/mouldking.store\/?post_type=product&#038;p=11282"},"modified":"2021-12-23T09:54:46","modified_gmt":"2021-12-23T09:54:46","slug":"mould-king-11007-frozen-entrance-with-1098-pieces","status":"publish","type":"product","link":"https:\/\/mouldking.store\/nb\/shop\/mould-king-11007-frozen-entrance-with-1098-pieces\/","title":{"rendered":"M\u00d8PEKONGE 11007 Frossen Entr\u00e9 med 1098 stk"},"content":{"rendered":"<p>Produktinformasjon:<\/p>\n<ol>\n<li>Type: Blokker<\/li>\n<li>Kj\u00f8nn: Unisex<\/li>\n<li>Advarsel: kan ikke spise<\/li>\n<li>Aldersgruppe: &gt; 6 \u00e5r gammel<\/li>\n<li>Modellnummer: 11007<\/li>\n<li>Klassifisering: Montering<\/li>\n<li>Plastblokkform: Selvl\u00e5sende murstein<\/li>\n<li>Materiale: Plast<\/li>\n<li>Plasttype: ABS<\/li>\n<li>Mursteinsblokker: 1098 STK<\/li>\n<li>Inneholder detaljerte monteringsanvisninger.<\/li>\n<\/ol>\n<p>Legge merke til:<br \/>\n1. Uten original eske, men vi garanterer at v\u00e5re produkter har kvalitetssikring og pen emballasje.<br \/>\n2. Som alle delene vi har sjekket f\u00f8r frakt, s\u00e5 hvis du finner noen deler savnet eller skadet, ikke bekymre deg og bare kontakt oss, s\u00e5 kan vi sende dem til deg p\u00e5 nytt umiddelbart gratis.<\/p>\n<figure id=\"attachment_11283\" aria-describedby=\"caption-attachment-11283\" style=\"width: 800px\" class=\"wp-caption aligncenter\"><a href=\"https:\/\/mouldking.store\/wp-content\/uploads\/2021\/06\/mould-king-11007-frozen-entrance-with-1098-pieces.jpg\"><img fetchpriority=\"high\" decoding=\"async\" class=\"wp-image-11283 size-full\" title=\"M\u00d8PEKONGE 11007 Frossen Entr\u00e9 med 1098 stk\" src=\"https:\/\/mouldking.store\/wp-content\/uploads\/2021\/06\/mould-king-11007-frozen-entrance-with-1098-pieces.jpg\" alt=\"MOULD KING 11007 Frozen Entrance with 1098 pieces\" width=\"800\" height=\"800\" srcset=\"https:\/\/mouldking.store\/wp-content\/uploads\/2021\/06\/mould-king-11007-frozen-entrance-with-1098-pieces.jpg 800w, https:\/\/mouldking.store\/wp-content\/uploads\/2021\/06\/mould-king-11007-frozen-entrance-with-1098-pieces-300x300.jpg 300w, https:\/\/mouldking.store\/wp-content\/uploads\/2021\/06\/mould-king-11007-frozen-entrance-with-1098-pieces-768x768.jpg 768w, https:\/\/mouldking.store\/wp-content\/uploads\/2021\/06\/mould-king-11007-frozen-entrance-with-1098-pieces-600x600.jpg 600w, https:\/\/mouldking.store\/wp-content\/uploads\/2021\/06\/mould-king-11007-frozen-entrance-with-1098-pieces-150x150.jpg 150w\" sizes=\"(max-width: 800px) 100vw, 800px\" \/><\/a><figcaption id=\"caption-attachment-11283\" class=\"wp-caption-text\">M\u00d8PEKONGE 11007 Frossen Entr\u00e9 med 1098 stk<\/figcaption><\/figure>\n<figure id=\"attachment_11284\" aria-describedby=\"caption-attachment-11284\" style=\"width: 800px\" class=\"wp-caption aligncenter\"><img decoding=\"async\" class=\"size-full wp-image-11284\" title=\"M\u00d8PEKONGE 11007 Frossen Entr\u00e9 med 1098 stk\" src=\"http:\/\/mouldking.store\/wp-content\/uploads\/2021\/06\/mould-king-11007-frozen-entrance-with-1098-pieces-1.jpg\" alt=\"MOULD KING 11007 Frozen Entrance with 1098 pieces\" width=\"800\" height=\"800\" srcset=\"https:\/\/mouldking.store\/wp-content\/uploads\/2021\/06\/mould-king-11007-frozen-entrance-with-1098-pieces-1.jpg 800w, https:\/\/mouldking.store\/wp-content\/uploads\/2021\/06\/mould-king-11007-frozen-entrance-with-1098-pieces-1-300x300.jpg 300w, https:\/\/mouldking.store\/wp-content\/uploads\/2021\/06\/mould-king-11007-frozen-entrance-with-1098-pieces-1-768x768.jpg 768w, https:\/\/mouldking.store\/wp-content\/uploads\/2021\/06\/mould-king-11007-frozen-entrance-with-1098-pieces-1-600x600.jpg 600w, https:\/\/mouldking.store\/wp-content\/uploads\/2021\/06\/mould-king-11007-frozen-entrance-with-1098-pieces-1-150x150.jpg 150w\" sizes=\"(max-width: 800px) 100vw, 800px\" \/><figcaption id=\"caption-attachment-11284\" class=\"wp-caption-text\">M\u00d8PEKONGE 11007 Frossen Entr\u00e9 med 1098 stk<\/figcaption><\/figure>\n<figure id=\"attachment_11285\" aria-describedby=\"caption-attachment-11285\" style=\"width: 800px\" class=\"wp-caption aligncenter\"><img decoding=\"async\" class=\"size-full wp-image-11285\" title=\"M\u00d8PEKONGE 11007 Frossen Entr\u00e9 med 1098 stk\" src=\"http:\/\/mouldking.store\/wp-content\/uploads\/2021\/06\/mould-king-11007-frozen-entrance-with-1098-pieces-2.jpg\" alt=\"MOULD KING 11007 Frozen Entrance with 1098 pieces\" width=\"800\" height=\"800\" srcset=\"https:\/\/mouldking.store\/wp-content\/uploads\/2021\/06\/mould-king-11007-frozen-entrance-with-1098-pieces-2.jpg 800w, https:\/\/mouldking.store\/wp-content\/uploads\/2021\/06\/mould-king-11007-frozen-entrance-with-1098-pieces-2-300x300.jpg 300w, https:\/\/mouldking.store\/wp-content\/uploads\/2021\/06\/mould-king-11007-frozen-entrance-with-1098-pieces-2-768x768.jpg 768w, https:\/\/mouldking.store\/wp-content\/uploads\/2021\/06\/mould-king-11007-frozen-entrance-with-1098-pieces-2-600x600.jpg 600w, https:\/\/mouldking.store\/wp-content\/uploads\/2021\/06\/mould-king-11007-frozen-entrance-with-1098-pieces-2-150x150.jpg 150w\" sizes=\"(max-width: 800px) 100vw, 800px\" \/><figcaption id=\"caption-attachment-11285\" class=\"wp-caption-text\">M\u00d8PEKONGE 11007 Frossen Entr\u00e9 med 1098 stk<\/figcaption><\/figure>\n<figure id=\"attachment_11286\" aria-describedby=\"caption-attachment-11286\" style=\"width: 800px\" class=\"wp-caption aligncenter\"><img loading=\"lazy\" decoding=\"async\" class=\"size-full wp-image-11286\" title=\"M\u00d8PEKONGE 11007 Frossen Entr\u00e9 med 1098 stk\" src=\"http:\/\/mouldking.store\/wp-content\/uploads\/2021\/06\/mould-king-11007-frozen-entrance-with-1098-pieces-3.jpg\" alt=\"MOULD KING 11007 Frozen Entrance with 1098 pieces\" width=\"800\" height=\"800\" srcset=\"https:\/\/mouldking.store\/wp-content\/uploads\/2021\/06\/mould-king-11007-frozen-entrance-with-1098-pieces-3.jpg 800w, https:\/\/mouldking.store\/wp-content\/uploads\/2021\/06\/mould-king-11007-frozen-entrance-with-1098-pieces-3-300x300.jpg 300w, https:\/\/mouldking.store\/wp-content\/uploads\/2021\/06\/mould-king-11007-frozen-entrance-with-1098-pieces-3-768x768.jpg 768w, https:\/\/mouldking.store\/wp-content\/uploads\/2021\/06\/mould-king-11007-frozen-entrance-with-1098-pieces-3-600x600.jpg 600w, https:\/\/mouldking.store\/wp-content\/uploads\/2021\/06\/mould-king-11007-frozen-entrance-with-1098-pieces-3-150x150.jpg 150w\" sizes=\"(max-width: 800px) 100vw, 800px\" \/><figcaption id=\"caption-attachment-11286\" class=\"wp-caption-text\">M\u00d8PEKONGE 11007 Frossen Entr\u00e9 med 1098 stk<\/figcaption><\/figure>","protected":false},"excerpt":{"rendered":"<p>Product information: Type: Blocks Gender: Unisex Warning: can not eat Age Range: &gt; 6 years old Model Number: 11007 Classification: Assemblage Plastic Block Shape: Self-Locking Bricks Material: Plastic Plastic Type: ABS Bricks Blocks: 1098 PCS Contains detailed assembly instructions. Notice: 1. Without an original box, but we guarantee our products have quality assurance and nice [&hellip;]<\/p>","protected":false},"featured_media":11283,"comment_status":"open","ping_status":"closed","template":"","meta":{"_acf_changed":false},"product_cat":[581],"product_tag":[1327,1326,1325],"class_list":["product","first","instock","sale","shipping-taxable","purchasable","product-type-simple"],"acf":[],"_links":{"self":[{"href":"https:\/\/mouldking.store\/nb\/wp-json\/wp\/v2\/product\/11282","targetHints":{"allow":["GET"]}}],"collection":[{"href":"https:\/\/mouldking.store\/nb\/wp-json\/wp\/v2\/product"}],"about":[{"href":"https:\/\/mouldking.store\/nb\/wp-json\/wp\/v2\/types\/product"}],"replies":[{"embeddable":true,"href":"https:\/\/mouldking.store\/nb\/wp-json\/wp\/v2\/comments?post=11282"}],"wp:featuredmedia":[{"embeddable":true,"href":"https:\/\/mouldking.store\/nb\/wp-json\/wp\/v2\/media\/11283"}],"wp:attachment":[{"href":"https:\/\/mouldking.store\/nb\/wp-json\/wp\/v2\/media?parent=11282"}],"wp:term":[{"taxonomy":"product_cat","embeddable":true,"href":"https:\/\/mouldking.store\/nb\/wp-json\/wp\/v2\/product_cat?post=11282"},{"taxonomy":"product_tag","embeddable":true,"href":"https:\/\/mouldking.store\/nb\/wp-json\/wp\/v2\/product_tag?post=11282"}],"curies":[{"name":"wp","href":"https:\/\/api.w.org\/{rel}","templated":true}]}}