{"id":11317,"date":"2021-06-15T04:28:50","date_gmt":"2021-06-15T04:28:50","guid":{"rendered":"https:\/\/mouldking.store\/?post_type=product&#038;p=11317"},"modified":"2022-08-03T14:12:26","modified_gmt":"2022-08-03T07:12:26","slug":"mould-king-17013h-rc-yellow-gmk-crane-with-4460-pieces","status":"publish","type":"product","link":"https:\/\/mouldking.store\/nb\/shop\/mould-king-17013h-rc-yellow-gmk-crane-with-4460-pieces\/","title":{"rendered":"MOLD KING 17013H RC Gul GMK Kran med 4460 stykker"},"content":{"rendered":"<p>Produktinformasjon:<\/p>\n<ol>\n<li>Type: Blokker<\/li>\n<li>Kj\u00f8nn: Unisex<\/li>\n<li>Advarsel: kan ikke spise<\/li>\n<li>Aldersgruppe: &gt; 6 \u00e5r gammel<\/li>\n<li>Modellnummer: 17013H<\/li>\n<li>Klassifisering: Montering<\/li>\n<li>Plastblokkform: Selvl\u00e5sende murstein<\/li>\n<li>Materiale: Plast<\/li>\n<li>Plasttype: ABS<\/li>\n<li>Mursteinsblokker: 4460 STK<\/li>\n<li>Inneholder detaljerte monteringsanvisninger.<\/li>\n<\/ol>\n<p>Legge merke til:<br \/>\n1. Uten original eske, men vi garanterer at v\u00e5re produkter har kvalitetssikring og pen emballasje.<br \/>\n2. Som alle delene vi har sjekket f\u00f8r frakt, s\u00e5 hvis du finner noen deler savnet eller skadet, ikke bekymre deg og bare kontakt oss, s\u00e5 kan vi sende dem til deg p\u00e5 nytt umiddelbart gratis.<\/p>\n<figure id=\"attachment_11318\" aria-describedby=\"caption-attachment-11318\" style=\"width: 800px\" class=\"wp-caption aligncenter\"><a href=\"https:\/\/mouldking.store\/wp-content\/uploads\/2021\/06\/mould-king-17013h-rc-yellow-gmk-crane-with-4460-pieces.jpg\"><img fetchpriority=\"high\" decoding=\"async\" class=\"wp-image-11318 size-full\" title=\"MOLD KING 17013H RC Gul GMK Kran med 4460 stykker\" src=\"http:\/\/mouldking.store\/wp-content\/uploads\/2021\/06\/mould-king-17013h-rc-yellow-gmk-crane-with-4460-pieces.jpg\" alt=\"MOULD KING 17013H RC Yellow GMK Crane with 4460 pieces\" width=\"800\" height=\"800\" srcset=\"https:\/\/mouldking.store\/wp-content\/uploads\/2021\/06\/mould-king-17013h-rc-yellow-gmk-crane-with-4460-pieces.jpg 800w, https:\/\/mouldking.store\/wp-content\/uploads\/2021\/06\/mould-king-17013h-rc-yellow-gmk-crane-with-4460-pieces-300x300.jpg 300w, https:\/\/mouldking.store\/wp-content\/uploads\/2021\/06\/mould-king-17013h-rc-yellow-gmk-crane-with-4460-pieces-768x768.jpg 768w, https:\/\/mouldking.store\/wp-content\/uploads\/2021\/06\/mould-king-17013h-rc-yellow-gmk-crane-with-4460-pieces-600x600.jpg 600w, https:\/\/mouldking.store\/wp-content\/uploads\/2021\/06\/mould-king-17013h-rc-yellow-gmk-crane-with-4460-pieces-150x150.jpg 150w\" sizes=\"(max-width: 800px) 100vw, 800px\" \/><\/a><figcaption id=\"caption-attachment-11318\" class=\"wp-caption-text\">MOLD KING 17013H RC Gul GMK Kran med 4460 stykker<\/figcaption><\/figure>\n<figure id=\"attachment_11319\" aria-describedby=\"caption-attachment-11319\" style=\"width: 800px\" class=\"wp-caption aligncenter\"><img decoding=\"async\" class=\"size-full wp-image-11319\" title=\"MOLD KING 17013H RC Gul GMK Kran med 4460 stykker\" src=\"http:\/\/mouldking.store\/wp-content\/uploads\/2021\/06\/mould-king-17013h-rc-yellow-gmk-crane-with-4460-pieces-1.jpg\" alt=\"MOULD KING 17013H RC Yellow GMK Crane with 4460 pieces\" width=\"800\" height=\"800\" srcset=\"https:\/\/mouldking.store\/wp-content\/uploads\/2021\/06\/mould-king-17013h-rc-yellow-gmk-crane-with-4460-pieces-1.jpg 800w, https:\/\/mouldking.store\/wp-content\/uploads\/2021\/06\/mould-king-17013h-rc-yellow-gmk-crane-with-4460-pieces-1-300x300.jpg 300w, https:\/\/mouldking.store\/wp-content\/uploads\/2021\/06\/mould-king-17013h-rc-yellow-gmk-crane-with-4460-pieces-1-768x768.jpg 768w, https:\/\/mouldking.store\/wp-content\/uploads\/2021\/06\/mould-king-17013h-rc-yellow-gmk-crane-with-4460-pieces-1-600x600.jpg 600w, https:\/\/mouldking.store\/wp-content\/uploads\/2021\/06\/mould-king-17013h-rc-yellow-gmk-crane-with-4460-pieces-1-150x150.jpg 150w\" sizes=\"(max-width: 800px) 100vw, 800px\" \/><figcaption id=\"caption-attachment-11319\" class=\"wp-caption-text\">MOLD KING 17013H RC Gul GMK Kran med 4460 stykker<\/figcaption><\/figure>\n<figure id=\"attachment_11320\" aria-describedby=\"caption-attachment-11320\" style=\"width: 800px\" class=\"wp-caption aligncenter\"><img decoding=\"async\" class=\"wp-image-11320\" title=\"MOLD KING 17013H RC Gul GMK Kran med 4460 stykker\" src=\"http:\/\/mouldking.store\/wp-content\/uploads\/2021\/06\/mould-king-17013h-rc-yellow-gmk-crane-with-4460-pieces-2.jpg\" alt=\"MOULD KING 17013H RC Yellow GMK Crane with 4460 pieces\" width=\"800\" height=\"800\" srcset=\"https:\/\/mouldking.store\/wp-content\/uploads\/2021\/06\/mould-king-17013h-rc-yellow-gmk-crane-with-4460-pieces-2.jpg 1000w, https:\/\/mouldking.store\/wp-content\/uploads\/2021\/06\/mould-king-17013h-rc-yellow-gmk-crane-with-4460-pieces-2-300x300.jpg 300w, https:\/\/mouldking.store\/wp-content\/uploads\/2021\/06\/mould-king-17013h-rc-yellow-gmk-crane-with-4460-pieces-2-768x768.jpg 768w, https:\/\/mouldking.store\/wp-content\/uploads\/2021\/06\/mould-king-17013h-rc-yellow-gmk-crane-with-4460-pieces-2-600x600.jpg 600w, https:\/\/mouldking.store\/wp-content\/uploads\/2021\/06\/mould-king-17013h-rc-yellow-gmk-crane-with-4460-pieces-2-150x150.jpg 150w\" sizes=\"(max-width: 800px) 100vw, 800px\" \/><figcaption id=\"caption-attachment-11320\" class=\"wp-caption-text\">MOLD KING 17013H RC Gul GMK Kran med 4460 stykker<\/figcaption><\/figure>\n<figure id=\"attachment_11321\" aria-describedby=\"caption-attachment-11321\" style=\"width: 800px\" class=\"wp-caption aligncenter\"><img loading=\"lazy\" decoding=\"async\" class=\"wp-image-11321\" title=\"MOLD KING 17013H RC Gul GMK Kran med 4460 stykker\" src=\"http:\/\/mouldking.store\/wp-content\/uploads\/2021\/06\/mould-king-17013h-rc-yellow-gmk-crane-with-4460-pieces.png\" alt=\"MOULD KING 17013H RC Yellow GMK Crane with 4460 pieces\" width=\"800\" height=\"800\" srcset=\"https:\/\/mouldking.store\/wp-content\/uploads\/2021\/06\/mould-king-17013h-rc-yellow-gmk-crane-with-4460-pieces.png 1000w, https:\/\/mouldking.store\/wp-content\/uploads\/2021\/06\/mould-king-17013h-rc-yellow-gmk-crane-with-4460-pieces-300x300.png 300w, https:\/\/mouldking.store\/wp-content\/uploads\/2021\/06\/mould-king-17013h-rc-yellow-gmk-crane-with-4460-pieces-768x768.png 768w, https:\/\/mouldking.store\/wp-content\/uploads\/2021\/06\/mould-king-17013h-rc-yellow-gmk-crane-with-4460-pieces-600x600.png 600w, https:\/\/mouldking.store\/wp-content\/uploads\/2021\/06\/mould-king-17013h-rc-yellow-gmk-crane-with-4460-pieces-150x150.png 150w\" sizes=\"(max-width: 800px) 100vw, 800px\" \/><figcaption id=\"caption-attachment-11321\" class=\"wp-caption-text\">MOLD KING 17013H RC Gul GMK Kran med 4460 stykker<\/figcaption><\/figure>\n<figure id=\"attachment_11322\" aria-describedby=\"caption-attachment-11322\" style=\"width: 800px\" class=\"wp-caption aligncenter\"><img loading=\"lazy\" decoding=\"async\" class=\"size-full wp-image-11322\" title=\"MOLD KING 17013H RC Gul GMK Kran med 4460 stykker\" src=\"http:\/\/mouldking.store\/wp-content\/uploads\/2021\/06\/mould-king-17013h-rc-yellow-gmk-crane-with-4460-pieces-3.jpg\" alt=\"MOULD KING 17013H RC Yellow GMK Crane with 4460 pieces\" width=\"800\" height=\"800\" srcset=\"https:\/\/mouldking.store\/wp-content\/uploads\/2021\/06\/mould-king-17013h-rc-yellow-gmk-crane-with-4460-pieces-3.jpg 800w, https:\/\/mouldking.store\/wp-content\/uploads\/2021\/06\/mould-king-17013h-rc-yellow-gmk-crane-with-4460-pieces-3-300x300.jpg 300w, https:\/\/mouldking.store\/wp-content\/uploads\/2021\/06\/mould-king-17013h-rc-yellow-gmk-crane-with-4460-pieces-3-768x768.jpg 768w, https:\/\/mouldking.store\/wp-content\/uploads\/2021\/06\/mould-king-17013h-rc-yellow-gmk-crane-with-4460-pieces-3-600x600.jpg 600w, https:\/\/mouldking.store\/wp-content\/uploads\/2021\/06\/mould-king-17013h-rc-yellow-gmk-crane-with-4460-pieces-3-150x150.jpg 150w\" sizes=\"(max-width: 800px) 100vw, 800px\" \/><figcaption id=\"caption-attachment-11322\" class=\"wp-caption-text\">MOLD KING 17013H RC Gul GMK Kran med 4460 stykker<\/figcaption><\/figure>\n<figure id=\"attachment_11323\" aria-describedby=\"caption-attachment-11323\" style=\"width: 800px\" class=\"wp-caption aligncenter\"><img loading=\"lazy\" decoding=\"async\" class=\"size-full wp-image-11323\" title=\"MOLD KING 17013H RC Gul GMK Kran med 4460 stykker\" src=\"http:\/\/mouldking.store\/wp-content\/uploads\/2021\/06\/mould-king-17013h-rc-yellow-gmk-crane-with-4460-pieces-4.jpg\" alt=\"MOULD KING 17013H RC Yellow GMK Crane with 4460 pieces\" width=\"800\" height=\"800\" srcset=\"https:\/\/mouldking.store\/wp-content\/uploads\/2021\/06\/mould-king-17013h-rc-yellow-gmk-crane-with-4460-pieces-4.jpg 800w, https:\/\/mouldking.store\/wp-content\/uploads\/2021\/06\/mould-king-17013h-rc-yellow-gmk-crane-with-4460-pieces-4-300x300.jpg 300w, https:\/\/mouldking.store\/wp-content\/uploads\/2021\/06\/mould-king-17013h-rc-yellow-gmk-crane-with-4460-pieces-4-768x768.jpg 768w, https:\/\/mouldking.store\/wp-content\/uploads\/2021\/06\/mould-king-17013h-rc-yellow-gmk-crane-with-4460-pieces-4-600x600.jpg 600w, https:\/\/mouldking.store\/wp-content\/uploads\/2021\/06\/mould-king-17013h-rc-yellow-gmk-crane-with-4460-pieces-4-150x150.jpg 150w\" sizes=\"(max-width: 800px) 100vw, 800px\" \/><figcaption id=\"caption-attachment-11323\" class=\"wp-caption-text\">MOLD KING 17013H RC Gul GMK Kran med 4460 stykker<\/figcaption><\/figure>","protected":false},"excerpt":{"rendered":"<p>Product information: Type: Blocks Gender: Unisex Warning: can not eat Age Range: &gt; 6 years old Model Number: 17013H Classification: Assemblage Plastic Block Shape: Self-Locking Bricks Material: Plastic Plastic Type: ABS Bricks Blocks: 4460 PCS Contains detailed assembly instructions. Notice: 1. Without an original box, but we guarantee our products have quality assurance and nice [&hellip;]<\/p>","protected":false},"featured_media":11318,"comment_status":"open","ping_status":"closed","template":"","meta":{"_acf_changed":false},"product_cat":[364],"product_tag":[1338,1337,1339],"class_list":["product","first","instock","sale","shipping-taxable","purchasable","product-type-simple"],"acf":[],"_links":{"self":[{"href":"https:\/\/mouldking.store\/nb\/wp-json\/wp\/v2\/product\/11317","targetHints":{"allow":["GET"]}}],"collection":[{"href":"https:\/\/mouldking.store\/nb\/wp-json\/wp\/v2\/product"}],"about":[{"href":"https:\/\/mouldking.store\/nb\/wp-json\/wp\/v2\/types\/product"}],"replies":[{"embeddable":true,"href":"https:\/\/mouldking.store\/nb\/wp-json\/wp\/v2\/comments?post=11317"}],"wp:featuredmedia":[{"embeddable":true,"href":"https:\/\/mouldking.store\/nb\/wp-json\/wp\/v2\/media\/11318"}],"wp:attachment":[{"href":"https:\/\/mouldking.store\/nb\/wp-json\/wp\/v2\/media?parent=11317"}],"wp:term":[{"taxonomy":"product_cat","embeddable":true,"href":"https:\/\/mouldking.store\/nb\/wp-json\/wp\/v2\/product_cat?post=11317"},{"taxonomy":"product_tag","embeddable":true,"href":"https:\/\/mouldking.store\/nb\/wp-json\/wp\/v2\/product_tag?post=11317"}],"curies":[{"name":"wp","href":"https:\/\/api.w.org\/{rel}","templated":true}]}}