{"id":11382,"date":"2021-06-29T14:59:19","date_gmt":"2021-06-29T14:59:19","guid":{"rendered":"https:\/\/mouldking.store\/?post_type=product&#038;p=11382"},"modified":"2021-12-23T09:54:45","modified_gmt":"2021-12-23T09:54:45","slug":"mould-king-21020-darth-vader-bust-sculpture-with-936-pieces","status":"publish","type":"product","link":"https:\/\/mouldking.store\/nb\/shop\/mould-king-21020-darth-vader-bust-sculpture-with-936-pieces\/","title":{"rendered":"MOLD KING 21020 Darth Vader bysteskulptur med 936 deler"},"content":{"rendered":"<p>Produktinformasjon:<br \/>\n1. Model Number: 21020<br \/>\n2. Advarsel: kan ikke spise<br \/>\n3. Aldersgruppe: &gt; 6 \u00e5r gammel<br \/>\n4. Sertifisering: 3C<br \/>\n5. Plastblokkform: Selvl\u00e5sende murstein<br \/>\n6. Materiale: Plast<br \/>\n7. Plast Type: ABS<br \/>\n8. Bricks Blocks: ~936 PCS<br \/>\n9. Inneholder detaljerte monteringsanvisninger<\/p>\n<p>Legge merke til:<br \/>\n1. Uten original eske, men vi garanterer at v\u00e5re produkter har kvalitetssikring og pen emballasje.<br \/>\n2. Som alle delene vi har sjekket f\u00f8r frakt, s\u00e5 hvis du finner noen deler savnet eller skadet, ikke bekymre deg og bare kontakt oss, s\u00e5 kan vi sende dem til deg p\u00e5 nytt umiddelbart gratis.<\/p>\n<figure id=\"attachment_11383\" aria-describedby=\"caption-attachment-11383\" style=\"width: 800px\" class=\"wp-caption aligncenter\"><img fetchpriority=\"high\" decoding=\"async\" class=\"size-full wp-image-11383\" title=\"MOLD KING 21020 Darth Vader bysteskulptur med 936 deler\" src=\"http:\/\/mouldking.store\/wp-content\/uploads\/2021\/06\/mould-king-21020-darth-vader-bust-sculpture-with-936-pieces.jpg\" alt=\"MOULD KING 21020 Darth Vader Bust Sculpture with 936 pieces\" width=\"800\" height=\"800\" srcset=\"https:\/\/mouldking.store\/wp-content\/uploads\/2021\/06\/mould-king-21020-darth-vader-bust-sculpture-with-936-pieces.jpg 800w, https:\/\/mouldking.store\/wp-content\/uploads\/2021\/06\/mould-king-21020-darth-vader-bust-sculpture-with-936-pieces-300x300.jpg 300w, https:\/\/mouldking.store\/wp-content\/uploads\/2021\/06\/mould-king-21020-darth-vader-bust-sculpture-with-936-pieces-768x768.jpg 768w, https:\/\/mouldking.store\/wp-content\/uploads\/2021\/06\/mould-king-21020-darth-vader-bust-sculpture-with-936-pieces-600x600.jpg 600w, https:\/\/mouldking.store\/wp-content\/uploads\/2021\/06\/mould-king-21020-darth-vader-bust-sculpture-with-936-pieces-150x150.jpg 150w\" sizes=\"(max-width: 800px) 100vw, 800px\" \/><figcaption id=\"caption-attachment-11383\" class=\"wp-caption-text\">MOLD KING 21020 Darth Vader bysteskulptur med 936 deler<\/figcaption><\/figure>\n<figure id=\"attachment_11384\" aria-describedby=\"caption-attachment-11384\" style=\"width: 800px\" class=\"wp-caption aligncenter\"><img decoding=\"async\" class=\"size-full wp-image-11384\" title=\"MOLD KING 21020 Darth Vader bysteskulptur med 936 deler\" src=\"http:\/\/mouldking.store\/wp-content\/uploads\/2021\/06\/mould-king-21020-darth-vader-bust-sculpture-with-936-pieces-1.jpg\" alt=\"MOULD KING 21020 Darth Vader Bust Sculpture with 936 pieces\" width=\"800\" height=\"800\" srcset=\"https:\/\/mouldking.store\/wp-content\/uploads\/2021\/06\/mould-king-21020-darth-vader-bust-sculpture-with-936-pieces-1.jpg 800w, https:\/\/mouldking.store\/wp-content\/uploads\/2021\/06\/mould-king-21020-darth-vader-bust-sculpture-with-936-pieces-1-300x300.jpg 300w, https:\/\/mouldking.store\/wp-content\/uploads\/2021\/06\/mould-king-21020-darth-vader-bust-sculpture-with-936-pieces-1-768x768.jpg 768w, https:\/\/mouldking.store\/wp-content\/uploads\/2021\/06\/mould-king-21020-darth-vader-bust-sculpture-with-936-pieces-1-600x600.jpg 600w, https:\/\/mouldking.store\/wp-content\/uploads\/2021\/06\/mould-king-21020-darth-vader-bust-sculpture-with-936-pieces-1-150x150.jpg 150w\" sizes=\"(max-width: 800px) 100vw, 800px\" \/><figcaption id=\"caption-attachment-11384\" class=\"wp-caption-text\">MOLD KING 21020 Darth Vader bysteskulptur med 936 deler<\/figcaption><\/figure>\n<figure id=\"attachment_11385\" aria-describedby=\"caption-attachment-11385\" style=\"width: 800px\" class=\"wp-caption aligncenter\"><img decoding=\"async\" class=\"size-full wp-image-11385\" title=\"MOLD KING 21020 Darth Vader bysteskulptur med 936 deler\" src=\"http:\/\/mouldking.store\/wp-content\/uploads\/2021\/06\/mould-king-21020-darth-vader-bust-sculpture-with-936-pieces-2.jpg\" alt=\"MOULD KING 21020 Darth Vader Bust Sculpture with 936 pieces\" width=\"800\" height=\"800\" srcset=\"https:\/\/mouldking.store\/wp-content\/uploads\/2021\/06\/mould-king-21020-darth-vader-bust-sculpture-with-936-pieces-2.jpg 800w, https:\/\/mouldking.store\/wp-content\/uploads\/2021\/06\/mould-king-21020-darth-vader-bust-sculpture-with-936-pieces-2-300x300.jpg 300w, https:\/\/mouldking.store\/wp-content\/uploads\/2021\/06\/mould-king-21020-darth-vader-bust-sculpture-with-936-pieces-2-768x768.jpg 768w, https:\/\/mouldking.store\/wp-content\/uploads\/2021\/06\/mould-king-21020-darth-vader-bust-sculpture-with-936-pieces-2-600x600.jpg 600w, https:\/\/mouldking.store\/wp-content\/uploads\/2021\/06\/mould-king-21020-darth-vader-bust-sculpture-with-936-pieces-2-150x150.jpg 150w\" sizes=\"(max-width: 800px) 100vw, 800px\" \/><figcaption id=\"caption-attachment-11385\" class=\"wp-caption-text\">MOLD KING 21020 Darth Vader bysteskulptur med 936 deler<\/figcaption><\/figure>\n<figure id=\"attachment_11386\" aria-describedby=\"caption-attachment-11386\" style=\"width: 800px\" class=\"wp-caption aligncenter\"><img loading=\"lazy\" decoding=\"async\" class=\"size-full wp-image-11386\" title=\"MOLD KING 21020 Darth Vader bysteskulptur med 936 deler\" src=\"http:\/\/mouldking.store\/wp-content\/uploads\/2021\/06\/mould-king-21020-darth-vader-bust-sculpture-with-936-pieces-3.jpg\" alt=\"MOULD KING 21020 Darth Vader Bust Sculpture with 936 pieces\" width=\"800\" height=\"800\" srcset=\"https:\/\/mouldking.store\/wp-content\/uploads\/2021\/06\/mould-king-21020-darth-vader-bust-sculpture-with-936-pieces-3.jpg 800w, https:\/\/mouldking.store\/wp-content\/uploads\/2021\/06\/mould-king-21020-darth-vader-bust-sculpture-with-936-pieces-3-300x300.jpg 300w, https:\/\/mouldking.store\/wp-content\/uploads\/2021\/06\/mould-king-21020-darth-vader-bust-sculpture-with-936-pieces-3-768x768.jpg 768w, https:\/\/mouldking.store\/wp-content\/uploads\/2021\/06\/mould-king-21020-darth-vader-bust-sculpture-with-936-pieces-3-600x600.jpg 600w, https:\/\/mouldking.store\/wp-content\/uploads\/2021\/06\/mould-king-21020-darth-vader-bust-sculpture-with-936-pieces-3-150x150.jpg 150w\" sizes=\"(max-width: 800px) 100vw, 800px\" \/><figcaption id=\"caption-attachment-11386\" class=\"wp-caption-text\">MOLD KING 21020 Darth Vader bysteskulptur med 936 deler<\/figcaption><\/figure>","protected":false},"excerpt":{"rendered":"<p><span style=\"color: #ff0000;\"><strong>FORSELL!<\/strong><\/span><\/p>","protected":false},"featured_media":11383,"comment_status":"open","ping_status":"closed","template":"","meta":{"_acf_changed":false},"product_cat":[415],"product_tag":[1341,1340],"class_list":["product","first","instock","sale","shipping-taxable","purchasable","product-type-simple"],"acf":[],"_links":{"self":[{"href":"https:\/\/mouldking.store\/nb\/wp-json\/wp\/v2\/product\/11382","targetHints":{"allow":["GET"]}}],"collection":[{"href":"https:\/\/mouldking.store\/nb\/wp-json\/wp\/v2\/product"}],"about":[{"href":"https:\/\/mouldking.store\/nb\/wp-json\/wp\/v2\/types\/product"}],"replies":[{"embeddable":true,"href":"https:\/\/mouldking.store\/nb\/wp-json\/wp\/v2\/comments?post=11382"}],"wp:featuredmedia":[{"embeddable":true,"href":"https:\/\/mouldking.store\/nb\/wp-json\/wp\/v2\/media\/11383"}],"wp:attachment":[{"href":"https:\/\/mouldking.store\/nb\/wp-json\/wp\/v2\/media?parent=11382"}],"wp:term":[{"taxonomy":"product_cat","embeddable":true,"href":"https:\/\/mouldking.store\/nb\/wp-json\/wp\/v2\/product_cat?post=11382"},{"taxonomy":"product_tag","embeddable":true,"href":"https:\/\/mouldking.store\/nb\/wp-json\/wp\/v2\/product_tag?post=11382"}],"curies":[{"name":"wp","href":"https:\/\/api.w.org\/{rel}","templated":true}]}}