{"id":11416,"date":"2021-07-07T15:25:31","date_gmt":"2021-07-07T15:25:31","guid":{"rendered":"https:\/\/mouldking.store\/?post_type=product&#038;p=11416"},"modified":"2021-12-23T09:54:45","modified_gmt":"2021-12-23T09:54:45","slug":"mould-king-10032-typewriter-with-2139-pieces","status":"publish","type":"product","link":"https:\/\/mouldking.store\/nb\/shop\/mould-king-10032-typewriter-with-2139-pieces\/","title":{"rendered":"MOLD KING 10032 Skrivemaskin med 2139 stk"},"content":{"rendered":"<p>Produktinformasjon:<\/p>\n<ol>\n<li>Type: Blokker<\/li>\n<li>Kj\u00f8nn: Unisex<\/li>\n<li>Advarsel: kan ikke spise<\/li>\n<li>Aldersgruppe: &gt; 6 \u00e5r gammel<\/li>\n<li>Modellnummer: 10032<\/li>\n<li>Klassifisering: Montering<\/li>\n<li>Plastblokkform: Selvl\u00e5sende murstein<\/li>\n<li>Materiale: Plast<\/li>\n<li>Plasttype: ABS<\/li>\n<li>Mursteinsblokker: 2139 STK<\/li>\n<li>Inneholder detaljerte monteringsanvisninger.<\/li>\n<\/ol>\n<p>Legge merke til:<br \/>\n1. Uten original eske, men vi garanterer at v\u00e5re produkter har kvalitetssikring og pen emballasje.<br \/>\n2. Som alle delene vi har sjekket f\u00f8r frakt, s\u00e5 hvis du finner noen deler savnet eller skadet, ikke bekymre deg og bare kontakt oss, s\u00e5 kan vi sende dem til deg p\u00e5 nytt umiddelbart gratis.<\/p>\n<figure id=\"attachment_11417\" aria-describedby=\"caption-attachment-11417\" style=\"width: 800px\" class=\"wp-caption aligncenter\"><a href=\"https:\/\/mouldking.store\/wp-content\/uploads\/2021\/07\/mould-king-10032-typewriter-with-2139-pieces.jpg\"><img fetchpriority=\"high\" decoding=\"async\" class=\"wp-image-11417 size-full\" title=\"MOLD KING 10032 Skrivemaskin med 2139 stk\" src=\"http:\/\/mouldking.store\/wp-content\/uploads\/2021\/07\/mould-king-10032-typewriter-with-2139-pieces.jpg\" alt=\"MOULD KING 10032 Typewriter with 2139 pieces\" width=\"800\" height=\"800\" srcset=\"https:\/\/mouldking.store\/wp-content\/uploads\/2021\/07\/mould-king-10032-typewriter-with-2139-pieces.jpg 800w, https:\/\/mouldking.store\/wp-content\/uploads\/2021\/07\/mould-king-10032-typewriter-with-2139-pieces-300x300.jpg 300w, https:\/\/mouldking.store\/wp-content\/uploads\/2021\/07\/mould-king-10032-typewriter-with-2139-pieces-768x768.jpg 768w, https:\/\/mouldking.store\/wp-content\/uploads\/2021\/07\/mould-king-10032-typewriter-with-2139-pieces-600x600.jpg 600w, https:\/\/mouldking.store\/wp-content\/uploads\/2021\/07\/mould-king-10032-typewriter-with-2139-pieces-150x150.jpg 150w\" sizes=\"(max-width: 800px) 100vw, 800px\" \/><\/a><figcaption id=\"caption-attachment-11417\" class=\"wp-caption-text\">MOLD KING 10032 Skrivemaskin med 2139 stk<\/figcaption><\/figure>\n<figure id=\"attachment_11418\" aria-describedby=\"caption-attachment-11418\" style=\"width: 800px\" class=\"wp-caption aligncenter\"><img decoding=\"async\" class=\"size-full wp-image-11418\" title=\"MOLD KING 10032 Skrivemaskin med 2139 stk\" src=\"http:\/\/mouldking.store\/wp-content\/uploads\/2021\/07\/mould-king-10032-typewriter-with-2139-pieces-1.jpg\" alt=\"MOULD KING 10032 Typewriter with 2139 pieces\" width=\"800\" height=\"800\" srcset=\"https:\/\/mouldking.store\/wp-content\/uploads\/2021\/07\/mould-king-10032-typewriter-with-2139-pieces-1.jpg 800w, https:\/\/mouldking.store\/wp-content\/uploads\/2021\/07\/mould-king-10032-typewriter-with-2139-pieces-1-300x300.jpg 300w, https:\/\/mouldking.store\/wp-content\/uploads\/2021\/07\/mould-king-10032-typewriter-with-2139-pieces-1-768x768.jpg 768w, https:\/\/mouldking.store\/wp-content\/uploads\/2021\/07\/mould-king-10032-typewriter-with-2139-pieces-1-600x600.jpg 600w, https:\/\/mouldking.store\/wp-content\/uploads\/2021\/07\/mould-king-10032-typewriter-with-2139-pieces-1-150x150.jpg 150w\" sizes=\"(max-width: 800px) 100vw, 800px\" \/><figcaption id=\"caption-attachment-11418\" class=\"wp-caption-text\">MOLD KING 10032 Skrivemaskin med 2139 stk<\/figcaption><\/figure>\n<figure id=\"attachment_11419\" aria-describedby=\"caption-attachment-11419\" style=\"width: 800px\" class=\"wp-caption aligncenter\"><img decoding=\"async\" class=\"size-full wp-image-11419\" title=\"MOLD KING 10032 Skrivemaskin med 2139 stk\" src=\"http:\/\/mouldking.store\/wp-content\/uploads\/2021\/07\/mould-king-10032-typewriter-with-2139-pieces-2.jpg\" alt=\"MOULD KING 10032 Typewriter with 2139 pieces\" width=\"800\" height=\"800\" srcset=\"https:\/\/mouldking.store\/wp-content\/uploads\/2021\/07\/mould-king-10032-typewriter-with-2139-pieces-2.jpg 800w, https:\/\/mouldking.store\/wp-content\/uploads\/2021\/07\/mould-king-10032-typewriter-with-2139-pieces-2-300x300.jpg 300w, https:\/\/mouldking.store\/wp-content\/uploads\/2021\/07\/mould-king-10032-typewriter-with-2139-pieces-2-768x768.jpg 768w, https:\/\/mouldking.store\/wp-content\/uploads\/2021\/07\/mould-king-10032-typewriter-with-2139-pieces-2-600x600.jpg 600w, https:\/\/mouldking.store\/wp-content\/uploads\/2021\/07\/mould-king-10032-typewriter-with-2139-pieces-2-150x150.jpg 150w\" sizes=\"(max-width: 800px) 100vw, 800px\" \/><figcaption id=\"caption-attachment-11419\" class=\"wp-caption-text\">MOLD KING 10032 Skrivemaskin med 2139 stk<\/figcaption><\/figure>\n<figure id=\"attachment_11420\" aria-describedby=\"caption-attachment-11420\" style=\"width: 800px\" class=\"wp-caption aligncenter\"><img loading=\"lazy\" decoding=\"async\" class=\"size-full wp-image-11420\" title=\"MOLD KING 10032 Skrivemaskin med 2139 stk\" src=\"http:\/\/mouldking.store\/wp-content\/uploads\/2021\/07\/mould-king-10032-typewriter-with-2139-pieces-3.jpg\" alt=\"MOULD KING 10032 Typewriter with 2139 pieces\" width=\"800\" height=\"800\" srcset=\"https:\/\/mouldking.store\/wp-content\/uploads\/2021\/07\/mould-king-10032-typewriter-with-2139-pieces-3.jpg 800w, https:\/\/mouldking.store\/wp-content\/uploads\/2021\/07\/mould-king-10032-typewriter-with-2139-pieces-3-300x300.jpg 300w, https:\/\/mouldking.store\/wp-content\/uploads\/2021\/07\/mould-king-10032-typewriter-with-2139-pieces-3-768x768.jpg 768w, https:\/\/mouldking.store\/wp-content\/uploads\/2021\/07\/mould-king-10032-typewriter-with-2139-pieces-3-600x600.jpg 600w, https:\/\/mouldking.store\/wp-content\/uploads\/2021\/07\/mould-king-10032-typewriter-with-2139-pieces-3-150x150.jpg 150w\" sizes=\"(max-width: 800px) 100vw, 800px\" \/><figcaption id=\"caption-attachment-11420\" class=\"wp-caption-text\">MOLD KING 10032 Skrivemaskin med 2139 stk<\/figcaption><\/figure>\n<figure id=\"attachment_11421\" aria-describedby=\"caption-attachment-11421\" style=\"width: 800px\" class=\"wp-caption aligncenter\"><img loading=\"lazy\" decoding=\"async\" class=\"size-full wp-image-11421\" title=\"MOLD KING 10032 Skrivemaskin med 2139 stk\" src=\"http:\/\/mouldking.store\/wp-content\/uploads\/2021\/07\/mould-king-10032-typewriter-with-2139-pieces-4.jpg\" alt=\"MOULD KING 10032 Typewriter with 2139 pieces\" width=\"800\" height=\"800\" srcset=\"https:\/\/mouldking.store\/wp-content\/uploads\/2021\/07\/mould-king-10032-typewriter-with-2139-pieces-4.jpg 800w, https:\/\/mouldking.store\/wp-content\/uploads\/2021\/07\/mould-king-10032-typewriter-with-2139-pieces-4-300x300.jpg 300w, https:\/\/mouldking.store\/wp-content\/uploads\/2021\/07\/mould-king-10032-typewriter-with-2139-pieces-4-768x768.jpg 768w, https:\/\/mouldking.store\/wp-content\/uploads\/2021\/07\/mould-king-10032-typewriter-with-2139-pieces-4-600x600.jpg 600w, https:\/\/mouldking.store\/wp-content\/uploads\/2021\/07\/mould-king-10032-typewriter-with-2139-pieces-4-150x150.jpg 150w\" sizes=\"(max-width: 800px) 100vw, 800px\" \/><figcaption id=\"caption-attachment-11421\" class=\"wp-caption-text\">MOLD KING 10032 Skrivemaskin med 2139 stk<\/figcaption><\/figure>","protected":false},"excerpt":{"rendered":"<p>Product information: Type: Blocks Gender: Unisex Warning: can not eat Age Range: &gt; 6 years old Model Number: 10032 Classification: Assemblage Plastic Block Shape: Self-Locking Bricks Material: Plastic Plastic Type: ABS Bricks Blocks: 2139 PCS Contains detailed assembly instructions. Notice: 1. Without an original box, but we guarantee our products have quality assurance and nice [&hellip;]<\/p>","protected":false},"featured_media":11417,"comment_status":"open","ping_status":"closed","template":"","meta":{"_acf_changed":false},"product_cat":[371],"product_tag":[1345,1346],"class_list":["product","first","instock","sale","shipping-taxable","purchasable","product-type-simple"],"acf":[],"_links":{"self":[{"href":"https:\/\/mouldking.store\/nb\/wp-json\/wp\/v2\/product\/11416","targetHints":{"allow":["GET"]}}],"collection":[{"href":"https:\/\/mouldking.store\/nb\/wp-json\/wp\/v2\/product"}],"about":[{"href":"https:\/\/mouldking.store\/nb\/wp-json\/wp\/v2\/types\/product"}],"replies":[{"embeddable":true,"href":"https:\/\/mouldking.store\/nb\/wp-json\/wp\/v2\/comments?post=11416"}],"wp:featuredmedia":[{"embeddable":true,"href":"https:\/\/mouldking.store\/nb\/wp-json\/wp\/v2\/media\/11417"}],"wp:attachment":[{"href":"https:\/\/mouldking.store\/nb\/wp-json\/wp\/v2\/media?parent=11416"}],"wp:term":[{"taxonomy":"product_cat","embeddable":true,"href":"https:\/\/mouldking.store\/nb\/wp-json\/wp\/v2\/product_cat?post=11416"},{"taxonomy":"product_tag","embeddable":true,"href":"https:\/\/mouldking.store\/nb\/wp-json\/wp\/v2\/product_tag?post=11416"}],"curies":[{"name":"wp","href":"https:\/\/api.w.org\/{rel}","templated":true}]}}