{"id":12889,"date":"2021-09-28T02:45:55","date_gmt":"2021-09-28T02:45:55","guid":{"rendered":"https:\/\/mouldking.store\/product\/qizhile-23025-moc-1389-wing-body-truck-23008-8540683"},"modified":"2025-12-25T09:28:20","modified_gmt":"2025-12-25T02:28:20","slug":"qizhile-23025-moc-1389-wing-body-truck-23008","status":"publish","type":"product","link":"https:\/\/mouldking.store\/nb\/shop\/qizhile-23025-moc-1389-wing-body-truck-23008\/","title":{"rendered":"QIZHILE 23025 MOC 1389 Wing Body Truck 23008"},"content":{"rendered":"<article class=\"article\">\n<h2>Raske detaljer<\/h2>\n<ul class=\"attr-list\">\n<li><span class=\"attr-name\" title=\"Materiale\">Materiale:<\/span><br \/>\n<span class=\"attr-value\" title=\"Plast\">Plast<\/span><\/li>\n<li><span class=\"attr-name\" title=\"Plast type\">Plasttype:<\/span><br \/>\n<span class=\"attr-value\" title=\"ABS\">ABS<\/span><\/li>\n<li><span class=\"attr-name\" title=\"Type\">Type:<\/span><br \/>\n<span class=\"attr-value\" title=\"Blokksett\">Blokksett<\/span><\/li>\n<li><span class=\"attr-name\" title=\"Stil\">Stil:<\/span><br \/>\n<span class=\"attr-value\" title=\"Byggleket\u00f8y\">Byggleket\u00f8y<\/span><\/li>\n<li><span class=\"attr-name\" title=\"Opprinnelsessted\">Opprinnelsessted:<\/span><br \/>\n<span class=\"attr-value\" title=\"Guangdong, Kina (fastlandet)\">Guangdong, Kina (fastlandet)<\/span><\/li>\n<li><span class=\"attr-name\" title=\"Merkenavn\">Merkenavn:<\/span><br \/>\n<span class=\"attr-value\" title=\"lepin\">lepin<\/span><\/li>\n<li><span class=\"attr-name\" title=\"Modellnummer\">Modellnummer:<\/span><br \/>\n<span class=\"attr-value\" title=\"20003\">20003<\/span><\/li>\n<\/ul>\n<\/article>","protected":false},"excerpt":{"rendered":"<p>\u2022 Modellnummer: 23008 \u2022 Med 4380 stk Murstein av h\u00f8yeste kvalitet.<\/p>\n<p>Denne fantastiske 23008 MOC 1389 Wing Body Truck laget av LEPINWORLD er en virkelig fantastisk MOC.<\/p>\n<h4>VARESPESIFIKASJONER<\/h4>\n<ul>\n<li style=\"list-style-type: none;\">\n<ul>\u2022 En fantastisk 23008 MOC 1389 Wing Body Truck fra Rebrickable<\/ul>\n<\/li>\n<\/ul>\n<ul>\u2022 4380 deler laget av h\u00f8ykvalitets 100% ABS plastklosser, trygge for barn, lang tid \u00e5 leke, 100% kompatibel med andre mursteinsmerker som Le .go<\/ul>\n<ul>\u2022 Enkel \u00e5 bygge med pdf-instruksjon med brikke for mur guide og bilder av h\u00f8y kvalitet \u2013 sendt pdf-fil via e-post.<\/ul>\n<ul>\u2022 Full dimensjoner p\u00e5 stativet kan sees p\u00e5 bildet nedenfor.<\/ul>\n<h4>MOC BYGGEINSTRUKSJON<\/h4>\n<p>Instruksjonene for alle v\u00e5re MOC SET 23008 MOC 1389 Wing Body Truck vil bli sendt etter at du mottar bestillingen din via e-post eller Livechat Facebook. Ta kontakt med oss for det.<\/p>\n<h4>FORSENDELSESDATO<\/h4>\n<p>MOC-settene trenger 10-12 dager for \u00e5 forberede og; <span style=\"color: red;\"><strong>vil bli sendt ut innen 15 dager<\/strong><\/span><\/p>\n<h4>MANGLENDE DELER<\/h4>\n<p>Alle deler er kvalitetssjekket f\u00f8r frakt, s\u00e5 hvis du finner noen manglende eller skadede deler, ikke bekymre deg. Ta kontakt med oss, s\u00e5 sender vi dem til deg uten gebyrer, eller vi tilbyr en liten refusjon som du kan kj\u00f8pe andre steder.<\/p>","protected":false},"featured_media":12890,"comment_status":"open","ping_status":"closed","template":"","meta":{"_acf_changed":false},"product_cat":[15],"product_tag":[],"class_list":["product","first","instock","shipping-taxable","purchasable","product-type-simple"],"acf":[],"_links":{"self":[{"href":"https:\/\/mouldking.store\/nb\/wp-json\/wp\/v2\/product\/12889","targetHints":{"allow":["GET"]}}],"collection":[{"href":"https:\/\/mouldking.store\/nb\/wp-json\/wp\/v2\/product"}],"about":[{"href":"https:\/\/mouldking.store\/nb\/wp-json\/wp\/v2\/types\/product"}],"replies":[{"embeddable":true,"href":"https:\/\/mouldking.store\/nb\/wp-json\/wp\/v2\/comments?post=12889"}],"wp:featuredmedia":[{"embeddable":true,"href":"https:\/\/mouldking.store\/nb\/wp-json\/wp\/v2\/media\/12890"}],"wp:attachment":[{"href":"https:\/\/mouldking.store\/nb\/wp-json\/wp\/v2\/media?parent=12889"}],"wp:term":[{"taxonomy":"product_cat","embeddable":true,"href":"https:\/\/mouldking.store\/nb\/wp-json\/wp\/v2\/product_cat?post=12889"},{"taxonomy":"product_tag","embeddable":true,"href":"https:\/\/mouldking.store\/nb\/wp-json\/wp\/v2\/product_tag?post=12889"}],"curies":[{"name":"wp","href":"https:\/\/api.w.org\/{rel}","templated":true}]}}