{"id":12998,"date":"2021-09-28T02:47:19","date_gmt":"2021-09-28T02:47:19","guid":{"rendered":"https:\/\/mouldking.store\/product\/sembo-601091-christmas-santa-claus-and-reindeer-5515538"},"modified":"2021-12-23T09:54:42","modified_gmt":"2021-12-23T09:54:42","slug":"sembo-601091-christmas-santa-claus-and-reindeer","status":"publish","type":"product","link":"https:\/\/mouldking.store\/nb\/shop\/sembo-601091-christmas-santa-claus-and-reindeer\/","title":{"rendered":"SEMBO 601091 Julenissen og reinsdyr"},"content":{"rendered":"<p>Merke : Sembo 601091 ;<br \/>Inkluder : med figur ;<br \/>Feature 1: City Christmas Series;<br \/>Funksjon 2: Julenissen Elg-slede byggeklosser<br \/>Funksjon 3: City Classic-skaperen Bricks<br \/>Funksjon 4: Creator Expert Series playmobiled constructor<br \/>Funksjon 5: Byens pedagogiske leker for barn Bursdagsgaver<\/p>\n<p>Merk: Unng\u00e5 tollproblemer, instruksjonslogoen vil bli p\u00e5f\u00f8rt klistremerker, vennligst forst\u00e5. Takk<\/p>\n<p>Hvis du har sp\u00f8rsm\u00e5l, ta gjerne kontakt med oss.<\/p>\n<p><strong>Designer:<\/strong><br \/>Vi designer dette byggeklossspillet,<br \/>(1) samlespill, (2) rollespill,<br \/>strukturelt sterke pedagogiske leker, og flere byggeklosser. Det er lett \u00e5 dyrke barns h\u00e5nd-\u00f8ye-koordinasjonsevne i henhold til instruksjonene, og trene barns intelligens, fantasi, manuelle evne, etc.<\/p>\n<figure id=\"attachment_178227\" aria-describedby=\"caption-attachment-178227\" style=\"width: 768px\" class=\"wp-caption alignnone\"><img fetchpriority=\"high\" decoding=\"async\" class=\"wp-image-178227 size-full\" title=\"Sembo 601091 Julenissen Elg\" src=\"https:\/\/pay.lpwstore.com\/wp-content\/uploads\/2019\/11\/Hc52f9f2547a44f62ab35044bf382770cr-e1574132816307.jpg\" alt=\"Sembo 601091 Christmas Santa Claus Elk\" width=\"768\" height=\"750\" \/><figcaption id=\"caption-attachment-178227\" class=\"wp-caption-text\">Sembo 601091 Julenissen Elg<\/figcaption><\/figure>\n<figure id=\"attachment_178228\" aria-describedby=\"caption-attachment-178228\" style=\"width: 800px\" class=\"wp-caption alignnone\"><img decoding=\"async\" class=\"size-full wp-image-178228\" title=\"Sembo 601091 Julenissen Elg\" src=\"https:\/\/pay.lpwstore.com\/wp-content\/uploads\/2019\/11\/Hd5d97f021b804929b4f59cf9209404f6e.jpg\" alt=\"Sembo 601091 Christmas Santa Claus Elk\" width=\"800\" height=\"700\" \/><figcaption id=\"caption-attachment-178228\" class=\"wp-caption-text\">Sembo 601091 Julenissen Elg<\/figcaption><\/figure>\n<figure id=\"attachment_178229\" aria-describedby=\"caption-attachment-178229\" style=\"width: 800px\" class=\"wp-caption alignnone\"><img decoding=\"async\" class=\"size-full wp-image-178229\" title=\"Sembo 601091 Julenissen Elg\" src=\"https:\/\/pay.lpwstore.com\/wp-content\/uploads\/2019\/11\/H22d09c10ea88425581ef04f6f302cf5dc.jpg\" alt=\"Sembo 601091 Christmas Santa Claus Elk\" width=\"800\" height=\"1252\" \/><figcaption id=\"caption-attachment-178229\" class=\"wp-caption-text\">Sembo 601091 Julenissen Elg<\/figcaption><\/figure>\n<figure id=\"attachment_178230\" aria-describedby=\"caption-attachment-178230\" style=\"width: 800px\" class=\"wp-caption alignnone\"><img loading=\"lazy\" decoding=\"async\" class=\"size-full wp-image-178230\" title=\"Sembo 601091 Julenissen Elg\" src=\"https:\/\/pay.lpwstore.com\/wp-content\/uploads\/2019\/11\/Ha807806d28ff437c896bce46f9fdade1E.jpg\" alt=\"Sembo 601091 Christmas Santa Claus Elk\" width=\"800\" height=\"915\" \/><figcaption id=\"caption-attachment-178230\" class=\"wp-caption-text\">Sembo 601091 Julenissen Elg<\/figcaption><\/figure>\n<figure id=\"attachment_178231\" aria-describedby=\"caption-attachment-178231\" style=\"width: 800px\" class=\"wp-caption alignnone\"><img loading=\"lazy\" decoding=\"async\" class=\"size-full wp-image-178231\" title=\"Sembo 601091 Julenissen Elg\" src=\"https:\/\/pay.lpwstore.com\/wp-content\/uploads\/2019\/11\/H6fd295b9487747f28613817265c563d3U.jpg\" alt=\"Sembo 601091 Christmas Santa Claus Elk\" width=\"800\" height=\"894\" \/><figcaption id=\"caption-attachment-178231\" class=\"wp-caption-text\">Sembo 601091 Julenissen Elg<\/figcaption><\/figure>\n<figure id=\"attachment_178232\" aria-describedby=\"caption-attachment-178232\" style=\"width: 800px\" class=\"wp-caption alignnone\"><img loading=\"lazy\" decoding=\"async\" class=\"size-full wp-image-178232\" title=\"Sembo 601091 Julenissen Elg\" src=\"https:\/\/pay.lpwstore.com\/wp-content\/uploads\/2019\/11\/H6a22297c9b234a06912234493873122aq.jpg\" alt=\"Sembo 601091 Christmas Santa Claus Elk\" width=\"800\" height=\"631\" \/><figcaption id=\"caption-attachment-178232\" class=\"wp-caption-text\">Sembo 601091 Julenissen Elg<\/figcaption><\/figure>\n<figure id=\"attachment_178233\" aria-describedby=\"caption-attachment-178233\" style=\"width: 800px\" class=\"wp-caption alignnone\"><img loading=\"lazy\" decoding=\"async\" class=\"size-full wp-image-178233\" title=\"Sembo 601091 Julenissen Elg\" src=\"https:\/\/pay.lpwstore.com\/wp-content\/uploads\/2019\/11\/H40ad5b717f84446f92fe1c731b60951ft.jpg\" alt=\"Sembo 601091 Christmas Santa Claus Elk\" width=\"800\" height=\"1026\" \/><figcaption id=\"caption-attachment-178233\" class=\"wp-caption-text\">Sembo 601091 Julenissen Elg<\/figcaption><\/figure>\n<figure id=\"attachment_178234\" aria-describedby=\"caption-attachment-178234\" style=\"width: 800px\" class=\"wp-caption alignnone\"><img loading=\"lazy\" decoding=\"async\" class=\"size-full wp-image-178234\" title=\"Sembo 601091 Julenissen Elg\" src=\"https:\/\/pay.lpwstore.com\/wp-content\/uploads\/2019\/11\/H799df0a60d464bc7b73a2f0fcac689a0K.jpg\" alt=\"Sembo 601091 Christmas Santa Claus Elk\" width=\"800\" height=\"717\" \/><figcaption id=\"caption-attachment-178234\" class=\"wp-caption-text\">Sembo 601091 Julenissen Elg<\/figcaption><\/figure>","protected":false},"excerpt":{"rendered":"<ul>\n<li>Blokkert antall: <strong>346 stk<\/strong><\/li>\n<li>Pakkeinnhold:\n<ul>\n<li>Leket\u00f8y x 1 sett<\/li>\n<li>Papirinstruksjoner x 1 sett<\/li>\n<\/ul>\n<\/li>\n<\/ul>","protected":false},"featured_media":12999,"comment_status":"open","ping_status":"closed","template":"","meta":{"_acf_changed":false},"product_cat":[371],"product_tag":[],"class_list":["product","first","instock","sale","shipping-taxable","purchasable","product-type-simple"],"acf":[],"_links":{"self":[{"href":"https:\/\/mouldking.store\/nb\/wp-json\/wp\/v2\/product\/12998","targetHints":{"allow":["GET"]}}],"collection":[{"href":"https:\/\/mouldking.store\/nb\/wp-json\/wp\/v2\/product"}],"about":[{"href":"https:\/\/mouldking.store\/nb\/wp-json\/wp\/v2\/types\/product"}],"replies":[{"embeddable":true,"href":"https:\/\/mouldking.store\/nb\/wp-json\/wp\/v2\/comments?post=12998"}],"wp:featuredmedia":[{"embeddable":true,"href":"https:\/\/mouldking.store\/nb\/wp-json\/wp\/v2\/media\/12999"}],"wp:attachment":[{"href":"https:\/\/mouldking.store\/nb\/wp-json\/wp\/v2\/media?parent=12998"}],"wp:term":[{"taxonomy":"product_cat","embeddable":true,"href":"https:\/\/mouldking.store\/nb\/wp-json\/wp\/v2\/product_cat?post=12998"},{"taxonomy":"product_tag","embeddable":true,"href":"https:\/\/mouldking.store\/nb\/wp-json\/wp\/v2\/product_tag?post=12998"}],"curies":[{"name":"wp","href":"https:\/\/api.w.org\/{rel}","templated":true}]}}