{"id":13007,"date":"2021-09-28T02:47:33","date_gmt":"2021-09-28T02:47:33","guid":{"rendered":"https:\/\/mouldking.store\/product\/qizhile-lej901-moc-mercedes-benz-g63-amg-6x6-white-9172336"},"modified":"2025-12-25T09:28:20","modified_gmt":"2025-12-25T02:28:20","slug":"qizhile-lej901-moc-mercedes-benz-g63-amg-6x6-white","status":"publish","type":"product","link":"https:\/\/mouldking.store\/nb\/shop\/qizhile-lej901-moc-mercedes-benz-g63-amg-6x6-white\/","title":{"rendered":"QIZHILE LEJ901 MOC Mercedes Benz G63 AMG 6\u00d76 Hvit"},"content":{"rendered":"<h4>Et fantastisk mursteinsett QIZHILE LEJ901 MOC Mercedes Benz G63 AMG 6\u00d76 White er basert p\u00e5 Mercedes Benz G63 AMG 6\u00d76 White<\/h4>\n<p>For noen \u00e5r siden viste Mercedes-AMG frem den ville G63 6\u00d76 \u2013 en G-klasse med seks hjul, tre aksler og massevis av terrenghotter. De har lenge v\u00e6rt utsolgt etter en serie p\u00e5 100 produksjonskj\u00f8ret\u00f8yer, men en har dukket opp for salg.<\/p>\n<p>Oppf\u00f8rt p\u00e5 eBay i USA, denne 2014 Mercedes-AMG G63 6\u00d76 har bare sett \u00e9n eier og 3797 miles, og den har alle alternativene selskapet tilbyr. I f\u00f8lge Scottsdale Ferrari i Arizona, forhandleren som listet behemothen for salg, kj\u00f8pte den opprinnelige eieren G63 6\u00d76 for omtrent $531.000 p\u00e5 Dubai Auto Show. Den er malt Diamond White offset av et svart og r\u00f8dt interi\u00f8r.<\/p>\n<p><img decoding=\"async\" class=\"alignnone size-full wp-image-178559\" src=\"https:\/\/pay.lpwstore.com\/wp-content\/uploads\/2019\/11\/maxresdefault-1.jpg\" alt=\" width=\" height=\"720\" title=\"-\"><\/p>\n<h4>\u2022 +3300 stykker laget av h\u00f8ykvalitets 100% ABS plastklosser, trygt for barn, lang tid \u00e5 leke, 100% kompatibel med andre mursteinsmerker<\/h4>\n<p><span style=\"font-size: 14.4px;\">\u2022 Enkel \u00e5 bygge med manuell instruksjon av QIZHILE LEJ901 MOC Mercedes Benz G63 AMG 6\u00d76 White <\/span><span style=\"font-size: 14.4px;\">med kloss for kloss guide og bilder av h\u00f8y kvalitet<\/span><\/p>\n<p><span style=\"font-size: 14.4px;\">\u2022 Full dimensjoner p\u00e5 QIZHILE LEJ901 MOC Mercedes Benz G63 AMG 6\u00d76 White<\/span><\/p>\n<p><img decoding=\"async\" class=\"alignnone size-full wp-image-178557\" src=\"https:\/\/pay.lpwstore.com\/wp-content\/uploads\/2019\/11\/WeChat-Image_20191125171050-Copy-6-scaled.jpg\" alt=\" width=\" height=\"1611\" title=\"-\"><\/p>\n<h4><strong>LEVERING OG RETUR<\/strong><\/h4>\n<ul>\n<li>Vi garanterer for QIZHILE LEJ901 MOC Mercedes Benz G63 AMG 6\u00d76 Hvit: \u2013 Full refusjon hvis du ikke mottar bestillingen din \u2013 Gratis s\u00f8rge for manglende deler eller manuell bok \u2013 Kunden betaler ikke mer for skatt og tollgebyr. (Hvis du m\u00e5 betale, vil vi refundere til deg)<\/li>\n<li>Internasjonal frakt er ganske komplisert, vi pr\u00f8ver hardt \u00e5 behandle alle problemene dine. Men hvis bestillingen din f\u00e5r problemer, vennligst kontakt oss via e-post<\/li>\n<li>AVBRYT bestilling: Hvis du trenger \u00e5 kansellere bestillingen, m\u00e5 du kontakte oss via e-post contact@pay.lpwstore.com s\u00e5 snart som mulig. Vi kan ikke stoppe bestillingen f\u00f8r 48 timer<\/li>\n<\/ul>\n<h4><strong>MANGLENDE DELER<\/strong><\/h4>\n<p>Alle deler av QIZHILE LEJ901 MOC Mercedes Benz G63 AMG 6\u00d76 Hvit er kvalitetssjekket f\u00f8r frakt, s\u00e5 hvis du finner noen manglende eller skadede deler, ikke bekymre deg. Ta kontakt med oss, s\u00e5 sender vi dem til deg uten gebyrer, eller vi tilbyr en liten refusjon som du kan kj\u00f8pe andre steder.<\/p>\n<div id=\"gtx-anchor\" style=\"width: 222.111px; height: 16.6667px;\">\u00a0<\/div>\n<div class=\"jfk-bubble gtx-bubble\" role=\"alertdialog\" aria-describedby=\"bubble-8\">\n<div id=\"bubble-8\" class=\"jfk-bubble-content-id\">\n<div id=\"gtx-host\" style=\"min-width: 200px; max-width: 400px;\">\u00a0<\/div>\n<\/div>\n<div class=\"jfk-bubble-closebtn-id jfk-bubble-closebtn\" role=\"button\" aria-label=\"Lukk\">\u00a0<\/div>\n<div class=\"jfk-bubble-arrow-id jfk-bubble-arrow jfk-bubble-arrowup\">\n<div class=\"jfk-bubble-arrowimplbefore\">\u00a0<\/div>\n<div class=\"jfk-bubble-arrowimplafter\">\u00a0<\/div>\n<\/div>\n<\/div>","protected":false},"excerpt":{"rendered":"<p>\u2022 Med 3300 stk \u2022 Murstein av h\u00f8yeste kvalitet (bedre enn Lepin)<\/p>\n<p>Denne fantastiske QIZHILE LEJ901 MOC Mercedes Benz G63 AMG 6\u00d76 White MADE BY LEPINWORLD er en virkelig fantastisk MOC.<\/p>","protected":false},"featured_media":13008,"comment_status":"open","ping_status":"closed","template":"","meta":{"_acf_changed":false},"product_cat":[15],"product_tag":[],"class_list":["product","first","instock","shipping-taxable","purchasable","product-type-simple"],"acf":[],"_links":{"self":[{"href":"https:\/\/mouldking.store\/nb\/wp-json\/wp\/v2\/product\/13007","targetHints":{"allow":["GET"]}}],"collection":[{"href":"https:\/\/mouldking.store\/nb\/wp-json\/wp\/v2\/product"}],"about":[{"href":"https:\/\/mouldking.store\/nb\/wp-json\/wp\/v2\/types\/product"}],"replies":[{"embeddable":true,"href":"https:\/\/mouldking.store\/nb\/wp-json\/wp\/v2\/comments?post=13007"}],"wp:featuredmedia":[{"embeddable":true,"href":"https:\/\/mouldking.store\/nb\/wp-json\/wp\/v2\/media\/13008"}],"wp:attachment":[{"href":"https:\/\/mouldking.store\/nb\/wp-json\/wp\/v2\/media?parent=13007"}],"wp:term":[{"taxonomy":"product_cat","embeddable":true,"href":"https:\/\/mouldking.store\/nb\/wp-json\/wp\/v2\/product_cat?post=13007"},{"taxonomy":"product_tag","embeddable":true,"href":"https:\/\/mouldking.store\/nb\/wp-json\/wp\/v2\/product_tag?post=13007"}],"curies":[{"name":"wp","href":"https:\/\/api.w.org\/{rel}","templated":true}]}}