{"id":13665,"date":"2021-09-28T02:56:52","date_gmt":"2021-09-27T19:56:52","guid":{"rendered":"https:\/\/mouldking.store\/product\/moc-factory-66-661-optimus-prime-transformer-robot-2664294"},"modified":"2025-12-25T09:28:20","modified_gmt":"2025-12-25T02:28:20","slug":"moc-factory-66-661-optimus-prime-transformer-robot","status":"publish","type":"product","link":"https:\/\/mouldking.store\/nb\/shop\/moc-factory-66-661-optimus-prime-transformer-robot\/","title":{"rendered":"MOC FACTORY 66-661 Optimus Prime Transformer Robot"},"content":{"rendered":"<p><span style=\"font-size: 150%;\"><span style=\"color: #ff0000;\"><strong>NOTE!!<\/strong><\/span> <strong>New similar Optimus Prime set has been released. Click <span style=\"color: #ff0000;\"><a style=\"color: #ff0000;\" href=\"https:\/\/pay.lpwstore.com\/shop\/lepin-movie\/transformer\/66-772-optimus-prime-transformer-movie\/\" target=\"_blank\" rel=\"noopener\">here<\/a><\/span><\/strong><\/span><\/p>\n<p><strong>PRODUKT DETALJ<\/strong> 66-661 Optimus Prime Transformer Robot is based\u00a0 on Optimus Prime in Transformer series film. \u00a0An awesome Brick set 66-661 Optimus Prime Transformer Robot<\/p>\n<p>&nbsp;<\/p>\n<figure id=\"attachment_185333\" aria-describedby=\"caption-attachment-185333\" style=\"width: 480px\" class=\"wp-caption alignnone\"><img fetchpriority=\"high\" decoding=\"async\" class=\"wp-image-185333 size-full\" src=\"https:\/\/pay.lpwstore.com\/wp-content\/uploads\/2020\/03\/661-Optimus-Prime.png\" alt=\"-\" width=\"480\" height=\"836\" title=\"-\"><figcaption id=\"caption-attachment-185333\" class=\"wp-caption-text\">66-661 Optimus Prime Transformer Robot<\/figcaption><\/figure>\n<ul>\n<li>+2700 pieces made from high-quality 100% ABS plastic bricks, safe for children, long time to play, 100% compatible with other brick brands<\/li>\n<li><span style=\"font-size: 14.4px;\">Easy-to-build with manual instruction of 66-661 Optimus Prime Transformer Robot <\/span><span style=\"font-size: 14.4px; color: #555555;\">med kloss for kloss guide og bilder av h\u00f8y kvalitet<\/span><\/li>\n<li><span style=\"font-size: 14.4px;\">Full dimensions of 66-661 Optimus Prime Transformer Robot: High 44.6cm x 29cm x 11.8cm<\/span><\/li>\n<\/ul>\n<p><img decoding=\"async\" class=\"alignnone size-full wp-image-185338\" src=\"https:\/\/pay.lpwstore.com\/wp-content\/uploads\/2020\/03\/661-Optimus-Prime-3.jpg\" alt=\"-\" width=\"450\" height=\"800\" title=\"-\"><\/p>\n<h4><strong>LEVERING OG RETUR<\/strong><\/h4>\n<p>We guarantee for 66-661 Optimus Prime Transformer Robot<\/p>\n<ul>\n<li>Full refusjon hvis du ikke mottar bestillingen din<\/li>\n<li>Gratis s\u00f8rge for manglende deler eller manuell bok<\/li>\n<li>Kunden betaler ikke mer for skatt og tollgebyr. (Hvis du m\u00e5 betale, vil vi refundere til deg)<\/li>\n<li>Internasjonal frakt er ganske komplisert, vi pr\u00f8ver hardt \u00e5 behandle alle problemene dine. Men hvis bestillingen din f\u00e5r problemer, vennligst kontakt oss via e-post<\/li>\n<li><span data-text-color=\"alert\"><strong>Avbryt bestillingen:<\/strong><\/span> Hvis du trenger \u00e5 kansellere bestillingen, m\u00e5 du kontakte oss via e-post contact@pay.lpwstore.com s\u00e5 snart som mulig. Vi kan ikke stoppe bestillingen f\u00f8r 48 timer<\/li>\n<\/ul>\n<h4><strong>MANGLENDE DELER<\/strong><\/h4>\n<p>All parts of CC661 Optimus Prime Transformer Robot are quality checked before shipping, so if you find some missing or damaged parts, don&#8217;t worry.\u00a0 Please contact us and we will send them to you without any fees, or we will offer a small refund for you to buy in other places.<\/p>\n<figure id=\"attachment_180966\" class=\"wp-caption alignnone\" style=\"width: 605px;\" aria-describedby=\"caption-attachment-180966\"><\/figure>\n<div id=\"gtx-anchor\" style=\"position: absolute; visibility: hidden; left: 10px; top: 51.7813px; width: 522px; height: 16px;\"><\/div>\n<div class=\"jfk-bubble gtx-bubble\" style=\"visibility: visible; left: -54px; top: 78px; opacity: 1;\" role=\"alertdialog\" aria-describedby=\"bubble-2\">\n<div id=\"bubble-2\" class=\"jfk-bubble-content-id\">\n<div id=\"gtx-host\" style=\"min-width: 200px; max-width: 400px;\">\n<figure id=\"attachment_185331\" aria-describedby=\"caption-attachment-185331\" style=\"width: 450px\" class=\"wp-caption alignnone\"><img decoding=\"async\" class=\"wp-image-185331 size-full\" src=\"https:\/\/pay.lpwstore.com\/wp-content\/uploads\/2020\/03\/661-Optimus-Prime-1.jpg\" alt=\"-\" width=\"450\" height=\"800\" title=\"-\"><figcaption id=\"caption-attachment-185331\" class=\"wp-caption-text\">66-661 Optimus Prime Transformer Robot<\/figcaption><\/figure>\n<figure id=\"attachment_185334\" aria-describedby=\"caption-attachment-185334\" style=\"width: 1020px\" class=\"wp-caption alignnone\"><img loading=\"lazy\" decoding=\"async\" class=\"wp-image-185334 size-large\" src=\"https:\/\/pay.lpwstore.com\/wp-content\/uploads\/2020\/03\/661-Optimus-Prime-5-1024x1024.jpg\" alt=\"-\" width=\"1020\" height=\"1020\" title=\"-\"><figcaption id=\"caption-attachment-185334\" class=\"wp-caption-text\">66-661 Optimus Prime Transformer Robot<\/figcaption><\/figure>\n<figure id=\"attachment_185335\" aria-describedby=\"caption-attachment-185335\" style=\"width: 450px\" class=\"wp-caption alignnone\"><img loading=\"lazy\" decoding=\"async\" class=\"wp-image-185335 size-full\" src=\"https:\/\/pay.lpwstore.com\/wp-content\/uploads\/2020\/03\/661-Optimus-Prime.jpg\" alt=\"-\" width=\"450\" height=\"450\" title=\"-\"><figcaption id=\"caption-attachment-185335\" class=\"wp-caption-text\">66-661 Optimus Prime Transformer Robot<\/figcaption><\/figure>\n<\/div>\n<\/div>\n<div class=\"jfk-bubble-closebtn-id jfk-bubble-closebtn\" tabindex=\"0\" role=\"button\" aria-label=\"Lukk\"><\/div>\n<div class=\"jfk-bubble-arrow-id jfk-bubble-arrow jfk-bubble-arrowup\" style=\"left: 261px;\">\n<div class=\"jfk-bubble-arrowimplbefore\">\n<figure id=\"attachment_185337\" aria-describedby=\"caption-attachment-185337\" style=\"width: 450px\" class=\"wp-caption alignnone\"><img loading=\"lazy\" decoding=\"async\" class=\"wp-image-185337 size-full\" src=\"https:\/\/pay.lpwstore.com\/wp-content\/uploads\/2020\/03\/661-Optimus-Prime-2-1.jpg\" alt=\"-\" width=\"450\" height=\"800\" title=\"-\"><figcaption id=\"caption-attachment-185337\" class=\"wp-caption-text\">66-661 Optimus Prime Transformer Robot<\/figcaption><\/figure>\n<figure id=\"attachment_185339\" aria-describedby=\"caption-attachment-185339\" style=\"width: 450px\" class=\"wp-caption alignnone\"><img loading=\"lazy\" decoding=\"async\" class=\"wp-image-185339 size-full\" src=\"https:\/\/pay.lpwstore.com\/wp-content\/uploads\/2020\/03\/661-Optimus-Prime-4.jpg\" alt=\"-\" width=\"450\" height=\"800\" title=\"-\"><figcaption id=\"caption-attachment-185339\" class=\"wp-caption-text\">66-661 Optimus Prime Transformer Robot<\/figcaption><\/figure>\n<\/div>\n<div class=\"jfk-bubble-arrowimplafter\">\n<figure id=\"attachment_187947\" aria-describedby=\"caption-attachment-187947\" style=\"width: 732px\" class=\"wp-caption alignnone\"><img loading=\"lazy\" decoding=\"async\" class=\"size-large wp-image-187947\" src=\"https:\/\/pay.lpwstore.com\/wp-content\/uploads\/2020\/04\/t\u1ea3i-xu\u1ed1ng-16-732x1024.png\" alt=\"-\" width=\"732\" height=\"1024\" title=\"-\"><figcaption id=\"caption-attachment-187947\" class=\"wp-caption-text\">66 661 Optimus Prime Transformer Robot<\/figcaption><\/figure>\n<figure id=\"attachment_187946\" aria-describedby=\"caption-attachment-187946\" style=\"width: 763px\" class=\"wp-caption alignnone\"><img loading=\"lazy\" decoding=\"async\" class=\"size-large wp-image-187946\" src=\"https:\/\/pay.lpwstore.com\/wp-content\/uploads\/2020\/04\/t\u1ea3i-xu\u1ed1ng-5-1-763x1024.png\" alt=\"-\" width=\"763\" height=\"1024\" title=\"-\"><figcaption id=\"caption-attachment-187946\" class=\"wp-caption-text\">66 661 Optimus Prime Transformer Robot<\/figcaption><\/figure>\n<figure id=\"attachment_187945\" aria-describedby=\"caption-attachment-187945\" style=\"width: 692px\" class=\"wp-caption alignnone\"><img loading=\"lazy\" decoding=\"async\" class=\"size-large wp-image-187945\" src=\"https:\/\/pay.lpwstore.com\/wp-content\/uploads\/2020\/04\/t\u1ea3i-xu\u1ed1ng-4-1-692x1024.png\" alt=\"-\" width=\"692\" height=\"1024\" title=\"-\"><figcaption id=\"caption-attachment-187945\" class=\"wp-caption-text\">66 661 Optimus Prime Transformer Robot<\/figcaption><\/figure>\n<figure id=\"attachment_187944\" aria-describedby=\"caption-attachment-187944\" style=\"width: 732px\" class=\"wp-caption alignnone\"><img loading=\"lazy\" decoding=\"async\" class=\"size-large wp-image-187944\" src=\"https:\/\/pay.lpwstore.com\/wp-content\/uploads\/2020\/04\/t\u1ea3i-xu\u1ed1ng-3-1-732x1024.png\" alt=\"-\" width=\"732\" height=\"1024\" title=\"-\"><figcaption id=\"caption-attachment-187944\" class=\"wp-caption-text\">66 661 Optimus Prime Transformer Robot<\/figcaption><\/figure>\n<figure id=\"attachment_187943\" aria-describedby=\"caption-attachment-187943\" style=\"width: 731px\" class=\"wp-caption alignnone\"><img loading=\"lazy\" decoding=\"async\" class=\"size-large wp-image-187943\" src=\"https:\/\/pay.lpwstore.com\/wp-content\/uploads\/2020\/04\/H5187a814ad874ce7ae21a3861abd2912b-731x1024.jpg\" alt=\"-\" width=\"731\" height=\"1024\" title=\"-\"><figcaption id=\"caption-attachment-187943\" class=\"wp-caption-text\">66 661 Optimus Prime Transformer Robot<\/figcaption><\/figure>\n<\/div>\n<figure id=\"attachment_187990\" aria-describedby=\"caption-attachment-187990\" style=\"width: 800px\" class=\"wp-caption aligncenter\"><img loading=\"lazy\" decoding=\"async\" class=\"size-full wp-image-187990\" title=\"MOC FACTORY 66-661 Optimus Prime Transformer Robot\" src=\"https:\/\/pay.lpwstore.com\/wp-content\/uploads\/2020\/05\/moc-factory-66-661-optimus-prime-transformer-robot-104530.jpg\" alt=\"MOC FACTORY 66-661 Optimus Prime Transformer Robot\" width=\"800\" height=\"800\" \/><figcaption id=\"caption-attachment-187990\" class=\"wp-caption-text\">MOC FACTORY 66-661 Optimus Prime Transformer Robot<\/figcaption><\/figure>\n<figure id=\"attachment_187991\" aria-describedby=\"caption-attachment-187991\" style=\"width: 800px\" class=\"wp-caption aligncenter\"><img loading=\"lazy\" decoding=\"async\" class=\"size-full wp-image-187991\" title=\"MOC FACTORY 66-661 Optimus Prime Transformer Robot\" src=\"https:\/\/pay.lpwstore.com\/wp-content\/uploads\/2020\/05\/moc-factory-66-661-optimus-prime-transformer-robot-104532.jpg\" alt=\"MOC FACTORY 66-661 Optimus Prime Transformer Robot\" width=\"800\" height=\"800\" \/><figcaption id=\"caption-attachment-187991\" class=\"wp-caption-text\">MOC FACTORY 66-661 Optimus Prime Transformer Robot<\/figcaption><\/figure>\n<figure id=\"attachment_187992\" aria-describedby=\"caption-attachment-187992\" style=\"width: 800px\" class=\"wp-caption aligncenter\"><img loading=\"lazy\" decoding=\"async\" class=\"size-full wp-image-187992\" title=\"MOC FACTORY 66-661 Optimus Prime Transformer Robot\" src=\"https:\/\/pay.lpwstore.com\/wp-content\/uploads\/2020\/05\/moc-factory-66-661-optimus-prime-transformer-robot-104533.jpg\" alt=\"MOC FACTORY 66-661 Optimus Prime Transformer Robot\" width=\"800\" height=\"800\" \/><figcaption id=\"caption-attachment-187992\" class=\"wp-caption-text\">MOC FACTORY 66-661 Optimus Prime Transformer Robot<\/figcaption><\/figure>\n<figure id=\"attachment_187993\" aria-describedby=\"caption-attachment-187993\" style=\"width: 720px\" class=\"wp-caption aligncenter\"><img loading=\"lazy\" decoding=\"async\" class=\"size-full wp-image-187993\" title=\"MOC FACTORY 66-661 Optimus Prime Transformer Robot\" src=\"https:\/\/pay.lpwstore.com\/wp-content\/uploads\/2020\/05\/moc-factory-66-661-optimus-prime-transformer-robot-104536.jpg\" alt=\"MOC FACTORY 66-661 Optimus Prime Transformer Robot\" width=\"720\" height=\"1280\" \/><figcaption id=\"caption-attachment-187993\" class=\"wp-caption-text\">MOC FACTORY 66-661 Optimus Prime Transformer Robot<\/figcaption><\/figure>\n<figure id=\"attachment_187994\" aria-describedby=\"caption-attachment-187994\" style=\"width: 720px\" class=\"wp-caption aligncenter\"><img loading=\"lazy\" decoding=\"async\" class=\"size-full wp-image-187994\" title=\"MOC FACTORY 66-661 Optimus Prime Transformer Robot\" src=\"https:\/\/pay.lpwstore.com\/wp-content\/uploads\/2020\/05\/moc-factory-66-661-optimus-prime-transformer-robot-104538.jpg\" alt=\"MOC FACTORY 66-661 Optimus Prime Transformer Robot\" width=\"720\" height=\"1280\" \/><figcaption id=\"caption-attachment-187994\" class=\"wp-caption-text\">MOC FACTORY 66-661 Optimus Prime Transformer Robot<\/figcaption><\/figure>\n<figure id=\"attachment_187995\" aria-describedby=\"caption-attachment-187995\" style=\"width: 800px\" class=\"wp-caption aligncenter\"><img loading=\"lazy\" decoding=\"async\" class=\"size-full wp-image-187995\" title=\"MOC FACTORY 66-661 Optimus Prime Transformer Robot\" src=\"https:\/\/pay.lpwstore.com\/wp-content\/uploads\/2020\/05\/moc-factory-66-661-optimus-prime-transformer-robot-104541.jpg\" alt=\"MOC FACTORY 66-661 Optimus Prime Transformer Robot\" width=\"800\" height=\"800\" \/><figcaption id=\"caption-attachment-187995\" class=\"wp-caption-text\">MOC FACTORY 66-661 Optimus Prime Transformer Robot<\/figcaption><\/figure>\n<figure id=\"attachment_187996\" aria-describedby=\"caption-attachment-187996\" style=\"width: 800px\" class=\"wp-caption aligncenter\"><img loading=\"lazy\" decoding=\"async\" class=\"size-full wp-image-187996\" title=\"MOC FACTORY 66-661 Optimus Prime Transformer Robot\" src=\"https:\/\/pay.lpwstore.com\/wp-content\/uploads\/2020\/05\/moc-factory-66-661-optimus-prime-transformer-robot-104543.jpg\" alt=\"MOC FACTORY 66-661 Optimus Prime Transformer Robot\" width=\"800\" height=\"800\" \/><figcaption id=\"caption-attachment-187996\" class=\"wp-caption-text\">MOC FACTORY 66-661 Optimus Prime Transformer Robot<\/figcaption><\/figure>\n<figure id=\"attachment_187997\" aria-describedby=\"caption-attachment-187997\" style=\"width: 750px\" class=\"wp-caption aligncenter\"><img loading=\"lazy\" decoding=\"async\" class=\"size-full wp-image-187997\" title=\"MOC FACTORY 66-661 Optimus Prime Transformer Robot\" src=\"https:\/\/pay.lpwstore.com\/wp-content\/uploads\/2020\/05\/moc-factory-66-661-optimus-prime-transformer-robot-104545.jpg\" alt=\"MOC FACTORY 66-661 Optimus Prime Transformer Robot\" width=\"750\" height=\"1000\" \/><figcaption id=\"caption-attachment-187997\" class=\"wp-caption-text\">MOC FACTORY 66-661 Optimus Prime Transformer Robot<\/figcaption><\/figure>\n<figure id=\"attachment_187998\" aria-describedby=\"caption-attachment-187998\" style=\"width: 800px\" class=\"wp-caption aligncenter\"><img loading=\"lazy\" decoding=\"async\" class=\"size-full wp-image-187998\" title=\"MOC FACTORY 66-661 Optimus Prime Transformer Robot\" src=\"https:\/\/pay.lpwstore.com\/wp-content\/uploads\/2020\/05\/moc-factory-66-661-optimus-prime-transformer-robot-104547.jpg\" alt=\"MOC FACTORY 66-661 Optimus Prime Transformer Robot\" width=\"800\" height=\"800\" \/><figcaption id=\"caption-attachment-187998\" class=\"wp-caption-text\">MOC FACTORY 66-661 Optimus Prime Transformer Robot<\/figcaption><\/figure>\n<\/div>\n<\/div>","protected":false},"excerpt":{"rendered":"<p><span style=\"font-size: 150%;\"><span style=\"color: #ff0000;\"><strong>NOTE!!<\/strong><\/span> <strong>New similar Optimus Prime set has been released. Click <span style=\"color: #ff0000;\"><a style=\"color: #ff0000;\" href=\"https:\/\/pay.lpwstore.com\/shop\/lepin-movie\/transformer\/66-772-optimus-prime-transformer-movie\/\">here<\/a><\/span><\/strong><\/span><\/p>\n<h2><strong>66-661 Optimus Prime Transformer Robot<\/strong><\/h2>\n<ul>\n<li>Antall murstein:<strong>2200+ <\/strong>stk<\/li>\n<li>H\u00f8ykvalitets blokk<\/li>\n<li>Service: Gratis reservedeler<\/li>\n<\/ul>","protected":false},"featured_media":13666,"comment_status":"open","ping_status":"closed","template":"","meta":{"_acf_changed":false},"product_cat":[15],"product_tag":[],"class_list":["product","first","outofstock","shipping-taxable","purchasable","product-type-simple"],"acf":[],"_links":{"self":[{"href":"https:\/\/mouldking.store\/nb\/wp-json\/wp\/v2\/product\/13665","targetHints":{"allow":["GET"]}}],"collection":[{"href":"https:\/\/mouldking.store\/nb\/wp-json\/wp\/v2\/product"}],"about":[{"href":"https:\/\/mouldking.store\/nb\/wp-json\/wp\/v2\/types\/product"}],"replies":[{"embeddable":true,"href":"https:\/\/mouldking.store\/nb\/wp-json\/wp\/v2\/comments?post=13665"}],"wp:featuredmedia":[{"embeddable":true,"href":"https:\/\/mouldking.store\/nb\/wp-json\/wp\/v2\/media\/13666"}],"wp:attachment":[{"href":"https:\/\/mouldking.store\/nb\/wp-json\/wp\/v2\/media?parent=13665"}],"wp:term":[{"taxonomy":"product_cat","embeddable":true,"href":"https:\/\/mouldking.store\/nb\/wp-json\/wp\/v2\/product_cat?post=13665"},{"taxonomy":"product_tag","embeddable":true,"href":"https:\/\/mouldking.store\/nb\/wp-json\/wp\/v2\/product_tag?post=13665"}],"curies":[{"name":"wp","href":"https:\/\/api.w.org\/{rel}","templated":true}]}}