{"id":13743,"date":"2021-09-28T02:57:27","date_gmt":"2021-09-28T02:57:27","guid":{"rendered":"https:\/\/mouldking.store\/product\/qizhile-23020-mini-cooper-f56-2016-black-red-moc-36559-by-geyserbricks-9979487"},"modified":"2025-12-25T09:28:05","modified_gmt":"2025-12-25T02:28:05","slug":"qizhile-23020-mini-cooper-f56-2016-black-red-moc-36559-by-geyserbricks","status":"publish","type":"product","link":"https:\/\/mouldking.store\/nb\/shop\/qizhile-23020-mini-cooper-f56-2016-black-red-moc-36559-by-geyserbricks\/","title":{"rendered":"QIZHILE 23020 MINI Cooper F56 2016 Black Red MOC 36559 by GeyserBricks"},"content":{"rendered":"<p><strong>PRODUKT DETALJ<\/strong><\/p>\n<p>QIZHILE 23020 MINI Cooper F56 2016 Black Red MOC 36559 by GeyserBricks is based\u00a0 on a design of GeyserBricks. \u00a0An awesome Brick set QIZHILE 23020 MINI Cooper F56 2016 Black Red MOC 36559 by GeyserBricks<\/p>\n<p>Entering the much-sought hot-hatch segment, the car inherits cues from the racing genes that were passed on by its inventor John Cooper. The MINI John Cooper Works, based on the MINI 3-door Hatch, will be available at all MINI dealerships as a Completely Built-Up Unit (CBU) unit from June onwards. The MINI JCW is available for booking at an ex-showroom.<\/p>\n<p>The MINI John Cooper Works Hatch is available in Chilli Red, Electric Blue, Emerald Grey, Melting Silver, Midnight Black, Pepper White, Solaris Orange, Starlight Blue, Thunder Grey and White Silver and in the exclusive John Cooper Works Rebel Green the following standard paintworks.<\/p>\n<figure id=\"attachment_185772\" aria-describedby=\"caption-attachment-185772\" style=\"width: 875px\" class=\"wp-caption alignnone\"><img fetchpriority=\"high\" decoding=\"async\" class=\"size-full wp-image-185772\" src=\"https:\/\/pay.lpwstore.com\/wp-content\/uploads\/2020\/03\/MINI_John_Cooper-Works_2.jpg\" alt=\"-\" width=\"875\" height=\"583\" title=\"-\"><figcaption id=\"caption-attachment-185772\" class=\"wp-caption-text\">MINI Cooper F56 2016 Black Red<\/figcaption><\/figure>\n<ul>\n<li>+1800 pieces made from high-quality 100% ABS plastic bricks, safe for children, long time to play, 100% compatible with other brick brands<\/li>\n<li><span style=\"font-size: 14.4px;\">Easy-to-build with manual instruction of QIZHILE 23020 MINI Cooper F56 2016 Black Red MOC 36559 by GeyserBricks <\/span><span style=\"font-size: 14.4px; color: #555555;\">med kloss for kloss guide og bilder av h\u00f8y kvalitet<\/span><\/li>\n<li><span style=\"font-size: 14.4px;\">Full dimensions of QIZHILE 23020 MINI Cooper F56 2016 Black Red MOC 36559 by GeyserBricks<\/span><span style=\"font-size: 14.4px;\">:\u00a0<\/span><\/li>\n<\/ul>\n<figure id=\"attachment_185767\" aria-describedby=\"caption-attachment-185767\" style=\"width: 944px\" class=\"wp-caption alignnone\"><img decoding=\"async\" class=\"size-full wp-image-185767\" src=\"https:\/\/pay.lpwstore.com\/wp-content\/uploads\/2020\/03\/QIZHILE-23020-MINI-Cooper-F56-2016-Black-Red-MOC-36559-by-GeyserBricks-4.jpg\" alt=\"-\" width=\"944\" height=\"643\" title=\"-\"><figcaption id=\"caption-attachment-185767\" class=\"wp-caption-text\">QIZHILE 23020 MINI Cooper F56 2016 Black Red MOC 36559 by GeyserBricks<\/figcaption><\/figure>\n<h4><strong>LEVERING OG RETUR<\/strong><\/h4>\n<p>We guarantee for QIZHILE 23020 MINI Cooper F56 2016 Black Red MOC 36559 by GeyserBricks<\/p>\n<ul>\n<li>Full refusjon hvis du ikke mottar bestillingen din<\/li>\n<li>Gratis s\u00f8rge for manglende deler eller manuell bok<\/li>\n<li>Kunden betaler ikke mer for skatt og tollgebyr. (Hvis du m\u00e5 betale, vil vi refundere til deg)<\/li>\n<li>Internasjonal frakt er ganske komplisert, vi pr\u00f8ver hardt \u00e5 behandle alle problemene dine. Men hvis bestillingen din f\u00e5r problemer, vennligst kontakt oss via e-post<\/li>\n<li><span data-text-color=\"alert\"><strong>Avbryt bestillingen:<\/strong><\/span> Hvis du trenger \u00e5 kansellere bestillingen, m\u00e5 du kontakte oss via e-post contact@pay.lpwstore.com s\u00e5 snart som mulig. Vi kan ikke stoppe bestillingen f\u00f8r 48 timer<\/li>\n<\/ul>\n<h4><strong>MANGLENDE DELER<\/strong><\/h4>\n<p>All parts of QIZHILE 23020 MINI Cooper F56 2016 Black Red MOC 36559 by GeyserBricks are quality checked before shipping, so if you find some missing or damaged parts, don&#8217;t worry.\u00a0 Please contact us and we will send them to you without any fees, or we will offer a small refund for you to buy in other places.<\/p>\n<figure id=\"attachment_180966\" class=\"wp-caption alignnone\" style=\"width: 605px;\" aria-describedby=\"caption-attachment-180966\"><\/figure>\n<div id=\"gtx-anchor\" style=\"position: absolute; visibility: hidden; left: 10px; top: 51.7813px; width: 522px; height: 16px;\"><\/div>\n<div class=\"jfk-bubble gtx-bubble\" style=\"visibility: visible; left: -54px; top: 78px; opacity: 1;\" role=\"alertdialog\" aria-describedby=\"bubble-2\">\n<div id=\"bubble-2\" class=\"jfk-bubble-content-id\">\n<div id=\"gtx-host\" style=\"min-width: 200px; max-width: 400px;\">\n<figure id=\"attachment_185768\" aria-describedby=\"caption-attachment-185768\" style=\"width: 944px\" class=\"wp-caption alignnone\"><img decoding=\"async\" class=\"size-full wp-image-185768\" src=\"https:\/\/pay.lpwstore.com\/wp-content\/uploads\/2020\/03\/QIZHILE-23020-MINI-Cooper-F56-2016-Black-Red-MOC-36559-by-GeyserBricks-5.jpg\" alt=\"-\" width=\"944\" height=\"740\" title=\"-\"><figcaption id=\"caption-attachment-185768\" class=\"wp-caption-text\">QIZHILE 23020 MINI Cooper F56 2016 Black Red MOC 36559 by GeyserBricks<\/figcaption><\/figure>\n<figure id=\"attachment_185769\" aria-describedby=\"caption-attachment-185769\" style=\"width: 277px\" class=\"wp-caption alignnone\"><img loading=\"lazy\" decoding=\"async\" class=\"size-large wp-image-185769\" src=\"https:\/\/pay.lpwstore.com\/wp-content\/uploads\/2020\/03\/QIZHILE-23020-MINI-Cooper-F56-2016-Black-Red-MOC-36559-by-GeyserBricks-6-277x1024.jpg\" alt=\"-\" width=\"277\" height=\"1024\" title=\"-\"><figcaption id=\"caption-attachment-185769\" class=\"wp-caption-text\">QIZHILE 23020 MINI Cooper F56 2016 Black Red MOC 36559 by GeyserBricks<\/figcaption><\/figure>\n<figure id=\"attachment_185766\" aria-describedby=\"caption-attachment-185766\" style=\"width: 836px\" class=\"wp-caption alignnone\"><img loading=\"lazy\" decoding=\"async\" class=\"size-large wp-image-185766\" src=\"https:\/\/pay.lpwstore.com\/wp-content\/uploads\/2020\/03\/QIZHILE-23020-MINI-Cooper-F56-2016-Black-Red-MOC-36559-by-GeyserBricks-3-836x1024.jpg\" alt=\"-\" width=\"836\" height=\"1024\" title=\"-\"><figcaption id=\"caption-attachment-185766\" class=\"wp-caption-text\">QIZHILE 23020 MINI Cooper F56 2016 Black Red MOC 36559 by GeyserBricks<\/figcaption><\/figure>\n<figure id=\"attachment_185765\" aria-describedby=\"caption-attachment-185765\" style=\"width: 944px\" class=\"wp-caption alignnone\"><img loading=\"lazy\" decoding=\"async\" class=\"size-full wp-image-185765\" src=\"https:\/\/pay.lpwstore.com\/wp-content\/uploads\/2020\/03\/QIZHILE-23020-MINI-Cooper-F56-2016-Black-Red-MOC-36559-by-GeyserBricks-2.jpg\" alt=\"-\" width=\"944\" height=\"780\" title=\"-\"><figcaption id=\"caption-attachment-185765\" class=\"wp-caption-text\">QIZHILE 23020 MINI Cooper F56 2016 Black Red MOC 36559 by GeyserBricks<\/figcaption><\/figure>\n<\/div>\n<\/div>\n<div class=\"jfk-bubble-closebtn-id jfk-bubble-closebtn\" tabindex=\"0\" role=\"button\" aria-label=\"Lukk\"><\/div>\n<div class=\"jfk-bubble-arrow-id jfk-bubble-arrow jfk-bubble-arrowup\" style=\"left: 261px;\">\n<div class=\"jfk-bubble-arrowimplbefore\"><\/div>\n<div class=\"jfk-bubble-arrowimplafter\"><\/div>\n<\/div>\n<\/div>","protected":false},"excerpt":{"rendered":"<h3><strong>QIZHILE 23020 MINI Cooper F56 2016 Black Red MOC 36559 by GeyserBricks<\/strong><\/h3>\n<h3><span data-text-color=\"alert\"><strong>Available in May 2020<\/strong><\/span><\/h3>\n<h3><span data-text-color=\"alert\"><strong>NO Motor version (Motor cost 30$)<\/strong><\/span><\/h3>\n<ul>\n<li>Antall murstein: <strong>1800+ <\/strong>stk<\/li>\n<li>Service: Gratis reservedeler<\/li>\n<li>Merk: Ingen originaleske, bruk boblepose eller tom kartongeske.<\/li>\n<\/ul>","protected":false},"featured_media":13744,"comment_status":"open","ping_status":"closed","template":"","meta":{"_acf_changed":false},"product_cat":[],"product_tag":[],"class_list":["product","first","instock","shipping-taxable","purchasable","product-type-simple"],"acf":[],"_links":{"self":[{"href":"https:\/\/mouldking.store\/nb\/wp-json\/wp\/v2\/product\/13743","targetHints":{"allow":["GET"]}}],"collection":[{"href":"https:\/\/mouldking.store\/nb\/wp-json\/wp\/v2\/product"}],"about":[{"href":"https:\/\/mouldking.store\/nb\/wp-json\/wp\/v2\/types\/product"}],"replies":[{"embeddable":true,"href":"https:\/\/mouldking.store\/nb\/wp-json\/wp\/v2\/comments?post=13743"}],"wp:featuredmedia":[{"embeddable":true,"href":"https:\/\/mouldking.store\/nb\/wp-json\/wp\/v2\/media\/13744"}],"wp:attachment":[{"href":"https:\/\/mouldking.store\/nb\/wp-json\/wp\/v2\/media?parent=13743"}],"wp:term":[{"taxonomy":"product_cat","embeddable":true,"href":"https:\/\/mouldking.store\/nb\/wp-json\/wp\/v2\/product_cat?post=13743"},{"taxonomy":"product_tag","embeddable":true,"href":"https:\/\/mouldking.store\/nb\/wp-json\/wp\/v2\/product_tag?post=13743"}],"curies":[{"name":"wp","href":"https:\/\/api.w.org\/{rel}","templated":true}]}}