{"id":13760,"date":"2021-09-28T02:57:40","date_gmt":"2021-09-28T02:57:40","guid":{"rendered":"https:\/\/mouldking.store\/product\/qizhile-23025-wing-body-truck-moc-1389-23008-black-wing-truck-4210099"},"modified":"2025-12-25T09:28:05","modified_gmt":"2025-12-25T02:28:05","slug":"qizhile-23025-wing-body-truck-moc-1389-23008-black-wing-truck","status":"publish","type":"product","link":"https:\/\/mouldking.store\/nb\/shop\/qizhile-23025-wing-body-truck-moc-1389-23008-black-wing-truck\/","title":{"rendered":"QIZHILE 23025 Wing Body Truck MOC 1389 23008  Black Wing Truck"},"content":{"rendered":"<p><strong>PRODUKT DETALJ<\/strong> QIZHILE 23025 Wing Body Truck MOC 1389\u00a0 23008 Black Wing Truck is based\u00a0 on Wing Body Truck MOC 1389 .\u00a0 It&#8217;s an awesome Brick set QIZHILE 23025 Wing Body Truck MOC 1389 Lepin 23008 Black Wing Truck <img fetchpriority=\"high\" decoding=\"async\" class=\"alignnone size-full wp-image-184951\" src=\"https:\/\/pay.lpwstore.com\/wp-content\/uploads\/2020\/02\/unnamed.jpg\" alt=\"-\" width=\"512\" height=\"384\" title=\"-\"><\/p>\n<ul>\n<li>+ 4128\u00a0 pieces made from high-quality 100% ABS plastic bricks, safe for children, long time to play, 100% compatible with other brick brands<\/li>\n<li><span style=\"font-size: 14.4px;\">Easy-to-build with manual instruction of QIZHILE 23025 Wing Body Truck MOC 1389\u00a0 23008 Black Wing Truck <\/span><span style=\"font-size: 14.4px; color: #555555;\">med kloss for kloss guide og bilder av h\u00f8y kvalitet<\/span><\/li>\n<li><span style=\"font-size: 14.4px;\">Full dimensions of QIZHILE 23025 Wing Body Truck MOC 1389 23008 Black Wing Truck:<\/span><\/li>\n<\/ul>\n<blockquote>\n<h4>MOC Number: 1389<\/h4>\n<h4>Name: Wing Body Truck<\/h4>\n<h4>Designed by: Madoca1977<\/h4>\n<h4>Designed Year:\u00a0 2014<\/h4>\n<h4>Theme Technic<\/h4>\n<\/blockquote>\n<h4><strong>LEVERING OG RETUR<\/strong><\/h4>\n<p>We guarantee for QIZHILE 23025 Wing Body Truck MOC 1389\u00a0 23008 Black Wing Truck<\/p>\n<ul>\n<li>Full refusjon hvis du ikke mottar bestillingen din<\/li>\n<li>Gratis s\u00f8rge for manglende deler eller manuell bok<\/li>\n<li>Kunden betaler ikke mer for skatt og tollgebyr. (Hvis du m\u00e5 betale, vil vi refundere til deg)<\/li>\n<li>Internasjonal frakt er ganske komplisert, vi pr\u00f8ver hardt \u00e5 behandle alle problemene dine. Men hvis bestillingen din f\u00e5r problemer, vennligst kontakt oss via e-post<\/li>\n<li><span data-text-color=\"alert\"><strong>Avbryt bestillingen:<\/strong><\/span> Hvis du trenger \u00e5 kansellere bestillingen, m\u00e5 du kontakte oss via e-post contact@pay.lpwstore.com s\u00e5 snart som mulig. Vi kan ikke stoppe bestillingen f\u00f8r 48 timer<\/li>\n<\/ul>\n<h4><strong>MANGLENDE DELER<\/strong><\/h4>\n<p>All parts of QIZHILE 23025 Wing Body Truck MOC 1389 23008 Black Wing Truck \u00a0are quality checked before shipping, so if you find some missing or damaged parts, don&#8217;t worry. Please contact us and we will send them to you without any fees, or we will offer a small refund for you to buy in other places.<\/p>\n<p><figure id=\"attachment_185775\" aria-describedby=\"caption-attachment-185775\" style=\"width: 944px\" class=\"wp-caption alignnone\"><img decoding=\"async\" class=\"size-full wp-image-185775\" src=\"https:\/\/pay.lpwstore.com\/wp-content\/uploads\/2020\/03\/QIZHILE-23025-Wing-Body-Truck-MOC-1389-Lepin-23008-Black-Wing-Truck-1.jpg\" alt=\"-\" width=\"944\" height=\"936\" title=\"-\"><figcaption id=\"caption-attachment-185775\" class=\"wp-caption-text\">QIZHILE 23025 Wing Body Truck MOC 1389 23008 Black Wing Truck<\/figcaption><\/figure><figure id=\"attachment_185776\" aria-describedby=\"caption-attachment-185776\" style=\"width: 929px\" class=\"wp-caption alignnone\"><img decoding=\"async\" class=\"size-large wp-image-185776\" src=\"https:\/\/pay.lpwstore.com\/wp-content\/uploads\/2020\/03\/QIZHILE-23025-Wing-Body-Truck-MOC-1389-Lepin-23008-Black-Wing-Truck-2-929x1024.jpg\" alt=\"-\" width=\"929\" height=\"1024\" title=\"-\"><figcaption id=\"caption-attachment-185776\" class=\"wp-caption-text\">QIZHILE 23025 Wing Body Truck MOC 1389\u00a0 23008 Black Wing Truck<\/figcaption><\/figure><figure id=\"attachment_185777\" aria-describedby=\"caption-attachment-185777\" style=\"width: 944px\" class=\"wp-caption alignnone\"><img loading=\"lazy\" decoding=\"async\" class=\"size-large wp-image-185777\" src=\"https:\/\/pay.lpwstore.com\/wp-content\/uploads\/2020\/03\/QIZHILE-23025-Wing-Body-Truck-MOC-1389-Lepin-23008-Black-Wing-Truck-3.jpg\" alt=\"-\" width=\"944\" height=\"720\" title=\"-\"><figcaption id=\"caption-attachment-185777\" class=\"wp-caption-text\">QIZHILE 23025 Wing Body Truck MOC 1389\u00a0 23008 Black Wing Truck<\/figcaption><\/figure><figure id=\"attachment_185778\" aria-describedby=\"caption-attachment-185778\" style=\"width: 944px\" class=\"wp-caption alignnone\"><img loading=\"lazy\" decoding=\"async\" class=\"size-large wp-image-185778\" src=\"https:\/\/pay.lpwstore.com\/wp-content\/uploads\/2020\/03\/QIZHILE-23025-Wing-Body-Truck-MOC-1389-Lepin-23008-Black-Wing-Truck-4.jpg\" alt=\"-\" width=\"944\" height=\"840\" title=\"-\"><figcaption id=\"caption-attachment-185778\" class=\"wp-caption-text\">QIZHILE 23025 Wing Body Truck MOC 1389\u00a0 23008 Black Wing Truck<\/figcaption><\/figure><figure id=\"attachment_185779\" aria-describedby=\"caption-attachment-185779\" style=\"width: 944px\" class=\"wp-caption alignnone\"><img loading=\"lazy\" decoding=\"async\" class=\"size-full wp-image-185779\" src=\"https:\/\/pay.lpwstore.com\/wp-content\/uploads\/2020\/03\/QIZHILE-23025-Wing-Body-Truck-MOC-1389-Lepin-23008-Black-Wing-Truck-5.jpg\" alt=\"-\" width=\"944\" height=\"744\" title=\"-\"><figcaption id=\"caption-attachment-185779\" class=\"wp-caption-text\">QIZHILE 23025 Wing Body Truck MOC 1389 23008 Black Wing Truck<\/figcaption><\/figure><\/p>\n<div id=\"gtx-trans\" style=\"position: absolute; left: 557px; top: 996.219px;\">\n<div class=\"gtx-trans-icon\">\u00a0<\/div>\n<\/div>","protected":false},"excerpt":{"rendered":"<h3><strong>QIZHILE 23025 Wing Body Truck MOC 1389\u00a0 23008 Black Wing Truck<\/strong><\/h3>\n<h3><span data-text-color=\"alert\"><strong>NO Motor version (Motor cost 40$)<\/strong><\/span><\/h3>\n<ul>\n<li>Antall murstein: <strong>4128+ <\/strong>stk<\/li>\n<li>Service: Gratis reservedeler<\/li>\n<li>Merk: Ingen originaleske, bruk boblepose eller tom kartongeske.<\/li>\n<\/ul>","protected":false},"featured_media":13761,"comment_status":"open","ping_status":"closed","template":"","meta":{"_acf_changed":false},"product_cat":[],"product_tag":[],"class_list":["product","first","instock","shipping-taxable","purchasable","product-type-simple"],"acf":[],"_links":{"self":[{"href":"https:\/\/mouldking.store\/nb\/wp-json\/wp\/v2\/product\/13760","targetHints":{"allow":["GET"]}}],"collection":[{"href":"https:\/\/mouldking.store\/nb\/wp-json\/wp\/v2\/product"}],"about":[{"href":"https:\/\/mouldking.store\/nb\/wp-json\/wp\/v2\/types\/product"}],"replies":[{"embeddable":true,"href":"https:\/\/mouldking.store\/nb\/wp-json\/wp\/v2\/comments?post=13760"}],"wp:featuredmedia":[{"embeddable":true,"href":"https:\/\/mouldking.store\/nb\/wp-json\/wp\/v2\/media\/13761"}],"wp:attachment":[{"href":"https:\/\/mouldking.store\/nb\/wp-json\/wp\/v2\/media?parent=13760"}],"wp:term":[{"taxonomy":"product_cat","embeddable":true,"href":"https:\/\/mouldking.store\/nb\/wp-json\/wp\/v2\/product_cat?post=13760"},{"taxonomy":"product_tag","embeddable":true,"href":"https:\/\/mouldking.store\/nb\/wp-json\/wp\/v2\/product_tag?post=13760"}],"curies":[{"name":"wp","href":"https:\/\/api.w.org\/{rel}","templated":true}]}}