{"id":13767,"date":"2021-09-28T02:58:04","date_gmt":"2021-09-27T19:58:04","guid":{"rendered":"https:\/\/mouldking.store\/product\/sy-6297-going-merry-straw-hat-ship-1363125"},"modified":"2023-10-24T09:50:31","modified_gmt":"2023-10-24T02:50:31","slug":"sy-6297-going-merry-straw-hat-ship","status":"publish","type":"product","link":"https:\/\/mouldking.store\/nb\/shop\/sy-6297-going-merry-straw-hat-ship\/","title":{"rendered":"SY 6297 Going Merry Straw Hat Ship"},"content":{"rendered":"<p><strong>PRODUKT DETALJ<\/strong> SY 6297 Going Merry Straw Hat Ship er basert p\u00e5 Going Merry Straw Hat Ship i One Piece manga og anime. Det er et fantastisk mursteinsett SY 6297 Going Merry Straw Hat Ship<\/p>\n<figure id=\"attachment_185948\" aria-describedby=\"caption-attachment-185948\" style=\"width: 740px\" class=\"wp-caption alignnone\"><img fetchpriority=\"high\" decoding=\"async\" class=\"size-full wp-image-185948\" src=\"https:\/\/pay.lpwstore.com\/wp-content\/uploads\/2020\/03\/The-Going-Merry-One-Piece.jpg\" alt=\"-\" width=\"740\" height=\"370\" title=\"-\"><figcaption id=\"caption-attachment-185948\" class=\"wp-caption-text\">SY 6297 Going Merry Straw Hat Ship<\/figcaption><\/figure>\n<ul>\n<li>+ 1048 deler laget av h\u00f8ykvalitets 100% ABS plastklosser, trygg for barn, lang tid \u00e5 leke, 100% kompatibel med andre mursteinsmerker<\/li>\n<li><span style=\"font-size: 14.4px;\">Enkel \u00e5 bygge med manuell instruksjon av xxx <\/span><span style=\"font-size: 14.4px; color: #555555;\">med kloss for kloss guide og bilder av h\u00f8y kvalitet<\/span><\/li>\n<li><span style=\"font-size: 14.4px;\">Full dimensjoner for SY 6297 Going Merry Straw Hat Ship:<\/span><\/li>\n<\/ul>\n<h4><strong>LEVERING OG RETUR<\/strong><\/h4>\n<p>Vi garanterer for SY 6297 Going Merry Straw Hat Ship:<\/p>\n<ul>\n<li>Full refusjon hvis du ikke mottar bestillingen din<\/li>\n<li>Gratis s\u00f8rge for manglende deler eller manuell bok<\/li>\n<li>Kunden betaler ikke mer for skatt og tollgebyr. (Hvis du m\u00e5 betale, vil vi refundere til deg)<\/li>\n<li>Internasjonal frakt er ganske komplisert, vi pr\u00f8ver hardt \u00e5 behandle alle problemene dine. Men hvis bestillingen din f\u00e5r problemer, vennligst kontakt oss via e-post<\/li>\n<li><span data-text-color=\"alert\"><strong>Avbryt bestillingen:<\/strong><\/span> Hvis du trenger \u00e5 kansellere bestillingen, m\u00e5 du kontakte oss via e-post contact@pay.lpwstore.com s\u00e5 snart som mulig. Vi kan ikke stoppe bestillingen f\u00f8r 48 timer<\/li>\n<\/ul>\n<h4><strong>MANGLENDE DELER<\/strong><\/h4>\n<p>Alle deler av SY 6297 Going Merry Straw Hat Ship er kvalitetssjekket f\u00f8r frakt, s\u00e5 hvis du finner noen manglende eller skadede deler, ikke bekymre deg. Ta kontakt med oss, s\u00e5 sender vi dem til deg uten gebyrer, eller vi tilbyr en liten refusjon som du kan kj\u00f8pe andre steder.<\/p>\n<p><figure id=\"attachment_185945\" aria-describedby=\"caption-attachment-185945\" style=\"width: 1020px\" class=\"wp-caption alignnone\"><img decoding=\"async\" class=\"size-large wp-image-185945\" src=\"https:\/\/pay.lpwstore.com\/wp-content\/uploads\/2020\/03\/SY-6297-Going-Merry-Straw-Hat-Ship-1-1024x1024.jpg\" alt=\"-\" width=\"1020\" height=\"1020\" title=\"-\"><figcaption id=\"caption-attachment-185945\" class=\"wp-caption-text\">SY 6297 Going Merry Straw Hat Ship<\/figcaption><\/figure><figure id=\"attachment_185946\" aria-describedby=\"caption-attachment-185946\" style=\"width: 800px\" class=\"wp-caption alignnone\"><img decoding=\"async\" class=\"size-full wp-image-185946\" src=\"https:\/\/pay.lpwstore.com\/wp-content\/uploads\/2020\/03\/SY-6297-Going-Merry-Straw-Hat-Ship-1.png\" alt=\"-\" width=\"800\" height=\"800\" title=\"-\"><figcaption id=\"caption-attachment-185946\" class=\"wp-caption-text\">SY 6297 Going Merry Straw Hat Ship<\/figcaption><\/figure><figure id=\"attachment_185947\" aria-describedby=\"caption-attachment-185947\" style=\"width: 800px\" class=\"wp-caption alignnone\"><img loading=\"lazy\" decoding=\"async\" class=\"size-full wp-image-185947\" src=\"https:\/\/pay.lpwstore.com\/wp-content\/uploads\/2020\/03\/SY-6297-Going-Merry-Straw-Hat-Ship-2.jpg\" alt=\"-\" width=\"800\" height=\"800\" title=\"-\"><figcaption id=\"caption-attachment-185947\" class=\"wp-caption-text\">SY 6297 Going Merry Straw Hat Ship<\/figcaption><\/figure><figure id=\"attachment_186441\" aria-describedby=\"caption-attachment-186441\" style=\"width: 800px\" class=\"wp-caption alignnone\"><img loading=\"lazy\" decoding=\"async\" class=\"size-full wp-image-186441\" src=\"https:\/\/pay.lpwstore.com\/wp-content\/uploads\/2020\/03\/t\u1ea3i-xu\u1ed1ng-5.png\" alt=\"-\" width=\"800\" height=\"800\" title=\"-\"><figcaption id=\"caption-attachment-186441\" class=\"wp-caption-text\">SY 6297 Going Merry Straw Hat Ship<\/figcaption><\/figure><figure id=\"attachment_186442\" aria-describedby=\"caption-attachment-186442\" style=\"width: 800px\" class=\"wp-caption alignnone\"><img loading=\"lazy\" decoding=\"async\" class=\"size-large wp-image-186442\" src=\"https:\/\/pay.lpwstore.com\/wp-content\/uploads\/2020\/03\/t\u1ea3i-xu\u1ed1ng-6.png\" alt=\"-\" width=\"800\" height=\"800\" title=\"-\"><figcaption id=\"caption-attachment-186442\" class=\"wp-caption-text\">SY 6297 Going Merry Straw Hat Ship<\/figcaption><\/figure><figure id=\"attachment_186443\" aria-describedby=\"caption-attachment-186443\" style=\"width: 800px\" class=\"wp-caption alignnone\"><img loading=\"lazy\" decoding=\"async\" class=\"size-large wp-image-186443\" src=\"https:\/\/pay.lpwstore.com\/wp-content\/uploads\/2020\/03\/t\u1ea3i-xu\u1ed1ng-7.png\" alt=\"-\" width=\"800\" height=\"800\" title=\"-\"><figcaption id=\"caption-attachment-186443\" class=\"wp-caption-text\">SY 6297 Going Merry Straw Hat Ship<\/figcaption><\/figure><\/p>","protected":false},"excerpt":{"rendered":"<h3><strong>SY 6297 Going Merry Straw Hat Ship<\/strong><\/h3>\n<h3><span data-text-color=\"alert\"><strong>P\u00e5 lager! Begrenset antall!<\/strong><\/span><\/h3>\n<ul>\n<li>Antall murstein: <strong>1048+ <\/strong>stk<\/li>\n<li>Service: Gratis reservedeler<\/li>\n<li>Merk: Ingen originaleske, bruk boblepose eller tom kartongeske.<\/li>\n<\/ul>\n<div id=\"gtx-trans\" style=\"position: absolute; left: 135px; top: 139.469px;\">\n<div class=\"gtx-trans-icon\"><\/div>\n<\/div>","protected":false},"featured_media":13768,"comment_status":"open","ping_status":"closed","template":"","meta":{"_acf_changed":false},"product_cat":[15],"product_tag":[],"class_list":["product","first","outofstock","shipping-taxable","purchasable","product-type-simple"],"acf":[],"_links":{"self":[{"href":"https:\/\/mouldking.store\/nb\/wp-json\/wp\/v2\/product\/13767","targetHints":{"allow":["GET"]}}],"collection":[{"href":"https:\/\/mouldking.store\/nb\/wp-json\/wp\/v2\/product"}],"about":[{"href":"https:\/\/mouldking.store\/nb\/wp-json\/wp\/v2\/types\/product"}],"replies":[{"embeddable":true,"href":"https:\/\/mouldking.store\/nb\/wp-json\/wp\/v2\/comments?post=13767"}],"wp:featuredmedia":[{"embeddable":true,"href":"https:\/\/mouldking.store\/nb\/wp-json\/wp\/v2\/media\/13768"}],"wp:attachment":[{"href":"https:\/\/mouldking.store\/nb\/wp-json\/wp\/v2\/media?parent=13767"}],"wp:term":[{"taxonomy":"product_cat","embeddable":true,"href":"https:\/\/mouldking.store\/nb\/wp-json\/wp\/v2\/product_cat?post=13767"},{"taxonomy":"product_tag","embeddable":true,"href":"https:\/\/mouldking.store\/nb\/wp-json\/wp\/v2\/product_tag?post=13767"}],"curies":[{"name":"wp","href":"https:\/\/api.w.org\/{rel}","templated":true}]}}