{"id":13816,"date":"2021-09-28T02:58:34","date_gmt":"2021-09-28T02:58:34","guid":{"rendered":"https:\/\/mouldking.store\/product\/builo-qc007-container-truck-shineyu-1-10-9208536"},"modified":"2021-10-11T03:01:18","modified_gmt":"2021-10-11T03:01:18","slug":"builo-qc007-container-truck-shineyu-1-10","status":"publish","type":"product","link":"https:\/\/mouldking.store\/nb\/shop\/builo-qc007-container-truck-shineyu-1-10\/","title":{"rendered":"BUILO QC007 containertruck ShineYu 1 10"},"content":{"rendered":"<p><strong>PRODUKT DETALJ<\/strong><\/p>\n<p>BUILO QC007 Container Truck ShineYu 1 10 is based\u00a0 on Container Truck ShineYu with ratio 1:10 .\u00a0 It&#8217;s an awesome Brick set BUILO QC007 Container Truck ShineYu 1 10<\/p>\n<figure id=\"attachment_186738\" aria-describedby=\"caption-attachment-186738\" style=\"width: 1024px\" class=\"wp-caption alignnone\"><img fetchpriority=\"high\" decoding=\"async\" class=\"size-full wp-image-186738\" src=\"https:\/\/pay.lpwstore.com\/wp-content\/uploads\/2020\/04\/volvo-fh540-container-truck-w-206526_1.jpg\" alt=\"-\" width=\"1024\" height=\"576\" title=\"-\"><figcaption id=\"caption-attachment-186738\" class=\"wp-caption-text\">BUILO QC007 containertruck ShineYu 1 10<\/figcaption><\/figure>\n<ul>\n<li>+ 2875\u00a0 pieces made from high-quality 100% ABS plastic bricks, safe for children, long time to play, 100% compatible with other brick brands<\/li>\n<li><span style=\"font-size: 14.4px;\">Easy-to-build with manual instruction of BUILO QC007 Container Truck ShineYu 1 10 <\/span><span style=\"font-size: 14.4px; color: #555555;\">med kloss for kloss guide og bilder av h\u00f8y kvalitet<\/span><\/li>\n<li><span style=\"font-size: 14.4px;\">Full dimensions of BUILO QC007 Container Truck ShineYu 1 10:<\/span><\/li>\n<\/ul>\n<h4><strong>LEVERING OG RETUR<\/strong><\/h4>\n<p>We guarantee for BUILO QC007 Container Truck ShineYu 1 10<\/p>\n<ul>\n<li>Full refusjon hvis du ikke mottar bestillingen din<\/li>\n<li>Gratis s\u00f8rge for manglende deler eller manuell bok<\/li>\n<li>Kunden betaler ikke mer for skatt og tollgebyr. (Hvis du m\u00e5 betale, vil vi refundere til deg)<\/li>\n<li>Internasjonal frakt er ganske komplisert, vi pr\u00f8ver hardt \u00e5 behandle alle problemene dine. Men hvis bestillingen din f\u00e5r problemer, vennligst kontakt oss via e-post<\/li>\n<li><span data-text-color=\"alert\"><strong>Avbryt bestillingen:<\/strong><\/span> Hvis du trenger \u00e5 kansellere bestillingen, m\u00e5 du kontakte oss via e-post contact@pay.lpwstore.com s\u00e5 snart som mulig. Vi kan ikke stoppe bestillingen f\u00f8r 48 timer<\/li>\n<\/ul>\n<h4><strong>MANGLENDE DELER<\/strong><\/h4>\n<p>All parts of BUILO QC007 Container Truck ShineYu 1 10 \u00a0are quality checked before shipping, so if you find some missing or damaged parts, don&#8217;t worry. Please contact us and we will send them to you without any fees, or we will offer a small refund for you to buy in other places.<\/p>\n<p>BUILO QC007 containertruck ShineYu 1 10<img decoding=\"async\" class=\"alignnone size-full wp-image-197209\" src=\"https:\/\/pay.lpwstore.com\/wp-content\/uploads\/2020\/04\/BUILO-QC007-Container-Truck-ShineYu-1-10.jpg\" alt=\"BUILO-QC007-Container-Truck-ShineYu-1-10\" width=\"800\" height=\"800\" title=\"-\"> <img decoding=\"async\" class=\"alignnone size-full wp-image-197210\" src=\"https:\/\/pay.lpwstore.com\/wp-content\/uploads\/2020\/04\/BUILO-QC007-Container-Truck-ShineYu-1-10-v2.jpg\" alt=\"-\" width=\"800\" height=\"800\" title=\"-\"> <img loading=\"lazy\" decoding=\"async\" class=\"alignnone size-full wp-image-197211\" src=\"https:\/\/pay.lpwstore.com\/wp-content\/uploads\/2020\/04\/BUILO-QC007-Container-Truck-ShineYu-1-10-v3.jpg\" alt=\"BUILO-QC007-Container-Truck-ShineYu-1-10-v3\" width=\"800\" height=\"800\" title=\"-\"> <img loading=\"lazy\" decoding=\"async\" class=\"alignnone size-full wp-image-197212\" src=\"https:\/\/pay.lpwstore.com\/wp-content\/uploads\/2020\/04\/BUILO-QC007-Container-Truck-ShineYu-1-10-v4.jpg\" alt=\"-\" width=\"800\" height=\"800\" title=\"-\"> <img loading=\"lazy\" decoding=\"async\" class=\"alignnone size-full wp-image-197213\" src=\"https:\/\/pay.lpwstore.com\/wp-content\/uploads\/2020\/04\/BUILO-QC007-Container-Truck-ShineYu-1-10-v5.jpg\" alt=\"-\" width=\"800\" height=\"800\" title=\"-\"><\/p>","protected":false},"excerpt":{"rendered":"<h3><strong>BUILO QC007 containertruck ShineYu 1 10<\/strong><\/h3>\n<ul>\n<li>Antall murstein: <strong>2949+ <\/strong>stk<\/li>\n<li>Service: Gratis reservedeler<\/li>\n<li>Legge merke til: <span style=\"text-decoration: underline;\" data-text-color=\"alert\"><strong>Ingen originaleske<\/strong><\/span>,Bruk boblepose eller tom kartong.<\/li>\n<\/ul>\n<div id=\"gtx-anchor\" style=\"position: absolute; visibility: hidden; left: 10px; top: 72.2917px; width: 207.542px; height: 22.6667px;\"><\/div>\n<div class=\"jfk-bubble gtx-bubble\" style=\"visibility: visible; left: 99px; top: 105px; opacity: 1;\" role=\"alertdialog\" aria-describedby=\"bubble-2\">\n<div id=\"bubble-2\" class=\"jfk-bubble-content-id\">\n<div id=\"gtx-host\" style=\"min-width: 200px; max-width: 400px;\"><\/div>\n<\/div>\n<div class=\"jfk-bubble-closebtn-id jfk-bubble-closebtn\" tabindex=\"0\" role=\"button\" aria-label=\"Lukk\"><\/div>\n<div class=\"jfk-bubble-arrow-id jfk-bubble-arrow jfk-bubble-arrowup\" style=\"left: 103.5px;\">\n<div class=\"jfk-bubble-arrowimplbefore\"><\/div>\n<div class=\"jfk-bubble-arrowimplafter\"><\/div>\n<\/div>\n<\/div>","protected":false},"featured_media":13817,"comment_status":"open","ping_status":"closed","template":"","meta":{"_acf_changed":false},"product_cat":[],"product_tag":[],"class_list":["product","first","outofstock","shipping-taxable","purchasable","product-type-variable","has-default-attributes"],"acf":[],"_links":{"self":[{"href":"https:\/\/mouldking.store\/nb\/wp-json\/wp\/v2\/product\/13816","targetHints":{"allow":["GET"]}}],"collection":[{"href":"https:\/\/mouldking.store\/nb\/wp-json\/wp\/v2\/product"}],"about":[{"href":"https:\/\/mouldking.store\/nb\/wp-json\/wp\/v2\/types\/product"}],"replies":[{"embeddable":true,"href":"https:\/\/mouldking.store\/nb\/wp-json\/wp\/v2\/comments?post=13816"}],"wp:featuredmedia":[{"embeddable":true,"href":"https:\/\/mouldking.store\/nb\/wp-json\/wp\/v2\/media\/13817"}],"wp:attachment":[{"href":"https:\/\/mouldking.store\/nb\/wp-json\/wp\/v2\/media?parent=13816"}],"wp:term":[{"taxonomy":"product_cat","embeddable":true,"href":"https:\/\/mouldking.store\/nb\/wp-json\/wp\/v2\/product_cat?post=13816"},{"taxonomy":"product_tag","embeddable":true,"href":"https:\/\/mouldking.store\/nb\/wp-json\/wp\/v2\/product_tag?post=13816"}],"curies":[{"name":"wp","href":"https:\/\/api.w.org\/{rel}","templated":true}]}}