{"id":13822,"date":"2021-09-28T02:58:51","date_gmt":"2021-09-28T02:58:51","guid":{"rendered":"https:\/\/mouldking.store\/product\/panlos-613001-dr-stranges-sanctum-santorum-building-4166356"},"modified":"2022-04-14T09:48:49","modified_gmt":"2022-04-14T02:48:49","slug":"panlos-613001-dr-stranges-sanctum-santorum-building","status":"publish","type":"product","link":"https:\/\/mouldking.store\/nb\/shop\/panlos-613001-dr-stranges-sanctum-santorum-building\/","title":{"rendered":"PANLOS 613001 Dr Strange&#8217;s Sanctum Santorum Building"},"content":{"rendered":"<p><strong>PRODUKT DETALJ<\/strong><\/p>\n<p>PANLOS 613001 Dr Strange&#8217;s Sanctum Santorum Building is based\u00a0 on Dr Strange&#8217;s Sanctum Santorum Building in Dr Strange Film super heroes series .\u00a0 It&#8217;s an awesome Brick set PANLOS 613001 Dr Strange&#8217;s Sanctum Santorum Building<\/p>\n<p><img fetchpriority=\"high\" decoding=\"async\" class=\"alignnone size-full wp-image-186800\" src=\"https:\/\/pay.lpwstore.com\/wp-content\/uploads\/2020\/04\/54cbd7ddf0e5119e93ebed62725f7c97.jpg\" alt=\"-\" width=\"830\" height=\"768\" title=\"-\"><\/p>\n<ul>\n<li>+ 6564\u00a0 pieces made from high-quality 100% ABS plastic bricks, safe for children, long time to play, 100% compatible with other brick brands<\/li>\n<li>Led Light kit include<\/li>\n<li><span style=\"font-size: 14.4px;\">Enkel \u00e5 bygge med manuell instruksjon av xxx <\/span><span style=\"font-size: 14.4px; color: #555555;\">med kloss for kloss guide og bilder av h\u00f8y kvalitet<\/span><\/li>\n<li><span style=\"font-size: 14.4px;\">Full dimensions of PANLOS 613001 Dr Strange&#8217;s Sanctum Santorum Building:<\/span><\/li>\n<\/ul>\n<h4><strong>LEVERING OG RETUR<\/strong><\/h4>\n<p>We guarantee for PANLOS 613001 Dr Strange&#8217;s Sanctum Santorum Building<\/p>\n<ul>\n<li>Full refusjon hvis du ikke mottar bestillingen din<\/li>\n<li>Gratis s\u00f8rge for manglende deler eller manuell bok<\/li>\n<li>Kunden betaler ikke mer for skatt og tollgebyr. (Hvis du m\u00e5 betale, vil vi refundere til deg)<\/li>\n<li>Internasjonal frakt er ganske komplisert, vi pr\u00f8ver hardt \u00e5 behandle alle problemene dine. Men hvis bestillingen din f\u00e5r problemer, vennligst kontakt oss via e-post<\/li>\n<li><span data-text-color=\"alert\"><strong>Avbryt bestillingen:<\/strong><\/span> Hvis du trenger \u00e5 kansellere bestillingen, m\u00e5 du kontakte oss via e-post contact@pay.lpwstore.com s\u00e5 snart som mulig. Vi kan ikke stoppe bestillingen f\u00f8r 48 timer<\/li>\n<\/ul>\n<h4><strong>MANGLENDE DELER<\/strong><\/h4>\n<p>All parts of PANLOS 613001 Dr Strange&#8217;s Sanctum Santorum Building \u00a0are quality checked before shipping, so if you find some missing or damaged parts, don&#8217;t worry. Please contact us and we will send them to you without any fees, or we will offer a small refund for you to buy in other places.<\/p>","protected":false},"excerpt":{"rendered":"<h3><strong>PANLOS 613001 Dr Strange&#8217;s Sanctum Santorum Building<\/strong><\/h3>\n<ul>\n<li>Antall murstein: <strong>6564+ <\/strong>stk<\/li>\n<li>Service: Gratis reservedeler<\/li>\n<li>Legge merke til: <span style=\"text-decoration: underline;\" data-text-color=\"alert\"><strong>Ingen originaleske<\/strong><\/span>,Bruk boblepose eller tom kartong.<\/li>\n<\/ul>\n<div id=\"gtx-trans\" style=\"position: absolute; left: -111px; top: -3.84375px;\">\n<div class=\"gtx-trans-icon\"><\/div>\n<\/div>","protected":false},"featured_media":13823,"comment_status":"open","ping_status":"closed","template":"","meta":{"_acf_changed":false},"product_cat":[390],"product_tag":[],"class_list":["product","first","outofstock","shipping-taxable","purchasable","product-type-simple"],"acf":[],"_links":{"self":[{"href":"https:\/\/mouldking.store\/nb\/wp-json\/wp\/v2\/product\/13822","targetHints":{"allow":["GET"]}}],"collection":[{"href":"https:\/\/mouldking.store\/nb\/wp-json\/wp\/v2\/product"}],"about":[{"href":"https:\/\/mouldking.store\/nb\/wp-json\/wp\/v2\/types\/product"}],"replies":[{"embeddable":true,"href":"https:\/\/mouldking.store\/nb\/wp-json\/wp\/v2\/comments?post=13822"}],"wp:featuredmedia":[{"embeddable":true,"href":"https:\/\/mouldking.store\/nb\/wp-json\/wp\/v2\/media\/13823"}],"wp:attachment":[{"href":"https:\/\/mouldking.store\/nb\/wp-json\/wp\/v2\/media?parent=13822"}],"wp:term":[{"taxonomy":"product_cat","embeddable":true,"href":"https:\/\/mouldking.store\/nb\/wp-json\/wp\/v2\/product_cat?post=13822"},{"taxonomy":"product_tag","embeddable":true,"href":"https:\/\/mouldking.store\/nb\/wp-json\/wp\/v2\/product_tag?post=13822"}],"curies":[{"name":"wp","href":"https:\/\/api.w.org\/{rel}","templated":true}]}}