{"id":13905,"date":"2021-09-28T03:00:15","date_gmt":"2021-09-28T03:00:15","guid":{"rendered":"https:\/\/mouldking.store\/product\/xingbao-30001-carousel-with-light-kit-9721212"},"modified":"2021-12-23T09:54:33","modified_gmt":"2021-12-23T09:54:33","slug":"xingbao-30001-carousel-with-light-kit","status":"publish","type":"product","link":"https:\/\/mouldking.store\/nb\/shop\/xingbao-30001-carousel-with-light-kit\/","title":{"rendered":"XINGBAO 30001 Carousel With Light Kit"},"content":{"rendered":"<p><strong>PRODUKT DETALJ<\/strong><\/p>\n<p>XINGBAO 30001 Carousel With Light Kit is based\u00a0 on Carousel .\u00a0 It&#8217;s an awesome Brick se XINGBAO 30001 Carousel With Light Kit<\/p>\n<ul>\n<li>+ 2592\u00a0 pieces made from high-quality 100% ABS plastic bricks, safe for children, long time to play, 100% compatible with other brick brands<\/li>\n<li><span style=\"font-size: 14.4px;\">Easy-to-build with manual instruction of XINGBAO 30001 Carousel With Light Kit <\/span><span style=\"font-size: 14.4px; color: #555555;\">med kloss for kloss guide og bilder av h\u00f8y kvalitet<\/span><\/li>\n<li><span style=\"font-size: 14.4px;\">Full dimensions of XINGBAO 30001 Carousel With Light Kit:<\/span><\/li>\n<\/ul>\n<figure id=\"attachment_187918\" aria-describedby=\"caption-attachment-187918\" style=\"width: 747px\" class=\"wp-caption alignnone\"><img fetchpriority=\"high\" decoding=\"async\" class=\"size-full wp-image-187918\" src=\"https:\/\/pay.lpwstore.com\/wp-content\/uploads\/2020\/04\/13.jpg\" alt=\"-\" width=\"747\" height=\"715\" title=\"-\"><figcaption id=\"caption-attachment-187918\" class=\"wp-caption-text\">XINGBAO 30001 Carousel With Light Kit<\/figcaption><\/figure>\n<h4><strong>LEVERING OG RETUR<\/strong><\/h4>\n<p>We guarantee for XINGBAO 30001 Carousel With Light Kit<\/p>\n<ul>\n<li>Full refusjon hvis du ikke mottar bestillingen din<\/li>\n<li>Gratis s\u00f8rge for manglende deler eller manuell bok<\/li>\n<li>Kunden betaler ikke mer for skatt og tollgebyr. (Hvis du m\u00e5 betale, vil vi refundere til deg)<\/li>\n<li>Internasjonal frakt er ganske komplisert, vi pr\u00f8ver hardt \u00e5 behandle alle problemene dine. Men hvis bestillingen din f\u00e5r problemer, vennligst kontakt oss via e-post<\/li>\n<li><span data-text-color=\"alert\"><strong>Avbryt bestillingen:<\/strong><\/span> Hvis du trenger \u00e5 kansellere bestillingen, m\u00e5 du kontakte oss via e-post contact@pay.lpwstore.com s\u00e5 snart som mulig. Vi kan ikke stoppe bestillingen f\u00f8r 48 timer<\/li>\n<\/ul>\n<h4><strong>MANGLENDE DELER<\/strong><\/h4>\n<p>All parts of XINGBAO 30001 Carousel With Light Kit \u00a0are quality checked before shipping, so if you find some missing or damaged parts, don&#8217;t worry. Please contact us and we will send them to you without any fees, or we will offer a small refund for you to buy in other places.<\/p>\n<h4><strong>PACKAGE<\/strong><\/h4>\n<p>XINGBAO 30001 Carousel With Light Kit new in sealed Bag with Bubble Safty Packing (No original box, original box is too big and easy to be broken during shipping, and this will save cost for you. We promise to pack the blocks well.<\/p>\n<p><figure id=\"attachment_187900\" aria-describedby=\"caption-attachment-187900\" style=\"width: 800px\" class=\"wp-caption alignnone\"><img decoding=\"async\" class=\"size-full wp-image-187900\" src=\"https:\/\/pay.lpwstore.com\/wp-content\/uploads\/2020\/04\/13420458200_2066780651.jpg\" alt=\"-\" width=\"800\" height=\"800\" title=\"-\"><figcaption id=\"caption-attachment-187900\" class=\"wp-caption-text\">XINGBAO 30001 Carousel With Light Kit<\/figcaption><\/figure><figure id=\"attachment_187903\" aria-describedby=\"caption-attachment-187903\" style=\"width: 800px\" class=\"wp-caption alignnone\"><img decoding=\"async\" class=\"size-full wp-image-187903\" src=\"https:\/\/pay.lpwstore.com\/wp-content\/uploads\/2020\/04\/13504238345_2066780651.jpg\" alt=\"-\" width=\"800\" height=\"800\" title=\"-\"><figcaption id=\"caption-attachment-187903\" class=\"wp-caption-text\">XINGBAO 30001 Carousel With Light Kit<\/figcaption><\/figure><figure id=\"attachment_187905\" aria-describedby=\"caption-attachment-187905\" style=\"width: 590px\" class=\"wp-caption alignnone\"><img loading=\"lazy\" decoding=\"async\" class=\"size-large wp-image-187905\" src=\"https:\/\/pay.lpwstore.com\/wp-content\/uploads\/2020\/04\/1-590x1024.jpg\" alt=\"-\" width=\"590\" height=\"1024\" title=\"-\"><figcaption id=\"caption-attachment-187905\" class=\"wp-caption-text\">XINGBAO 30001 Carousel With Light Kit<\/figcaption><\/figure><figure id=\"attachment_187908\" aria-describedby=\"caption-attachment-187908\" style=\"width: 591px\" class=\"wp-caption alignnone\"><img loading=\"lazy\" decoding=\"async\" class=\"size-large wp-image-187908\" src=\"https:\/\/pay.lpwstore.com\/wp-content\/uploads\/2020\/04\/4-591x1024.jpg\" alt=\"-\" width=\"591\" height=\"1024\" title=\"-\"><figcaption id=\"caption-attachment-187908\" class=\"wp-caption-text\">XINGBAO 30001 Carousel With Light Kit<\/figcaption><\/figure><figure id=\"attachment_187910\" aria-describedby=\"caption-attachment-187910\" style=\"width: 590px\" class=\"wp-caption alignnone\"><img loading=\"lazy\" decoding=\"async\" class=\"size-large wp-image-187910\" src=\"https:\/\/pay.lpwstore.com\/wp-content\/uploads\/2020\/04\/6-590x1024.jpg\" alt=\"-\" width=\"590\" height=\"1024\" title=\"-\"><figcaption id=\"caption-attachment-187910\" class=\"wp-caption-text\">XINGBAO 30001 Carousel With Light Kit<\/figcaption><\/figure><figure id=\"attachment_187911\" aria-describedby=\"caption-attachment-187911\" style=\"width: 750px\" class=\"wp-caption alignnone\"><img loading=\"lazy\" decoding=\"async\" class=\"size-full wp-image-187911\" src=\"https:\/\/pay.lpwstore.com\/wp-content\/uploads\/2020\/04\/7.jpg\" alt=\"-\" width=\"750\" height=\"329\" title=\"-\"><figcaption id=\"caption-attachment-187911\" class=\"wp-caption-text\">XINGBAO 30001 Carousel With Light Kit<\/figcaption><\/figure><figure id=\"attachment_187912\" aria-describedby=\"caption-attachment-187912\" style=\"width: 591px\" class=\"wp-caption alignnone\"><img loading=\"lazy\" decoding=\"async\" class=\"size-large wp-image-187912\" src=\"https:\/\/pay.lpwstore.com\/wp-content\/uploads\/2020\/04\/8-591x1024.jpg\" alt=\"-\" width=\"591\" height=\"1024\" title=\"-\"><figcaption id=\"caption-attachment-187912\" class=\"wp-caption-text\">XINGBAO 30001 Carousel With Light Kit<\/figcaption><\/figure><figure id=\"attachment_187913\" aria-describedby=\"caption-attachment-187913\" style=\"width: 592px\" class=\"wp-caption alignnone\"><img loading=\"lazy\" decoding=\"async\" class=\"size-large wp-image-187913\" src=\"https:\/\/pay.lpwstore.com\/wp-content\/uploads\/2020\/04\/9-592x1024.jpg\" alt=\"-\" width=\"592\" height=\"1024\" title=\"-\"><figcaption id=\"caption-attachment-187913\" class=\"wp-caption-text\">XINGBAO 30001 Carousel With Light Kit<\/figcaption><\/figure><figure id=\"attachment_187914\" aria-describedby=\"caption-attachment-187914\" style=\"width: 750px\" class=\"wp-caption alignnone\"><img loading=\"lazy\" decoding=\"async\" class=\"size-full wp-image-187914\" src=\"https:\/\/pay.lpwstore.com\/wp-content\/uploads\/2020\/04\/10.jpg\" alt=\"-\" width=\"750\" height=\"918\" title=\"-\"><figcaption id=\"caption-attachment-187914\" class=\"wp-caption-text\">XINGBAO 30001 Carousel With Light Kit<\/figcaption><\/figure><figure id=\"attachment_187915\" aria-describedby=\"caption-attachment-187915\" style=\"width: 750px\" class=\"wp-caption alignnone\"><img loading=\"lazy\" decoding=\"async\" class=\"size-full wp-image-187915\" src=\"https:\/\/pay.lpwstore.com\/wp-content\/uploads\/2020\/04\/11.jpg\" alt=\"-\" width=\"750\" height=\"687\" title=\"-\"><figcaption id=\"caption-attachment-187915\" class=\"wp-caption-text\">XINGBAO 30001 Carousel With Light Kit<\/figcaption><\/figure><figure id=\"attachment_187916\" aria-describedby=\"caption-attachment-187916\" style=\"width: 750px\" class=\"wp-caption alignnone\"><img loading=\"lazy\" decoding=\"async\" class=\"size-full wp-image-187916\" src=\"https:\/\/pay.lpwstore.com\/wp-content\/uploads\/2020\/04\/12.jpg\" alt=\"-\" width=\"750\" height=\"714\" title=\"-\"><figcaption id=\"caption-attachment-187916\" class=\"wp-caption-text\">XINGBAO 30001 Carousel With Light Kit<\/figcaption><\/figure><figure id=\"attachment_187917\" aria-describedby=\"caption-attachment-187917\" style=\"width: 750px\" class=\"wp-caption alignnone\"><img loading=\"lazy\" decoding=\"async\" class=\"size-full wp-image-187917\" src=\"https:\/\/pay.lpwstore.com\/wp-content\/uploads\/2020\/04\/13-Copy.jpg\" alt=\"-\" width=\"750\" height=\"577\" title=\"-\"><figcaption id=\"caption-attachment-187917\" class=\"wp-caption-text\">XINGBAO 30001 Carousel With Light Kit<\/figcaption><\/figure><\/p>","protected":false},"excerpt":{"rendered":"<h3><strong>XINGBAO 30001 Carousel With Light Kit<\/strong><\/h3>\n<ul>\n<li>Antall murstein: <strong>2592+ <\/strong>stk<\/li>\n<li>Service: Gratis reservedeler<\/li>\n<li>Legge merke til: <span style=\"text-decoration: underline;\" data-text-color=\"alert\"><strong>Ingen originaleske<\/strong><\/span>,Bruk boblepose eller tom kartong.<\/li>\n<\/ul>\n<div id=\"gtx-trans\" style=\"position: absolute; left: 567px; top: 231.625px;\">\n<div class=\"gtx-trans-icon\"><\/div>\n<\/div>","protected":false},"featured_media":13906,"comment_status":"open","ping_status":"closed","template":"","meta":{"_acf_changed":false},"product_cat":[],"product_tag":[],"class_list":["product","first","instock","shipping-taxable","purchasable","product-type-simple"],"acf":[],"_links":{"self":[{"href":"https:\/\/mouldking.store\/nb\/wp-json\/wp\/v2\/product\/13905","targetHints":{"allow":["GET"]}}],"collection":[{"href":"https:\/\/mouldking.store\/nb\/wp-json\/wp\/v2\/product"}],"about":[{"href":"https:\/\/mouldking.store\/nb\/wp-json\/wp\/v2\/types\/product"}],"replies":[{"embeddable":true,"href":"https:\/\/mouldking.store\/nb\/wp-json\/wp\/v2\/comments?post=13905"}],"wp:featuredmedia":[{"embeddable":true,"href":"https:\/\/mouldking.store\/nb\/wp-json\/wp\/v2\/media\/13906"}],"wp:attachment":[{"href":"https:\/\/mouldking.store\/nb\/wp-json\/wp\/v2\/media?parent=13905"}],"wp:term":[{"taxonomy":"product_cat","embeddable":true,"href":"https:\/\/mouldking.store\/nb\/wp-json\/wp\/v2\/product_cat?post=13905"},{"taxonomy":"product_tag","embeddable":true,"href":"https:\/\/mouldking.store\/nb\/wp-json\/wp\/v2\/product_tag?post=13905"}],"curies":[{"name":"wp","href":"https:\/\/api.w.org\/{rel}","templated":true}]}}