{"id":13975,"date":"2021-09-28T03:01:33","date_gmt":"2021-09-27T20:01:33","guid":{"rendered":"https:\/\/mouldking.store\/product\/urge-10189-moc-34463-central-perk-big-bang-theory-building-by-brickpolis-5829179"},"modified":"2025-12-25T09:28:05","modified_gmt":"2025-12-25T02:28:05","slug":"urge-10189-moc-34463-central-perk-big-bang-theory-building-by-brickpolis","status":"publish","type":"product","link":"https:\/\/mouldking.store\/nb\/shop\/urge-10189-moc-34463-central-perk-big-bang-theory-building-by-brickpolis\/","title":{"rendered":"URGE 10189 MOC 34463 Central Perk Big Bang Theory Building av BrickPolis"},"content":{"rendered":"<p><strong>PRODUKT DETALJ<\/strong><\/p>\n<p>URGE 10189 MOC 34463 Central Perk Big Bang Theory Building is based\u00a0 on\u00a0 MOC 34463 Central Perk Big Bang Theory Building by Berthil on Rebrickable and Series Sitcoms .\u00a0 It&#8217;s an awesome Brick set URGE 10189 MOC 34463 Central Perk Big Bang Theory Building<\/p>\n<figure id=\"attachment_188741\" aria-describedby=\"caption-attachment-188741\" style=\"width: 1020px\" class=\"wp-caption alignnone\"><img fetchpriority=\"high\" decoding=\"async\" class=\"wp-image-188741 size-large\" src=\"https:\/\/pay.lpwstore.com\/wp-content\/uploads\/2020\/05\/91u9JiUqBEL._RI_-1024x768.jpg\" alt=\"-\" width=\"1020\" height=\"765\" title=\"-\"><figcaption id=\"caption-attachment-188741\" class=\"wp-caption-text\">Big Bang Theory Series Film<\/figcaption><\/figure>\n<ul>\n<li>+ 4638\u00a0 pieces made from high-quality 100% ABS plastic bricks, safe for children, long time to play, 100% compatible with other brick brands<\/li>\n<li><span style=\"font-size: 14.4px\">Enkel \u00e5 bygge med manuell instruksjon av xxx <\/span><span style=\"font-size: 14.4px;color: #555555\">med kloss for kloss guide og bilder av h\u00f8y kvalitet<\/span><\/li>\n<li><span style=\"font-size: 14.4px\">Full dimensions of URGE 10189 MOC 34463 Central Perk Big Bang Theory Building:<\/span><\/li>\n<\/ul>\n<h4><strong>LEVERING OG RETUR<\/strong><\/h4>\n<p>We guarantee for URGE 10189 MOC 34463 Central Perk Big Bang Theory Building<\/p>\n<ul>\n<li>Full refusjon hvis du ikke mottar bestillingen din<\/li>\n<li>Gratis s\u00f8rge for manglende deler eller manuell bok<\/li>\n<li>Kunden betaler ikke mer for skatt og tollgebyr. (Hvis du m\u00e5 betale, vil vi refundere til deg)<\/li>\n<li>Internasjonal frakt er ganske komplisert, vi pr\u00f8ver hardt \u00e5 behandle alle problemene dine. Men hvis bestillingen din f\u00e5r problemer, vennligst kontakt oss via e-post<\/li>\n<li><span data-text-color=\"alert\"><strong>Avbryt bestillingen:<\/strong><\/span> Hvis du trenger \u00e5 kansellere bestillingen, m\u00e5 du kontakte oss via e-post contact@pay.lpwstore.com s\u00e5 snart som mulig. Vi kan ikke stoppe bestillingen f\u00f8r 48 timer<\/li>\n<\/ul>\n<h4><strong>MANGLENDE DELER<\/strong><\/h4>\n<p>All parts of URGE 10189 MOC 34463 Central Perk Big Bang Theory Building \u00a0are quality checked before shipping, so if you find some missing or damaged parts, don&#8217;t worry. Please contact us and we will send them to you without any fees, or we will offer a small refund for you to buy in other places.<\/p>\n<h4><strong>PACKAGE<\/strong><\/h4>\n<p>URGE 10189 MOC 34463 Central Perk Big Bang Theory Building new in sealed Bag with Bubble Safty Packing (No original box, original box is too big and easy to be broken during shipping, and this will save cost for you. We promise to pack the blocks well.<\/p>\n<figure id=\"attachment_188740\" aria-describedby=\"caption-attachment-188740\" style=\"width: 832px\" class=\"wp-caption alignnone\"><img decoding=\"async\" class=\"size-full wp-image-188740\" src=\"https:\/\/pay.lpwstore.com\/wp-content\/uploads\/2020\/05\/WeChat-Image_20200517210813.jpg\" alt=\"-\" width=\"832\" height=\"832\" title=\"-\"><figcaption id=\"caption-attachment-188740\" class=\"wp-caption-text\">URGE 10189 MOC 34463 Central Perk Big Bang Theory Building<\/figcaption><\/figure>\n<figure id=\"attachment_188742\" aria-describedby=\"caption-attachment-188742\" style=\"width: 1020px\" class=\"wp-caption alignnone\"><img decoding=\"async\" class=\"size-large wp-image-188742\" src=\"https:\/\/pay.lpwstore.com\/wp-content\/uploads\/2020\/05\/URGE-10189-MOC-34463-Central-Perk-Big-Bang-Theory-Building-2-1024x634.jpg\" alt=\"-\" width=\"1020\" height=\"632\" title=\"-\"><figcaption id=\"caption-attachment-188742\" class=\"wp-caption-text\">URGE 10189 MOC 34463 Central Perk Big Bang Theory Building<\/figcaption><\/figure>\n<figure id=\"attachment_188743\" aria-describedby=\"caption-attachment-188743\" style=\"width: 1020px\" class=\"wp-caption alignnone\"><img loading=\"lazy\" decoding=\"async\" class=\"size-large wp-image-188743\" src=\"https:\/\/pay.lpwstore.com\/wp-content\/uploads\/2020\/05\/URGE-10189-MOC-34463-Central-Perk-Big-Bang-Theory-Building-3-1024x768.jpg\" alt=\"-\" width=\"1020\" height=\"765\" title=\"-\"><figcaption id=\"caption-attachment-188743\" class=\"wp-caption-text\">URGE 10189 MOC 34463 Central Perk Big Bang Theory Building<\/figcaption><\/figure>\n<figure id=\"attachment_188744\" aria-describedby=\"caption-attachment-188744\" style=\"width: 768px\" class=\"wp-caption alignnone\"><img loading=\"lazy\" decoding=\"async\" class=\"size-large wp-image-188744\" src=\"https:\/\/pay.lpwstore.com\/wp-content\/uploads\/2020\/05\/URGE-10189-MOC-34463-Central-Perk-Big-Bang-Theory-Building-4-768x1024.jpg\" alt=\"-\" width=\"768\" height=\"1024\" title=\"-\"><figcaption id=\"caption-attachment-188744\" class=\"wp-caption-text\">URGE 10189 MOC 34463 Central Perk Big Bang Theory Building<\/figcaption><\/figure>\n<figure id=\"attachment_188745\" aria-describedby=\"caption-attachment-188745\" style=\"width: 835px\" class=\"wp-caption alignnone\"><img loading=\"lazy\" decoding=\"async\" class=\"size-large wp-image-188745\" src=\"https:\/\/pay.lpwstore.com\/wp-content\/uploads\/2020\/05\/URGE-10189-MOC-34463-Central-Perk-Big-Bang-Theory-Building-5-835x1024.jpg\" alt=\"-\" width=\"835\" height=\"1024\" title=\"-\"><figcaption id=\"caption-attachment-188745\" class=\"wp-caption-text\">URGE 10189 MOC 34463 Central Perk Big Bang Theory Building<\/figcaption><\/figure>\n<figure id=\"attachment_188746\" aria-describedby=\"caption-attachment-188746\" style=\"width: 1020px\" class=\"wp-caption alignnone\"><img loading=\"lazy\" decoding=\"async\" class=\"size-large wp-image-188746\" src=\"https:\/\/pay.lpwstore.com\/wp-content\/uploads\/2020\/05\/URGE-10189-MOC-34463-Central-Perk-Big-Bang-Theory-Building-6-1024x683.jpg\" alt=\"-\" width=\"1020\" height=\"680\" title=\"-\"><figcaption id=\"caption-attachment-188746\" class=\"wp-caption-text\">URGE 10189 MOC 34463 Central Perk Big Bang Theory Building<\/figcaption><\/figure>\n<figure id=\"attachment_188747\" aria-describedby=\"caption-attachment-188747\" style=\"width: 1020px\" class=\"wp-caption alignnone\"><img loading=\"lazy\" decoding=\"async\" class=\"size-large wp-image-188747\" src=\"https:\/\/pay.lpwstore.com\/wp-content\/uploads\/2020\/05\/URGE-10189-MOC-34463-Central-Perk-Big-Bang-Theory-Building-7-1024x683.jpg\" alt=\"-\" width=\"1020\" height=\"680\" title=\"-\"><figcaption id=\"caption-attachment-188747\" class=\"wp-caption-text\">URGE 10189 MOC 34463 Central Perk Big Bang Theory Building<\/figcaption><\/figure>","protected":false},"excerpt":{"rendered":"<h3><strong>URGE 10189 MOC 34463 Central Perk Big Bang Theory Building<\/strong><\/h3>\n<ul>\n<li>Antall murstein: <strong>4638+ <\/strong>stk<\/li>\n<li>Service: Gratis reservedeler<\/li>\n<li>Legge merke til: <span style=\"text-decoration: underline\" data-text-color=\"alert\"><strong>Ingen originaleske<\/strong><\/span>,Bruk boblepose eller tom kartong.<\/li>\n<\/ul>","protected":false},"featured_media":13976,"comment_status":"open","ping_status":"closed","template":"","meta":{"_acf_changed":false},"product_cat":[15],"product_tag":[4448],"class_list":["product","first","instock","shipping-taxable","purchasable","product-type-simple"],"acf":[],"_links":{"self":[{"href":"https:\/\/mouldking.store\/nb\/wp-json\/wp\/v2\/product\/13975","targetHints":{"allow":["GET"]}}],"collection":[{"href":"https:\/\/mouldking.store\/nb\/wp-json\/wp\/v2\/product"}],"about":[{"href":"https:\/\/mouldking.store\/nb\/wp-json\/wp\/v2\/types\/product"}],"replies":[{"embeddable":true,"href":"https:\/\/mouldking.store\/nb\/wp-json\/wp\/v2\/comments?post=13975"}],"wp:featuredmedia":[{"embeddable":true,"href":"https:\/\/mouldking.store\/nb\/wp-json\/wp\/v2\/media\/13976"}],"wp:attachment":[{"href":"https:\/\/mouldking.store\/nb\/wp-json\/wp\/v2\/media?parent=13975"}],"wp:term":[{"taxonomy":"product_cat","embeddable":true,"href":"https:\/\/mouldking.store\/nb\/wp-json\/wp\/v2\/product_cat?post=13975"},{"taxonomy":"product_tag","embeddable":true,"href":"https:\/\/mouldking.store\/nb\/wp-json\/wp\/v2\/product_tag?post=13975"}],"curies":[{"name":"wp","href":"https:\/\/api.w.org\/{rel}","templated":true}]}}