{"id":14011,"date":"2021-09-28T03:01:40","date_gmt":"2021-09-27T20:01:40","guid":{"rendered":"https:\/\/mouldking.store\/product\/18k-rx78-2-the-first-gundam-mobile-suit-160-26001-6951185"},"modified":"2022-09-19T10:12:29","modified_gmt":"2022-09-19T03:12:29","slug":"18k-rx78-2-the-first-gundam-mobile-suit-160-26001","status":"publish","type":"product","link":"https:\/\/mouldking.store\/nb\/shop\/18k-rx78-2-the-first-gundam-mobile-suit-160-26001\/","title":{"rendered":"18K RX78-2 The First Gundam Mobile Suit 1:60 26001"},"content":{"rendered":"<p><strong>PRODUKT DETALJ<\/strong><\/p>\n<p>18K RX78-2 The First Gundam Mobile Suit 1:60 26001 is based\u00a0 on RX78-2 The First Gundam Mobile Suit with ratio 1:60.\u00a0 It&#8217;s an awesome Brick set 18K RX78-2 The First Gundam Mobile Suit 1:60\u00a0 26001<\/p>\n<ul>\n<li>+ 12000\u00a0 pieces made from high-quality 100% ABS plastic bricks, safe for children, long time to play, 100% compatible with other brick brands<\/li>\n<li><span style=\"font-size: 14.4px;\">Enkel \u00e5 bygge med manuell instruksjon av xxx <\/span><span style=\"font-size: 14.4px; color: #555555;\">med kloss for kloss guide og bilder av h\u00f8y kvalitet<\/span><\/li>\n<li><span style=\"font-size: 14.4px;\">Full dimensions of 18K RX78-2 The First Gundam Mobile Suit 1:60\u00a0 26001: 90cm high<\/span><\/li>\n<\/ul>\n<p>\u00a0<\/p>\n<h4><strong>LEVERING OG RETUR<\/strong><\/h4>\n<p>We guarantee for 18K RX78-2 The First Gundam Mobile Suit 1:60\u00a0 26001<\/p>\n<ul>\n<li>Full refusjon hvis du ikke mottar bestillingen din<\/li>\n<li>Gratis s\u00f8rge for manglende deler eller manuell bok<\/li>\n<li>Kunden betaler ikke mer for skatt og tollgebyr. (Hvis du m\u00e5 betale, vil vi refundere til deg)<\/li>\n<li>Internasjonal frakt er ganske komplisert, vi pr\u00f8ver hardt \u00e5 behandle alle problemene dine. Men hvis bestillingen din f\u00e5r problemer, vennligst kontakt oss via e-post<\/li>\n<li><span data-text-color=\"alert\"><strong>Avbryt bestillingen:<\/strong><\/span> Hvis du trenger \u00e5 kansellere bestillingen, m\u00e5 du kontakte oss via e-post contact@pay.lpwstore.com s\u00e5 snart som mulig. Vi kan ikke stoppe bestillingen f\u00f8r 48 timer<\/li>\n<\/ul>\n<h4><strong>MANGLENDE DELER<\/strong><\/h4>\n<p>All parts of 18K RX78-2 The First Gundam Mobile Suit 1:60\u00a0 26001 \u00a0are quality checked before shipping, so if you find some missing or damaged parts, don&#8217;t worry. Please contact us and we will send them to you without any fees, or we will offer a small refund for you to buy in other places.<\/p>\n<h4><strong>PACKAGE<\/strong><\/h4>\n<p>18K RX78-2 The First Gundam Mobile Suit 1:60\u00a0 26001 new in sealed Bag with Bubble Safty Packing (No original box, original box is too big and easy to be broken during shipping, and this will save cost for you. We promise to pack the blocks well.\u00a0<\/p>\n<p><figure id=\"attachment_188491\" aria-describedby=\"caption-attachment-188491\" style=\"width: 800px\" class=\"wp-caption aligncenter\"><img fetchpriority=\"high\" decoding=\"async\" class=\"size-full wp-image-188491\" title=\"Super 18K RX78-2 The First Gundam Mobile Suit 1:60\" src=\"https:\/\/pay.lpwstore.com\/wp-content\/uploads\/2020\/05\/super-18k-rx78-2-the-first-gundam-mobile-suit-160-114252.jpg\" alt=\"Super 18K RX78-2 The First Gundam Mobile Suit 1:60\" width=\"800\" height=\"800\" \/><figcaption id=\"caption-attachment-188491\" class=\"wp-caption-text\">Super 18K RX78-2 The First Gundam Mobile Suit 1:60<\/figcaption><\/figure><figure id=\"attachment_188492\" aria-describedby=\"caption-attachment-188492\" style=\"width: 800px\" class=\"wp-caption aligncenter\"><img decoding=\"async\" class=\"size-full wp-image-188492\" title=\"Super 18K RX78-2 The First Gundam Mobile Suit 1:60\" src=\"https:\/\/pay.lpwstore.com\/wp-content\/uploads\/2020\/05\/super-18k-rx78-2-the-first-gundam-mobile-suit-160-114254.jpg\" alt=\"Super 18K RX78-2 The First Gundam Mobile Suit 1:60\" width=\"800\" height=\"800\" \/><figcaption id=\"caption-attachment-188492\" class=\"wp-caption-text\">Super 18K RX78-2 The First Gundam Mobile Suit 1:60<\/figcaption><\/figure><figure id=\"attachment_188493\" aria-describedby=\"caption-attachment-188493\" style=\"width: 800px\" class=\"wp-caption aligncenter\"><img decoding=\"async\" class=\"size-full wp-image-188493\" title=\"Super 18K RX78-2 The First Gundam Mobile Suit 1:60\" src=\"https:\/\/pay.lpwstore.com\/wp-content\/uploads\/2020\/05\/super-18k-rx78-2-the-first-gundam-mobile-suit-160-114255.jpg\" alt=\"Super 18K RX78-2 The First Gundam Mobile Suit 1:60\" width=\"800\" height=\"800\" \/><figcaption id=\"caption-attachment-188493\" class=\"wp-caption-text\">Super 18K RX78-2 The First Gundam Mobile Suit 1:60<\/figcaption><\/figure><figure id=\"attachment_188494\" aria-describedby=\"caption-attachment-188494\" style=\"width: 800px\" class=\"wp-caption aligncenter\"><img loading=\"lazy\" decoding=\"async\" class=\"size-full wp-image-188494\" title=\"Super 18K RX78-2 The First Gundam Mobile Suit 1:60\" src=\"https:\/\/pay.lpwstore.com\/wp-content\/uploads\/2020\/05\/super-18k-rx78-2-the-first-gundam-mobile-suit-160-114258.jpg\" alt=\"Super 18K RX78-2 The First Gundam Mobile Suit 1:60\" width=\"800\" height=\"800\" \/><figcaption id=\"caption-attachment-188494\" class=\"wp-caption-text\">Super 18K RX78-2 The First Gundam Mobile Suit 1:60<\/figcaption><\/figure><figure id=\"attachment_188495\" aria-describedby=\"caption-attachment-188495\" style=\"width: 800px\" class=\"wp-caption aligncenter\"><img loading=\"lazy\" decoding=\"async\" class=\"size-full wp-image-188495\" title=\"Super 18K RX78-2 The First Gundam Mobile Suit 1:60\" src=\"https:\/\/pay.lpwstore.com\/wp-content\/uploads\/2020\/05\/super-18k-rx78-2-the-first-gundam-mobile-suit-160-114300.jpg\" alt=\"Super 18K RX78-2 The First Gundam Mobile Suit 1:60\" width=\"800\" height=\"800\" \/><figcaption id=\"caption-attachment-188495\" class=\"wp-caption-text\">Super 18K RX78-2 The First Gundam Mobile Suit 1:60<\/figcaption><\/figure><figure id=\"attachment_188496\" aria-describedby=\"caption-attachment-188496\" style=\"width: 266px\" class=\"wp-caption aligncenter\"><img loading=\"lazy\" decoding=\"async\" class=\"size-full wp-image-188496\" title=\"Super 18K RX78-2 The First Gundam Mobile Suit 1:60\" src=\"https:\/\/pay.lpwstore.com\/wp-content\/uploads\/2020\/05\/super-18k-rx78-2-the-first-gundam-mobile-suit-160-114303.jpg\" alt=\"Super 18K RX78-2 The First Gundam Mobile Suit 1:60\" width=\"266\" height=\"1280\" \/><figcaption id=\"caption-attachment-188496\" class=\"wp-caption-text\">Super 18K RX78-2 The First Gundam Mobile Suit 1:60<\/figcaption><\/figure><\/p>\n<div class=\"richtext_wrap\">\n<div class=\"richtext\">The first generation Gundam Gundam RX-78-2 Mobile Suit 1:60 (Gundam RX78-2 Static model) belongs to the advanced model series of building block sets. The entire set contains 3500 building block particles.\u00a0It will be launched in 2019.<\/div>\n<\/div>\n<div id=\"gtx-trans\" style=\"position: absolute; left: -13px; top: 671.316px;\">\n<div class=\"gtx-trans-icon\">\u00a0<\/div>\n<\/div>","protected":false},"excerpt":{"rendered":"<h3><strong>18K RX78-2 The First Gundam Mobile Suit 1:60\u00a0 26001<\/strong><\/h3>\n<h3>\u00a0<\/h3>\n<ul>\n<li>Antall murstein: <strong>12000+ <\/strong>stk<\/li>\n<li>Service: Gratis reservedeler<\/li>\n<li>Legge merke til: <span style=\"text-decoration: underline;\" data-text-color=\"alert\"><strong>Ingen originaleske<\/strong><\/span>,Bruk boblepose eller tom kartong.<\/li>\n<\/ul>","protected":false},"featured_media":14012,"comment_status":"open","ping_status":"closed","template":"","meta":{"_acf_changed":false},"product_cat":[15],"product_tag":[],"class_list":["product","first","instock","shipping-taxable","purchasable","product-type-simple"],"acf":[],"_links":{"self":[{"href":"https:\/\/mouldking.store\/nb\/wp-json\/wp\/v2\/product\/14011","targetHints":{"allow":["GET"]}}],"collection":[{"href":"https:\/\/mouldking.store\/nb\/wp-json\/wp\/v2\/product"}],"about":[{"href":"https:\/\/mouldking.store\/nb\/wp-json\/wp\/v2\/types\/product"}],"replies":[{"embeddable":true,"href":"https:\/\/mouldking.store\/nb\/wp-json\/wp\/v2\/comments?post=14011"}],"wp:featuredmedia":[{"embeddable":true,"href":"https:\/\/mouldking.store\/nb\/wp-json\/wp\/v2\/media\/14012"}],"wp:attachment":[{"href":"https:\/\/mouldking.store\/nb\/wp-json\/wp\/v2\/media?parent=14011"}],"wp:term":[{"taxonomy":"product_cat","embeddable":true,"href":"https:\/\/mouldking.store\/nb\/wp-json\/wp\/v2\/product_cat?post=14011"},{"taxonomy":"product_tag","embeddable":true,"href":"https:\/\/mouldking.store\/nb\/wp-json\/wp\/v2\/product_tag?post=14011"}],"curies":[{"name":"wp","href":"https:\/\/api.w.org\/{rel}","templated":true}]}}