{"id":14078,"date":"2021-09-28T03:03:37","date_gmt":"2021-09-28T03:03:37","guid":{"rendered":"https:\/\/mouldking.store\/product\/dk-2102-moc-39933-lamborghini-centenario-black-hypercar-1-8-3415505"},"modified":"2025-12-25T09:28:05","modified_gmt":"2025-12-25T02:28:05","slug":"dk-2102-moc-39933-lamborghini-centenario-black-hypercar-1-8","status":"publish","type":"product","link":"https:\/\/mouldking.store\/nb\/shop\/dk-2102-moc-39933-lamborghini-centenario-black-hypercar-1-8\/","title":{"rendered":"DK 2102 MOC 39933 Lamborghini Centenario Black Hypercar 1 8"},"content":{"rendered":"<p><strong>PRODUKT DETALJ<\/strong><\/p>\n<p>MOC 39933 Lamborghini Centenario Black Hypercar 1 8 is based\u00a0 on \u00a0Lamborghini Centenario Black Hypercar and a design of Tlego .\u00a0 It&#8217;s an awesome Brick set MOC 39933 Lamborghini Centenario Black Hypercar 1 8<\/p>\n<figure id=\"attachment_187333\" aria-describedby=\"caption-attachment-187333\" style=\"width: 1020px\" class=\"wp-caption alignnone\"><img fetchpriority=\"high\" decoding=\"async\" class=\"wp-image-187333 size-large\" src=\"https:\/\/pay.lpwstore.com\/wp-content\/uploads\/2020\/04\/Screenshot_1-1024x558.png\" alt=\"-\" width=\"1020\" height=\"556\" title=\"-\"><figcaption id=\"caption-attachment-187333\" class=\"wp-caption-text\">Lamborghini Centenario Black Hypercar<\/figcaption><\/figure>\n<p>The new Lamborghini Centenario represents a new, extremely precious piece in Lamborghini&#8217;s Limited Series strategy. It is a perfect example of the innovative design and the engineering skills of the bull-branded manufacturer. The best tribute to the 100th anniversary of the birth of Mr. Ferruccio Lamborghini, a man who managed to create a world-class brand, and who always believed that nothing is impossible, thus producing legendary and extraordinary vehicles that made history for super sports cars. The Centenario is an homage to this visionary man and to the future he believed so much in. And we at Lamborghini still believe in that future. Find out more: from the performance to the dimensions to the unique characteristics to the detailed technical specifications of the Lamborghini Centenario.<\/p>\n<figure id=\"attachment_187319\" aria-describedby=\"caption-attachment-187319\" style=\"width: 1020px\" class=\"wp-caption alignnone\"><img decoding=\"async\" class=\"wp-image-187319 size-large\" src=\"https:\/\/pay.lpwstore.com\/wp-content\/uploads\/2020\/04\/MOC-39933-Lamborghini-Centenario-Black-Hypercar-1-8-2-1024x667.jpg\" alt=\"-\" width=\"1020\" height=\"664\" title=\"-\"><figcaption id=\"caption-attachment-187319\" class=\"wp-caption-text\">MOC 39933 Lamborghini Centenario Black Hypercar 1 8<\/figcaption><\/figure>\n<ul>\n<li>+ 3700\u00a0 pieces made from high-quality 100% ABS plastic bricks, safe for children, long time to play, 100% compatible with other brick brands<\/li>\n<li><span style=\"font-size: 14.4px;\">Easy-to-build with manual instruction of MOC 39933 Lamborghini Centenario Light Blue Cepheus Hypercar 1 8 <\/span><span style=\"font-size: 14.4px; color: #555555;\">med kloss for kloss guide og bilder av h\u00f8y kvalitet<\/span><\/li>\n<li><span style=\"font-size: 14.4px;\">Full dimensions of MOC 39933 Lamborghini Centenario Light Blue Cepheus Hypercar 1 8: The same with Bule Version<\/span><\/li>\n<\/ul>\n<figure id=\"attachment_187013\" aria-describedby=\"caption-attachment-187013\" style=\"width: 1020px\" class=\"wp-caption alignnone\"><img decoding=\"async\" class=\"wp-image-187013 size-large\" src=\"https:\/\/pay.lpwstore.com\/wp-content\/uploads\/2020\/04\/MOC-39933-Lamborghini-Centenario-Light-Blue-Cepheus-Hypercar-1-8-5-Copy-1024x519.png\" alt=\"-\" width=\"1020\" height=\"517\" title=\"-\"><figcaption id=\"caption-attachment-187013\" class=\"wp-caption-text\">MOC 39933 Lamborghini Centenario Light Blue Cepheus Hypercar 1 8 Size (Black version the same)<\/figcaption><\/figure>\n<blockquote><p>MOC Number: 39933<\/p><\/blockquote>\n<blockquote><p>Name: MOC 39933 Lamborghini Centenario Black Hypercar 1 8<\/p><\/blockquote>\n<blockquote><p>Designed by: T-Lego<\/p><\/blockquote>\n<blockquote><p>Designed year: 2020<\/p><\/blockquote>\n<blockquote><p>Number of part: 3789 parts<\/p><\/blockquote>\n<blockquote><p>Theme Technic &gt; Model<\/p><\/blockquote>\n<h4><strong>LEVERING OG RETUR<\/strong><\/h4>\n<p>We guarantee for MOC 39933 Lamborghini Centenario Black Hypercar 1 8<\/p>\n<ul>\n<li>Full refusjon hvis du ikke mottar bestillingen din<\/li>\n<li>Gratis s\u00f8rge for manglende deler eller manuell bok<\/li>\n<li>Kunden betaler ikke mer for skatt og tollgebyr. (Hvis du m\u00e5 betale, vil vi refundere til deg)<\/li>\n<li>Internasjonal frakt er ganske komplisert, vi pr\u00f8ver hardt \u00e5 behandle alle problemene dine. Men hvis bestillingen din f\u00e5r problemer, vennligst kontakt oss via e-post<\/li>\n<li><span data-text-color=\"alert\"><strong>Avbryt bestillingen:<\/strong><\/span> Hvis du trenger \u00e5 kansellere bestillingen, m\u00e5 du kontakte oss via e-post contact@pay.lpwstore.com s\u00e5 snart som mulig. Vi kan ikke stoppe bestillingen f\u00f8r 48 timer<\/li>\n<\/ul>\n<h4><strong>MANGLENDE DELER<\/strong><\/h4>\n<p>All parts of MOC 39933 Lamborghini Centenario Black Hypercar 1 8 \u00a0are quality checked before shipping, so if you find some missing or damaged parts, don&#8217;t worry. Please contact us and we will send them to you without any fees, or we will offer a small refund for you to buy in other places.<\/p>\n<figure id=\"attachment_187317\" aria-describedby=\"caption-attachment-187317\" style=\"width: 1020px\" class=\"wp-caption alignnone\"><img loading=\"lazy\" decoding=\"async\" class=\"size-large wp-image-187317\" src=\"https:\/\/pay.lpwstore.com\/wp-content\/uploads\/2020\/04\/MOC-39933-Lamborghini-Centenario-Black-Hypercar-1-8-1-1024x636.jpg\" alt=\"-\" width=\"1020\" height=\"634\" title=\"-\"><figcaption id=\"caption-attachment-187317\" class=\"wp-caption-text\">MOC 39933 Lamborghini Centenario Black Hypercar 1 8<\/figcaption><\/figure>\n<div class=\"mceTemp\"><\/div>\n<figure id=\"attachment_187321\" aria-describedby=\"caption-attachment-187321\" style=\"width: 1020px\" class=\"wp-caption alignnone\"><img loading=\"lazy\" decoding=\"async\" class=\"size-large wp-image-187321\" src=\"https:\/\/pay.lpwstore.com\/wp-content\/uploads\/2020\/04\/MOC-39933-Lamborghini-Centenario-Black-Hypercar-1-8-3-1024x693.jpg\" alt=\"-\" width=\"1020\" height=\"690\" title=\"-\"><figcaption id=\"caption-attachment-187321\" class=\"wp-caption-text\">MOC 39933 Lamborghini Centenario Black Hypercar 1 8<\/figcaption><\/figure>\n<figure id=\"attachment_187322\" aria-describedby=\"caption-attachment-187322\" style=\"width: 1020px\" class=\"wp-caption alignnone\"><img loading=\"lazy\" decoding=\"async\" class=\"size-large wp-image-187322\" src=\"https:\/\/pay.lpwstore.com\/wp-content\/uploads\/2020\/04\/MOC-39933-Lamborghini-Centenario-Black-Hypercar-1-8-4-1024x768.jpg\" alt=\"-\" width=\"1020\" height=\"765\" title=\"-\"><figcaption id=\"caption-attachment-187322\" class=\"wp-caption-text\">MOC 39933 Lamborghini Centenario Black Hypercar 1 8<\/figcaption><\/figure>\n<figure id=\"attachment_187323\" aria-describedby=\"caption-attachment-187323\" style=\"width: 1020px\" class=\"wp-caption alignnone\"><img loading=\"lazy\" decoding=\"async\" class=\"size-large wp-image-187323\" src=\"https:\/\/pay.lpwstore.com\/wp-content\/uploads\/2020\/04\/MOC-39933-Lamborghini-Centenario-Black-Hypercar-1-8-5-1024x768.jpg\" alt=\"-\" width=\"1020\" height=\"765\" title=\"-\"><figcaption id=\"caption-attachment-187323\" class=\"wp-caption-text\">MOC 39933 Lamborghini Centenario Black Hypercar 1 8<\/figcaption><\/figure>\n<figure id=\"attachment_187324\" aria-describedby=\"caption-attachment-187324\" style=\"width: 1020px\" class=\"wp-caption alignnone\"><img loading=\"lazy\" decoding=\"async\" class=\"size-large wp-image-187324\" src=\"https:\/\/pay.lpwstore.com\/wp-content\/uploads\/2020\/04\/MOC-39933-Lamborghini-Centenario-Black-Hypercar-1-8-6-1024x1024.jpg\" alt=\"-\" width=\"1020\" height=\"1020\" title=\"-\"><figcaption id=\"caption-attachment-187324\" class=\"wp-caption-text\">MOC 39933 Lamborghini Centenario Black Hypercar 1 8<\/figcaption><\/figure>\n<figure id=\"attachment_187327\" aria-describedby=\"caption-attachment-187327\" style=\"width: 1020px\" class=\"wp-caption alignnone\"><img loading=\"lazy\" decoding=\"async\" class=\"size-large wp-image-187327\" src=\"https:\/\/pay.lpwstore.com\/wp-content\/uploads\/2020\/04\/MOC-39933-Lamborghini-Centenario-Black-Hypercar-1-8-9-1024x768.jpg\" alt=\"-\" width=\"1020\" height=\"765\" title=\"-\"><figcaption id=\"caption-attachment-187327\" class=\"wp-caption-text\">MOC 39933 Lamborghini Centenario Black Hypercar 1 8<\/figcaption><\/figure>\n<figure id=\"attachment_187328\" aria-describedby=\"caption-attachment-187328\" style=\"width: 1020px\" class=\"wp-caption alignnone\"><img loading=\"lazy\" decoding=\"async\" class=\"size-large wp-image-187328\" src=\"https:\/\/pay.lpwstore.com\/wp-content\/uploads\/2020\/04\/MOC-39933-Lamborghini-Centenario-Black-Hypercar-1-8-10-1024x768.jpg\" alt=\"-\" width=\"1020\" height=\"765\" title=\"-\"><figcaption id=\"caption-attachment-187328\" class=\"wp-caption-text\">MOC 39933 Lamborghini Centenario Black Hypercar 1 8<\/figcaption><\/figure>\n<figure id=\"attachment_187329\" aria-describedby=\"caption-attachment-187329\" style=\"width: 1020px\" class=\"wp-caption alignnone\"><img loading=\"lazy\" decoding=\"async\" class=\"size-large wp-image-187329\" src=\"https:\/\/pay.lpwstore.com\/wp-content\/uploads\/2020\/04\/MOC-39933-Lamborghini-Centenario-Black-Hypercar-1-8-11-1024x636.jpg\" alt=\"-\" width=\"1020\" height=\"634\" title=\"-\"><figcaption id=\"caption-attachment-187329\" class=\"wp-caption-text\">MOC 39933 Lamborghini Centenario Black Hypercar 1 8<\/figcaption><\/figure>\n<figure id=\"attachment_187330\" aria-describedby=\"caption-attachment-187330\" style=\"width: 800px\" class=\"wp-caption alignnone\"><img loading=\"lazy\" decoding=\"async\" class=\"size-full wp-image-187330\" src=\"https:\/\/pay.lpwstore.com\/wp-content\/uploads\/2020\/04\/MOC-39933-Lamborghini-Centenario-Light-Blue-Cepheus-Hypercar-1-8-1-1.png\" alt=\"-\" width=\"800\" height=\"600\" title=\"-\"><figcaption id=\"caption-attachment-187330\" class=\"wp-caption-text\">MOC 39933 Lamborghini Centenario Black Hypercar 1 8<\/figcaption><\/figure>\n<figure id=\"attachment_187331\" aria-describedby=\"caption-attachment-187331\" style=\"width: 800px\" class=\"wp-caption alignnone\"><img loading=\"lazy\" decoding=\"async\" class=\"size-full wp-image-187331\" src=\"https:\/\/pay.lpwstore.com\/wp-content\/uploads\/2020\/04\/MOC-39933-Lamborghini-Centenario-Light-Blue-Cepheus-Hypercar-1-8-2-1.png\" alt=\"-\" width=\"800\" height=\"600\" title=\"-\"><figcaption id=\"caption-attachment-187331\" class=\"wp-caption-text\">MOC 39933 Lamborghini Centenario Black Hypercar 1 8<\/figcaption><\/figure>","protected":false},"excerpt":{"rendered":"<h3><strong>MOC 39933 Lamborghini Centenario Black Hypercar 1 8<\/strong><\/h3>\n<h3><span data-text-color=\"alert\"><strong>PRE-ORDER \/ Available in June 2020<\/strong><\/span><\/h3>\n<h3><span data-text-color=\"alert\"><strong>NO Motor version (Motor cost 35$)<\/strong><\/span><\/h3>\n<ul>\n<li>Antall murstein: <strong>3700+ <\/strong>stk<\/li>\n<li>Service: Gratis reservedeler<\/li>\n<li>Legge merke til: <span style=\"text-decoration: underline;\" data-text-color=\"alert\"><strong>Ingen originaleske<\/strong><\/span>,Bruk boblepose eller tom kartong.<\/li>\n<\/ul>","protected":false},"featured_media":14079,"comment_status":"open","ping_status":"closed","template":"","meta":{"_acf_changed":false},"product_cat":[],"product_tag":[],"class_list":["product","first","instock","shipping-taxable","purchasable","product-type-simple"],"acf":[],"_links":{"self":[{"href":"https:\/\/mouldking.store\/nb\/wp-json\/wp\/v2\/product\/14078","targetHints":{"allow":["GET"]}}],"collection":[{"href":"https:\/\/mouldking.store\/nb\/wp-json\/wp\/v2\/product"}],"about":[{"href":"https:\/\/mouldking.store\/nb\/wp-json\/wp\/v2\/types\/product"}],"replies":[{"embeddable":true,"href":"https:\/\/mouldking.store\/nb\/wp-json\/wp\/v2\/comments?post=14078"}],"wp:featuredmedia":[{"embeddable":true,"href":"https:\/\/mouldking.store\/nb\/wp-json\/wp\/v2\/media\/14079"}],"wp:attachment":[{"href":"https:\/\/mouldking.store\/nb\/wp-json\/wp\/v2\/media?parent=14078"}],"wp:term":[{"taxonomy":"product_cat","embeddable":true,"href":"https:\/\/mouldking.store\/nb\/wp-json\/wp\/v2\/product_cat?post=14078"},{"taxonomy":"product_tag","embeddable":true,"href":"https:\/\/mouldking.store\/nb\/wp-json\/wp\/v2\/product_tag?post=14078"}],"curies":[{"name":"wp","href":"https:\/\/api.w.org\/{rel}","templated":true}]}}