{"id":14404,"date":"2021-09-28T03:06:07","date_gmt":"2021-09-28T03:06:07","guid":{"rendered":"https:\/\/mouldking.store\/product\/xingbao-01021-xiangming-tea-house-china-town-6633514"},"modified":"2021-12-23T09:54:28","modified_gmt":"2021-12-23T09:54:28","slug":"xingbao-01021-xiangming-tea-house-china-town","status":"publish","type":"product","link":"https:\/\/mouldking.store\/nb\/shop\/xingbao-01021-xiangming-tea-house-china-town\/","title":{"rendered":"XINGBAO 01021 Xiangming Tea House China Town"},"content":{"rendered":"<p>China Town: Xiangming Tea House (Teahouse) tilh\u00f8rer h\u00f8yniv\u00e5modellserien med byggeklosssett. Hele settet inneholder 3033 byggesteinspartikler. Den ble f\u00f8rst lansert i 2018.<\/p>\n<p><img fetchpriority=\"high\" decoding=\"async\" class=\"size-full wp-image-190948 aligncenter\" src=\"https:\/\/pay.lpwstore.com\/wp-content\/uploads\/2020\/06\/XINGBAO-01021-Tea-House-China-Town.jpg\" alt=\"XINGBAO-01021-Tea-House-China-Town\" width=\"800\" height=\"800\" title=\"-\"> <img decoding=\"async\" class=\"size-full wp-image-190949 aligncenter\" src=\"https:\/\/pay.lpwstore.com\/wp-content\/uploads\/2020\/06\/XINGBAO-01021-Tea-House-China-Town-2.jpg\" alt=\"-\" width=\"800\" height=\"800\" title=\"-\"> <img decoding=\"async\" class=\"size-full wp-image-190950 aligncenter\" src=\"https:\/\/pay.lpwstore.com\/wp-content\/uploads\/2020\/06\/XINGBAO-01021-Tea-House-China-Town-3.jpg\" alt=\"-\" width=\"800\" height=\"800\" title=\"-\"> <img loading=\"lazy\" decoding=\"async\" class=\"size-full wp-image-190951 aligncenter\" src=\"https:\/\/pay.lpwstore.com\/wp-content\/uploads\/2020\/06\/XINGBAO-01021-Tea-House-China-Town-4.jpg\" alt=\"-\" width=\"800\" height=\"800\" title=\"-\"><\/p>\n<p><img loading=\"lazy\" decoding=\"async\" class=\"size-full wp-image-190969\" src=\"https:\/\/pay.lpwstore.com\/wp-content\/uploads\/2020\/06\/101606.jpg\" width=\"748\" height=\"1280\" alt=\"-\" title=\"-\"> <img loading=\"lazy\" decoding=\"async\" class=\"size-full wp-image-190970\" src=\"https:\/\/pay.lpwstore.com\/wp-content\/uploads\/2020\/06\/101609.jpg\" width=\"790\" height=\"1246\" alt=\"-\" title=\"-\"><\/p>","protected":false},"excerpt":{"rendered":"<ul>\n<li>Inkludere <strong>3033+<\/strong> stk<\/li>\n<li>Manuell instruksjonsbok<\/li>\n<li>ABS-blokk av h\u00f8y kvalitet<\/li>\n<\/ul>","protected":false},"featured_media":14405,"comment_status":"open","ping_status":"closed","template":"","meta":{"_acf_changed":false},"product_cat":[],"product_tag":[],"class_list":["product","first","instock","shipping-taxable","purchasable","product-type-simple"],"acf":[],"_links":{"self":[{"href":"https:\/\/mouldking.store\/nb\/wp-json\/wp\/v2\/product\/14404","targetHints":{"allow":["GET"]}}],"collection":[{"href":"https:\/\/mouldking.store\/nb\/wp-json\/wp\/v2\/product"}],"about":[{"href":"https:\/\/mouldking.store\/nb\/wp-json\/wp\/v2\/types\/product"}],"replies":[{"embeddable":true,"href":"https:\/\/mouldking.store\/nb\/wp-json\/wp\/v2\/comments?post=14404"}],"wp:featuredmedia":[{"embeddable":true,"href":"https:\/\/mouldking.store\/nb\/wp-json\/wp\/v2\/media\/14405"}],"wp:attachment":[{"href":"https:\/\/mouldking.store\/nb\/wp-json\/wp\/v2\/media?parent=14404"}],"wp:term":[{"taxonomy":"product_cat","embeddable":true,"href":"https:\/\/mouldking.store\/nb\/wp-json\/wp\/v2\/product_cat?post=14404"},{"taxonomy":"product_tag","embeddable":true,"href":"https:\/\/mouldking.store\/nb\/wp-json\/wp\/v2\/product_tag?post=14404"}],"curies":[{"name":"wp","href":"https:\/\/api.w.org\/{rel}","templated":true}]}}