{"id":14485,"date":"2021-09-28T03:07:13","date_gmt":"2021-09-28T03:07:13","guid":{"rendered":"https:\/\/mouldking.store\/product\/kazi-ky2001-beijing-tiantan-temple-of-heaven-7390473"},"modified":"2021-12-23T09:54:28","modified_gmt":"2021-12-23T09:54:28","slug":"kazi-ky2001-beijing-tiantan-temple-of-heaven","status":"publish","type":"product","link":"https:\/\/mouldking.store\/nb\/shop\/kazi-ky2001-beijing-tiantan-temple-of-heaven\/","title":{"rendered":"KAZI KY2001 Beijing Tiantan Himmelens tempel"},"content":{"rendered":"<p><span>Settnavnet gir h\u00e5p om at flere Arkitektoniske sett eller lignende kommer, men sannsynligvis begrenset til Kina (?). Himmelens tempel er allerede tilgjengelig i steiner av normal st\u00f8rrelse fra <\/span><span>kinn<\/span><span>, der med trykk og spesialdeler til taket (n\u00e5r det gjelder kinn, er jeg faktisk n\u00e5 sikker p\u00e5 at 5222 ganske enkelt er den &quot;nye&quot; 8020, s\u00e5 en annen boksdesign, men ingen ytterligere endringer). Kazi m\u00e5 vise om de er avhengige av utskrifter.<\/span><\/p>\n<p><img fetchpriority=\"high\" decoding=\"async\" class=\"size-full wp-image-191474 aligncenter\" src=\"https:\/\/pay.lpwstore.com\/wp-content\/uploads\/2020\/06\/KAZI-KY2001-Beijing-Tiantan-Temple-of-Heaven-5.jpg\" alt=\"KAZI-KY2001-Beijing-Tiantan-Temple-of-Heaven-5\" width=\"800\" height=\"800\" title=\"-\"> <img decoding=\"async\" class=\"size-full wp-image-191470 aligncenter\" src=\"https:\/\/pay.lpwstore.com\/wp-content\/uploads\/2020\/06\/KAZI-KY2001-Beijing-Tiantan-Temple-of-Heaven.jpg\" alt=\"-\" width=\"800\" height=\"800\" title=\"-\"> <img decoding=\"async\" class=\"size-full wp-image-191471 aligncenter\" src=\"https:\/\/pay.lpwstore.com\/wp-content\/uploads\/2020\/06\/KAZI-KY2001-Beijing-Tiantan-Temple-of-Heaven-2.jpg\" alt=\"-\" width=\"800\" height=\"800\" title=\"-\"> <img loading=\"lazy\" decoding=\"async\" class=\"size-full wp-image-191472 aligncenter\" src=\"https:\/\/pay.lpwstore.com\/wp-content\/uploads\/2020\/06\/KAZI-KY2001-Beijing-Tiantan-Temple-of-Heaven-3.jpg\" alt=\"-\" width=\"800\" height=\"800\" title=\"-\"> <img loading=\"lazy\" decoding=\"async\" class=\"size-full wp-image-191473 aligncenter\" src=\"https:\/\/pay.lpwstore.com\/wp-content\/uploads\/2020\/06\/KAZI-KY2001-Beijing-Tiantan-Temple-of-Heaven-4.jpg\" alt=\"-\" width=\"800\" height=\"800\" title=\"-\"><\/p>","protected":false},"excerpt":{"rendered":"<ul>\n<li>Inkludere <strong>1736+<\/strong> stk<\/li>\n<li>Manuell instruksjonsbok<\/li>\n<li>ABS-blokk av h\u00f8y kvalitet<\/li>\n<\/ul>","protected":false},"featured_media":14486,"comment_status":"open","ping_status":"closed","template":"","meta":{"_acf_changed":false},"product_cat":[],"product_tag":[],"class_list":["product","first","instock","shipping-taxable","purchasable","product-type-simple"],"acf":[],"_links":{"self":[{"href":"https:\/\/mouldking.store\/nb\/wp-json\/wp\/v2\/product\/14485","targetHints":{"allow":["GET"]}}],"collection":[{"href":"https:\/\/mouldking.store\/nb\/wp-json\/wp\/v2\/product"}],"about":[{"href":"https:\/\/mouldking.store\/nb\/wp-json\/wp\/v2\/types\/product"}],"replies":[{"embeddable":true,"href":"https:\/\/mouldking.store\/nb\/wp-json\/wp\/v2\/comments?post=14485"}],"wp:featuredmedia":[{"embeddable":true,"href":"https:\/\/mouldking.store\/nb\/wp-json\/wp\/v2\/media\/14486"}],"wp:attachment":[{"href":"https:\/\/mouldking.store\/nb\/wp-json\/wp\/v2\/media?parent=14485"}],"wp:term":[{"taxonomy":"product_cat","embeddable":true,"href":"https:\/\/mouldking.store\/nb\/wp-json\/wp\/v2\/product_cat?post=14485"},{"taxonomy":"product_tag","embeddable":true,"href":"https:\/\/mouldking.store\/nb\/wp-json\/wp\/v2\/product_tag?post=14485"}],"curies":[{"name":"wp","href":"https:\/\/api.w.org\/{rel}","templated":true}]}}