{"id":14739,"date":"2021-09-28T03:10:51","date_gmt":"2021-09-27T20:10:51","guid":{"rendered":"https:\/\/mouldking.store\/product\/builo-qc010-ford-gt40-mkii-black-1-8-by-legotactics-peter-schott-4382139"},"modified":"2022-05-26T09:15:19","modified_gmt":"2022-05-26T02:15:19","slug":"builo-qc010-ford-gt40-mkii-black-1-8-by-lego_tactics-peter-schott","status":"publish","type":"product","link":"https:\/\/mouldking.store\/nb\/shop\/builo-qc010-ford-gt40-mkii-black-1-8-by-lego_tactics-peter-schott\/","title":{"rendered":"BUILO QC010 Ford GT40 MKII Black 1 8 av lego_tactics Peter Schott"},"content":{"rendered":"<p><strong>PRODUKT DETALJ<\/strong><\/p>\n<p>BUILO QC010 Ford GT40 MKII Black 1 8 by lego_tactics Peter Schott is based\u00a0 on design of @lego_tactics Peter Schott .\u00a0 BUILO QC010 Ford GT40 MKII Black 1 8 by lego_tactics Peter Schott an awesome Brick set<\/p>\n<figure id=\"attachment_192366\" aria-describedby=\"caption-attachment-192366\" style=\"width: 690px\" class=\"wp-caption alignnone\"><img fetchpriority=\"high\" decoding=\"async\" class=\"size-full wp-image-192366\" src=\"https:\/\/pay.lpwstore.com\/wp-content\/uploads\/2020\/06\/BUILO-QC010-Ford-GT40-MKII-Black-1-8-by-lego_tactics-Peter-Schott-1.jpg\" alt=\"-\" width=\"690\" height=\"388\" title=\"-\"><figcaption id=\"caption-attachment-192366\" class=\"wp-caption-text\">BUILO QC010 Ford GT40 MKII Black 1 8 av lego_tactics Peter Schott<\/figcaption><\/figure>\n<p>The Ford GT40 is an American high-performance endurance racing car. The Mk I, Mk II, and Mk III variants were designed and built in England based upon the British Lola Mk6. Only the Mk IV model was designed and built in the United States. The range was powered by a series of American-built Ford V8 engines modified for racing.<\/p>\n<p>The GT40 effort was launched by Ford Motor Company to win long-distance sports car races against Ferrari, which won every 24 Hours of Le Mans race from 1960 to 1965. The GT40 broke Ferrari&#8217;s streak in 1966 and went on to win the next three annual races. The Mk II&#8217;s victory was the first win for an American manufacturer in a major European race since Jimmy Murphy&#8217;s triumph with Duesenberg at the 1921 French Grand Prix.[5][6] In 1967, the Mk IV became the only car designed and built entirely in the United States to achieve the overall win at Le Mans<\/p>\n<figure id=\"attachment_192381\" aria-describedby=\"caption-attachment-192381\" style=\"width: 690px\" class=\"wp-caption alignnone\"><img decoding=\"async\" class=\"size-full wp-image-192381\" src=\"https:\/\/pay.lpwstore.com\/wp-content\/uploads\/2020\/06\/BUILO-QC010-Ford-GT40-MKII-Black-1-8-by-lego_tactics-Peter-Schott-16.jpg\" alt=\"-\" width=\"690\" height=\"1001\" title=\"-\"><figcaption id=\"caption-attachment-192381\" class=\"wp-caption-text\">BUILO QC010 Ford GT40 MKII Black 1 8 av lego_tactics Peter Schott<\/figcaption><\/figure>\n<ul>\n<li>+ 2404\u00a0 pieces made from high-quality 100% ABS plastic bricks, safe for children, long time to play, 100% compatible with other brick brands<\/li>\n<li><span style=\"font-size: 14.4px;\">Easy-to-build with manual instruction of BUILO QC010 Ford GT40 MKII Black 1 8 by lego_tactics Peter Schott <\/span><span style=\"font-size: 14.4px; color: #555555;\">med kloss for kloss guide og bilder av h\u00f8y kvalitet<\/span><\/li>\n<li><span style=\"font-size: 14.4px;\">Full dimensions of BUILO QC010 Ford GT40 MKII Black 1 8 by lego_tactics Peter Schott:<\/span><\/li>\n<\/ul>\n<figure id=\"attachment_192373\" aria-describedby=\"caption-attachment-192373\" style=\"width: 690px\" class=\"wp-caption alignnone\"><img decoding=\"async\" class=\"size-full wp-image-192373\" src=\"https:\/\/pay.lpwstore.com\/wp-content\/uploads\/2020\/06\/BUILO-QC010-Ford-GT40-MKII-Black-1-8-by-lego_tactics-Peter-Schott-8.jpg\" alt=\"-\" width=\"690\" height=\"687\" title=\"-\"><figcaption id=\"caption-attachment-192373\" class=\"wp-caption-text\">BUILO QC010 Ford GT40 MKII Black 1 8 av lego_tactics Peter Schott<\/figcaption><\/figure>\n<h4><strong>LEVERING OG RETUR<\/strong><\/h4>\n<p>We guarantee for BUILO QC010 Ford GT40 MKII Black 1 8 by lego_tactics Peter Schott<\/p>\n<ul>\n<li>Full refusjon hvis du ikke mottar bestillingen din<\/li>\n<li>Gratis s\u00f8rge for manglende deler eller manuell bok<\/li>\n<li>Kunden betaler ikke mer for skatt og tollgebyr. (Hvis du m\u00e5 betale, vil vi refundere til deg)<\/li>\n<li>Internasjonal frakt er ganske komplisert, vi pr\u00f8ver hardt \u00e5 behandle alle problemene dine. Men hvis bestillingen din f\u00e5r problemer, vennligst kontakt oss via e-post<\/li>\n<li><span data-text-color=\"alert\"><strong>Avbryt bestillingen:<\/strong><\/span> Hvis du trenger \u00e5 kansellere bestillingen, m\u00e5 du kontakte oss via e-post contact@pay.lpwstore.com s\u00e5 snart som mulig. Vi kan ikke stoppe bestillingen f\u00f8r 48 timer<\/li>\n<\/ul>\n<h4><strong>MANGLENDE DELER<\/strong><\/h4>\n<p>All parts of BUILO QC010 Ford GT40 MKII Black 1 8 by lego_tactics Peter Schott \u00a0are quality checked before shipping, so if you find some missing or damaged parts, don&#8217;t worry. Please contact us and we will send them to you without any fees, or we will offer a small refund for you to buy in other places.<\/p>\n<h4><strong>PACKAGE<\/strong><\/h4>\n<p>BUILO QC010 Ford GT40 MKII Black 1 8 by lego_tactics Peter Schott new in sealed Bag with Bubble Safty Packing (No original box, original box is too big and easy to be broken during shipping, and this will save cost for you. We promise to pack the blocks well.<\/p>\n<figure id=\"attachment_192370\" aria-describedby=\"caption-attachment-192370\" style=\"width: 690px\" class=\"wp-caption alignnone\"><img loading=\"lazy\" decoding=\"async\" class=\"size-full wp-image-192370\" src=\"https:\/\/pay.lpwstore.com\/wp-content\/uploads\/2020\/06\/BUILO-QC010-Ford-GT40-MKII-Black-1-8-by-lego_tactics-Peter-Schott-5.jpg\" alt=\"-\" width=\"690\" height=\"517\" title=\"-\"><figcaption id=\"caption-attachment-192370\" class=\"wp-caption-text\">BUILO QC010 Ford GT40 MKII Black 1 8 av lego_tactics Peter Schott<\/figcaption><\/figure>\n<figure id=\"attachment_192369\" aria-describedby=\"caption-attachment-192369\" style=\"width: 690px\" class=\"wp-caption alignnone\"><img loading=\"lazy\" decoding=\"async\" class=\"size-full wp-image-192369\" src=\"https:\/\/pay.lpwstore.com\/wp-content\/uploads\/2020\/06\/BUILO-QC010-Ford-GT40-MKII-Black-1-8-by-lego_tactics-Peter-Schott-4.jpg\" alt=\"-\" width=\"690\" height=\"330\" title=\"-\"><figcaption id=\"caption-attachment-192369\" class=\"wp-caption-text\">BUILO QC010 Ford GT40 MKII Black 1 8 av lego_tactics Peter Schott<\/figcaption><\/figure>\n<figure id=\"attachment_192372\" aria-describedby=\"caption-attachment-192372\" style=\"width: 690px\" class=\"wp-caption alignnone\"><img loading=\"lazy\" decoding=\"async\" class=\"size-full wp-image-192372\" src=\"https:\/\/pay.lpwstore.com\/wp-content\/uploads\/2020\/06\/BUILO-QC010-Ford-GT40-MKII-Black-1-8-by-lego_tactics-Peter-Schott-7.jpg\" alt=\"-\" width=\"690\" height=\"565\" title=\"-\"><figcaption id=\"caption-attachment-192372\" class=\"wp-caption-text\">BUILO QC010 Ford GT40 MKII Black 1 8 av lego_tactics Peter Schott<\/figcaption><\/figure>\n<figure id=\"attachment_192368\" aria-describedby=\"caption-attachment-192368\" style=\"width: 690px\" class=\"wp-caption alignnone\"><img loading=\"lazy\" decoding=\"async\" class=\"size-full wp-image-192368\" src=\"https:\/\/pay.lpwstore.com\/wp-content\/uploads\/2020\/06\/BUILO-QC010-Ford-GT40-MKII-Black-1-8-by-lego_tactics-Peter-Schott-3.jpg\" alt=\"-\" width=\"690\" height=\"362\" title=\"-\"><figcaption id=\"caption-attachment-192368\" class=\"wp-caption-text\">BUILO QC010 Ford GT40 MKII Black 1 8 av lego_tactics Peter Schott<\/figcaption><\/figure>\n<figure id=\"attachment_192385\" aria-describedby=\"caption-attachment-192385\" style=\"width: 690px\" class=\"wp-caption alignnone\"><img loading=\"lazy\" decoding=\"async\" class=\"size-full wp-image-192385\" src=\"https:\/\/pay.lpwstore.com\/wp-content\/uploads\/2020\/06\/BUILO-QC010-Ford-GT40-MKII-Black-1-8-by-lego_tactics-Peter-Schott-20.jpg\" alt=\"-\" width=\"690\" height=\"760\" title=\"-\"><figcaption id=\"caption-attachment-192385\" class=\"wp-caption-text\">BUILO QC010 Ford GT40 MKII Black 1 8 av lego_tactics Peter Schott<\/figcaption><\/figure>\n<figure id=\"attachment_192384\" aria-describedby=\"caption-attachment-192384\" style=\"width: 690px\" class=\"wp-caption alignnone\"><img loading=\"lazy\" decoding=\"async\" class=\"size-full wp-image-192384\" src=\"https:\/\/pay.lpwstore.com\/wp-content\/uploads\/2020\/06\/BUILO-QC010-Ford-GT40-MKII-Black-1-8-by-lego_tactics-Peter-Schott-19.jpg\" alt=\"-\" width=\"690\" height=\"683\" title=\"-\"><figcaption id=\"caption-attachment-192384\" class=\"wp-caption-text\">BUILO QC010 Ford GT40 MKII Black 1 8 av lego_tactics Peter Schott<\/figcaption><\/figure>\n<figure id=\"attachment_192382\" aria-describedby=\"caption-attachment-192382\" style=\"width: 690px\" class=\"wp-caption alignnone\"><img loading=\"lazy\" decoding=\"async\" class=\"size-full wp-image-192382\" src=\"https:\/\/pay.lpwstore.com\/wp-content\/uploads\/2020\/06\/BUILO-QC010-Ford-GT40-MKII-Black-1-8-by-lego_tactics-Peter-Schott-17.jpg\" alt=\"-\" width=\"690\" height=\"831\" title=\"-\"><figcaption id=\"caption-attachment-192382\" class=\"wp-caption-text\">BUILO QC010 Ford GT40 MKII Black 1 8 av lego_tactics Peter Schott<\/figcaption><\/figure>\n<figure id=\"attachment_192380\" aria-describedby=\"caption-attachment-192380\" style=\"width: 690px\" class=\"wp-caption alignnone\"><img loading=\"lazy\" decoding=\"async\" class=\"size-full wp-image-192380\" src=\"https:\/\/pay.lpwstore.com\/wp-content\/uploads\/2020\/06\/BUILO-QC010-Ford-GT40-MKII-Black-1-8-by-lego_tactics-Peter-Schott-15.jpg\" alt=\"-\" width=\"690\" height=\"831\" title=\"-\"><figcaption id=\"caption-attachment-192380\" class=\"wp-caption-text\">BUILO QC010 Ford GT40 MKII Black 1 8 av lego_tactics Peter Schott<\/figcaption><\/figure>\n<figure id=\"attachment_192378\" aria-describedby=\"caption-attachment-192378\" style=\"width: 690px\" class=\"wp-caption alignnone\"><img loading=\"lazy\" decoding=\"async\" class=\"size-full wp-image-192378\" src=\"https:\/\/pay.lpwstore.com\/wp-content\/uploads\/2020\/06\/BUILO-QC010-Ford-GT40-MKII-Black-1-8-by-lego_tactics-Peter-Schott-13.jpg\" alt=\"-\" width=\"690\" height=\"853\" title=\"-\"><figcaption id=\"caption-attachment-192378\" class=\"wp-caption-text\">BUILO QC010 Ford GT40 MKII Black 1 8 av lego_tactics Peter Schott<\/figcaption><\/figure>\n<figure id=\"attachment_192376\" aria-describedby=\"caption-attachment-192376\" style=\"width: 690px\" class=\"wp-caption alignnone\"><img loading=\"lazy\" decoding=\"async\" class=\"size-full wp-image-192376\" src=\"https:\/\/pay.lpwstore.com\/wp-content\/uploads\/2020\/06\/BUILO-QC010-Ford-GT40-MKII-Black-1-8-by-lego_tactics-Peter-Schott-11.jpg\" alt=\"-\" width=\"690\" height=\"825\" title=\"-\"><figcaption id=\"caption-attachment-192376\" class=\"wp-caption-text\">BUILO QC010 Ford GT40 MKII Black 1 8 av lego_tactics Peter Schott<\/figcaption><\/figure>\n<figure id=\"attachment_192375\" aria-describedby=\"caption-attachment-192375\" style=\"width: 690px\" class=\"wp-caption alignnone\"><img loading=\"lazy\" decoding=\"async\" class=\"size-full wp-image-192375\" src=\"https:\/\/pay.lpwstore.com\/wp-content\/uploads\/2020\/06\/BUILO-QC010-Ford-GT40-MKII-Black-1-8-by-lego_tactics-Peter-Schott-10.jpg\" alt=\"-\" width=\"690\" height=\"907\" title=\"-\"><figcaption id=\"caption-attachment-192375\" class=\"wp-caption-text\">BUILO QC010 Ford GT40 MKII Black 1 8 av lego_tactics Peter Schott<\/figcaption><\/figure>\n<figure id=\"attachment_192374\" aria-describedby=\"caption-attachment-192374\" style=\"width: 690px\" class=\"wp-caption alignnone\"><img loading=\"lazy\" decoding=\"async\" class=\"size-full wp-image-192374\" src=\"https:\/\/pay.lpwstore.com\/wp-content\/uploads\/2020\/06\/BUILO-QC010-Ford-GT40-MKII-Black-1-8-by-lego_tactics-Peter-Schott-9.jpg\" alt=\"-\" width=\"690\" height=\"857\" title=\"-\"><figcaption id=\"caption-attachment-192374\" class=\"wp-caption-text\">BUILO QC010 Ford GT40 MKII Black 1 8 av lego_tactics Peter Schott<\/figcaption><\/figure>\n<figure id=\"attachment_192367\" aria-describedby=\"caption-attachment-192367\" style=\"width: 690px\" class=\"wp-caption alignnone\"><img loading=\"lazy\" decoding=\"async\" class=\"size-full wp-image-192367\" src=\"https:\/\/pay.lpwstore.com\/wp-content\/uploads\/2020\/06\/BUILO-QC010-Ford-GT40-MKII-Black-1-8-by-lego_tactics-Peter-Schott-2.jpg\" alt=\"-\" width=\"690\" height=\"624\" title=\"-\"><figcaption id=\"caption-attachment-192367\" class=\"wp-caption-text\">BUILO QC010 Ford GT40 MKII Black 1 8 av lego_tactics Peter Schott<\/figcaption><\/figure>\n<figure id=\"attachment_192379\" aria-describedby=\"caption-attachment-192379\" style=\"width: 690px\" class=\"wp-caption alignnone\"><img loading=\"lazy\" decoding=\"async\" class=\"size-full wp-image-192379\" src=\"https:\/\/pay.lpwstore.com\/wp-content\/uploads\/2020\/06\/BUILO-QC010-Ford-GT40-MKII-Black-1-8-by-lego_tactics-Peter-Schott-14.jpg\" alt=\"-\" width=\"690\" height=\"503\" title=\"-\"><figcaption id=\"caption-attachment-192379\" class=\"wp-caption-text\">BUILO QC010 Ford GT40 MKII Black 1 8 av lego_tactics Peter Schott<\/figcaption><\/figure>\n<figure id=\"attachment_192377\" aria-describedby=\"caption-attachment-192377\" style=\"width: 677px\" class=\"wp-caption alignnone\"><img loading=\"lazy\" decoding=\"async\" class=\"size-large wp-image-192377\" src=\"https:\/\/pay.lpwstore.com\/wp-content\/uploads\/2020\/06\/BUILO-QC010-Ford-GT40-MKII-Black-1-8-by-lego_tactics-Peter-Schott-12-677x1024.jpg\" alt=\"-\" width=\"677\" height=\"1024\" title=\"-\"><figcaption id=\"caption-attachment-192377\" class=\"wp-caption-text\">BUILO QC010 Ford GT40 MKII Black 1 8 av lego_tactics Peter Schott<\/figcaption><\/figure>\n<div id=\"gtx-anchor\" style=\"position: absolute; visibility: hidden; left: 10px; top: 639.604px; width: 241.417px; height: 56.4792px;\"><\/div>\n<div class=\"jfk-bubble gtx-bubble\" style=\"visibility: visible; left: 116px; top: 630px; opacity: 0;\" role=\"alertdialog\" aria-describedby=\"bubble-4\">\n<div id=\"bubble-4\" class=\"jfk-bubble-content-id\"><\/div>\n<div class=\"jfk-bubble-closebtn-id jfk-bubble-closebtn\" tabindex=\"0\" role=\"button\" aria-label=\"Lukk\"><\/div>\n<div class=\"jfk-bubble-arrow-id jfk-bubble-arrow jfk-bubble-arrowdown\" style=\"left: 120.5px;\">\n<div class=\"jfk-bubble-arrowimplbefore\"><\/div>\n<div class=\"jfk-bubble-arrowimplafter\"><\/div>\n<\/div>\n<\/div>","protected":false},"excerpt":{"rendered":"<h3><strong>BUILO QC010 Ford GT40 MKII Black 1 8 av lego_tactics Peter Schott<\/strong><\/h3>\n<h3><span data-text-color=\"alert\"><strong>Available in JULY 2020<\/strong><\/span><\/h3>\n<h3><span data-text-color=\"alert\"><strong>NO Motor version (Motor cost 40$)<\/strong><\/span><\/h3>\n<ul>\n<li>Antall murstein: <strong>2404+ <\/strong>stk<\/li>\n<li>Service: Gratis reservedeler<\/li>\n<li>Legge merke til: <span style=\"text-decoration: underline;\" data-text-color=\"alert\"><strong>Ingen originaleske<\/strong><\/span>,Bruk boblepose eller tom kartong.<\/li>\n<\/ul>","protected":false},"featured_media":14740,"comment_status":"open","ping_status":"closed","template":"","meta":{"_acf_changed":false},"product_cat":[15],"product_tag":[],"class_list":["product","first","outofstock","shipping-taxable","purchasable","product-type-simple"],"acf":[],"_links":{"self":[{"href":"https:\/\/mouldking.store\/nb\/wp-json\/wp\/v2\/product\/14739","targetHints":{"allow":["GET"]}}],"collection":[{"href":"https:\/\/mouldking.store\/nb\/wp-json\/wp\/v2\/product"}],"about":[{"href":"https:\/\/mouldking.store\/nb\/wp-json\/wp\/v2\/types\/product"}],"replies":[{"embeddable":true,"href":"https:\/\/mouldking.store\/nb\/wp-json\/wp\/v2\/comments?post=14739"}],"wp:featuredmedia":[{"embeddable":true,"href":"https:\/\/mouldking.store\/nb\/wp-json\/wp\/v2\/media\/14740"}],"wp:attachment":[{"href":"https:\/\/mouldking.store\/nb\/wp-json\/wp\/v2\/media?parent=14739"}],"wp:term":[{"taxonomy":"product_cat","embeddable":true,"href":"https:\/\/mouldking.store\/nb\/wp-json\/wp\/v2\/product_cat?post=14739"},{"taxonomy":"product_tag","embeddable":true,"href":"https:\/\/mouldking.store\/nb\/wp-json\/wp\/v2\/product_tag?post=14739"}],"curies":[{"name":"wp","href":"https:\/\/api.w.org\/{rel}","templated":true}]}}