{"id":15130,"date":"2021-09-28T03:16:14","date_gmt":"2021-09-28T03:16:14","guid":{"rendered":"https:\/\/mouldking.store\/product\/cada-c61042-moc-the-2020-ferrari-488-pista-by-brunojj1-1-8-2125328"},"modified":"2025-12-25T09:28:05","modified_gmt":"2025-12-25T02:28:05","slug":"cada-c61042-moc-the-2020-ferrari-488-pista-by-brunojj1-1-8","status":"publish","type":"product","link":"https:\/\/mouldking.store\/nb\/shop\/cada-c61042-moc-the-2020-ferrari-488-pista-by-brunojj1-1-8\/","title":{"rendered":"CADA C61042 MOC The 2020 Ferrari 488 Pista by brunojj1 1 8"},"content":{"rendered":"<p><strong>PRODUKT DETALJ<\/strong><\/p>\n<p>CADA C61042 MOC The 2020 Ferrari 488 Pista by brunojj1 1:8 is based\u00a0 on\u00a0 MOC The 2020 Ferrari 488 Pista by brunojj1 1:8 and a <span data-text-color=\"alert\"><strong>Authorised designed of Brunojj1<\/strong><\/span> .\u00a0 It&#8217;s an awesome Brick set CADA C61042 MOC The 2020 Ferrari 488 Pista by brunojj1 1:8<\/p>\n<figure id=\"attachment_193448\" aria-describedby=\"caption-attachment-193448\" style=\"width: 1020px\" class=\"wp-caption alignnone\"><img fetchpriority=\"high\" decoding=\"async\" class=\"wp-image-193448 size-large\" src=\"https:\/\/pay.lpwstore.com\/wp-content\/uploads\/2020\/07\/CADA-C61042-MOC-The-Ferrari-488-Pista-by-brunojj1-1-1024x576.jpg\" alt=\"-\" width=\"1020\" height=\"574\" title=\"-\"><figcaption id=\"caption-attachment-193448\" class=\"wp-caption-text\">CADA C61042 MOC The 2020 Ferrari 488 Pista by brunojj1<\/figcaption><\/figure>\n<p>The 2020 Ferrari 488 Pista is the stuff of supercar dreams. Broad-shouldered with bulging fenders and a graceful arch of a roof, this confident Italian stands out in a crowd. Its cabin is surprisingly spacious, offering more real estate than you typically find in a two-door sports car. When it comes to performance, the 488 provides the power and poise you&#8217;d expect from a car crafted by the legendary Ferrari nameplate<\/p>\n<figure id=\"attachment_193453\" aria-describedby=\"caption-attachment-193453\" style=\"width: 1020px\" class=\"wp-caption alignnone\"><img decoding=\"async\" class=\"wp-image-193453 size-large\" src=\"https:\/\/pay.lpwstore.com\/wp-content\/uploads\/2020\/07\/CADA-C61042-MOC-The-Ferrari-488-Pista-by-brunojj1-4-1024x350.jpg\" alt=\"-\" width=\"1020\" height=\"349\" title=\"-\"><figcaption id=\"caption-attachment-193453\" class=\"wp-caption-text\">CADA C61042 MOC The 2020 Ferrari 488 Pista by brunojj1 1:8<\/figcaption><\/figure>\n<p>A twin-turbocharged 3.9-liter V-8 lives under the 488&#8217;s hood, and it generates a whopping 711 horsepower and 567 lb-ft of torque. A seven-speed automatic gearbox governs the proceedings, sending power to the car&#8217;s rear wheels. The 2020 488 is purpose-built to quench your thirst for speed. In our track tests, it made the dash from zero to 60 mph in a mere 2.7 seconds. That puts it on equal footing with the McLaren 720S. The 488&#8217;s suspension manages to be both communicative and smooth, delivering a ride quality that makes this car a reasonably livable companion in daily driving.<\/p>\n<ul>\n<li>+ 3700\u00a0 pieces made from high-quality 100% ABS plastic bricks, safe for children, long time to play, 100% compatible with other brick brands<\/li>\n<li><span style=\"font-size: 14.4px;\">Easy-to-build with manual instruction ofCADA C61042 MOC The Ferrari 488 Pista by brunojj1 1 8 <\/span><span style=\"font-size: 14.4px; color: #555555;\">med kloss for kloss guide og bilder av h\u00f8y kvalitet<\/span><\/li>\n<li><span style=\"font-size: 14.4px;\">Full dimensions of CADA C61042 MOC The 2020 Ferrari 488 Pista by brunojj1 1 8:<\/span><\/li>\n<\/ul>\n<h4><strong>LEVERING OG RETUR<\/strong><\/h4>\n<p>We guarantee for CADA C61042 MOC The 2020 Ferrari 488 Pista by brunojj1 1 8<\/p>\n<ul>\n<li>Full refusjon hvis du ikke mottar bestillingen din<\/li>\n<li>Gratis s\u00f8rge for manglende deler eller manuell bok<\/li>\n<li>Kunden betaler ikke mer for skatt og tollgebyr. (Hvis du m\u00e5 betale, vil vi refundere til deg)<\/li>\n<li>Internasjonal frakt er ganske komplisert, vi pr\u00f8ver hardt \u00e5 behandle alle problemene dine. Men hvis bestillingen din f\u00e5r problemer, vennligst kontakt oss via e-post<\/li>\n<li><span data-text-color=\"alert\"><strong>Avbryt bestillingen:<\/strong><\/span> Hvis du trenger \u00e5 kansellere bestillingen, m\u00e5 du kontakte oss via e-post contact@pay.lpwstore.com s\u00e5 snart som mulig. Vi kan ikke stoppe bestillingen f\u00f8r 48 timer<\/li>\n<\/ul>\n<h4><strong>MANGLENDE DELER<\/strong><\/h4>\n<p>All parts of CADA C61042 MOC The 2020 Ferrari 488 Pista by brunojj1 1 8 \u00a0are quality checked before shipping, so if you find some missing or damaged parts, don&#8217;t worry. Please contact us and we will send them to you without any fees, or we will offer a small refund for you to buy in other places.<\/p>\n<figure id=\"attachment_193450\" aria-describedby=\"caption-attachment-193450\" style=\"width: 1000px\" class=\"wp-caption alignnone\"><img decoding=\"async\" class=\"size-full wp-image-193450\" src=\"https:\/\/pay.lpwstore.com\/wp-content\/uploads\/2020\/07\/CADA-C61042-MOC-The-Ferrari-488-Pista-by-brunojj1-2.jpg\" alt=\"-\" width=\"1000\" height=\"750\" title=\"-\"><figcaption id=\"caption-attachment-193450\" class=\"wp-caption-text\">CADA C61042 MOC The 2020 Ferrari 488 Pista by brunojj1<\/figcaption><\/figure>\n<figure id=\"attachment_193451\" aria-describedby=\"caption-attachment-193451\" style=\"width: 988px\" class=\"wp-caption alignnone\"><img loading=\"lazy\" decoding=\"async\" class=\"size-full wp-image-193451\" src=\"https:\/\/pay.lpwstore.com\/wp-content\/uploads\/2020\/07\/CADA-C61042-MOC-The-Ferrari-488-Pista-by-brunojj1-2.png\" alt=\"-\" width=\"988\" height=\"583\" title=\"-\"><figcaption id=\"caption-attachment-193451\" class=\"wp-caption-text\">CADA C61042 MOC The 2020 Ferrari 488 Pista by brunojj1<\/figcaption><\/figure>\n<figure id=\"attachment_193452\" aria-describedby=\"caption-attachment-193452\" style=\"width: 510px\" class=\"wp-caption alignnone\"><img loading=\"lazy\" decoding=\"async\" class=\"size-full wp-image-193452\" src=\"https:\/\/pay.lpwstore.com\/wp-content\/uploads\/2020\/07\/CADA-C61042-MOC-The-Ferrari-488-Pista-by-brunojj1-3.jpg\" alt=\"-\" width=\"510\" height=\"509\" title=\"-\"><figcaption id=\"caption-attachment-193452\" class=\"wp-caption-text\">CADA C61042 MOC The 2020 Ferrari 488 Pista by brunojj1<\/figcaption><\/figure>\n<figure id=\"attachment_193453\" aria-describedby=\"caption-attachment-193453\" style=\"width: 1020px\" class=\"wp-caption alignnone\"><img loading=\"lazy\" decoding=\"async\" class=\"size-large wp-image-193453\" src=\"https:\/\/pay.lpwstore.com\/wp-content\/uploads\/2020\/07\/CADA-C61042-MOC-The-Ferrari-488-Pista-by-brunojj1-4-1024x350.jpg\" alt=\"-\" width=\"1020\" height=\"349\" title=\"-\"><figcaption id=\"caption-attachment-193453\" class=\"wp-caption-text\">CADA C61042 MOC The 2020 Ferrari 488 Pista by brunojj1<\/figcaption><\/figure>\n<figure id=\"attachment_193454\" aria-describedby=\"caption-attachment-193454\" style=\"width: 1020px\" class=\"wp-caption alignnone\"><img loading=\"lazy\" decoding=\"async\" class=\"size-large wp-image-193454\" src=\"https:\/\/pay.lpwstore.com\/wp-content\/uploads\/2020\/07\/CADA-C61042-MOC-The-Ferrari-488-Pista-by-brunojj1-5-1024x576.jpg\" alt=\"-\" width=\"1020\" height=\"574\" title=\"-\"><figcaption id=\"caption-attachment-193454\" class=\"wp-caption-text\">CADA C61042 MOC The 2020 Ferrari 488 Pista by brunojj1<\/figcaption><\/figure>","protected":false},"excerpt":{"rendered":"<h3><strong>CADA C61042 MOC The 2020 Ferrari 488 Pista by brunojj1 1 8 with remote control<\/strong><\/h3>\n<ul>\n<li>Antall murstein: <strong>3700+ <\/strong>stk<\/li>\n<li>Service: Gratis reservedeler<\/li>\n<li>Legge merke til: <span style=\"text-decoration: underline;\" data-text-color=\"alert\"><strong>Ingen originaleske<\/strong><\/span>,Bruk boblepose eller tom kartong.<\/li>\n<\/ul>","protected":false},"featured_media":15131,"comment_status":"open","ping_status":"closed","template":"","meta":{"_acf_changed":false},"product_cat":[],"product_tag":[],"class_list":["product","first","instock","shipping-taxable","purchasable","product-type-simple"],"acf":[],"_links":{"self":[{"href":"https:\/\/mouldking.store\/nb\/wp-json\/wp\/v2\/product\/15130","targetHints":{"allow":["GET"]}}],"collection":[{"href":"https:\/\/mouldking.store\/nb\/wp-json\/wp\/v2\/product"}],"about":[{"href":"https:\/\/mouldking.store\/nb\/wp-json\/wp\/v2\/types\/product"}],"replies":[{"embeddable":true,"href":"https:\/\/mouldking.store\/nb\/wp-json\/wp\/v2\/comments?post=15130"}],"wp:featuredmedia":[{"embeddable":true,"href":"https:\/\/mouldking.store\/nb\/wp-json\/wp\/v2\/media\/15131"}],"wp:attachment":[{"href":"https:\/\/mouldking.store\/nb\/wp-json\/wp\/v2\/media?parent=15130"}],"wp:term":[{"taxonomy":"product_cat","embeddable":true,"href":"https:\/\/mouldking.store\/nb\/wp-json\/wp\/v2\/product_cat?post=15130"},{"taxonomy":"product_tag","embeddable":true,"href":"https:\/\/mouldking.store\/nb\/wp-json\/wp\/v2\/product_tag?post=15130"}],"curies":[{"name":"wp","href":"https:\/\/api.w.org\/{rel}","templated":true}]}}