{"id":18736,"date":"2021-09-28T04:04:14","date_gmt":"2021-09-28T04:04:14","guid":{"rendered":"https:\/\/mouldking.store\/product\/cada-c61049-red-devils-ferrari-488-1483225"},"modified":"2022-11-21T14:48:13","modified_gmt":"2022-11-21T07:48:13","slug":"cada-c61049-red-devils-ferrari-488","status":"publish","type":"product","link":"https:\/\/mouldking.store\/nb\/shop\/cada-c61049-red-devils-ferrari-488\/","title":{"rendered":"CADA C61049 Red Devils Ferrari 488 med 1229 deler"},"content":{"rendered":"<p>Produktinformasjon:<\/p>\n<ol>\n<li>Merke: CADA<\/li>\n<li>Kj\u00f8nn: Unisex<\/li>\n<li>Name: Red Devils Ferrari 488<\/li>\n<li>Aldersgruppe: &gt; 6 \u00e5r gammel<\/li>\n<li>Model Number: C61049<\/li>\n<li>Klassifisering: Montering<\/li>\n<li>Plastblokkform: Selvl\u00e5sende murstein<\/li>\n<li>Materiale: Plast<\/li>\n<li>Plasttype: ABS<\/li>\n<li>Bricks Blocks:1229 PCS<\/li>\n<li>Size: 37.6\u00d710.1cm<\/li>\n<li>Inneholder detaljerte monteringsanvisninger.<\/li>\n<\/ol>\n<p>Legge merke til:<br \/>\n1. Uten original eske, men vi garanterer at v\u00e5re produkter har kvalitetssikring og pen emballasje.<br \/>\n2. Som alle delene vi har sjekket f\u00f8r frakt, s\u00e5 hvis du finner noen deler savnet eller skadet, ikke bekymre deg og bare kontakt oss, s\u00e5 kan vi sende dem til deg p\u00e5 nytt umiddelbart gratis.<\/p>\n<figure id=\"attachment_35529\" aria-describedby=\"caption-attachment-35529\" style=\"width: 768px\" class=\"wp-caption aligncenter\"><img fetchpriority=\"high\" decoding=\"async\" class=\"wp-image-35529 size-full\" src=\"https:\/\/mouldking.store\/wp-content\/uploads\/2021\/09\/CADA-C61049-6.jpg\" alt=\"CADA C61049 Red Devils Ferrari 488 With 1229 Pieces\" width=\"768\" height=\"768\" title=\"-\" srcset=\"https:\/\/mouldking.store\/wp-content\/uploads\/2021\/09\/CADA-C61049-6.jpg 768w, https:\/\/mouldking.store\/wp-content\/uploads\/2021\/09\/CADA-C61049-6-300x300.jpg 300w, https:\/\/mouldking.store\/wp-content\/uploads\/2021\/09\/CADA-C61049-6-600x600.jpg 600w, https:\/\/mouldking.store\/wp-content\/uploads\/2021\/09\/CADA-C61049-6-150x150.jpg 150w, https:\/\/mouldking.store\/wp-content\/uploads\/2021\/09\/CADA-C61049-6-60x60.jpg 60w, https:\/\/mouldking.store\/wp-content\/uploads\/2021\/09\/CADA-C61049-6-90x90.jpg 90w\" sizes=\"(max-width: 768px) 100vw, 768px\" \/><figcaption id=\"caption-attachment-35529\" class=\"wp-caption-text\">CADA C61049 Red Devils Ferrari 488 med 1229 deler<\/figcaption><\/figure>\n<figure id=\"attachment_35530\" aria-describedby=\"caption-attachment-35530\" style=\"width: 768px\" class=\"wp-caption aligncenter\"><img decoding=\"async\" class=\"wp-image-35530 size-full\" src=\"https:\/\/mouldking.store\/wp-content\/uploads\/2021\/09\/CADA-C61049-5.jpg\" alt=\"CADA C61049 Red Devils Ferrari 488 With 1229 Pieces\" width=\"768\" height=\"768\" title=\"-\" srcset=\"https:\/\/mouldking.store\/wp-content\/uploads\/2021\/09\/CADA-C61049-5.jpg 768w, https:\/\/mouldking.store\/wp-content\/uploads\/2021\/09\/CADA-C61049-5-300x300.jpg 300w, https:\/\/mouldking.store\/wp-content\/uploads\/2021\/09\/CADA-C61049-5-600x600.jpg 600w, https:\/\/mouldking.store\/wp-content\/uploads\/2021\/09\/CADA-C61049-5-150x150.jpg 150w, https:\/\/mouldking.store\/wp-content\/uploads\/2021\/09\/CADA-C61049-5-60x60.jpg 60w, https:\/\/mouldking.store\/wp-content\/uploads\/2021\/09\/CADA-C61049-5-90x90.jpg 90w\" sizes=\"(max-width: 768px) 100vw, 768px\" \/><figcaption id=\"caption-attachment-35530\" class=\"wp-caption-text\">CADA C61049 Red Devils Ferrari 488 med 1229 deler<\/figcaption><\/figure>\n<figure id=\"attachment_35531\" aria-describedby=\"caption-attachment-35531\" style=\"width: 600px\" class=\"wp-caption aligncenter\"><img decoding=\"async\" class=\"wp-image-35531 size-full\" src=\"https:\/\/mouldking.store\/wp-content\/uploads\/2021\/09\/CADA-C61049-4.jpg\" alt=\"CADA C61049 Red Devils Ferrari 488 With 1229 Pieces\" width=\"600\" height=\"956\" title=\"-\" srcset=\"https:\/\/mouldking.store\/wp-content\/uploads\/2021\/09\/CADA-C61049-4.jpg 600w, https:\/\/mouldking.store\/wp-content\/uploads\/2021\/09\/CADA-C61049-4-188x300.jpg 188w, https:\/\/mouldking.store\/wp-content\/uploads\/2021\/09\/CADA-C61049-4-300x478.jpg 300w, https:\/\/mouldking.store\/wp-content\/uploads\/2021\/09\/CADA-C61049-4-94x150.jpg 94w, https:\/\/mouldking.store\/wp-content\/uploads\/2021\/09\/CADA-C61049-4-38x60.jpg 38w, https:\/\/mouldking.store\/wp-content\/uploads\/2021\/09\/CADA-C61049-4-56x90.jpg 56w\" sizes=\"(max-width: 600px) 100vw, 600px\" \/><figcaption id=\"caption-attachment-35531\" class=\"wp-caption-text\">CADA C61049 Red Devils Ferrari 488 med 1229 deler<\/figcaption><\/figure>\n<figure id=\"attachment_35532\" aria-describedby=\"caption-attachment-35532\" style=\"width: 485px\" class=\"wp-caption aligncenter\"><img loading=\"lazy\" decoding=\"async\" class=\"wp-image-35532 size-full\" src=\"https:\/\/mouldking.store\/wp-content\/uploads\/2021\/09\/CADA-C61049-3.jpg\" alt=\"CADA C61049 Red Devils Ferrari 488 With 1229 Pieces\" width=\"485\" height=\"1024\" title=\"-\" srcset=\"https:\/\/mouldking.store\/wp-content\/uploads\/2021\/09\/CADA-C61049-3.jpg 485w, https:\/\/mouldking.store\/wp-content\/uploads\/2021\/09\/CADA-C61049-3-142x300.jpg 142w, https:\/\/mouldking.store\/wp-content\/uploads\/2021\/09\/CADA-C61049-3-300x633.jpg 300w, https:\/\/mouldking.store\/wp-content\/uploads\/2021\/09\/CADA-C61049-3-71x150.jpg 71w, https:\/\/mouldking.store\/wp-content\/uploads\/2021\/09\/CADA-C61049-3-28x60.jpg 28w, https:\/\/mouldking.store\/wp-content\/uploads\/2021\/09\/CADA-C61049-3-43x90.jpg 43w\" sizes=\"(max-width: 485px) 100vw, 485px\" \/><figcaption id=\"caption-attachment-35532\" class=\"wp-caption-text\">CADA C61049 Red Devils Ferrari 488 med 1229 deler<\/figcaption><\/figure>\n<figure id=\"attachment_35533\" aria-describedby=\"caption-attachment-35533\" style=\"width: 706px\" class=\"wp-caption aligncenter\"><img loading=\"lazy\" decoding=\"async\" class=\"wp-image-35533 size-full\" src=\"https:\/\/mouldking.store\/wp-content\/uploads\/2021\/09\/CADA-C61049-2.jpg\" alt=\"CADA C61049 Red Devils Ferrari 488 With 1229 Pieces\" width=\"706\" height=\"1024\" title=\"-\" srcset=\"https:\/\/mouldking.store\/wp-content\/uploads\/2021\/09\/CADA-C61049-2.jpg 706w, https:\/\/mouldking.store\/wp-content\/uploads\/2021\/09\/CADA-C61049-2-207x300.jpg 207w, https:\/\/mouldking.store\/wp-content\/uploads\/2021\/09\/CADA-C61049-2-300x435.jpg 300w, https:\/\/mouldking.store\/wp-content\/uploads\/2021\/09\/CADA-C61049-2-600x870.jpg 600w, https:\/\/mouldking.store\/wp-content\/uploads\/2021\/09\/CADA-C61049-2-103x150.jpg 103w, https:\/\/mouldking.store\/wp-content\/uploads\/2021\/09\/CADA-C61049-2-41x60.jpg 41w, https:\/\/mouldking.store\/wp-content\/uploads\/2021\/09\/CADA-C61049-2-62x90.jpg 62w\" sizes=\"(max-width: 706px) 100vw, 706px\" \/><figcaption id=\"caption-attachment-35533\" class=\"wp-caption-text\">CADA C61049 Red Devils Ferrari 488 med 1229 deler<\/figcaption><\/figure>\n<figure id=\"attachment_35534\" aria-describedby=\"caption-attachment-35534\" style=\"width: 768px\" class=\"wp-caption aligncenter\"><img loading=\"lazy\" decoding=\"async\" class=\"wp-image-35534 size-full\" src=\"https:\/\/mouldking.store\/wp-content\/uploads\/2021\/09\/CADA-C61049-1.jpg\" alt=\"CADA C61049 Red Devils Ferrari 488 With 1229 Pieces\" width=\"768\" height=\"537\" title=\"-\" srcset=\"https:\/\/mouldking.store\/wp-content\/uploads\/2021\/09\/CADA-C61049-1.jpg 768w, https:\/\/mouldking.store\/wp-content\/uploads\/2021\/09\/CADA-C61049-1-300x210.jpg 300w, https:\/\/mouldking.store\/wp-content\/uploads\/2021\/09\/CADA-C61049-1-600x420.jpg 600w, https:\/\/mouldking.store\/wp-content\/uploads\/2021\/09\/CADA-C61049-1-150x105.jpg 150w, https:\/\/mouldking.store\/wp-content\/uploads\/2021\/09\/CADA-C61049-1-86x60.jpg 86w, https:\/\/mouldking.store\/wp-content\/uploads\/2021\/09\/CADA-C61049-1-129x90.jpg 129w\" sizes=\"(max-width: 768px) 100vw, 768px\" \/><figcaption id=\"caption-attachment-35534\" class=\"wp-caption-text\">CADA C61049 Red Devils Ferrari 488 med 1229 deler<\/figcaption><\/figure>","protected":false},"excerpt":{"rendered":"<ul>\n<li>Inkludere\u00a0<strong>1126+<\/strong>\u00a0stk<\/li>\n<li>Manuell instruksjonsbok<\/li>\n<li>ABS-blokk av h\u00f8y kvalitet<\/li>\n<li>Ingen original eske<\/li>\n<\/ul>","protected":false},"featured_media":18737,"comment_status":"open","ping_status":"closed","template":"","meta":{"_acf_changed":false},"product_cat":[1360,1357],"product_tag":[7645,1916,1374,7649,7644,7647,7648,1585,7646],"class_list":["product","first","instock","shipping-taxable","purchasable","product-type-variable"],"acf":[],"_links":{"self":[{"href":"https:\/\/mouldking.store\/nb\/wp-json\/wp\/v2\/product\/18736","targetHints":{"allow":["GET"]}}],"collection":[{"href":"https:\/\/mouldking.store\/nb\/wp-json\/wp\/v2\/product"}],"about":[{"href":"https:\/\/mouldking.store\/nb\/wp-json\/wp\/v2\/types\/product"}],"replies":[{"embeddable":true,"href":"https:\/\/mouldking.store\/nb\/wp-json\/wp\/v2\/comments?post=18736"}],"wp:featuredmedia":[{"embeddable":true,"href":"https:\/\/mouldking.store\/nb\/wp-json\/wp\/v2\/media\/18737"}],"wp:attachment":[{"href":"https:\/\/mouldking.store\/nb\/wp-json\/wp\/v2\/media?parent=18736"}],"wp:term":[{"taxonomy":"product_cat","embeddable":true,"href":"https:\/\/mouldking.store\/nb\/wp-json\/wp\/v2\/product_cat?post=18736"},{"taxonomy":"product_tag","embeddable":true,"href":"https:\/\/mouldking.store\/nb\/wp-json\/wp\/v2\/product_tag?post=18736"}],"curies":[{"name":"wp","href":"https:\/\/api.w.org\/{rel}","templated":true}]}}