{"id":18803,"date":"2021-10-09T04:16:52","date_gmt":"2021-10-09T04:16:52","guid":{"rendered":"https:\/\/mouldking.store\/?post_type=product&#038;p=18803"},"modified":"2025-12-25T09:28:01","modified_gmt":"2025-12-25T02:28:01","slug":"moc-18916-the-empire-over-jedha-city","status":"publish","type":"product","link":"https:\/\/mouldking.store\/nb\/shop\/moc-18916-the-empire-over-jedha-city\/","title":{"rendered":"MOC 18916 Imperiet over Jedha City"},"content":{"rendered":"<p>This fantastic <strong>MOC 18916 Imperiet over Jedha City<\/strong> made from LEPINWORLD is a really awesome MOC.<\/p>\n<h4><strong>VARESPESIFIKASJONER<\/strong><\/h4>\n<ul>\n<li>An awesome MOC 18916 The Empire over Jedha City <span style=\"font-size: 14.4px\">from Rebrickable<\/span><\/li>\n<li><strong>5098 pieces<\/strong> made from high-quality 100% ABS plastic bricks, safe for children, long time to play, 100% compatible with other brick brand like Le .go<\/li>\n<li><span style=\"font-size: 14.4px\">Easy-to-build with pdf instruction with brick by brick guide and high quality pictures \u2013 sent pdf file via email.<\/span><\/li>\n<li>Full dimensjoner av stativet kan sees p\u00e5 bildet nedenfor.<\/li>\n<\/ul>\n<h4><strong>MOC BYGGEINSTRUKSJON<\/strong><\/h4>\n<p>Instruksjonene for alle v\u00e5re MOC SET vil bli sendt etter at du mottar bestillingen din via e-post eller Livechat Facebook. Ta kontakt med oss for det.<\/p>\n<h4><strong>FORSENDELSESDATO<\/strong><\/h4>\n<p>MOC-settene trenger 10-12 dager for \u00e5 forberede og; <span style=\"color: red\"><strong>vil bli sendt ut innen 15 dager<\/strong><\/span><\/p>\n<h4><strong>MANGLENDE DELER<\/strong><\/h4>\n<p>Alle deler er kvalitetssjekket f\u00f8r frakt, s\u00e5 hvis du finner noen manglende eller skadede deler, ikke bekymre deg. Ta kontakt med oss, s\u00e5 sender vi dem til deg uten gebyrer, eller vi tilbyr en liten refusjon som du kan kj\u00f8pe andre steder.<\/p>","protected":false},"excerpt":{"rendered":"<p>\u2022 With 5098 Pcs \u2022 Highest Quality bricks (Better than Lepin)<\/p>","protected":false},"featured_media":18829,"comment_status":"open","ping_status":"closed","template":"","meta":{"_acf_changed":false},"product_cat":[15],"product_tag":[],"class_list":["product","first","instock","featured","shipping-taxable","purchasable","product-type-simple"],"acf":[],"_links":{"self":[{"href":"https:\/\/mouldking.store\/nb\/wp-json\/wp\/v2\/product\/18803","targetHints":{"allow":["GET"]}}],"collection":[{"href":"https:\/\/mouldking.store\/nb\/wp-json\/wp\/v2\/product"}],"about":[{"href":"https:\/\/mouldking.store\/nb\/wp-json\/wp\/v2\/types\/product"}],"replies":[{"embeddable":true,"href":"https:\/\/mouldking.store\/nb\/wp-json\/wp\/v2\/comments?post=18803"}],"wp:featuredmedia":[{"embeddable":true,"href":"https:\/\/mouldking.store\/nb\/wp-json\/wp\/v2\/media\/18829"}],"wp:attachment":[{"href":"https:\/\/mouldking.store\/nb\/wp-json\/wp\/v2\/media?parent=18803"}],"wp:term":[{"taxonomy":"product_cat","embeddable":true,"href":"https:\/\/mouldking.store\/nb\/wp-json\/wp\/v2\/product_cat?post=18803"},{"taxonomy":"product_tag","embeddable":true,"href":"https:\/\/mouldking.store\/nb\/wp-json\/wp\/v2\/product_tag?post=18803"}],"curies":[{"name":"wp","href":"https:\/\/api.w.org\/{rel}","templated":true}]}}