{"id":18805,"date":"2021-10-09T04:16:52","date_gmt":"2021-10-08T21:16:52","guid":{"rendered":"https:\/\/mouldking.store\/?post_type=product&#038;p=18805"},"modified":"2025-12-25T09:28:01","modified_gmt":"2025-12-25T02:28:01","slug":"moc-10219-millennium-falcon-vertical-display-stand","status":"publish","type":"product","link":"https:\/\/mouldking.store\/nb\/shop\/moc-10219-millennium-falcon-vertical-display-stand\/","title":{"rendered":"MOC 10219 Millennium Falcon vertikalt skjermstativ"},"content":{"rendered":"<p>0<\/p>","protected":false},"excerpt":{"rendered":"<p>\u2022 Med 407 stk. \u2022 Murstein av h\u00f8yeste kvalitet<\/p>\n<p>Denne fantastiske skjermen laget av LEPINWORLD er en flott m\u00e5te \u00e5 vise Millennium Falcon mursteinsett: 75192, Lepin&#039;s Millennium Falcon 05132 og MOC 10179<\/p>\n<h4>VARESPESIFIKASJONER<\/h4>\n<ul>\u2022 407 deler laget av h\u00f8ykvalitets 100% ABS plastklosser, trygge for barn, lang tid \u00e5 leke, 100% kompatibel med andre mursteinsmerker som Le .go<\/ul>\n<ul>\u2022 Enkelt \u00e5 f\u00f8lge instruksjonsdiagrammer med veiledning for murstein \u2013 sendt pdf-fil via e-post.<\/ul>\n<ul>\u2022 Stativet har lysegr\u00e5tt og vil bli matchet med bakgrunnen n\u00e5r du viser din LEGO Millennium Falcon.<\/ul>\n<ul>\u2022 V\u00e5rt vertikale displaystativ er 100% kompatibelt med mange forskjellige varianter av Millennium Falcons inkludert: UCS Millennium Falcon 75192, Lepin&#039;s Millennium Falcon 05132 og MOC 10179.<\/ul>\n<ul>\u2022 Full dimensjoner p\u00e5 stativet kan sees p\u00e5 bildet nedenfor.<\/ul>\n<p><img decoding=\"async\" src=\"https:\/\/us03-imgcdn.ymcart.com\/44618\/2019\/04\/27\/3\/e\/3ed5d8150b7e8e0e.jpg\" alt=\"\" \/><\/p>\n<h4>MOC BYGGEINSTRUKSJON<\/h4>\n<p>Instruksjonene for alle v\u00e5re MOC SET vil bli sendt etter at du mottar bestillingen din via e-post eller Livechat Facebook. Ta kontakt med oss for det.<\/p>\n<h4>FORSENDELSESDATO<\/h4>\n<p>MOC-settene trenger 10-12 dager for \u00e5 forberede og; <span style=\"color: red\"><strong>vil bli sendt ut innen 15 dager<\/strong><\/span><\/p>\n<h4>MANGLENDE DELER<\/h4>\n<p>Alle deler er kvalitetssjekket f\u00f8r frakt, s\u00e5 hvis du finner noen manglende eller skadede deler, ikke bekymre deg. Ta kontakt med oss, s\u00e5 sender vi dem til deg uten gebyrer, eller vi tilbyr en liten refusjon som du kan kj\u00f8pe andre steder.<\/p>","protected":false},"featured_media":18839,"comment_status":"open","ping_status":"closed","template":"","meta":{"_acf_changed":false},"product_cat":[415],"product_tag":[],"class_list":["product","first","instock","featured","shipping-taxable","purchasable","product-type-simple"],"acf":[],"_links":{"self":[{"href":"https:\/\/mouldking.store\/nb\/wp-json\/wp\/v2\/product\/18805","targetHints":{"allow":["GET"]}}],"collection":[{"href":"https:\/\/mouldking.store\/nb\/wp-json\/wp\/v2\/product"}],"about":[{"href":"https:\/\/mouldking.store\/nb\/wp-json\/wp\/v2\/types\/product"}],"replies":[{"embeddable":true,"href":"https:\/\/mouldking.store\/nb\/wp-json\/wp\/v2\/comments?post=18805"}],"wp:featuredmedia":[{"embeddable":true,"href":"https:\/\/mouldking.store\/nb\/wp-json\/wp\/v2\/media\/18839"}],"wp:attachment":[{"href":"https:\/\/mouldking.store\/nb\/wp-json\/wp\/v2\/media?parent=18805"}],"wp:term":[{"taxonomy":"product_cat","embeddable":true,"href":"https:\/\/mouldking.store\/nb\/wp-json\/wp\/v2\/product_cat?post=18805"},{"taxonomy":"product_tag","embeddable":true,"href":"https:\/\/mouldking.store\/nb\/wp-json\/wp\/v2\/product_tag?post=18805"}],"curies":[{"name":"wp","href":"https:\/\/api.w.org\/{rel}","templated":true}]}}