{"id":19150,"date":"2021-10-09T04:26:43","date_gmt":"2021-10-08T21:26:43","guid":{"rendered":"https:\/\/mouldking.store\/shop\/moc-30884-hogwart-castle-epic-extension-by-moc-factory\/"},"modified":"2025-12-25T09:27:36","modified_gmt":"2025-12-25T02:27:36","slug":"moc-30884-hogwart-castle-epic-extension-by-moc-factory","status":"publish","type":"product","link":"https:\/\/mouldking.store\/nb\/shop\/moc-30884-hogwart-castle-epic-extension-by-moc-factory\/","title":{"rendered":"MOC 30884 Galtvort Castle Epic Extension av MOC FACTORY"},"content":{"rendered":"<p><strong>MOC 30884 Hogwart Castle Epic Extension<\/strong> is based\u00a0 on Hogwart Castle in Harry Potter&#8217;s Movie It only contains extend building, not include 71043 16060 Hogwart Castle<\/p>\n<p><img decoding=\"async\" class=\"alignnone size-full wp-image-177510\" src=\"https:\/\/pay.lpwstore.com\/wp-content\/uploads\/2019\/11\/article-2109071-11FC87B3000005DC-927_964x641.jpg\" alt=\" width=\" height=\"641\" title=\"-\"><\/p>\n<figure id=\"attachment_189024\" aria-describedby=\"caption-attachment-189024\" style=\"width: 1020px\" class=\"wp-caption alignnone\"><img fetchpriority=\"high\" decoding=\"async\" class=\"wp-image-189024 size-large\" src=\"https:\/\/pay.lpwstore.com\/wp-content\/uploads\/2019\/11\/48995349096_8f2ce4a6ff_o-Copy-1024x1024.jpg\" alt=\"-\" width=\"1020\" height=\"1020\" title=\"-\"><figcaption id=\"caption-attachment-189024\" class=\"wp-caption-text\">MOC FACTORY S7315 Hogwart\u2019s Castle Epic Extension MOC-30884<\/figcaption><\/figure>\n<blockquote>\n<h4>MOC Number: 30884<\/h4>\n<h4>Name: Hogwart&#8217;s Castle (71043) Epic Extension Designer by: Playwell Bricks<\/h4>\n<h4>Designed in: 2019<\/h4>\n<h4>Number of parts: 19288<\/h4>\n<h4>Category: Movie\/Harry Potter<\/h4>\n<h4>Modification of: 71043\/ Lepin 16060 Hogwarts Castle<\/h4>\n<\/blockquote>\n<h4>An awesome Brick set MOC 30884 Hogwart Castle Epic Extension<\/h4>\n<h4>\u2022 +19000\u00a0 pieces made from high-quality 100% ABS plastic bricks, safe for children, long time to play, 100% compatible with other brick brands<\/h4>\n<h4>\u2022 Exactly compatible with 71043 16060 Hogwart Castle<\/h4>\n<p><span style=\"font-size: 14.4px\">\u2022 Easy-to-build with manual instruction of MOC 30884 Hogwart Castle Epic Extension <\/span><span style=\"font-size: 14.4px\">with brick by brick guide and high quality pictures (+3000 manual page)<\/span> <span style=\"font-size: 14.4px\">\u2022 Full dimensions of MOC 30884 Hogwart Castle Epic Extension:<\/span> Width 130.6 cm (51.4 in) Length 93.7 cm (36.9 in) Height 62.8 cm (24.7 in)<\/p>\n<div class=\"mceTemp\"><\/div>\n<figure id=\"attachment_189025\" aria-describedby=\"caption-attachment-189025\" style=\"width: 790px\" class=\"wp-caption alignnone\"><img decoding=\"async\" class=\"size-full wp-image-189025\" src=\"https:\/\/pay.lpwstore.com\/wp-content\/uploads\/2019\/11\/MOC-FACTORY-S7315-Hogwart\u2019s-Castle-Epic-Extension-MOC-30884-15.png\" alt=\"-\" width=\"790\" height=\"574\" title=\"-\"><figcaption id=\"caption-attachment-189025\" class=\"wp-caption-text\">MOC FACTORY S7315 Hogwart\u2019s Castle Epic Extension MOC-30884<\/figcaption><\/figure>\n<h4><strong>LEVERING OG RETUR<\/strong><\/h4>\n<ul>\n<li>We guarantee for MOC 30884 Hogwart Castle Epic Extension: &#8211; Full refund if do not receive your order &#8211; Free provide for missing pieces or Manual book &#8211; Customer will not pay any more for tax and customs fee. (If you have to pay, we will refund to you)<\/li>\n<li>Internasjonal frakt er ganske komplisert, vi pr\u00f8ver hardt \u00e5 behandle alle problemene dine. Men hvis bestillingen din f\u00e5r problemer, vennligst kontakt oss via e-post<\/li>\n<li>AVBRYT bestilling: Hvis du trenger \u00e5 kansellere bestillingen, m\u00e5 du kontakte oss via e-post contact@pay.lpwstore.com s\u00e5 snart som mulig. Vi kan ikke stoppe bestillingen f\u00f8r 48 timer<\/li>\n<\/ul>\n<h4><strong>MANGLENDE DELER<\/strong><\/h4>\n<p>All parts of MOC 30884 Hogwart Castle Epic Extension \u00a0are quality checked before shipping, so if you find some missing or damaged parts, don&#8217;t worry.\u00a0 Please contact us and we will send them to you without any fees, or we will offer a small refund for you to buy in other places.<\/p>\n<figure id=\"attachment_192307\" aria-describedby=\"caption-attachment-192307\" style=\"width: 1020px\" class=\"wp-caption alignnone\"><img decoding=\"async\" class=\"wp-image-192307 size-large\" src=\"https:\/\/pay.lpwstore.com\/wp-content\/uploads\/2019\/11\/MOC-30884-Hogwart-Castle-Epic-Extension-by-Playwell-Bricks-1-1024x819.png\" alt=\"-\" width=\"1020\" height=\"816\" title=\"-\"><figcaption id=\"caption-attachment-192307\" class=\"wp-caption-text\">MOC 30884 Hogwart Castle Epic Extension &#8211; PART 1<\/figcaption><\/figure>\n<figure id=\"attachment_192308\" aria-describedby=\"caption-attachment-192308\" style=\"width: 1020px\" class=\"wp-caption alignnone\"><img loading=\"lazy\" decoding=\"async\" class=\"wp-image-192308 size-large\" src=\"https:\/\/pay.lpwstore.com\/wp-content\/uploads\/2019\/11\/MOC-30884-Hogwart-Castle-Epic-Extension-by-Playwell-Bricks-2-1024x864.png\" alt=\"-\" width=\"1020\" height=\"861\" title=\"-\"><figcaption id=\"caption-attachment-192308\" class=\"wp-caption-text\">MOC 30884 Hogwart Castle Epic Extension &#8211; PART 1<\/figcaption><\/figure>\n<figure id=\"attachment_192309\" aria-describedby=\"caption-attachment-192309\" style=\"width: 1020px\" class=\"wp-caption alignnone\"><img loading=\"lazy\" decoding=\"async\" class=\"wp-image-192309 size-large\" src=\"https:\/\/pay.lpwstore.com\/wp-content\/uploads\/2019\/11\/MOC-30884-Hogwart-Castle-Epic-Extension-by-Playwell-Bricks-3-1024x820.png\" alt=\"-\" width=\"1020\" height=\"817\" title=\"-\"><figcaption id=\"caption-attachment-192309\" class=\"wp-caption-text\">MOC 30884 Hogwart Castle Epic Extension &#8211; PART 2<\/figcaption><\/figure>\n<figure id=\"attachment_192310\" aria-describedby=\"caption-attachment-192310\" style=\"width: 1020px\" class=\"wp-caption alignnone\"><img loading=\"lazy\" decoding=\"async\" class=\"wp-image-192310 size-large\" src=\"https:\/\/pay.lpwstore.com\/wp-content\/uploads\/2019\/11\/MOC-30884-Hogwart-Castle-Epic-Extension-by-Playwell-Bricks-4-1024x852.png\" alt=\"-\" width=\"1020\" height=\"849\" title=\"-\"><figcaption id=\"caption-attachment-192310\" class=\"wp-caption-text\">MOC 30884 Hogwart Castle Epic Extension &#8211; PART 2<\/figcaption><\/figure>\n<figure id=\"attachment_192311\" aria-describedby=\"caption-attachment-192311\" style=\"width: 1020px\" class=\"wp-caption alignnone\"><img loading=\"lazy\" decoding=\"async\" class=\"wp-image-192311 size-large\" src=\"https:\/\/pay.lpwstore.com\/wp-content\/uploads\/2019\/11\/MOC-30884-Hogwart-Castle-Epic-Extension-by-Playwell-Bricks-5-1024x774.png\" alt=\"-\" width=\"1020\" height=\"771\" title=\"-\"><figcaption id=\"caption-attachment-192311\" class=\"wp-caption-text\">MOC 30884 Hogwart Castle Epic Extension &#8211; PART 2<\/figcaption><\/figure>\n<figure id=\"attachment_192312\" aria-describedby=\"caption-attachment-192312\" style=\"width: 1020px\" class=\"wp-caption alignnone\"><img loading=\"lazy\" decoding=\"async\" class=\"wp-image-192312 size-large\" src=\"https:\/\/pay.lpwstore.com\/wp-content\/uploads\/2019\/11\/Screenshot_4-1024x852.png\" alt=\"-\" width=\"1020\" height=\"849\" title=\"-\"><figcaption id=\"caption-attachment-192312\" class=\"wp-caption-text\">MOC 30884 Hogwart Castle Epic Extension &#8211; PART 2<\/figcaption><\/figure>\n<figure id=\"attachment_192313\" aria-describedby=\"caption-attachment-192313\" style=\"width: 1020px\" class=\"wp-caption alignnone\"><img loading=\"lazy\" decoding=\"async\" class=\"wp-image-192313 size-large\" src=\"https:\/\/pay.lpwstore.com\/wp-content\/uploads\/2019\/11\/Screenshot_5-1024x774.png\" alt=\"-\" width=\"1020\" height=\"771\" title=\"-\"><figcaption id=\"caption-attachment-192313\" class=\"wp-caption-text\">MOC 30884 Hogwart Castle Epic Extension &#8211; PART 2<\/figcaption><\/figure>\n<figure id=\"attachment_189026\" aria-describedby=\"caption-attachment-189026\" style=\"width: 1020px\" class=\"wp-caption alignnone\"><img loading=\"lazy\" decoding=\"async\" class=\"size-large wp-image-189026\" src=\"https:\/\/pay.lpwstore.com\/wp-content\/uploads\/2019\/11\/MOC-FACTORY-S7315-Hogwart\u2019s-Castle-Epic-Extension-MOC-30884-2-1024x1024.jpg\" alt=\"-\" width=\"1020\" height=\"1020\" title=\"-\"><figcaption id=\"caption-attachment-189026\" class=\"wp-caption-text\">MOC FACTORY S7315 Hogwart\u2019s Castle Epic Extension MOC-30884<\/figcaption><\/figure>\n<figure id=\"attachment_189027\" aria-describedby=\"caption-attachment-189027\" style=\"width: 1020px\" class=\"wp-caption alignnone\"><img loading=\"lazy\" decoding=\"async\" class=\"size-large wp-image-189027\" src=\"https:\/\/pay.lpwstore.com\/wp-content\/uploads\/2019\/11\/MOC-FACTORY-S7315-Hogwart\u2019s-Castle-Epic-Extension-MOC-30884-3-1024x1024.jpg\" alt=\"-\" width=\"1020\" height=\"1020\" title=\"-\"><figcaption id=\"caption-attachment-189027\" class=\"wp-caption-text\">MOC FACTORY S7315 Hogwart\u2019s Castle Epic Extension MOC-30884<\/figcaption><\/figure>\n<figure id=\"attachment_189028\" aria-describedby=\"caption-attachment-189028\" style=\"width: 1020px\" class=\"wp-caption alignnone\"><img loading=\"lazy\" decoding=\"async\" class=\"size-large wp-image-189028\" src=\"https:\/\/pay.lpwstore.com\/wp-content\/uploads\/2019\/11\/MOC-FACTORY-S7315-Hogwart\u2019s-Castle-Epic-Extension-MOC-30884-4-1024x1024.jpg\" alt=\"-\" width=\"1020\" height=\"1020\" title=\"-\"><figcaption id=\"caption-attachment-189028\" class=\"wp-caption-text\">MOC FACTORY S7315 Hogwart\u2019s Castle Epic Extension MOC-30884<\/figcaption><\/figure>\n<figure id=\"attachment_189029\" aria-describedby=\"caption-attachment-189029\" style=\"width: 510px\" class=\"wp-caption alignnone\"><img loading=\"lazy\" decoding=\"async\" class=\"size-full wp-image-189029\" src=\"https:\/\/pay.lpwstore.com\/wp-content\/uploads\/2019\/11\/MOC-FACTORY-S7315-Hogwart\u2019s-Castle-Epic-Extension-MOC-30884-11.png\" alt=\"-\" width=\"510\" height=\"510\" title=\"-\"><figcaption id=\"caption-attachment-189029\" class=\"wp-caption-text\">MOC FACTORY S7315 Hogwart\u2019s Castle Epic Extension MOC-30884<\/figcaption><\/figure>\n<figure id=\"attachment_189030\" aria-describedby=\"caption-attachment-189030\" style=\"width: 790px\" class=\"wp-caption alignnone\"><img loading=\"lazy\" decoding=\"async\" class=\"size-full wp-image-189030\" src=\"https:\/\/pay.lpwstore.com\/wp-content\/uploads\/2019\/11\/MOC-FACTORY-S7315-Hogwart\u2019s-Castle-Epic-Extension-MOC-30884-14.png\" alt=\"-\" width=\"790\" height=\"882\" title=\"-\"><figcaption id=\"caption-attachment-189030\" class=\"wp-caption-text\">MOC FACTORY S7315 Hogwart\u2019s Castle Epic Extension MOC-30884<\/figcaption><\/figure>\n<figure id=\"attachment_189032\" aria-describedby=\"caption-attachment-189032\" style=\"width: 790px\" class=\"wp-caption alignnone\"><img loading=\"lazy\" decoding=\"async\" class=\"size-full wp-image-189032\" src=\"https:\/\/pay.lpwstore.com\/wp-content\/uploads\/2019\/11\/MOC-FACTORY-S7315-Hogwart\u2019s-Castle-Epic-Extension-MOC-30884-16.png\" alt=\"-\" width=\"790\" height=\"557\" title=\"-\"><figcaption id=\"caption-attachment-189032\" class=\"wp-caption-text\">MOC FACTORY S7315 Hogwart\u2019s Castle Epic Extension MOC-30884<\/figcaption><\/figure>\n<div id=\"gtx-trans\">\n<div class=\"gtx-trans-icon\"><\/div>\n<\/div>","protected":false},"excerpt":{"rendered":"<p style=\"text-align: left\"><strong style=\"color: #ed1c24;font-size: 14.4px\">IN STOCK! BUT LIMITED STOCKS.\u00a0<\/strong><\/p>\n<p style=\"text-align: left\"><strong style=\"color: #ed1c24;font-size: 14.4px\">MOC 30884 + 71043\/16060 = FULL Hogwart&#8217;s Castle<\/strong><\/p>\n<p>\u2022 With 19306+ Pcs <strong>(Not include 71043 16060 Hogwart Castle brick set)<\/strong><\/p>\n<p>\u2022 Best ABS High Quality bricks This fantastic MOC 30884 Hogwart Castle Epic Extension made by MOC FACTORY<\/p>\n<p>\u2022<strong> We need <span style=\"color: #ed1c24\">10-20 days<\/span> to collect and prepair for your order<\/strong><\/p>\n<p>\u2022 <strong>Instruction via PDF<\/strong><\/p>\n<div class=\"jfk-bubble gtx-bubble\" role=\"alertdialog\" aria-describedby=\"bubble-7\">\n<div class=\"jfk-bubble-arrow-id jfk-bubble-arrow jfk-bubble-arrowup\">\n<div class=\"jfk-bubble-arrowimplbefore\"><\/div>\n<div class=\"jfk-bubble-arrowimplafter\"><\/div>\n<\/div>\n<\/div>","protected":false},"featured_media":19143,"comment_status":"open","ping_status":"closed","template":"","meta":{"_acf_changed":false},"product_cat":[15],"product_tag":[],"class_list":["product","first","instock","featured","shipping-taxable","purchasable","product-type-simple"],"acf":[],"_links":{"self":[{"href":"https:\/\/mouldking.store\/nb\/wp-json\/wp\/v2\/product\/19150","targetHints":{"allow":["GET"]}}],"collection":[{"href":"https:\/\/mouldking.store\/nb\/wp-json\/wp\/v2\/product"}],"about":[{"href":"https:\/\/mouldking.store\/nb\/wp-json\/wp\/v2\/types\/product"}],"replies":[{"embeddable":true,"href":"https:\/\/mouldking.store\/nb\/wp-json\/wp\/v2\/comments?post=19150"}],"wp:featuredmedia":[{"embeddable":true,"href":"https:\/\/mouldking.store\/nb\/wp-json\/wp\/v2\/media\/19143"}],"wp:attachment":[{"href":"https:\/\/mouldking.store\/nb\/wp-json\/wp\/v2\/media?parent=19150"}],"wp:term":[{"taxonomy":"product_cat","embeddable":true,"href":"https:\/\/mouldking.store\/nb\/wp-json\/wp\/v2\/product_cat?post=19150"},{"taxonomy":"product_tag","embeddable":true,"href":"https:\/\/mouldking.store\/nb\/wp-json\/wp\/v2\/product_tag?post=19150"}],"curies":[{"name":"wp","href":"https:\/\/api.w.org\/{rel}","templated":true}]}}