{"id":19761,"date":"2021-10-09T04:37:20","date_gmt":"2021-10-09T04:37:20","guid":{"rendered":"https:\/\/mouldking.store\/shop\/moc-factory-moc-29848-tow-truck-mk-ii-super-vehicle-by-lucioswitch81\/"},"modified":"2025-12-25T09:27:12","modified_gmt":"2025-12-25T02:27:12","slug":"moc-factory-moc-29848-tow-truck-mk-ii-super-vehicle-by-lucioswitch81","status":"publish","type":"product","link":"https:\/\/mouldking.store\/nb\/shop\/moc-factory-moc-29848-tow-truck-mk-ii-super-vehicle-by-lucioswitch81\/","title":{"rendered":"MOC FACTORY MOC 29848 Tow Truck MK II super kj\u00f8ret\u00f8y av Lucioswitch81"},"content":{"rendered":"<p><strong>PRODUKT DETALJ<\/strong><\/p>\n<p>MOC FACTORY MOC 29848 Tow Truck MK II by Lucioswitch81 is based\u00a0 on MOC 29848 Tow Truck MK II by Lucioswitch81 in rebrickable .\u00a0 It&#8217;s an awesome Brick set MOC FACTORY MOC 29848 Tow Truck MK II by Lucioswitch81<\/p>\n<ul>\n<li>+ 10.100\u00a0 pieces made from high-quality 100% ABS plastic bricks, safe for children, long time to play, 100% compatible with other brick brands<\/li>\n<li><span style=\"font-size: 14.4px\">Easy-to-build with manual instruction of MOC FACTORY MOC 29848 Tow Truck MK II by Lucioswitch81 <\/span><span style=\"font-size: 14.4px;color: #555555\">med kloss for kloss guide og bilder av h\u00f8y kvalitet<\/span><\/li>\n<li><span style=\"font-size: 14.4px\">Full dimensions of MOC FACTORY MOC 29848 Tow Truck MK II by Lucioswitch81:\u00a0<\/span><\/li>\n<\/ul>\n<figure id=\"attachment_189261\" aria-describedby=\"caption-attachment-189261\" style=\"width: 1020px\" class=\"wp-caption alignnone\"><img fetchpriority=\"high\" decoding=\"async\" class=\"size-large wp-image-189261\" src=\"https:\/\/pay.lpwstore.com\/wp-content\/uploads\/2020\/05\/MOC-FACTORY-MOC-29848-Tow-Truck-MK-II-3-Copy-1024x745.png\" alt=\"-\" width=\"1020\" height=\"742\" title=\"-\"><figcaption id=\"caption-attachment-189261\" class=\"wp-caption-text\">MOC FACTORY MOC 29848 Tow Truck MK II<\/figcaption><\/figure>\n<p>Length: 88 cm 110studs<br \/>\nWidth: 24,8cm 31studs, 28cm 35studs with mirrors<br \/>\nHeight: 32,8cm 41studs<br \/>\nWeight: 12.5 kg<\/p>\n<h4><strong>LEVERING OG RETUR<\/strong><\/h4>\n<p>We guarantee for MOC FACTORY MOC 29848 Tow Truck MK II by Lucioswitch81<\/p>\n<ul>\n<li>Full refusjon hvis du ikke mottar bestillingen din<\/li>\n<li>Gratis s\u00f8rge for manglende deler eller manuell bok<\/li>\n<li>Kunden betaler ikke mer for skatt og tollgebyr. (Hvis du m\u00e5 betale, vil vi refundere til deg)<\/li>\n<li>Internasjonal frakt er ganske komplisert, vi pr\u00f8ver hardt \u00e5 behandle alle problemene dine. Men hvis bestillingen din f\u00e5r problemer, vennligst kontakt oss via e-post<\/li>\n<li><span data-text-color=\"alert\"><strong>Avbryt bestillingen:<\/strong><\/span> Hvis du trenger \u00e5 kansellere bestillingen, m\u00e5 du kontakte oss via e-post contact@pay.lpwstore.com s\u00e5 snart som mulig. Vi kan ikke stoppe bestillingen f\u00f8r 48 timer<\/li>\n<\/ul>\n<h4><strong>MANGLENDE DELER<\/strong><\/h4>\n<p>All parts of MOC FACTORY MOC 29848 Tow Truck MK II by Lucioswitch81 \u00a0are quality checked before shipping, so if you find some missing or damaged parts, don&#8217;t worry. Please contact us and we will send them to you without any fees, or we will offer a small refund for you to buy in other places.<\/p>\n<h4><strong>PACKAGE<\/strong><\/h4>\n<p>MOC FACTORY MOC 29848 Tow Truck MK II by Lucioswitch81 new in sealed Bag with Bubble Safty Packing (No original box, original box is too big and easy to be broken during shipping, and this will save cost for you. We promise to pack the blocks well.<\/p>\n<figure id=\"attachment_189254\" aria-describedby=\"caption-attachment-189254\" style=\"width: 1020px\" class=\"wp-caption alignnone\"><img decoding=\"async\" class=\"size-large wp-image-189254\" src=\"https:\/\/pay.lpwstore.com\/wp-content\/uploads\/2020\/05\/40158-1024x769.jpg\" alt=\"-\" width=\"1020\" height=\"766\" title=\"-\"><figcaption id=\"caption-attachment-189254\" class=\"wp-caption-text\">MOC FACTORY MOC 29848 Tow Truck MK II by Lucioswitch81<\/figcaption><\/figure>\n<figure id=\"attachment_189255\" aria-describedby=\"caption-attachment-189255\" style=\"width: 1020px\" class=\"wp-caption alignnone\"><img decoding=\"async\" class=\"size-large wp-image-189255\" src=\"https:\/\/pay.lpwstore.com\/wp-content\/uploads\/2020\/05\/40158_BqkfYTK-1024x768.jpg\" alt=\"-\" width=\"1020\" height=\"765\" title=\"-\"><figcaption id=\"caption-attachment-189255\" class=\"wp-caption-text\">MOC FACTORY MOC 29848 Tow Truck MK II by Lucioswitch81<\/figcaption><\/figure>\n<figure id=\"attachment_189256\" aria-describedby=\"caption-attachment-189256\" style=\"width: 768px\" class=\"wp-caption alignnone\"><img loading=\"lazy\" decoding=\"async\" class=\"size-large wp-image-189256\" src=\"https:\/\/pay.lpwstore.com\/wp-content\/uploads\/2020\/05\/40158_kNPtlaF-768x1024.jpg\" alt=\"-\" width=\"768\" height=\"1024\" title=\"-\"><figcaption id=\"caption-attachment-189256\" class=\"wp-caption-text\">MOC FACTORY MOC 29848 Tow Truck MK II by Lucioswitch81<\/figcaption><\/figure>\n<figure id=\"attachment_189257\" aria-describedby=\"caption-attachment-189257\" style=\"width: 1020px\" class=\"wp-caption alignnone\"><img loading=\"lazy\" decoding=\"async\" class=\"size-large wp-image-189257\" src=\"https:\/\/pay.lpwstore.com\/wp-content\/uploads\/2020\/05\/40158_O5Rg0yU-1024x768.jpg\" alt=\"-\" width=\"1020\" height=\"765\" title=\"-\"><figcaption id=\"caption-attachment-189257\" class=\"wp-caption-text\">MOC FACTORY MOC 29848 Tow Truck MK II by Lucioswitch81<\/figcaption><\/figure>\n<figure id=\"attachment_189258\" aria-describedby=\"caption-attachment-189258\" style=\"width: 898px\" class=\"wp-caption alignnone\"><img loading=\"lazy\" decoding=\"async\" class=\"size-large wp-image-189258\" src=\"https:\/\/pay.lpwstore.com\/wp-content\/uploads\/2020\/05\/40158_rBfHrCL-898x1024.jpg\" alt=\"-\" width=\"898\" height=\"1024\" title=\"-\"><figcaption id=\"caption-attachment-189258\" class=\"wp-caption-text\">MOC FACTORY MOC 29848 Tow Truck MK II by Lucioswitch81<\/figcaption><\/figure>\n<p>MOC FACTORY MOC 29848 Tow Truck MK II by Lucioswitch81<\/p>\n<figure id=\"attachment_189238\" aria-describedby=\"caption-attachment-189238\" style=\"width: 1020px\" class=\"wp-caption alignnone\"><img loading=\"lazy\" decoding=\"async\" class=\"size-large wp-image-189238\" src=\"https:\/\/pay.lpwstore.com\/wp-content\/uploads\/2020\/05\/MOC-FACTORY-MOC-29848-Tow-Truck-MK-II-1-1024x576.jpg\" alt=\"-\" width=\"1020\" height=\"574\" title=\"-\"><figcaption id=\"caption-attachment-189238\" class=\"wp-caption-text\">MOC FACTORY MOC 29848 Tow Truck MK II by Lucioswitch81<\/figcaption><\/figure>\n<figure id=\"attachment_189240\" aria-describedby=\"caption-attachment-189240\" style=\"width: 1020px\" class=\"wp-caption alignnone\"><img loading=\"lazy\" decoding=\"async\" class=\"size-large wp-image-189240\" src=\"https:\/\/pay.lpwstore.com\/wp-content\/uploads\/2020\/05\/MOC-FACTORY-MOC-29848-Tow-Truck-MK-II-2-1024x576.jpg\" alt=\"-\" width=\"1020\" height=\"574\" title=\"-\"><figcaption id=\"caption-attachment-189240\" class=\"wp-caption-text\">MOC FACTORY MOC 29848 Tow Truck MK II by Lucioswitch81<\/figcaption><\/figure>\n<figure id=\"attachment_189241\" aria-describedby=\"caption-attachment-189241\" style=\"width: 1020px\" class=\"wp-caption alignnone\"><img loading=\"lazy\" decoding=\"async\" class=\"size-large wp-image-189241\" src=\"https:\/\/pay.lpwstore.com\/wp-content\/uploads\/2020\/05\/MOC-FACTORY-MOC-29848-Tow-Truck-MK-II-3-1024x576.jpg\" alt=\"-\" width=\"1020\" height=\"574\" title=\"-\"><figcaption id=\"caption-attachment-189241\" class=\"wp-caption-text\">MOC FACTORY MOC 29848 Tow Truck MK II by Lucioswitch81<\/figcaption><\/figure>\n<figure id=\"attachment_189242\" aria-describedby=\"caption-attachment-189242\" style=\"width: 1020px\" class=\"wp-caption alignnone\"><img loading=\"lazy\" decoding=\"async\" class=\"size-large wp-image-189242\" src=\"https:\/\/pay.lpwstore.com\/wp-content\/uploads\/2020\/05\/MOC-FACTORY-MOC-29848-Tow-Truck-MK-II-4-1024x576.jpg\" alt=\"-\" width=\"1020\" height=\"574\" title=\"-\"><figcaption id=\"caption-attachment-189242\" class=\"wp-caption-text\">MOC FACTORY MOC 29848 Tow Truck MK II by Lucioswitch81<\/figcaption><\/figure>\n<figure id=\"attachment_189243\" aria-describedby=\"caption-attachment-189243\" style=\"width: 1020px\" class=\"wp-caption alignnone\"><img loading=\"lazy\" decoding=\"async\" class=\"size-large wp-image-189243\" src=\"https:\/\/pay.lpwstore.com\/wp-content\/uploads\/2020\/05\/MOC-FACTORY-MOC-29848-Tow-Truck-MK-II-5-1024x576.jpg\" alt=\"-\" width=\"1020\" height=\"574\" title=\"-\"><figcaption id=\"caption-attachment-189243\" class=\"wp-caption-text\">MOC FACTORY MOC 29848 Tow Truck MK II by Lucioswitch81<\/figcaption><\/figure>\n<figure id=\"attachment_189244\" aria-describedby=\"caption-attachment-189244\" style=\"width: 1020px\" class=\"wp-caption alignnone\"><img loading=\"lazy\" decoding=\"async\" class=\"size-large wp-image-189244\" src=\"https:\/\/pay.lpwstore.com\/wp-content\/uploads\/2020\/05\/MOC-FACTORY-MOC-29848-Tow-Truck-MK-II-6-1024x576.jpg\" alt=\"-\" width=\"1020\" height=\"574\" title=\"-\"><figcaption id=\"caption-attachment-189244\" class=\"wp-caption-text\">MOC FACTORY MOC 29848 Tow Truck MK II by Lucioswitch81<\/figcaption><\/figure>\n<figure id=\"attachment_189245\" aria-describedby=\"caption-attachment-189245\" style=\"width: 830px\" class=\"wp-caption alignnone\"><img loading=\"lazy\" decoding=\"async\" class=\"size-large wp-image-189245\" src=\"https:\/\/pay.lpwstore.com\/wp-content\/uploads\/2020\/05\/MOC-FACTORY-MOC-29848-Tow-Truck-MK-II-7-830x1024.jpg\" alt=\"-\" width=\"830\" height=\"1024\" title=\"-\"><figcaption id=\"caption-attachment-189245\" class=\"wp-caption-text\">MOC FACTORY MOC 29848 Tow Truck MK II by Lucioswitch81<\/figcaption><\/figure>\n<figure id=\"attachment_189246\" aria-describedby=\"caption-attachment-189246\" style=\"width: 1020px\" class=\"wp-caption alignnone\"><img loading=\"lazy\" decoding=\"async\" class=\"size-large wp-image-189246\" src=\"https:\/\/pay.lpwstore.com\/wp-content\/uploads\/2020\/05\/MOC-FACTORY-MOC-29848-Tow-Truck-MK-II-8-1024x576.jpg\" alt=\"-\" width=\"1020\" height=\"574\" title=\"-\"><figcaption id=\"caption-attachment-189246\" class=\"wp-caption-text\">MOC FACTORY MOC 29848 Tow Truck MK II by Lucioswitch81<\/figcaption><\/figure>\n<figure id=\"attachment_189247\" aria-describedby=\"caption-attachment-189247\" style=\"width: 1020px\" class=\"wp-caption alignnone\"><img loading=\"lazy\" decoding=\"async\" class=\"size-large wp-image-189247\" src=\"https:\/\/pay.lpwstore.com\/wp-content\/uploads\/2020\/05\/MOC-FACTORY-MOC-29848-Tow-Truck-MK-II-9-1024x576.jpg\" alt=\"-\" width=\"1020\" height=\"574\" title=\"-\"><figcaption id=\"caption-attachment-189247\" class=\"wp-caption-text\">MOC FACTORY MOC 29848 Tow Truck MK II by Lucioswitch81<\/figcaption><\/figure>\n<figure id=\"attachment_189248\" aria-describedby=\"caption-attachment-189248\" style=\"width: 1020px\" class=\"wp-caption alignnone\"><img loading=\"lazy\" decoding=\"async\" class=\"size-large wp-image-189248\" src=\"https:\/\/pay.lpwstore.com\/wp-content\/uploads\/2020\/05\/MOC-FACTORY-MOC-29848-Tow-Truck-MK-II-10-1024x576.jpg\" alt=\"-\" width=\"1020\" height=\"574\" title=\"-\"><figcaption id=\"caption-attachment-189248\" class=\"wp-caption-text\">MOC FACTORY MOC 29848 Tow Truck MK II by Lucioswitch81<\/figcaption><\/figure>\n<figure id=\"attachment_189249\" aria-describedby=\"caption-attachment-189249\" style=\"width: 1020px\" class=\"wp-caption alignnone\"><img loading=\"lazy\" decoding=\"async\" class=\"size-large wp-image-189249\" src=\"https:\/\/pay.lpwstore.com\/wp-content\/uploads\/2020\/05\/MOC-FACTORY-MOC-29848-Tow-Truck-MK-II-11-1024x576.jpg\" alt=\"-\" width=\"1020\" height=\"574\" title=\"-\"><figcaption id=\"caption-attachment-189249\" class=\"wp-caption-text\">MOC FACTORY MOC 29848 Tow Truck MK II by Lucioswitch81<\/figcaption><\/figure>\n<figure id=\"attachment_189250\" aria-describedby=\"caption-attachment-189250\" style=\"width: 1020px\" class=\"wp-caption alignnone\"><img loading=\"lazy\" decoding=\"async\" class=\"size-large wp-image-189250\" src=\"https:\/\/pay.lpwstore.com\/wp-content\/uploads\/2020\/05\/MOC-FACTORY-MOC-29848-Tow-Truck-MK-II-12-1024x840.jpg\" alt=\"-\" width=\"1020\" height=\"837\" title=\"-\"><figcaption id=\"caption-attachment-189250\" class=\"wp-caption-text\">MOC FACTORY MOC 29848 Tow Truck MK II by Lucioswitch81<\/figcaption><\/figure>\n<figure id=\"attachment_189251\" aria-describedby=\"caption-attachment-189251\" style=\"width: 1020px\" class=\"wp-caption alignnone\"><img loading=\"lazy\" decoding=\"async\" class=\"size-large wp-image-189251\" src=\"https:\/\/pay.lpwstore.com\/wp-content\/uploads\/2020\/05\/MOC-FACTORY-MOC-29848-Tow-Truck-MK-II-13-1024x576.jpg\" alt=\"-\" width=\"1020\" height=\"574\" title=\"-\"><figcaption id=\"caption-attachment-189251\" class=\"wp-caption-text\">MOC FACTORY MOC 29848 Tow Truck MK II by Lucioswitch81<\/figcaption><\/figure>\n<figure id=\"attachment_189252\" aria-describedby=\"caption-attachment-189252\" style=\"width: 1020px\" class=\"wp-caption alignnone\"><img loading=\"lazy\" decoding=\"async\" class=\"size-large wp-image-189252\" src=\"https:\/\/pay.lpwstore.com\/wp-content\/uploads\/2020\/05\/MOC-FACTORY-MOC-29848-Tow-Truck-MK-II-14-1024x576.jpg\" alt=\"-\" width=\"1020\" height=\"574\" title=\"-\"><figcaption id=\"caption-attachment-189252\" class=\"wp-caption-text\">MOC FACTORY MOC 29848 Tow Truck MK II by Lucioswitch81<\/figcaption><\/figure>\n<figure id=\"attachment_189253\" aria-describedby=\"caption-attachment-189253\" style=\"width: 1020px\" class=\"wp-caption alignnone\"><img loading=\"lazy\" decoding=\"async\" class=\"size-large wp-image-189253\" src=\"https:\/\/pay.lpwstore.com\/wp-content\/uploads\/2020\/05\/MOC-FACTORY-MOC-29848-Tow-Truck-MK-II-15-1024x576.jpg\" alt=\"-\" width=\"1020\" height=\"574\" title=\"-\"><figcaption id=\"caption-attachment-189253\" class=\"wp-caption-text\">MOC FACTORY MOC 29848 Tow Truck MK II by Lucioswitch81<\/figcaption><\/figure>","protected":false},"excerpt":{"rendered":"<h3><strong>MOC FACTORY MOC 29848 Tow Truck MK II by Lucioswitch81<\/strong><\/h3>\n<h3><span data-text-color=\"alert\"><strong>With Motor version<\/strong><\/span><\/h3>\n<ul>\n<li>Antall murstein: <strong>10.100+ <\/strong>pcs and\n<ul>\n<li>PF elements:<\/li>\n<li>M motor: 8<\/li>\n<li>L Motor: 4<\/li>\n<li>XL Motor: 4<\/li>\n<li>Servo Motor: 3<\/li>\n<li>PF LED: 5<\/li>\n<li>Lipo Battery: 2<\/li>\n<li>Classic Battery Box: 1<\/li>\n<li>and some wire extensions.<\/li>\n<\/ul>\n<\/li>\n<li>Pneumatic Elements:\n<ul>\n<li>Small pumps: 1<\/li>\n<li>1&#215;5 Cylinder: 2<\/li>\n<li>Medium Cylinder new: 2<\/li>\n<li>Valve: 1<\/li>\n<\/ul>\n<\/li>\n<li>Service: Gratis reservedeler<\/li>\n<li>Legge merke til: <span style=\"text-decoration: underline\" data-text-color=\"alert\"><strong>Ingen originaleske<\/strong><\/span>,Bruk boblepose eller tom kartong.<\/li>\n<\/ul>\n<div id=\"gtx-trans\">\n<div class=\"gtx-trans-icon\"><\/div>\n<\/div>","protected":false},"featured_media":19739,"comment_status":"open","ping_status":"closed","template":"","meta":{"_acf_changed":false},"product_cat":[15],"product_tag":[],"class_list":["product","first","instock","shipping-taxable","purchasable","product-type-simple"],"acf":[],"_links":{"self":[{"href":"https:\/\/mouldking.store\/nb\/wp-json\/wp\/v2\/product\/19761","targetHints":{"allow":["GET"]}}],"collection":[{"href":"https:\/\/mouldking.store\/nb\/wp-json\/wp\/v2\/product"}],"about":[{"href":"https:\/\/mouldking.store\/nb\/wp-json\/wp\/v2\/types\/product"}],"replies":[{"embeddable":true,"href":"https:\/\/mouldking.store\/nb\/wp-json\/wp\/v2\/comments?post=19761"}],"wp:featuredmedia":[{"embeddable":true,"href":"https:\/\/mouldking.store\/nb\/wp-json\/wp\/v2\/media\/19739"}],"wp:attachment":[{"href":"https:\/\/mouldking.store\/nb\/wp-json\/wp\/v2\/media?parent=19761"}],"wp:term":[{"taxonomy":"product_cat","embeddable":true,"href":"https:\/\/mouldking.store\/nb\/wp-json\/wp\/v2\/product_cat?post=19761"},{"taxonomy":"product_tag","embeddable":true,"href":"https:\/\/mouldking.store\/nb\/wp-json\/wp\/v2\/product_tag?post=19761"}],"curies":[{"name":"wp","href":"https:\/\/api.w.org\/{rel}","templated":true}]}}