{"id":20105,"date":"2021-10-09T04:43:02","date_gmt":"2021-10-09T04:43:02","guid":{"rendered":"https:\/\/mouldking.store\/shop\/moc-37562-ford-f100-pickup-by-loxlego-moc-factory\/"},"modified":"2025-12-25T09:26:56","modified_gmt":"2025-12-25T02:26:56","slug":"moc-37562-ford-f100-pickup-by-loxlego-moc-factory","status":"publish","type":"product","link":"https:\/\/mouldking.store\/nb\/shop\/moc-37562-ford-f100-pickup-by-loxlego-moc-factory\/","title":{"rendered":"MOC 37562 Ford F100 Pickup fra Loxlego MOC FACTORY"},"content":{"rendered":"<p><strong>MERK:<\/strong><\/p>\n<ul>\n<li><strong>Fargen p\u00e5 individuelle deler tilsvarer ikke fargen p\u00e5 tegningsdeler, noe som ikke p\u00e5virker utseendet.<\/strong><\/li>\n<li><strong>Vennligst kj\u00f8p n\u00f8ye for de som ikke er bekymret for n\u00f8yaktigheten, fargeforskjellen til husholdningsdeler.<\/strong><\/li>\n<li><strong>The color of wheel hubs will be sent randomly as below type. Please contact us if you want the specific type of wheel hubs<\/strong><\/li>\n<\/ul>\n<p>&nbsp;<\/p>\n<p><img fetchpriority=\"high\" decoding=\"async\" class=\"size-full wp-image-204939 aligncenter\" src=\"https:\/\/pay.lpwstore.com\/wp-content\/uploads\/2020\/06\/MOC-37562-Ford-F100-Pickup-by-Loxlego-MOC-FACTORY.jpg\" alt=\"-\" width=\"470\" height=\"472\" title=\"-\"><\/p>\n<p>&nbsp;<\/p>\n<p>&nbsp;<\/p>","protected":false},"excerpt":{"rendered":"<ul>\n<li>Inkludere <strong>3234+<\/strong> stk<\/li>\n<li>Online PDF-instruksjoner<\/li>\n<li>H\u00f8y ABS-kvalitetsblokk<\/li>\n<li>Ingen motor<\/li>\n<\/ul>","protected":false},"featured_media":20101,"comment_status":"open","ping_status":"closed","template":"","meta":{"_acf_changed":false},"product_cat":[15],"product_tag":[],"class_list":["product","first","outofstock","shipping-taxable","purchasable","product-type-simple"],"acf":[],"_links":{"self":[{"href":"https:\/\/mouldking.store\/nb\/wp-json\/wp\/v2\/product\/20105","targetHints":{"allow":["GET"]}}],"collection":[{"href":"https:\/\/mouldking.store\/nb\/wp-json\/wp\/v2\/product"}],"about":[{"href":"https:\/\/mouldking.store\/nb\/wp-json\/wp\/v2\/types\/product"}],"replies":[{"embeddable":true,"href":"https:\/\/mouldking.store\/nb\/wp-json\/wp\/v2\/comments?post=20105"}],"wp:featuredmedia":[{"embeddable":true,"href":"https:\/\/mouldking.store\/nb\/wp-json\/wp\/v2\/media\/20101"}],"wp:attachment":[{"href":"https:\/\/mouldking.store\/nb\/wp-json\/wp\/v2\/media?parent=20105"}],"wp:term":[{"taxonomy":"product_cat","embeddable":true,"href":"https:\/\/mouldking.store\/nb\/wp-json\/wp\/v2\/product_cat?post=20105"},{"taxonomy":"product_tag","embeddable":true,"href":"https:\/\/mouldking.store\/nb\/wp-json\/wp\/v2\/product_tag?post=20105"}],"curies":[{"name":"wp","href":"https:\/\/api.w.org\/{rel}","templated":true}]}}