{"id":20239,"date":"2021-10-09T04:44:53","date_gmt":"2021-10-08T21:44:53","guid":{"rendered":"https:\/\/mouldking.store\/shop\/moc-13219-star-war-first-order-special-forces-fighter-minifig-scale-by-brickvault-moc-factory\/"},"modified":"2025-12-25T09:26:48","modified_gmt":"2025-12-25T02:26:48","slug":"moc-13219-star-war-first-order-special-forces-fighter-minifig-scale-by-brickvault-moc-factory","status":"publish","type":"product","link":"https:\/\/mouldking.store\/nb\/shop\/moc-13219-star-war-first-order-special-forces-fighter-minifig-scale-by-brickvault-moc-factory\/","title":{"rendered":"MOC 13219 Star War First Order Special Forces Fighter \u2013 Minifig Scale av brickvault MOC FACTORY"},"content":{"rendered":"<p>Demonstrert legitimt fra film vil du ikke finne en gradvis eksakt form av denne TIE-krigeren i Lego. V\u00e5r First Order Special Forces TIE (tvillingpartikkelmotor) Fighter inkluderer en ideell minifig-skalaplan og behagelig justert kropp. Jerac har tatt sin unike TIE-plan og utvidet den med st\u00f8rre nytte ved \u00e5 tilby plass til en tungv\u00e5penspesialist og pilot. Den inkluderer i tillegg et svingbart nedre t\u00e5rn og den beryktede r\u00f8de stripen.<\/p>\n<p><img fetchpriority=\"high\" decoding=\"async\" class=\"alignnone size-full wp-image-192293\" src=\"https:\/\/pay.lpwstore.com\/wp-content\/uploads\/2020\/06\/New-Project-24.png\" alt=\"MOC 13219\" width=\"800\" height=\"800\" title=\"-\"> <img decoding=\"async\" class=\"alignnone size-full wp-image-192292\" src=\"https:\/\/pay.lpwstore.com\/wp-content\/uploads\/2020\/06\/New-Project-1-2.png\" alt=\"-\" width=\"800\" height=\"800\" title=\"-\"> <img decoding=\"async\" class=\"alignnone size-full wp-image-192291\" src=\"https:\/\/pay.lpwstore.com\/wp-content\/uploads\/2020\/06\/New-Project-2-1.png\" alt=\"MOC 13219\" width=\"800\" height=\"800\" title=\"-\"><\/p>","protected":false},"excerpt":{"rendered":"<ul>\n<li>Inkludere <strong>903+<\/strong> stk<\/li>\n<li>Online PDF-instruksjoner<\/li>\n<li>ABS-blokk av h\u00f8y kvalitet<\/li>\n<\/ul>","protected":false},"featured_media":20236,"comment_status":"open","ping_status":"closed","template":"","meta":{"_acf_changed":false},"product_cat":[15],"product_tag":[],"class_list":["product","first","instock","shipping-taxable","purchasable","product-type-simple"],"acf":[],"_links":{"self":[{"href":"https:\/\/mouldking.store\/nb\/wp-json\/wp\/v2\/product\/20239","targetHints":{"allow":["GET"]}}],"collection":[{"href":"https:\/\/mouldking.store\/nb\/wp-json\/wp\/v2\/product"}],"about":[{"href":"https:\/\/mouldking.store\/nb\/wp-json\/wp\/v2\/types\/product"}],"replies":[{"embeddable":true,"href":"https:\/\/mouldking.store\/nb\/wp-json\/wp\/v2\/comments?post=20239"}],"wp:featuredmedia":[{"embeddable":true,"href":"https:\/\/mouldking.store\/nb\/wp-json\/wp\/v2\/media\/20236"}],"wp:attachment":[{"href":"https:\/\/mouldking.store\/nb\/wp-json\/wp\/v2\/media?parent=20239"}],"wp:term":[{"taxonomy":"product_cat","embeddable":true,"href":"https:\/\/mouldking.store\/nb\/wp-json\/wp\/v2\/product_cat?post=20239"},{"taxonomy":"product_tag","embeddable":true,"href":"https:\/\/mouldking.store\/nb\/wp-json\/wp\/v2\/product_tag?post=20239"}],"curies":[{"name":"wp","href":"https:\/\/api.w.org\/{rel}","templated":true}]}}