{"id":20281,"date":"2021-10-09T04:45:18","date_gmt":"2021-10-09T04:45:18","guid":{"rendered":"https:\/\/mouldking.store\/shop\/moc-0271-mars-science-laboratory-curiosity-rover-robot-by-perijove-moc-factory\/"},"modified":"2025-12-25T09:26:47","modified_gmt":"2025-12-25T02:26:47","slug":"moc-0271-mars-science-laboratory-curiosity-rover-robot-by-perijove-moc-factory","status":"publish","type":"product","link":"https:\/\/mouldking.store\/nb\/shop\/moc-0271-mars-science-laboratory-curiosity-rover-robot-by-perijove-moc-factory\/","title":{"rendered":"MOC-0271 Mars Science Laboratory Curiosity Rover Robot av Perijove MOC FACTORY"},"content":{"rendered":"<p>Dette er en modell av Mars Science Laboratory-roveren, kalt Curiosity. Det er n\u00e5 p\u00e5 Mars med en strategisk utforske fortiden og n\u00e5v\u00e6rende holdbarheten til den r\u00f8de planeten. 5. august 2012 tok den kontakt nede ved Gale Crater, like ved ekvator. Denne modellen har en fullstendig uttalt arm, utplasserbar stang og en fungerende rocker-bogie-opphengsramme som tillater meandereren \u00e5 bevege seg over store risting og holde hvert av de seks hjulene p\u00e5 bakken.<\/p>\n<p><img fetchpriority=\"high\" decoding=\"async\" class=\"alignnone size-full wp-image-192471\" src=\"https:\/\/pay.lpwstore.com\/wp-content\/uploads\/2020\/06\/New-Project-33.png\" alt=\"MOC0271\" width=\"800\" height=\"800\" title=\"-\"> <img decoding=\"async\" class=\"alignnone size-full wp-image-192470\" src=\"https:\/\/pay.lpwstore.com\/wp-content\/uploads\/2020\/06\/New-Project-34.png\" alt=\"MOC0271\" width=\"800\" height=\"800\" title=\"-\"> <img decoding=\"async\" class=\"alignnone size-full wp-image-192469\" src=\"https:\/\/pay.lpwstore.com\/wp-content\/uploads\/2020\/06\/New-Project-35.png\" alt=\"MOC0271\" width=\"800\" height=\"800\" title=\"-\"><\/p>","protected":false},"excerpt":{"rendered":"<ul>\n<li>Inkludere <strong>314+<\/strong> stk<\/li>\n<li>Online PDF-instruksjoner<\/li>\n<li>ABS-blokk av h\u00f8y kvalitet<\/li>\n<\/ul>","protected":false},"featured_media":20278,"comment_status":"open","ping_status":"closed","template":"","meta":{"_acf_changed":false},"product_cat":[15],"product_tag":[],"class_list":["product","first","instock","shipping-taxable","purchasable","product-type-simple"],"acf":[],"_links":{"self":[{"href":"https:\/\/mouldking.store\/nb\/wp-json\/wp\/v2\/product\/20281","targetHints":{"allow":["GET"]}}],"collection":[{"href":"https:\/\/mouldking.store\/nb\/wp-json\/wp\/v2\/product"}],"about":[{"href":"https:\/\/mouldking.store\/nb\/wp-json\/wp\/v2\/types\/product"}],"replies":[{"embeddable":true,"href":"https:\/\/mouldking.store\/nb\/wp-json\/wp\/v2\/comments?post=20281"}],"wp:featuredmedia":[{"embeddable":true,"href":"https:\/\/mouldking.store\/nb\/wp-json\/wp\/v2\/media\/20278"}],"wp:attachment":[{"href":"https:\/\/mouldking.store\/nb\/wp-json\/wp\/v2\/media?parent=20281"}],"wp:term":[{"taxonomy":"product_cat","embeddable":true,"href":"https:\/\/mouldking.store\/nb\/wp-json\/wp\/v2\/product_cat?post=20281"},{"taxonomy":"product_tag","embeddable":true,"href":"https:\/\/mouldking.store\/nb\/wp-json\/wp\/v2\/product_tag?post=20281"}],"curies":[{"name":"wp","href":"https:\/\/api.w.org\/{rel}","templated":true}]}}