{"id":20290,"date":"2021-10-09T04:45:26","date_gmt":"2021-10-08T21:45:26","guid":{"rendered":"https:\/\/mouldking.store\/shop\/moc-15743-green-tractor-super-construction-vehicle-by-de_marco-moc-factory\/"},"modified":"2025-12-25T09:26:46","modified_gmt":"2025-12-25T02:26:46","slug":"moc-15743-green-tractor-super-construction-vehicle-by-de_marco-moc-factory","status":"publish","type":"product","link":"https:\/\/mouldking.store\/nb\/shop\/moc-15743-green-tractor-super-construction-vehicle-by-de_marco-moc-factory\/","title":{"rendered":"MOC-15743 Gr\u00f8nn traktor Super Construction Vehicle av De_Marco MOC FACTORY"},"content":{"rendered":"<p>Utviklingssesongen er rett og slett rundt hj\u00f8rnet! Er det sant at du er sikker p\u00e5 at g\u00e5rdbrukerne i LEGO-byen din er klar for en monstr\u00f8s samling i en ikke s\u00e5 fjern fremtid? Se p\u00e5 denne geniale modellen av T150 traktor. Enorme hjul, arbeidsforklart regi og kutt for p\u00e5setting av utvendig kultiveringsutstyr - alt er her for \u00e5 gj\u00f8re arbeidet i felten ekstremt behagelig.<\/p>\n<p><img fetchpriority=\"high\" decoding=\"async\" class=\"alignnone size-full wp-image-192559\" src=\"https:\/\/pay.lpwstore.com\/wp-content\/uploads\/2020\/06\/New-Project-31.png\" alt=\"MOC-15743\" width=\"800\" height=\"800\" title=\"-\"><\/p>","protected":false},"excerpt":{"rendered":"<ul>\n<li>Inkludere <strong>170<\/strong><strong>+<\/strong> stk<\/li>\n<li>Online PDF-instruksjoner<\/li>\n<li>ABS-blokk av h\u00f8y kvalitet<\/li>\n<\/ul>","protected":false},"featured_media":20289,"comment_status":"open","ping_status":"closed","template":"","meta":{"_acf_changed":false},"product_cat":[15],"product_tag":[],"class_list":["product","first","outofstock","shipping-taxable","purchasable","product-type-simple"],"acf":[],"_links":{"self":[{"href":"https:\/\/mouldking.store\/nb\/wp-json\/wp\/v2\/product\/20290","targetHints":{"allow":["GET"]}}],"collection":[{"href":"https:\/\/mouldking.store\/nb\/wp-json\/wp\/v2\/product"}],"about":[{"href":"https:\/\/mouldking.store\/nb\/wp-json\/wp\/v2\/types\/product"}],"replies":[{"embeddable":true,"href":"https:\/\/mouldking.store\/nb\/wp-json\/wp\/v2\/comments?post=20290"}],"wp:featuredmedia":[{"embeddable":true,"href":"https:\/\/mouldking.store\/nb\/wp-json\/wp\/v2\/media\/20289"}],"wp:attachment":[{"href":"https:\/\/mouldking.store\/nb\/wp-json\/wp\/v2\/media?parent=20290"}],"wp:term":[{"taxonomy":"product_cat","embeddable":true,"href":"https:\/\/mouldking.store\/nb\/wp-json\/wp\/v2\/product_cat?post=20290"},{"taxonomy":"product_tag","embeddable":true,"href":"https:\/\/mouldking.store\/nb\/wp-json\/wp\/v2\/product_tag?post=20290"}],"curies":[{"name":"wp","href":"https:\/\/api.w.org\/{rel}","templated":true}]}}