{"id":20315,"date":"2021-10-09T04:45:55","date_gmt":"2021-10-08T21:45:55","guid":{"rendered":"https:\/\/mouldking.store\/shop\/moc-18144-exs-wing-starfighter-minifig-scale-in-star-wars-by-brickvault-moc-factory\/"},"modified":"2025-12-25T09:26:46","modified_gmt":"2025-12-25T02:26:46","slug":"moc-18144-exs-wing-starfighter-minifig-scale-in-star-wars-by-brickvault-moc-factory","status":"publish","type":"product","link":"https:\/\/mouldking.store\/nb\/shop\/moc-18144-exs-wing-starfighter-minifig-scale-in-star-wars-by-brickvault-moc-factory\/","title":{"rendered":"MOC-18144 EXS-wing Starfighter \u2013 Minifig Scale i Star Wars av brickvault MOC FACTORY"},"content":{"rendered":"<p>X-wing Starfighter kom f\u00f8rst p\u00e5 skjermen i Star Wars: Episode IV \u2013 A New Hope i 1977. Veldig raskt startet der p\u00e5 X-wing var enormt kjent blant fans, og utfordreren er for tiden et av de mest umiskjennelige romskipene noensinne. Den er noe jevn, noe hard og treffer et jevnt midtpunkt mellom science fiction og en avansert krigerflue. S-foliene \u00e5pner seg n\u00e5r de er i angrepsposisjon og f\u00e5r symbolet til \u00e5 &quot;X&quot;-forme, og resten er historie.<\/p>\n<p>Tidsordning; 4-8 uker<\/p>\n<p>&nbsp;<\/p>\n<figure id=\"attachment_202518\" class=\"wp-caption aligncenter\" style=\"width: 800px\" aria-describedby=\"caption-attachment-202518\"><figcaption id=\"caption-attachment-202518\" class=\"wp-caption-text\">\n<figure style=\"width: 681px\" class=\"wp-caption aligncenter\"><img fetchpriority=\"high\" decoding=\"async\" class=\"\" src=\"https:\/\/mocfactory.com\/wp-content\/uploads\/2020\/12\/New-Project-68-1-300x300.png\" alt=\"MOC-18144 Star Wars EXS-wing Starfighter - Minifig Scale Designer brickvault MOC FACTORY\" width=\"681\" height=\"681\" title=\"-\"><figcaption class=\"wp-caption-text\">MOC-18144 Star Wars EXS-wing Starfighter \u2013 Minifig Scale Designer mursteinhvelv MOC FACTORY<\/figcaption><\/figure>\n<\/figcaption><\/figure>","protected":false},"excerpt":{"rendered":"<ul>\n<li>Inkludere <strong>1160<\/strong><strong>+<\/strong> stk<\/li>\n<li>Online PDF-instruksjoner<\/li>\n<li>ABS-blokk av h\u00f8y kvalitet<\/li>\n<\/ul>","protected":false},"featured_media":20314,"comment_status":"open","ping_status":"closed","template":"","meta":{"_acf_changed":false},"product_cat":[415],"product_tag":[],"class_list":["product","first","instock","shipping-taxable","purchasable","product-type-simple"],"acf":[],"_links":{"self":[{"href":"https:\/\/mouldking.store\/nb\/wp-json\/wp\/v2\/product\/20315","targetHints":{"allow":["GET"]}}],"collection":[{"href":"https:\/\/mouldking.store\/nb\/wp-json\/wp\/v2\/product"}],"about":[{"href":"https:\/\/mouldking.store\/nb\/wp-json\/wp\/v2\/types\/product"}],"replies":[{"embeddable":true,"href":"https:\/\/mouldking.store\/nb\/wp-json\/wp\/v2\/comments?post=20315"}],"wp:featuredmedia":[{"embeddable":true,"href":"https:\/\/mouldking.store\/nb\/wp-json\/wp\/v2\/media\/20314"}],"wp:attachment":[{"href":"https:\/\/mouldking.store\/nb\/wp-json\/wp\/v2\/media?parent=20315"}],"wp:term":[{"taxonomy":"product_cat","embeddable":true,"href":"https:\/\/mouldking.store\/nb\/wp-json\/wp\/v2\/product_cat?post=20315"},{"taxonomy":"product_tag","embeddable":true,"href":"https:\/\/mouldking.store\/nb\/wp-json\/wp\/v2\/product_tag?post=20315"}],"curies":[{"name":"wp","href":"https:\/\/api.w.org\/{rel}","templated":true}]}}