{"id":20424,"date":"2021-10-09T04:48:26","date_gmt":"2021-10-08T21:48:26","guid":{"rendered":"https:\/\/mouldking.store\/shop\/moc-4162-8053-forwarder-technic-by-tomik-moc-factory\/"},"modified":"2025-12-25T09:25:21","modified_gmt":"2025-12-25T02:25:21","slug":"moc-4162-8053-forwarder-technic-by-tomik-moc-factory","status":"publish","type":"product","link":"https:\/\/mouldking.store\/nb\/shop\/moc-4162-8053-forwarder-technic-by-tomik-moc-factory\/","title":{"rendered":"MOC-4162 8053: Forwarder Technic av Tomik MOC FACTORY"},"content":{"rendered":"<p>Denne spedit\u00f8ren for forsendelse av logger er vekket av Noe NF410, og det er min f\u00f8rste modell som er laget i overkant av 1000 seksjoner. Spedit\u00f8ren fremhever uttalt styring begrenset av gir p\u00e5 toppen av taxi, l\u00f8ftende frontkant begrenset av navkobling p\u00e5 panseret, l\u00f8ftesprengning begrenset av to apparater p\u00e5 siden under kranen, dreiing av sprengning begrenset av navkobling p\u00e5 siden under kranen, \u00e5pningskrok begrenset av navkobling p\u00e5 siden av fangst og snusete i taxi. Modellen er forbedret med \u00e9n stokk.<\/p>\n<p><img fetchpriority=\"high\" decoding=\"async\" class=\"alignnone size-full wp-image-193626\" src=\"https:\/\/pay.lpwstore.com\/wp-content\/uploads\/2020\/07\/New-Project-8.png\" alt=\"MOC-4162\" width=\"800\" height=\"800\" title=\"-\"><\/p>","protected":false},"excerpt":{"rendered":"<ul>\n<li>Inkludere\u00a0<strong>1037+<\/strong>\u00a0stk<\/li>\n<li>PDF instruksjonsbok<\/li>\n<li>ABS-blokk av h\u00f8y kvalitet<\/li>\n<\/ul>","protected":false},"featured_media":20423,"comment_status":"open","ping_status":"closed","template":"","meta":{"_acf_changed":false},"product_cat":[364],"product_tag":[],"class_list":["product","first","instock","shipping-taxable","purchasable","product-type-simple"],"acf":[],"_links":{"self":[{"href":"https:\/\/mouldking.store\/nb\/wp-json\/wp\/v2\/product\/20424","targetHints":{"allow":["GET"]}}],"collection":[{"href":"https:\/\/mouldking.store\/nb\/wp-json\/wp\/v2\/product"}],"about":[{"href":"https:\/\/mouldking.store\/nb\/wp-json\/wp\/v2\/types\/product"}],"replies":[{"embeddable":true,"href":"https:\/\/mouldking.store\/nb\/wp-json\/wp\/v2\/comments?post=20424"}],"wp:featuredmedia":[{"embeddable":true,"href":"https:\/\/mouldking.store\/nb\/wp-json\/wp\/v2\/media\/20423"}],"wp:attachment":[{"href":"https:\/\/mouldking.store\/nb\/wp-json\/wp\/v2\/media?parent=20424"}],"wp:term":[{"taxonomy":"product_cat","embeddable":true,"href":"https:\/\/mouldking.store\/nb\/wp-json\/wp\/v2\/product_cat?post=20424"},{"taxonomy":"product_tag","embeddable":true,"href":"https:\/\/mouldking.store\/nb\/wp-json\/wp\/v2\/product_tag?post=20424"}],"curies":[{"name":"wp","href":"https:\/\/api.w.org\/{rel}","templated":true}]}}