{"id":20458,"date":"2021-10-09T04:49:45","date_gmt":"2021-10-08T21:49:45","guid":{"rendered":"https:\/\/mouldking.store\/shop\/moc-33689-ultimate-playset-scale-ship-century-hawk-star-wars-by-2bricksofficial-moc-factory\/"},"modified":"2025-12-25T09:25:21","modified_gmt":"2025-12-25T02:25:21","slug":"moc-33689-ultimate-playset-scale-ship-century-hawk-star-wars-by-2bricksofficial-moc-factory","status":"publish","type":"product","link":"https:\/\/mouldking.store\/nb\/shop\/moc-33689-ultimate-playset-scale-ship-century-hawk-star-wars-by-2bricksofficial-moc-factory\/","title":{"rendered":"MOC-33689 Ultimate Playset-Scale Ship &quot;Century Hawk&quot;! Star Wars av 2bricksofficial MOC FACTORY"},"content":{"rendered":"<p>Denne MOC-en er i samme skala som Legos egne &quot;normale&quot; Millennium Falcon-sett, men er presset med ekte filmfinesser og spilleh\u00f8ydepunkter. Inneholder et utstillingsstativ som setter Falcon p\u00e5 en unik kant, akkurat som en presentasjonsplakett som kan tvinge 11 normale m\u00e5lte figurer. Inneholder FULL innvendig, med de beryktede rommene du kjenner fra filmene, en cockpit med plass til 4 figurer, fullstendig avtagbar topp for enkel tilgang, reduserer boardinghellingen, skjult fraktrom og MYE mer!<\/p>\n<p><img fetchpriority=\"high\" decoding=\"async\" class=\"alignnone size-full wp-image-193949\" src=\"https:\/\/pay.lpwstore.com\/wp-content\/uploads\/2020\/07\/New-Project-17.png\" alt=\"MOC-33689\" width=\"800\" height=\"800\" title=\"-\"><\/p>","protected":false},"excerpt":{"rendered":"<ul>\n<li>Inkludere\u00a0<strong>3208+<\/strong>\u00a0stk<\/li>\n<li>PDF instruksjonsbok<\/li>\n<li>ABS-blokk av h\u00f8y kvalitet<\/li>\n<\/ul>","protected":false},"featured_media":20457,"comment_status":"open","ping_status":"closed","template":"","meta":{"_acf_changed":false},"product_cat":[415],"product_tag":[],"class_list":["product","first","outofstock","shipping-taxable","purchasable","product-type-simple"],"acf":[],"_links":{"self":[{"href":"https:\/\/mouldking.store\/nb\/wp-json\/wp\/v2\/product\/20458","targetHints":{"allow":["GET"]}}],"collection":[{"href":"https:\/\/mouldking.store\/nb\/wp-json\/wp\/v2\/product"}],"about":[{"href":"https:\/\/mouldking.store\/nb\/wp-json\/wp\/v2\/types\/product"}],"replies":[{"embeddable":true,"href":"https:\/\/mouldking.store\/nb\/wp-json\/wp\/v2\/comments?post=20458"}],"wp:featuredmedia":[{"embeddable":true,"href":"https:\/\/mouldking.store\/nb\/wp-json\/wp\/v2\/media\/20457"}],"wp:attachment":[{"href":"https:\/\/mouldking.store\/nb\/wp-json\/wp\/v2\/media?parent=20458"}],"wp:term":[{"taxonomy":"product_cat","embeddable":true,"href":"https:\/\/mouldking.store\/nb\/wp-json\/wp\/v2\/product_cat?post=20458"},{"taxonomy":"product_tag","embeddable":true,"href":"https:\/\/mouldking.store\/nb\/wp-json\/wp\/v2\/product_tag?post=20458"}],"curies":[{"name":"wp","href":"https:\/\/api.w.org\/{rel}","templated":true}]}}