{"id":20546,"date":"2021-10-09T04:51:30","date_gmt":"2021-10-08T21:51:30","guid":{"rendered":"https:\/\/mouldking.store\/shop\/moc-90005-nine-poses-of-yoga-moc-factory\/"},"modified":"2025-12-25T09:25:09","modified_gmt":"2025-12-25T02:25:09","slug":"moc-90005-nine-poses-of-yoga-moc-factory","status":"publish","type":"product","link":"https:\/\/mouldking.store\/nb\/shop\/moc-90005-nine-poses-of-yoga-moc-factory\/","title":{"rendered":"MOC-90005 Ni stillinger med yoga MOC FACTORY"},"content":{"rendered":"<div>det er en id\u00e9 om et MOC-sett med yoga-tema. Ulike yogastillinger snakkes til av en progresjon av modeller som krever normalt 75 komponenter hver. Modellene inkluderer fluktuerende grader av bygningskompetanse, men de fleste tilbyr et typisk lager av deler.<\/div>\n<div><\/div>\n<div>Stillingene det snakkes om er ekte yogagaver, som ligner p\u00e5 Padmasana eller Lotus Pose. Denne ideen er b\u00e5de en strukturforst\u00e5else og en begynnelse p\u00e5 Yoga med metoder for \u00e5 l\u00e6re de grunnleggende holdningene.<\/div>\n<div><\/div>\n<div>Produser det ... p\u00e5 det tidspunktet \u00f8v deg p\u00e5 det!<\/div>\n<div><\/div>\n<div><img fetchpriority=\"high\" decoding=\"async\" class=\"alignnone size-full wp-image-194318\" src=\"https:\/\/pay.lpwstore.com\/wp-content\/uploads\/2020\/07\/New-Project-2020-07-31T160000.696.png\" alt=\"MOC-90005 Nine poses of yoga MOC FACTORY\" width=\"800\" height=\"800\" title=\"-\"> <img decoding=\"async\" class=\"alignnone size-medium wp-image-194319\" src=\"https:\/\/pay.lpwstore.com\/wp-content\/uploads\/2020\/07\/New-Project-2020-07-31T155949.527.png\" alt=\"-\" width=\"800\" height=\"800\" title=\"-\"> <img decoding=\"async\" class=\"alignnone size-medium wp-image-194320\" src=\"https:\/\/pay.lpwstore.com\/wp-content\/uploads\/2020\/07\/New-Project-2020-07-31T155930.888.png\" alt=\"-\" width=\"800\" height=\"800\" title=\"-\"><\/div>","protected":false},"excerpt":{"rendered":"<ul>\n<li>Inkludere\u00a0<strong>644+<\/strong>\u00a0stk<\/li>\n<li>PDF instruksjonsbok<\/li>\n<li>ABS-blokk av h\u00f8y kvalitet<\/li>\n<\/ul>","protected":false},"featured_media":20543,"comment_status":"open","ping_status":"closed","template":"","meta":{"_acf_changed":false},"product_cat":[15],"product_tag":[],"class_list":["product","first","instock","shipping-taxable","purchasable","product-type-simple"],"acf":[],"_links":{"self":[{"href":"https:\/\/mouldking.store\/nb\/wp-json\/wp\/v2\/product\/20546","targetHints":{"allow":["GET"]}}],"collection":[{"href":"https:\/\/mouldking.store\/nb\/wp-json\/wp\/v2\/product"}],"about":[{"href":"https:\/\/mouldking.store\/nb\/wp-json\/wp\/v2\/types\/product"}],"replies":[{"embeddable":true,"href":"https:\/\/mouldking.store\/nb\/wp-json\/wp\/v2\/comments?post=20546"}],"wp:featuredmedia":[{"embeddable":true,"href":"https:\/\/mouldking.store\/nb\/wp-json\/wp\/v2\/media\/20543"}],"wp:attachment":[{"href":"https:\/\/mouldking.store\/nb\/wp-json\/wp\/v2\/media?parent=20546"}],"wp:term":[{"taxonomy":"product_cat","embeddable":true,"href":"https:\/\/mouldking.store\/nb\/wp-json\/wp\/v2\/product_cat?post=20546"},{"taxonomy":"product_tag","embeddable":true,"href":"https:\/\/mouldking.store\/nb\/wp-json\/wp\/v2\/product_tag?post=20546"}],"curies":[{"name":"wp","href":"https:\/\/api.w.org\/{rel}","templated":true}]}}