{"id":20555,"date":"2021-10-09T04:51:34","date_gmt":"2021-10-09T04:51:34","guid":{"rendered":"https:\/\/mouldking.store\/shop\/moc-90006-pokeball-creator-moc-factory\/"},"modified":"2025-12-25T09:25:09","modified_gmt":"2025-12-25T02:25:09","slug":"moc-90006-pokeball-creator-moc-factory","status":"publish","type":"product","link":"https:\/\/mouldking.store\/nb\/shop\/moc-90006-pokeball-creator-moc-factory\/","title":{"rendered":"MOC-90006 Pokeball Creator MOC FACTORY"},"content":{"rendered":"<p>En Pok\u00e9 Ball (japansk: \u30e2\u30f3\u30b9\u30bf\u30fc\u30dc\u30fc\u30eb Monster Ball) er en slags ting som er grunnleggende for en treners oppdrag, brukt til \u00e5 f\u00e5 og legge vekk Pok\u00e9mon. B\u00e5de et overordnet begrep som brukes for \u00e5 skildre de forskjellige typene, akkurat som et spesielt begrep for \u00e5 henvise til det mest essensielle blant disse variantene, Pok\u00e9 Balls er gjennomg\u00e5ende i den banebrytende Pok\u00e9mon-verdenen. Opptil seks Pok\u00e9mon kan formidles med en Trainer i Pok\u00e9 Balls, mens flere Pok\u00e9 Balls kan holdes i posen en gang i fremtiden. Disse seks Pok\u00e9monene i Pok\u00e9-ballene kan legges til klientens belte for \u00e5 l\u00f8fte dem rundt.<\/p>\n<p>&nbsp;<\/p>\n<p><img fetchpriority=\"high\" decoding=\"async\" class=\"alignnone size-full wp-image-194337\" src=\"https:\/\/pay.lpwstore.com\/wp-content\/uploads\/2020\/08\/New-Project-2020-08-01T145544.889.png\" alt=\"MOC-90006 Pokeball Creator MOC FACTORY\" width=\"800\" height=\"800\" title=\"-\"><\/p>","protected":false},"excerpt":{"rendered":"<ul>\n<li>Inkludere\u00a0<strong>158+<\/strong>\u00a0stk<\/li>\n<li>PDF instruksjonsbok<\/li>\n<li>ABS-blokk av h\u00f8y kvalitet<\/li>\n<\/ul>","protected":false},"featured_media":20554,"comment_status":"open","ping_status":"closed","template":"","meta":{"_acf_changed":false},"product_cat":[371],"product_tag":[],"class_list":["product","first","outofstock","shipping-taxable","purchasable","product-type-simple"],"acf":[],"_links":{"self":[{"href":"https:\/\/mouldking.store\/nb\/wp-json\/wp\/v2\/product\/20555","targetHints":{"allow":["GET"]}}],"collection":[{"href":"https:\/\/mouldking.store\/nb\/wp-json\/wp\/v2\/product"}],"about":[{"href":"https:\/\/mouldking.store\/nb\/wp-json\/wp\/v2\/types\/product"}],"replies":[{"embeddable":true,"href":"https:\/\/mouldking.store\/nb\/wp-json\/wp\/v2\/comments?post=20555"}],"wp:featuredmedia":[{"embeddable":true,"href":"https:\/\/mouldking.store\/nb\/wp-json\/wp\/v2\/media\/20554"}],"wp:attachment":[{"href":"https:\/\/mouldking.store\/nb\/wp-json\/wp\/v2\/media?parent=20555"}],"wp:term":[{"taxonomy":"product_cat","embeddable":true,"href":"https:\/\/mouldking.store\/nb\/wp-json\/wp\/v2\/product_cat?post=20555"},{"taxonomy":"product_tag","embeddable":true,"href":"https:\/\/mouldking.store\/nb\/wp-json\/wp\/v2\/product_tag?post=20555"}],"curies":[{"name":"wp","href":"https:\/\/api.w.org\/{rel}","templated":true}]}}