{"id":20624,"date":"2021-10-09T04:53:35","date_gmt":"2021-10-08T21:53:35","guid":{"rendered":"https:\/\/mouldking.store\/shop\/moc-90013-architecture-of-italy-moc-factory\/"},"modified":"2025-12-25T09:25:00","modified_gmt":"2025-12-25T02:25:00","slug":"moc-90013-architecture-of-italy-moc-factory","status":"publish","type":"product","link":"https:\/\/mouldking.store\/nb\/shop\/moc-90013-architecture-of-italy-moc-factory\/","title":{"rendered":"MOC 90013 Architecture of Italy MOC FACTORY"},"content":{"rendered":"<p>I tilfelle du noen gang har v\u00e6rt i Roma, f\u00e5r artikulasjonen &quot;Roma ble ikke jobbet p\u00e5 en dag&quot; en helt annen betydning. Ett blikk p\u00e5 designet gjennom hele byen, gjennom hele Italia, og du kan se hvilken som helst grunn til at det har hatt en varig effekt p\u00e5 ingeni\u00f8rarbeid rundt om i verden. Denne strukturen gjenspeiler up\u00e5klagelig appellen til italiensk design.<\/p>\n<p><img fetchpriority=\"high\" decoding=\"async\" class=\"alignnone size-full wp-image-194520\" src=\"https:\/\/pay.lpwstore.com\/wp-content\/uploads\/2020\/08\/New-Project-2020-08-04T214048.763.png\" alt=\"MOC 90013 Architecture of Italy MOC FACTORY\" width=\"800\" height=\"800\" title=\"-\"><\/p>","protected":false},"excerpt":{"rendered":"<ul>\n<li>Inkludere\u00a0<strong>3365+<\/strong>\u00a0stk<\/li>\n<li>PDF instruksjonsbok<\/li>\n<li>ABS-blokk av h\u00f8y kvalitet<\/li>\n<\/ul>","protected":false},"featured_media":20623,"comment_status":"open","ping_status":"closed","template":"","meta":{"_acf_changed":false},"product_cat":[15],"product_tag":[],"class_list":["product","first","instock","shipping-taxable","purchasable","product-type-simple"],"acf":[],"_links":{"self":[{"href":"https:\/\/mouldking.store\/nb\/wp-json\/wp\/v2\/product\/20624","targetHints":{"allow":["GET"]}}],"collection":[{"href":"https:\/\/mouldking.store\/nb\/wp-json\/wp\/v2\/product"}],"about":[{"href":"https:\/\/mouldking.store\/nb\/wp-json\/wp\/v2\/types\/product"}],"replies":[{"embeddable":true,"href":"https:\/\/mouldking.store\/nb\/wp-json\/wp\/v2\/comments?post=20624"}],"wp:featuredmedia":[{"embeddable":true,"href":"https:\/\/mouldking.store\/nb\/wp-json\/wp\/v2\/media\/20623"}],"wp:attachment":[{"href":"https:\/\/mouldking.store\/nb\/wp-json\/wp\/v2\/media?parent=20624"}],"wp:term":[{"taxonomy":"product_cat","embeddable":true,"href":"https:\/\/mouldking.store\/nb\/wp-json\/wp\/v2\/product_cat?post=20624"},{"taxonomy":"product_tag","embeddable":true,"href":"https:\/\/mouldking.store\/nb\/wp-json\/wp\/v2\/product_tag?post=20624"}],"curies":[{"name":"wp","href":"https:\/\/api.w.org\/{rel}","templated":true}]}}