{"id":20655,"date":"2021-10-09T04:54:13","date_gmt":"2021-10-09T04:54:13","guid":{"rendered":"https:\/\/mouldking.store\/shop\/moc-17076-31058-scorpion-creator-by-legoori-moc-factory\/"},"modified":"2025-12-25T09:24:58","modified_gmt":"2025-12-25T02:24:58","slug":"moc-17076-31058-scorpion-creator-by-legoori-moc-factory","status":"publish","type":"product","link":"https:\/\/mouldking.store\/nb\/shop\/moc-17076-31058-scorpion-creator-by-legoori-moc-factory\/","title":{"rendered":"MOC-17076 31058-Scorpion Creator av LegoOri MOC FACTORY"},"content":{"rendered":"<p>H\u00f8ydepunkter:<\/p>\n<p>\u2013 8 ben, alle bevegelige (selv om forbena bare har utvikling her og der)<\/p>\n<p>\u2013 Doble leddarmer, med to enorme utilitariske tenger (Sjekk den feilfrie monteringen for krokene)<\/p>\n<p>\u2013 Hale med 4 ledd, den f\u00f8rste er en roterende konjunktur, s\u00e5 halen kan ogs\u00e5 stikke til sidene. Jeg er ogs\u00e5 forelsket i brodden min.<\/p>\n<p>\u2013 Skummelt ansikt med 4 stirrende, glitrende \u00f8yne og to tenner<\/p>\n<p><img fetchpriority=\"high\" decoding=\"async\" class=\"alignnone size-full wp-image-194567\" src=\"https:\/\/pay.lpwstore.com\/wp-content\/uploads\/2020\/08\/New-Project-2020-08-07T100612.843.png\" alt=\"MOC-17076 31058-Scorpion Creator by LegoOri MOC FACTORY\" width=\"800\" height=\"800\" title=\"-\"> <img decoding=\"async\" class=\"alignnone size-full wp-image-194566\" src=\"https:\/\/pay.lpwstore.com\/wp-content\/uploads\/2020\/08\/New-Project-2020-08-07T100632.370.png\" alt=\"MOC-17076 31058-Scorpion Creator by LegoOri MOC FACTORY\" width=\"800\" height=\"800\" title=\"-\"><\/p>","protected":false},"excerpt":{"rendered":"<ul>\n<li>Inkludere\u00a0<strong>141+<\/strong>\u00a0stk<\/li>\n<li>PDF instruksjonsbok<\/li>\n<li>ABS-blokk av h\u00f8y kvalitet<\/li>\n<\/ul>","protected":false},"featured_media":20653,"comment_status":"open","ping_status":"closed","template":"","meta":{"_acf_changed":false},"product_cat":[371],"product_tag":[],"class_list":["product","first","instock","shipping-taxable","purchasable","product-type-simple"],"acf":[],"_links":{"self":[{"href":"https:\/\/mouldking.store\/nb\/wp-json\/wp\/v2\/product\/20655","targetHints":{"allow":["GET"]}}],"collection":[{"href":"https:\/\/mouldking.store\/nb\/wp-json\/wp\/v2\/product"}],"about":[{"href":"https:\/\/mouldking.store\/nb\/wp-json\/wp\/v2\/types\/product"}],"replies":[{"embeddable":true,"href":"https:\/\/mouldking.store\/nb\/wp-json\/wp\/v2\/comments?post=20655"}],"wp:featuredmedia":[{"embeddable":true,"href":"https:\/\/mouldking.store\/nb\/wp-json\/wp\/v2\/media\/20653"}],"wp:attachment":[{"href":"https:\/\/mouldking.store\/nb\/wp-json\/wp\/v2\/media?parent=20655"}],"wp:term":[{"taxonomy":"product_cat","embeddable":true,"href":"https:\/\/mouldking.store\/nb\/wp-json\/wp\/v2\/product_cat?post=20655"},{"taxonomy":"product_tag","embeddable":true,"href":"https:\/\/mouldking.store\/nb\/wp-json\/wp\/v2\/product_tag?post=20655"}],"curies":[{"name":"wp","href":"https:\/\/api.w.org\/{rel}","templated":true}]}}