{"id":20657,"date":"2021-10-09T04:54:14","date_gmt":"2021-10-08T21:54:14","guid":{"rendered":"https:\/\/mouldking.store\/shop\/moc-90015-sunflowers-van-gogh-series-moc-factory\/"},"modified":"2025-12-25T09:24:58","modified_gmt":"2025-12-25T02:24:58","slug":"moc-90015-sunflowers-van-gogh-series-moc-factory","status":"publish","type":"product","link":"https:\/\/mouldking.store\/nb\/shop\/moc-90015-sunflowers-van-gogh-series-moc-factory\/","title":{"rendered":"MOC-90015 Solsikker (Van Gogh-serien) MOC FABRIKK"},"content":{"rendered":"<p>Dette arrangementet presenterer bildet av solsikker i forskjellige stadier fra spiring til skrumpning. N\u00e5r det gjelder bruk av skyggelegging \u2013 i begrenset grad, b\u00f8r det tilskrives de nylig fremdrevne fargene som gj\u00f8r nye fargetoner tenkelige \u2013 uttrykksevnen til det gule arrangementet er brutt. Fra starten ser blomstene ut til \u00e5 ha en kakeskyggevirkning, uten at blomstene er f\u00f8lsomme p\u00e5 noen m\u00e5te. N\u00e5r vi forst\u00e5r at utf\u00f8relse definitivt ikke er en enkel etterligning av den virkelige verden, vil vi raskt f\u00f8le at de tykke strukturene og forvridde linjene i bladene som opprettholdes av grunnlaget aldri kan tegnes av et maktesl\u00f8st energisk individ.<\/p>\n<p><img fetchpriority=\"high\" decoding=\"async\" class=\"alignnone size-full wp-image-194623\" src=\"https:\/\/pay.lpwstore.com\/wp-content\/uploads\/2020\/08\/New-Project.jpg\" alt=\"MOC-90015 Sunflowers (Van Gogh series) MOC FACTORY\" width=\"800\" height=\"800\" title=\"-\"><\/p>","protected":false},"excerpt":{"rendered":"<ul>\n<li>Inkludere\u00a0<strong>1282+<\/strong>\u00a0stk<\/li>\n<li>PDF instruksjonsbok<\/li>\n<li>ABS-blokk av h\u00f8y kvalitet<\/li>\n<\/ul>","protected":false},"featured_media":20656,"comment_status":"open","ping_status":"closed","template":"","meta":{"_acf_changed":false},"product_cat":[15],"product_tag":[],"class_list":["product","first","outofstock","shipping-taxable","purchasable","product-type-simple"],"acf":[],"_links":{"self":[{"href":"https:\/\/mouldking.store\/nb\/wp-json\/wp\/v2\/product\/20657","targetHints":{"allow":["GET"]}}],"collection":[{"href":"https:\/\/mouldking.store\/nb\/wp-json\/wp\/v2\/product"}],"about":[{"href":"https:\/\/mouldking.store\/nb\/wp-json\/wp\/v2\/types\/product"}],"replies":[{"embeddable":true,"href":"https:\/\/mouldking.store\/nb\/wp-json\/wp\/v2\/comments?post=20657"}],"wp:featuredmedia":[{"embeddable":true,"href":"https:\/\/mouldking.store\/nb\/wp-json\/wp\/v2\/media\/20656"}],"wp:attachment":[{"href":"https:\/\/mouldking.store\/nb\/wp-json\/wp\/v2\/media?parent=20657"}],"wp:term":[{"taxonomy":"product_cat","embeddable":true,"href":"https:\/\/mouldking.store\/nb\/wp-json\/wp\/v2\/product_cat?post=20657"},{"taxonomy":"product_tag","embeddable":true,"href":"https:\/\/mouldking.store\/nb\/wp-json\/wp\/v2\/product_tag?post=20657"}],"curies":[{"name":"wp","href":"https:\/\/api.w.org\/{rel}","templated":true}]}}