{"id":20671,"date":"2021-10-09T04:54:20","date_gmt":"2021-10-09T04:54:20","guid":{"rendered":"https:\/\/mouldking.store\/shop\/moc-15873-mercedes-benz-300sl-creator-by-timeremembered-moc-factory\/"},"modified":"2025-12-25T09:24:58","modified_gmt":"2025-12-25T02:24:58","slug":"moc-15873-mercedes-benz-300sl-creator-by-timeremembered-moc-factory","status":"publish","type":"product","link":"https:\/\/mouldking.store\/nb\/shop\/moc-15873-mercedes-benz-300sl-creator-by-timeremembered-moc-factory\/","title":{"rendered":"MOC-15873 Mercedes-Benz 300SL Creator av timeremembered MOC FACTORY"},"content":{"rendered":"<p>Mercedes 300SL er mitt uovertrufne dr\u00f8mmekj\u00f8ret\u00f8y. Denne 6-pinners formen er laget av LEGO 75884 1968 Ford Mustang Fastback og noen ekstra klosser.<\/p>\n<p>Dens bemerkelsesverdige m\u00e5kevinge-innganger ble aktualisert, men kanten var begrenset.<\/p>\n<p>Beholdningen registrerer de ekstra delene som det var. Hele nedfallet er sammenf\u00f8yd med strukturretningene.<\/p>\n<p><img fetchpriority=\"high\" decoding=\"async\" class=\"alignnone size-full wp-image-194658\" src=\"https:\/\/pay.lpwstore.com\/wp-content\/uploads\/2020\/08\/New-Project-2020-08-10T102549.247.png\" alt=\"MOC-15873 Mercedes-Benz 300SL Creator by timeremembered MOC FACTORY\" width=\"800\" height=\"800\" title=\"-\"> <img decoding=\"async\" class=\"alignnone size-full wp-image-194657\" src=\"https:\/\/pay.lpwstore.com\/wp-content\/uploads\/2020\/08\/New-Project-2020-08-10T102628.759.png\" alt=\"MOC-15873 Mercedes-Benz 300SL Creator by timeremembered MOC FACTORY\" width=\"800\" height=\"800\" title=\"-\"><\/p>","protected":false},"excerpt":{"rendered":"<ul>\n<li>Inkludere\u00a0<strong>102+<\/strong>\u00a0stk<\/li>\n<li>Online PDF-instruksjoner<\/li>\n<li>H\u00f8y ABS-kvalitetsblokk<\/li>\n<\/ul>","protected":false},"featured_media":20669,"comment_status":"open","ping_status":"closed","template":"","meta":{"_acf_changed":false},"product_cat":[371],"product_tag":[],"class_list":["product","first","instock","shipping-taxable","purchasable","product-type-simple"],"acf":[],"_links":{"self":[{"href":"https:\/\/mouldking.store\/nb\/wp-json\/wp\/v2\/product\/20671","targetHints":{"allow":["GET"]}}],"collection":[{"href":"https:\/\/mouldking.store\/nb\/wp-json\/wp\/v2\/product"}],"about":[{"href":"https:\/\/mouldking.store\/nb\/wp-json\/wp\/v2\/types\/product"}],"replies":[{"embeddable":true,"href":"https:\/\/mouldking.store\/nb\/wp-json\/wp\/v2\/comments?post=20671"}],"wp:featuredmedia":[{"embeddable":true,"href":"https:\/\/mouldking.store\/nb\/wp-json\/wp\/v2\/media\/20669"}],"wp:attachment":[{"href":"https:\/\/mouldking.store\/nb\/wp-json\/wp\/v2\/media?parent=20671"}],"wp:term":[{"taxonomy":"product_cat","embeddable":true,"href":"https:\/\/mouldking.store\/nb\/wp-json\/wp\/v2\/product_cat?post=20671"},{"taxonomy":"product_tag","embeddable":true,"href":"https:\/\/mouldking.store\/nb\/wp-json\/wp\/v2\/product_tag?post=20671"}],"curies":[{"name":"wp","href":"https:\/\/api.w.org\/{rel}","templated":true}]}}