{"id":20805,"date":"2021-10-09T04:56:13","date_gmt":"2021-10-09T04:56:13","guid":{"rendered":"https:\/\/mouldking.store\/shop\/moc-0074-avatar-helicopter-technic-by-conv-barman-moc-factory\/"},"modified":"2025-12-25T09:24:48","modified_gmt":"2025-12-25T02:24:48","slug":"moc-0074-avatar-helicopter-technic-by-conv-barman-moc-factory","status":"publish","type":"product","link":"https:\/\/mouldking.store\/nb\/shop\/moc-0074-avatar-helicopter-technic-by-conv-barman-moc-factory\/","title":{"rendered":"MOC-0074 Avatar Helicopter Technic av conv-barman MOC FACTORY"},"content":{"rendered":"<p>Aerospatiale SA-2 Samson er en menneskelig lysr\u00f8rvifte som er ment \u00e5 utf\u00f8re for det meste ikke-kampoppdrag. Samson er utstyrt med skytev\u00e5pen i inngangsporten, separerbare rakettbokser, og er arbeidshesten til RDA-prosedyren p\u00e5 Pandora. Den brukes til \u00e5 flytte gods og fakultet til og fra adskilte destinasjoner. Et snarepunkt for slyngelastoppgaver gj\u00f8r at Samson kan transportere ekstra eller st\u00f8rre nyttelast enn vanlig.<\/p>\n<p><img fetchpriority=\"high\" decoding=\"async\" class=\"alignnone size-full wp-image-195045\" src=\"https:\/\/pay.lpwstore.com\/wp-content\/uploads\/2020\/08\/New-Project-2020-08-19T105626.063.png\" alt=\"MOC-0074 Avatar Helicopter Technic by conv-barman MOC FACTORY\" width=\"800\" height=\"800\" title=\"-\"> <img decoding=\"async\" class=\"alignnone size-full wp-image-195044\" src=\"https:\/\/pay.lpwstore.com\/wp-content\/uploads\/2020\/08\/New-Project-2020-08-19T105640.376.png\" alt=\"MOC-0074 Avatar Helicopter Technic by conv-barman MOC FACTORY\" width=\"800\" height=\"800\" title=\"-\"><\/p>","protected":false},"excerpt":{"rendered":"<ul>\n<li>Inkludere\u00a0<strong>1827+<\/strong>\u00a0stk<\/li>\n<li>Online PDF-instruksjoner<\/li>\n<li>H\u00f8y ABS-kvalitetsblokk<\/li>\n<\/ul>","protected":false},"featured_media":20802,"comment_status":"open","ping_status":"closed","template":"","meta":{"_acf_changed":false},"product_cat":[364],"product_tag":[],"class_list":["product","first","outofstock","shipping-taxable","purchasable","product-type-simple"],"acf":[],"_links":{"self":[{"href":"https:\/\/mouldking.store\/nb\/wp-json\/wp\/v2\/product\/20805","targetHints":{"allow":["GET"]}}],"collection":[{"href":"https:\/\/mouldking.store\/nb\/wp-json\/wp\/v2\/product"}],"about":[{"href":"https:\/\/mouldking.store\/nb\/wp-json\/wp\/v2\/types\/product"}],"replies":[{"embeddable":true,"href":"https:\/\/mouldking.store\/nb\/wp-json\/wp\/v2\/comments?post=20805"}],"wp:featuredmedia":[{"embeddable":true,"href":"https:\/\/mouldking.store\/nb\/wp-json\/wp\/v2\/media\/20802"}],"wp:attachment":[{"href":"https:\/\/mouldking.store\/nb\/wp-json\/wp\/v2\/media?parent=20805"}],"wp:term":[{"taxonomy":"product_cat","embeddable":true,"href":"https:\/\/mouldking.store\/nb\/wp-json\/wp\/v2\/product_cat?post=20805"},{"taxonomy":"product_tag","embeddable":true,"href":"https:\/\/mouldking.store\/nb\/wp-json\/wp\/v2\/product_tag?post=20805"}],"curies":[{"name":"wp","href":"https:\/\/api.w.org\/{rel}","templated":true}]}}