{"id":20862,"date":"2021-10-09T04:56:43","date_gmt":"2021-10-08T21:56:43","guid":{"rendered":"https:\/\/mouldking.store\/shop\/moc-45802-42111-c-model-protohype-racer-super-car-by-cleansupgood-moc-factory\/"},"modified":"2025-12-25T09:24:25","modified_gmt":"2025-12-25T02:24:25","slug":"moc-45802-42111-c-model-protohype-racer-super-car-by-cleansupgood-moc-factory","status":"publish","type":"product","link":"https:\/\/mouldking.store\/nb\/shop\/moc-45802-42111-c-model-protohype-racer-super-car-by-cleansupgood-moc-factory\/","title":{"rendered":"MOC-45802 42111 C-modell: PROTOHYPE Racer Super Car av Cleansupgood MOC FACTORY"},"content":{"rendered":"<p>Trinn: Midtmotor\/bakhjulsdrift<br \/>\nDrivlinje: arbeidsniv\u00e5 8 kammermotor<br \/>\nFj\u00e6ring: fri fj\u00e6ring foran, sterkt baknav med kr\u00f8ll stuns<br \/>\nStyring: Omvendt stativ knyttet til veiledende prute i hytten p\u00e5 taket<br \/>\nUlike funksjoner: \u00c5pningsmotorspredning med koordinert panserpropp<br \/>\nM\u00e5l: 41,3 cm L x 18,9 cm B x 10,4 cm H<br \/>\nVekt: 866 g<\/p>\n<p><img fetchpriority=\"high\" decoding=\"async\" class=\"alignnone size-full wp-image-195299\" src=\"https:\/\/pay.lpwstore.com\/wp-content\/uploads\/2020\/08\/New-Project-2020-08-27T223621.474.png\" alt=\"MOC-45802 42111 C-Model: PROTOHYPE Racer Super Car by Cleansupgood MOC FACTORY\" width=\"800\" height=\"800\" title=\"-\"> <img decoding=\"async\" class=\"alignnone size-full wp-image-195298\" src=\"https:\/\/pay.lpwstore.com\/wp-content\/uploads\/2020\/08\/New-Project-2020-08-27T223642.056.png\" alt=\"MOC-45802 42111 C-Model: PROTOHYPE Racer Super Car by Cleansupgood MOC FACTORY\" width=\"800\" height=\"800\" title=\"-\"> <img decoding=\"async\" class=\"alignnone size-full wp-image-195297\" src=\"https:\/\/pay.lpwstore.com\/wp-content\/uploads\/2020\/08\/New-Project-2020-08-27T223656.156.png\" alt=\"MOC-45802 42111 C-Model: PROTOHYPE Racer Super Car by Cleansupgood MOC FACTORY\" width=\"800\" height=\"800\" title=\"-\"> <img loading=\"lazy\" decoding=\"async\" class=\"alignnone size-full wp-image-195296\" src=\"https:\/\/pay.lpwstore.com\/wp-content\/uploads\/2020\/08\/New-Project-2020-08-27T223731.907.png\" alt=\"MOC-45802 42111 C-Model: PROTOHYPE Racer Super Car by Cleansupgood MOC FACTORY\" width=\"800\" height=\"800\" title=\"-\"><\/p>","protected":false},"excerpt":{"rendered":"<ul>\n<li>Inkludere\u00a0<strong>965+<\/strong>\u00a0stk<\/li>\n<li>PDF instruksjonsbok<\/li>\n<li>ABS-blokk av h\u00f8y kvalitet<\/li>\n<\/ul>","protected":false},"featured_media":20858,"comment_status":"open","ping_status":"closed","template":"","meta":{"_acf_changed":false},"product_cat":[364],"product_tag":[],"class_list":["product","first","instock","shipping-taxable","purchasable","product-type-simple"],"acf":[],"_links":{"self":[{"href":"https:\/\/mouldking.store\/nb\/wp-json\/wp\/v2\/product\/20862","targetHints":{"allow":["GET"]}}],"collection":[{"href":"https:\/\/mouldking.store\/nb\/wp-json\/wp\/v2\/product"}],"about":[{"href":"https:\/\/mouldking.store\/nb\/wp-json\/wp\/v2\/types\/product"}],"replies":[{"embeddable":true,"href":"https:\/\/mouldking.store\/nb\/wp-json\/wp\/v2\/comments?post=20862"}],"wp:featuredmedia":[{"embeddable":true,"href":"https:\/\/mouldking.store\/nb\/wp-json\/wp\/v2\/media\/20858"}],"wp:attachment":[{"href":"https:\/\/mouldking.store\/nb\/wp-json\/wp\/v2\/media?parent=20862"}],"wp:term":[{"taxonomy":"product_cat","embeddable":true,"href":"https:\/\/mouldking.store\/nb\/wp-json\/wp\/v2\/product_cat?post=20862"},{"taxonomy":"product_tag","embeddable":true,"href":"https:\/\/mouldking.store\/nb\/wp-json\/wp\/v2\/product_tag?post=20862"}],"curies":[{"name":"wp","href":"https:\/\/api.w.org\/{rel}","templated":true}]}}