{"id":20940,"date":"2021-10-09T04:58:16","date_gmt":"2021-10-08T21:58:16","guid":{"rendered":"https:\/\/mouldking.store\/shop\/moc-24879-auto-moto-parts-accessories-relate-with-lego-10264-corner-garage-alternate-model-modular-by-huaojozu-moc-factory\/"},"modified":"2025-12-25T09:24:23","modified_gmt":"2025-12-25T02:24:23","slug":"moc-24879-auto-moto-parts-accessories-relate-with-lego-10264-corner-garage-alternate-model-modular-by-huaojozu-moc-factory","status":"publish","type":"product","link":"https:\/\/mouldking.store\/nb\/shop\/moc-24879-auto-moto-parts-accessories-relate-with-lego-10264-corner-garage-alternate-model-modular-by-huaojozu-moc-factory\/","title":{"rendered":"MOC-24879 Auto-Moto deler og tilbeh\u00f8r relaterer seg til LEGO 10264 hj\u00f8rnegarasje alternativ modell Modular av Huaojozu MOC FACTORY"},"content":{"rendered":"<p>De m\u00e5lte Auto-Moto-delene og tilbeh\u00f8rene er en 32-studs bred struktur med 2 fullstendig utstyrte etasjer (en butikk og en leilighet) og en ekstra midt-etasje for \u00e5 utvide strukturens h\u00f8yde.<\/p>\n<p><img fetchpriority=\"high\" decoding=\"async\" class=\"alignnone size-full wp-image-195646\" src=\"https:\/\/pay.lpwstore.com\/wp-content\/uploads\/2020\/09\/New-Project-2020-09-05T163145.051.png\" alt=\"MOC-24879 Auto-Moto Parts &amp; Accessories (10264 Corner Garage Alternate Model Modular) by Huaojozu MOC FACTORY\" width=\"800\" height=\"800\" title=\"-\"> <img decoding=\"async\" class=\"alignnone size-full wp-image-195645\" src=\"https:\/\/pay.lpwstore.com\/wp-content\/uploads\/2020\/09\/New-Project-2020-09-05T163202.269.png\" alt=\"MOC-24879 Auto-Moto Parts &amp; Accessories (10264 Corner Garage Alternate Model Modular) by Huaojozu MOC FACTORY\" width=\"800\" height=\"800\" title=\"-\"><\/p>","protected":false},"excerpt":{"rendered":"<ul>\n<li>Inkludere\u00a0<strong>2190+<\/strong>\u00a0stk<\/li>\n<li>Manuell instruksjonsbok<\/li>\n<li>ABS-blokk av h\u00f8y kvalitet<\/li>\n<\/ul>","protected":false},"featured_media":20938,"comment_status":"open","ping_status":"closed","template":"","meta":{"_acf_changed":false},"product_cat":[15],"product_tag":[],"class_list":["product","first","instock","shipping-taxable","purchasable","product-type-simple"],"acf":[],"_links":{"self":[{"href":"https:\/\/mouldking.store\/nb\/wp-json\/wp\/v2\/product\/20940","targetHints":{"allow":["GET"]}}],"collection":[{"href":"https:\/\/mouldking.store\/nb\/wp-json\/wp\/v2\/product"}],"about":[{"href":"https:\/\/mouldking.store\/nb\/wp-json\/wp\/v2\/types\/product"}],"replies":[{"embeddable":true,"href":"https:\/\/mouldking.store\/nb\/wp-json\/wp\/v2\/comments?post=20940"}],"wp:featuredmedia":[{"embeddable":true,"href":"https:\/\/mouldking.store\/nb\/wp-json\/wp\/v2\/media\/20938"}],"wp:attachment":[{"href":"https:\/\/mouldking.store\/nb\/wp-json\/wp\/v2\/media?parent=20940"}],"wp:term":[{"taxonomy":"product_cat","embeddable":true,"href":"https:\/\/mouldking.store\/nb\/wp-json\/wp\/v2\/product_cat?post=20940"},{"taxonomy":"product_tag","embeddable":true,"href":"https:\/\/mouldking.store\/nb\/wp-json\/wp\/v2\/product_tag?post=20940"}],"curies":[{"name":"wp","href":"https:\/\/api.w.org\/{rel}","templated":true}]}}