{"id":20991,"date":"2021-10-09T04:58:39","date_gmt":"2021-10-08T21:58:39","guid":{"rendered":"https:\/\/mouldking.store\/shop\/moc-42632-back-to-the-future-1985-delorean-time-machine-by-luissaladrigas-moc-factory\/"},"modified":"2025-12-25T09:24:21","modified_gmt":"2025-12-25T02:24:21","slug":"moc-42632-back-to-the-future-1985-delorean-time-machine-by-luissaladrigas-moc-factory","status":"publish","type":"product","link":"https:\/\/mouldking.store\/nb\/shop\/moc-42632-back-to-the-future-1985-delorean-time-machine-by-luissaladrigas-moc-factory\/","title":{"rendered":"MOC 42632 Back to the Future 1985 DeLorean Time Machine av Luissaladrigas MOC FACTORY"},"content":{"rendered":"<p><strong>PRODUKTINFORMASJON<\/strong><\/p>\n<p>MOC 42632 Back to the Future 1985 DeLorean Time Machine av luissaladrigas MOC FACTORY er basert p\u00e5 en ber\u00f8mt bil \u2013 Time Machine i filmen: Back to the Future-serien, MOC 4262 designet av dropey1479 i rebrickable, med noen sm\u00e5 modifiserte og INGEN KROM-BRICKS , INGEN INKLUDERT MINIFIGER. Det er et fantastisk mursteinsett MOC 42632 Back to the Future 1985 DeLorean Time Machine av luissaladrigas MOC FACTORY<\/p>\n<p>I Back to the Future-serien er DeLorean-tidsmaskinen en tidsreiseenhet laget ved \u00e5 ettermontere et DMC DeLorean-kj\u00f8ret\u00f8y med en flukskondensator. Bilen krever 1,21 gigawatt str\u00f8m og m\u00e5 kj\u00f8re 88 miles per time (142 km\/t) for \u00e5 starte tidsreiser. En av bilene som brukes i filmingen er utstilt i et museum i Paarl, S\u00f8r-Afrika. Den offisielle Back to the Future DeLorean kan sees p\u00e5 Petersen Automotive Museum.<\/p>\n<figure id=\"attachment_193748\" class=\"wp-caption alignnone\" style=\"width: 1020px\" aria-describedby=\"caption-attachment-193748\"><img fetchpriority=\"high\" decoding=\"async\" class=\"wp-image-193748 size-large\" src=\"https:\/\/pay.lpwstore.com\/wp-content\/uploads\/2020\/07\/MOC-42632-Back-to-the-Future-1985-DeLorean-Time-Machine-byluissaladrigas-MOC-FACTORY-9-1024x576.jpg\" alt=\"-\" width=\"1020\" height=\"574\" title=\"-\"><figcaption id=\"caption-attachment-193748\" class=\"wp-caption-text\">MOC 42632 Back to the Future 1985 DeLorean Time Machine av Luissaladrigas MOC FACTORY<\/figcaption><\/figure>\n<blockquote><p>MOC-nummer: 42632 Navn p\u00e5 MOC: Back to the Future 1985 DeLorean Time Machine Designet av: luissaladrigas Designet i: 2020 Antall deler: 2583 deler Kategori: Annet&gt;Film<\/p><\/blockquote>\n<ul>\n<li>+ 2583 deler laget av h\u00f8ykvalitets 100% ABS plastklosser, trygt for barn, lang tid \u00e5 leke, 100% kompatibel med andre mursteinsmerker<\/li>\n<li><strong>INGEN KROMDEL, INGEN STR\u00d8MFUNKSJON, INGEN ETIKETTE. Noen bilder av denne MOC er kun ment som illustrasjon<\/strong><\/li>\n<li><span style=\"font-size: 14.4px\">Enkel \u00e5 bygge med manuell instruksjon av MOC 42632 Back to the Future 1985 DeLorean Time Machine av luissaladrigas MOC FACTORY <\/span><span style=\"font-size: 14.4px;color: #555555\">med kloss for kloss guide og bilder av h\u00f8y kvalitet<\/span><\/li>\n<li><span style=\"font-size: 14.4px\">Full dimensjoner av MMOC 42632 Back to the Future 1985 DeLorean Time Machine av Luissaladrigas MOC FACTORY<\/span><\/li>\n<\/ul>\n<h4><strong>GARANTI<\/strong><\/h4>\n<p>Vi garanterer for MOC 42632 Back to the Future 1985 DeLorean Time Machine av Luissaladrigas MOC FACTORY<\/p>\n<ul>\n<li>Full refusjon hvis du ikke mottar bestillingen din<\/li>\n<li>Gratis s\u00f8rge for manglende deler eller manuell bok<\/li>\n<li>Kunder vil ikke betale mer for skatter og tollgebyrer. (Hvis du m\u00e5 betale, vil vi refundere til deg)<\/li>\n<li>Internasjonal frakt er ganske komplisert, vi pr\u00f8ver hardt \u00e5 behandle alle problemene dine. Men hvis bestillingen din f\u00e5r problemer, vennligst kontakt oss via e-post<\/li>\n<li><span data-text-color=\"alert\"><strong>Avbryt bestillingen:<\/strong><\/span> Hvis du trenger \u00e5 kansellere bestillingen, m\u00e5 du kontakte oss via e-post contact@pay.lpwstore.com s\u00e5 snart som mulig. Vi kan ikke stoppe bestillingen f\u00f8r 48 timer<\/li>\n<\/ul>\n<h4><strong>SHIPPING<\/strong><\/h4>\n<p>MOC 42632 Back to the Future 1985 DeLorean Time Machine b yluissaladrigas MOC FACTORYY vil v\u00e6re klar for sending i SEPTEMBER 2020. Vent p\u00e5 oss. Hvis du \u00f8nsker \u00e5 kansellere forh\u00e5ndsbestillingen, kontakt oss via e-post, vi refunderer deg i sin helhet<\/p>\n<h4><strong>MANGLENDE DELER<\/strong><\/h4>\n<p>Alle deler av MOC 42632 Back to the Future 1985 DeLorean Time Machine av luissaladrigas MOC FACTORY er kvalitetssjekket f\u00f8r frakt, s\u00e5 hvis du finner noen manglende eller skadede deler, ikke bekymre deg. Ta kontakt med oss, s\u00e5 sender vi dem til deg uten gebyrer, eller vi tilbyr en liten refusjon som du kan kj\u00f8pe andre steder.<\/p>\n<figure id=\"attachment_193740\" class=\"wp-caption alignnone\" style=\"width: 1020px\" aria-describedby=\"caption-attachment-193740\"><img decoding=\"async\" class=\"wp-image-193740 size-large\" src=\"https:\/\/pay.lpwstore.com\/wp-content\/uploads\/2020\/07\/MOC-42632-Back-to-the-Future-1985-DeLorean-Time-Machine-byluissaladrigas-MOC-FACTORY-1-1024x576.png\" alt=\"-\" width=\"1020\" height=\"574\" title=\"-\"><figcaption id=\"caption-attachment-193740\" class=\"wp-caption-text\">MOC 42632 Back to the Future 1985 DeLorean Time Machine av Luissaladrigas MOC FACTORY<\/figcaption><\/figure>\n<figure id=\"attachment_193739\" class=\"wp-caption alignnone\" style=\"width: 1020px\" aria-describedby=\"caption-attachment-193739\"><img decoding=\"async\" class=\"wp-image-193739 size-large\" src=\"https:\/\/pay.lpwstore.com\/wp-content\/uploads\/2020\/07\/MOC-42632-Back-to-the-Future-1985-DeLorean-Time-Machine-byluissaladrigas-MOC-FACTORY-1-1024x576.jpg\" alt=\"-\" width=\"1020\" height=\"574\" title=\"-\"><figcaption id=\"caption-attachment-193739\" class=\"wp-caption-text\">MOC 42632 Back to the Future 1985 DeLorean Time Machine av Luissaladrigas MOC FACTORY<\/figcaption><\/figure>\n<figure id=\"attachment_193741\" class=\"wp-caption alignnone\" style=\"width: 1020px\" aria-describedby=\"caption-attachment-193741\"><img loading=\"lazy\" decoding=\"async\" class=\"wp-image-193741 size-large\" src=\"https:\/\/pay.lpwstore.com\/wp-content\/uploads\/2020\/07\/MOC-42632-Back-to-the-Future-1985-DeLorean-Time-Machine-byluissaladrigas-MOC-FACTORY-2-1024x576.jpg\" alt=\"-\" width=\"1020\" height=\"574\" title=\"-\"><figcaption id=\"caption-attachment-193741\" class=\"wp-caption-text\">MOC 42632 Back to the Future 1985 DeLorean Time Machine av Luissaladrigas MOC FACTORY<\/figcaption><\/figure>\n<figure id=\"attachment_193742\" class=\"wp-caption alignnone\" style=\"width: 1020px\" aria-describedby=\"caption-attachment-193742\"><img loading=\"lazy\" decoding=\"async\" class=\"wp-image-193742 size-large\" src=\"https:\/\/pay.lpwstore.com\/wp-content\/uploads\/2020\/07\/MOC-42632-Back-to-the-Future-1985-DeLorean-Time-Machine-byluissaladrigas-MOC-FACTORY-3-1024x576.jpg\" alt=\"-\" width=\"1020\" height=\"574\" title=\"-\"><figcaption id=\"caption-attachment-193742\" class=\"wp-caption-text\">MOC 42632 Back to the Future 1985 DeLorean Time Machine av Luissaladrigas MOC FACTORY<\/figcaption><\/figure>\n<figure id=\"attachment_193743\" class=\"wp-caption alignnone\" style=\"width: 1020px\" aria-describedby=\"caption-attachment-193743\"><img loading=\"lazy\" decoding=\"async\" class=\"wp-image-193743 size-large\" src=\"https:\/\/pay.lpwstore.com\/wp-content\/uploads\/2020\/07\/MOC-42632-Back-to-the-Future-1985-DeLorean-Time-Machine-byluissaladrigas-MOC-FACTORY-4-1024x576.jpg\" alt=\"-\" width=\"1020\" height=\"574\" title=\"-\"><figcaption id=\"caption-attachment-193743\" class=\"wp-caption-text\">MOC 42632 Back to the Future 1985 DeLorean Time Machine av Luissaladrigas MOC FACTORY<\/figcaption><\/figure>\n<figure id=\"attachment_193744\" class=\"wp-caption alignnone\" style=\"width: 1020px\" aria-describedby=\"caption-attachment-193744\"><img loading=\"lazy\" decoding=\"async\" class=\"wp-image-193744 size-large\" src=\"https:\/\/pay.lpwstore.com\/wp-content\/uploads\/2020\/07\/MOC-42632-Back-to-the-Future-1985-DeLorean-Time-Machine-byluissaladrigas-MOC-FACTORY-5-1024x576.jpg\" alt=\"-\" width=\"1020\" height=\"574\" title=\"-\"><figcaption id=\"caption-attachment-193744\" class=\"wp-caption-text\">MOC 42632 Back to the Future 1985 DeLorean Time Machine av Luissaladrigas MOC FACTORY<\/figcaption><\/figure>\n<figure id=\"attachment_193745\" class=\"wp-caption alignnone\" style=\"width: 1020px\" aria-describedby=\"caption-attachment-193745\"><img loading=\"lazy\" decoding=\"async\" class=\"wp-image-193745 size-large\" src=\"https:\/\/pay.lpwstore.com\/wp-content\/uploads\/2020\/07\/MOC-42632-Back-to-the-Future-1985-DeLorean-Time-Machine-byluissaladrigas-MOC-FACTORY-6-1024x576.jpg\" alt=\"-\" width=\"1020\" height=\"574\" title=\"-\"><figcaption id=\"caption-attachment-193745\" class=\"wp-caption-text\">MOC 42632 Back to the Future 1985 DeLorean Time Machine av Luissaladrigas MOC FACTORY<\/figcaption><\/figure>\n<figure id=\"attachment_193746\" class=\"wp-caption alignnone\" style=\"width: 1020px\" aria-describedby=\"caption-attachment-193746\"><img loading=\"lazy\" decoding=\"async\" class=\"wp-image-193746 size-large\" src=\"https:\/\/pay.lpwstore.com\/wp-content\/uploads\/2020\/07\/MOC-42632-Back-to-the-Future-1985-DeLorean-Time-Machine-byluissaladrigas-MOC-FACTORY-7-1024x576.jpg\" alt=\"-\" width=\"1020\" height=\"574\" title=\"-\"><figcaption id=\"caption-attachment-193746\" class=\"wp-caption-text\">MOC 42632 Back to the Future 1985 DeLorean Time Machine av Luissaladrigas MOC FACTORY<\/figcaption><\/figure>\n<figure id=\"attachment_193747\" class=\"wp-caption alignnone\" style=\"width: 1020px\" aria-describedby=\"caption-attachment-193747\"><img loading=\"lazy\" decoding=\"async\" class=\"wp-image-193747 size-large\" src=\"https:\/\/pay.lpwstore.com\/wp-content\/uploads\/2020\/07\/MOC-42632-Back-to-the-Future-1985-DeLorean-Time-Machine-byluissaladrigas-MOC-FACTORY-8-1024x576.jpg\" alt=\"-\" width=\"1020\" height=\"574\" title=\"-\"><figcaption id=\"caption-attachment-193747\" class=\"wp-caption-text\">MOC 42632 Back to the Future 1985 DeLorean Time Machine av Luissaladrigas MOC FACTORY<\/figcaption><\/figure>\n<figure id=\"attachment_193749\" class=\"wp-caption alignnone\" style=\"width: 1020px\" aria-describedby=\"caption-attachment-193749\"><img loading=\"lazy\" decoding=\"async\" class=\"wp-image-193749 size-large\" src=\"https:\/\/pay.lpwstore.com\/wp-content\/uploads\/2020\/07\/MOC-42632-Back-to-the-Future-1985-DeLorean-Time-Machine-byluissaladrigas-MOC-FACTORY-10-1024x576.jpg\" alt=\"-\" width=\"1020\" height=\"574\" title=\"-\"><figcaption id=\"caption-attachment-193749\" class=\"wp-caption-text\">MOC 42632 Back to the Future 1985 DeLorean Time Machine av Luissaladrigas MOC FACTORY<\/figcaption><\/figure>","protected":false},"excerpt":{"rendered":"<h3><strong>MOC 42632 Back to the Future 1985 DeLorean Time Machine av Luissaladrigas MOC FACTORY<\/strong><\/h3>\n<ul>\n<li>Antall murstein:<strong> +2583 <\/strong>stk<\/li>\n<li><strong><span data-text-color=\"alert\">INGEN KROMDEL, INGEN STR\u00d8MFUNKSJON, INGEN ETIKETTE<\/span>. Noen bilder av denne MOC er kun ment som illustrasjon<\/strong><\/li>\n<li>Service: Gratis reservedeler<\/li>\n<li>Merk: Ingen originaleske, bruk boblepose eller tom kartongeske.<\/li>\n<\/ul>","protected":false},"featured_media":20979,"comment_status":"open","ping_status":"closed","template":"","meta":{"_acf_changed":false},"product_cat":[15],"product_tag":[],"class_list":["product","first","instock","shipping-taxable","purchasable","product-type-simple"],"acf":[],"_links":{"self":[{"href":"https:\/\/mouldking.store\/nb\/wp-json\/wp\/v2\/product\/20991","targetHints":{"allow":["GET"]}}],"collection":[{"href":"https:\/\/mouldking.store\/nb\/wp-json\/wp\/v2\/product"}],"about":[{"href":"https:\/\/mouldking.store\/nb\/wp-json\/wp\/v2\/types\/product"}],"replies":[{"embeddable":true,"href":"https:\/\/mouldking.store\/nb\/wp-json\/wp\/v2\/comments?post=20991"}],"wp:featuredmedia":[{"embeddable":true,"href":"https:\/\/mouldking.store\/nb\/wp-json\/wp\/v2\/media\/20979"}],"wp:attachment":[{"href":"https:\/\/mouldking.store\/nb\/wp-json\/wp\/v2\/media?parent=20991"}],"wp:term":[{"taxonomy":"product_cat","embeddable":true,"href":"https:\/\/mouldking.store\/nb\/wp-json\/wp\/v2\/product_cat?post=20991"},{"taxonomy":"product_tag","embeddable":true,"href":"https:\/\/mouldking.store\/nb\/wp-json\/wp\/v2\/product_tag?post=20991"}],"curies":[{"name":"wp","href":"https:\/\/api.w.org\/{rel}","templated":true}]}}