{"id":21063,"date":"2021-10-09T05:00:24","date_gmt":"2021-10-08T22:00:24","guid":{"rendered":"https:\/\/mouldking.store\/shop\/moc-17299-shuttle-tydirium-display-stand-lego-75094-set-star-wars-by-barneius-mocfactory\/"},"modified":"2025-12-25T09:24:20","modified_gmt":"2025-12-25T02:24:20","slug":"moc-17299-shuttle-tydirium-display-stand-lego-75094-set-star-wars-by-barneius-mocfactory","status":"publish","type":"product","link":"https:\/\/mouldking.store\/nb\/shop\/moc-17299-shuttle-tydirium-display-stand-lego-75094-set-star-wars-by-barneius-mocfactory\/","title":{"rendered":"MOC-17299 Shuttle Tydirium Display Stand \u2013 LEGO 75094 sett Star Wars av barneius MOCFACTORY"},"content":{"rendered":"<div>Presenter LEGO Imperial Shuttle Tydirium 75094 i flymodus p\u00e5 dette UCS-stil displaystativet.<\/div>\n<div><\/div>\n<div>Enkel p\u00e5 \u2013 enkel av. Stativet holder modellen urokkelig satt opp og er virkelig st\u00f8dig. Ingen justeringer av det f\u00f8rste LEGO-settet kreves. Bare send vingene, sett den p\u00e5 stativet og sett pris p\u00e5 utseendet til Imperial Shuttle n\u00e5r den n\u00e6rmet seg Endor!<\/div>\n<div><\/div>\n<div>Dette er slik varebilen ser ut p\u00e5 stativet (Shuttle selv er en MOC avhengig av 75094).<\/div>\n<div><a href=\"https:\/\/pay.lpwstore.com\/wp-content\/uploads\/2020\/09\/MOC-17299-Shuttle-Tydirium-Display-Stand-LEGO-75094-set-Star-Wars-by-barneius-MOCFACTORY.jpg\" target=\"_blank\" rel=\"noopener\"><img fetchpriority=\"high\" decoding=\"async\" class=\"aligncenter wp-image-196188 size-full\" title=\"MOC-17299-Shuttle-Tydirium-Display-Stativ---LEGO-75094-sett-Star-Wars-av-barneius-MOCFACTORY\" src=\"https:\/\/pay.lpwstore.com\/wp-content\/uploads\/2020\/09\/MOC-17299-Shuttle-Tydirium-Display-Stand-LEGO-75094-set-Star-Wars-by-barneius-MOCFACTORY.jpg\" alt=\"MOC-17299-Shuttle-Tydirium-Display-Stand---LEGO-75094-set-Star-Wars-by-barneius-MOCFACTORY\" width=\"800\" height=\"800\" \/><\/a><\/div>","protected":false},"excerpt":{"rendered":"<ul>\n<li>Inkludere <strong>124+<\/strong> stk<\/li>\n<li>Online PDF-instruksjoner<\/li>\n<li>ABS-blokk av h\u00f8y kvalitet<\/li>\n<\/ul>","protected":false},"featured_media":21062,"comment_status":"open","ping_status":"closed","template":"","meta":{"_acf_changed":false},"product_cat":[415],"product_tag":[],"class_list":["product","first","outofstock","shipping-taxable","purchasable","product-type-simple"],"acf":[],"_links":{"self":[{"href":"https:\/\/mouldking.store\/nb\/wp-json\/wp\/v2\/product\/21063","targetHints":{"allow":["GET"]}}],"collection":[{"href":"https:\/\/mouldking.store\/nb\/wp-json\/wp\/v2\/product"}],"about":[{"href":"https:\/\/mouldking.store\/nb\/wp-json\/wp\/v2\/types\/product"}],"replies":[{"embeddable":true,"href":"https:\/\/mouldking.store\/nb\/wp-json\/wp\/v2\/comments?post=21063"}],"wp:featuredmedia":[{"embeddable":true,"href":"https:\/\/mouldking.store\/nb\/wp-json\/wp\/v2\/media\/21062"}],"wp:attachment":[{"href":"https:\/\/mouldking.store\/nb\/wp-json\/wp\/v2\/media?parent=21063"}],"wp:term":[{"taxonomy":"product_cat","embeddable":true,"href":"https:\/\/mouldking.store\/nb\/wp-json\/wp\/v2\/product_cat?post=21063"},{"taxonomy":"product_tag","embeddable":true,"href":"https:\/\/mouldking.store\/nb\/wp-json\/wp\/v2\/product_tag?post=21063"}],"curies":[{"name":"wp","href":"https:\/\/api.w.org\/{rel}","templated":true}]}}