{"id":21086,"date":"2021-10-09T05:00:59","date_gmt":"2021-10-08T22:00:59","guid":{"rendered":"https:\/\/mouldking.store\/shop\/moc-90029-the-great-wave-off-kanagawa-creator-mocfactory\/"},"modified":"2025-12-25T09:24:20","modified_gmt":"2025-12-25T02:24:20","slug":"moc-90029-the-great-wave-off-kanagawa-creator-mocfactory","status":"publish","type":"product","link":"https:\/\/mouldking.store\/nb\/shop\/moc-90029-the-great-wave-off-kanagawa-creator-mocfactory\/","title":{"rendered":"MOC-90029 Den store b\u00f8lgen fra Kanagawa Creator MOCFACTORY"},"content":{"rendered":"<p style=\"text-align: left\">Den store b\u00f8lgen utenfor Kanagawa (Hepburn: Kanagawa-oki Nami Ura, &quot;Under b\u00f8lgen utenfor Kanagawa&quot;), ellers kalt Den store b\u00f8lgen eller i utgangspunktet The Wave, er et treblokktrykk av den japanske ukiyo-e-h\u00e5ndverkeren Hokusai. Den ble distribuert p\u00e5 et tidspunkt et sted i omr\u00e5det 1829 og 1833 i den sene tidsrammen for Edo som hovedtrykket i Hokusais arrangement Thirty-six Views of Mount Fuji. Det er Hokusais mest ber\u00f8mte verk og blir ofte sett p\u00e5 som det mest umiskjennelige japanske h\u00e5ndverket p\u00e5 planeten.<\/p>\n<p><a href=\"https:\/\/pay.lpwstore.com\/wp-content\/uploads\/2020\/09\/MOC-90029-The-Great-Wave-off-Kanagawa-Creator-MOCFACTORY.jpg\" target=\"_blank\" rel=\"noopener\"><img fetchpriority=\"high\" decoding=\"async\" class=\"aligncenter wp-image-196320 size-full\" title=\"MOC-90029-Den-store-b\u00f8lgen-av-Kanagawa-skaperen--MOCFACTORY\" src=\"https:\/\/pay.lpwstore.com\/wp-content\/uploads\/2020\/09\/MOC-90029-The-Great-Wave-off-Kanagawa-Creator-MOCFACTORY.jpg\" alt=\"MOC-90029-The-Great-Wave-off-Kanagawa-Creator--MOCFACTORY\" width=\"800\" height=\"800\" \/><\/a> <img decoding=\"async\" class=\"alignnone size-full wp-image-196321 aligncenter\" src=\"https:\/\/pay.lpwstore.com\/wp-content\/uploads\/2020\/09\/MOC-90029-The-Great-Wave-off-Kanagawa-Creator-MOCFACTORY-2.jpg\" alt=\"MOC-90029-The-Great-Wave-off-Kanagawa-Creator--MOCFACTORY-2\" width=\"800\" height=\"800\" title=\"-\"> <img decoding=\"async\" class=\"alignnone size-full wp-image-196322 aligncenter\" src=\"https:\/\/pay.lpwstore.com\/wp-content\/uploads\/2020\/09\/MOC-90029-The-Great-Wave-off-Kanagawa-Creator-MOCFACTORY-3.jpg\" alt=\"MOC-90029-The-Great-Wave-off-Kanagawa-Creator--MOCFACTORY-3\" width=\"800\" height=\"800\" title=\"-\"> <img loading=\"lazy\" decoding=\"async\" class=\"alignnone size-full wp-image-196323 aligncenter\" src=\"https:\/\/pay.lpwstore.com\/wp-content\/uploads\/2020\/09\/MOC-90029-The-Great-Wave-off-Kanagawa-Creator-MOCFACTORY-4.jpg\" alt=\"MOC-90029-The-Great-Wave-off-Kanagawa-Creator--MOCFACTORY-4\" width=\"800\" height=\"800\" title=\"-\"> <img loading=\"lazy\" decoding=\"async\" class=\"alignnone size-full wp-image-196324 aligncenter\" src=\"https:\/\/pay.lpwstore.com\/wp-content\/uploads\/2020\/09\/MOC-90029-The-Great-Wave-off-Kanagawa-Creator-MOCFACTORY-5.jpg\" alt=\"MOC-90029-The-Great-Wave-off-Kanagawa-Creator--MOCFACTORY-5\" width=\"800\" height=\"800\" title=\"-\"> <img loading=\"lazy\" decoding=\"async\" class=\"alignnone size-full wp-image-196325 aligncenter\" src=\"https:\/\/pay.lpwstore.com\/wp-content\/uploads\/2020\/09\/MOC-90029-The-Great-Wave-off-Kanagawa-Creator-MOCFACTORY-6.jpg\" alt=\"MOC-90029-The-Great-Wave-off-Kanagawa-Creator--MOCFACTORY-6\" width=\"800\" height=\"800\" title=\"-\"><\/p>","protected":false},"excerpt":{"rendered":"<ul>\n<li>Inkludere <strong>3289+<\/strong> stk<\/li>\n<li>Online PDF-instruksjoner<\/li>\n<li>ABS-blokk av h\u00f8y kvalitet<\/li>\n<\/ul>","protected":false},"featured_media":21080,"comment_status":"open","ping_status":"closed","template":"","meta":{"_acf_changed":false},"product_cat":[371],"product_tag":[],"class_list":["product","first","outofstock","shipping-taxable","purchasable","product-type-simple"],"acf":[],"_links":{"self":[{"href":"https:\/\/mouldking.store\/nb\/wp-json\/wp\/v2\/product\/21086","targetHints":{"allow":["GET"]}}],"collection":[{"href":"https:\/\/mouldking.store\/nb\/wp-json\/wp\/v2\/product"}],"about":[{"href":"https:\/\/mouldking.store\/nb\/wp-json\/wp\/v2\/types\/product"}],"replies":[{"embeddable":true,"href":"https:\/\/mouldking.store\/nb\/wp-json\/wp\/v2\/comments?post=21086"}],"wp:featuredmedia":[{"embeddable":true,"href":"https:\/\/mouldking.store\/nb\/wp-json\/wp\/v2\/media\/21080"}],"wp:attachment":[{"href":"https:\/\/mouldking.store\/nb\/wp-json\/wp\/v2\/media?parent=21086"}],"wp:term":[{"taxonomy":"product_cat","embeddable":true,"href":"https:\/\/mouldking.store\/nb\/wp-json\/wp\/v2\/product_cat?post=21086"},{"taxonomy":"product_tag","embeddable":true,"href":"https:\/\/mouldking.store\/nb\/wp-json\/wp\/v2\/product_tag?post=21086"}],"curies":[{"name":"wp","href":"https:\/\/api.w.org\/{rel}","templated":true}]}}