{"id":23862,"date":"2021-10-10T05:04:37","date_gmt":"2021-10-10T05:04:37","guid":{"rendered":"https:\/\/mouldking.store\/shop\/moc-56226-tie-ln-starfighter-ucs-slim-cockpit-star-wars-by-thomin-moc-factory\/"},"modified":"2025-12-25T09:20:19","modified_gmt":"2025-12-25T02:20:19","slug":"moc-56226-tie-ln-starfighter-ucs-slim-cockpit-star-wars-by-thomin-moc-factory","status":"publish","type":"product","link":"https:\/\/mouldking.store\/nb\/shop\/moc-56226-tie-ln-starfighter-ucs-slim-cockpit-star-wars-by-thomin-moc-factory\/","title":{"rendered":"MOC-56226 TIE \/ LN Starfighter UCS (slim cockpit) Star Wars by thomin MOC FACTORY"},"content":{"rendered":"<p style=\"text-align: left;\">MOC-56226 TIE \/ LN Starfighter UCS (slim cockpit) Star Wars by thomin MOC FACTORY is a set in Star Wars collection, designed by thomin. This MOC 56226 comes with PDF instruction which is easy to build and find the missing pieces. The set contains 1266 pieces, first released in 2021.<\/p>\n<p style=\"text-align: left;\"><strong>MERK:<\/strong><\/p>\n<ul style=\"text-align: center;\">\n<li style=\"text-align: left;\"><strong>Fargen p\u00e5 individuelle deler tilsvarer ikke fargen p\u00e5 tegningsdeler, noe som ikke p\u00e5virker utseendet.<\/strong><\/li>\n<li style=\"text-align: left;\"><strong>Vennligst kj\u00f8p n\u00f8ye for de som ikke er bekymret for n\u00f8yaktigheten, fargeforskjellen til husholdningsdeler.<\/strong><\/li>\n<\/ul>\n<figure id=\"attachment_204959\" class=\"wp-caption aligncenter\" style=\"width: 800px;\" aria-describedby=\"caption-attachment-204959\"><figcaption id=\"caption-attachment-204959\" class=\"wp-caption-text\">MOC-56226 TIE \/ LN Starfighter UCS (slim cockpit) Star Wars by thomin MOC FACTORY<\/figcaption><\/figure>\n<p>&nbsp;<\/p>\n<p>&nbsp;<\/p>\n<p>&nbsp;<\/p>","protected":false},"excerpt":{"rendered":"<ul>\n<li>Inkludere\u00a0<strong>1266+<\/strong>\u00a0stk<\/li>\n<li>Online PDF-instruksjoner<\/li>\n<li>ABS-blokk av h\u00f8y kvalitet<\/li>\n<li>Arrange time: 4-7 weeks<\/li>\n<\/ul>","protected":false},"author":83,"featured_media":23857,"comment_status":"open","ping_status":"closed","template":"","meta":{"_acf_changed":false},"product_cat":[415],"product_tag":[],"class_list":["product","first","instock","shipping-taxable","purchasable","product-type-simple"],"acf":[],"_links":{"self":[{"href":"https:\/\/mouldking.store\/nb\/wp-json\/wp\/v2\/product\/23862","targetHints":{"allow":["GET"]}}],"collection":[{"href":"https:\/\/mouldking.store\/nb\/wp-json\/wp\/v2\/product"}],"about":[{"href":"https:\/\/mouldking.store\/nb\/wp-json\/wp\/v2\/types\/product"}],"author":[{"embeddable":true,"href":"https:\/\/mouldking.store\/nb\/wp-json\/wp\/v2\/users\/83"}],"replies":[{"embeddable":true,"href":"https:\/\/mouldking.store\/nb\/wp-json\/wp\/v2\/comments?post=23862"}],"wp:featuredmedia":[{"embeddable":true,"href":"https:\/\/mouldking.store\/nb\/wp-json\/wp\/v2\/media\/23857"}],"wp:attachment":[{"href":"https:\/\/mouldking.store\/nb\/wp-json\/wp\/v2\/media?parent=23862"}],"wp:term":[{"taxonomy":"product_cat","embeddable":true,"href":"https:\/\/mouldking.store\/nb\/wp-json\/wp\/v2\/product_cat?post=23862"},{"taxonomy":"product_tag","embeddable":true,"href":"https:\/\/mouldking.store\/nb\/wp-json\/wp\/v2\/product_tag?post=23862"}],"curies":[{"name":"wp","href":"https:\/\/api.w.org\/{rel}","templated":true}]}}