{"id":23895,"date":"2021-10-10T05:05:32","date_gmt":"2021-10-10T05:05:32","guid":{"rendered":"https:\/\/mouldking.store\/shop\/moc-71664-episode-5-ending-rebel-fleet-star-wars-by-jellco-moc-factory\/"},"modified":"2025-12-25T09:20:19","modified_gmt":"2025-12-25T02:20:19","slug":"moc-71664-episode-5-ending-rebel-fleet-star-wars-by-jellco-moc-factory","status":"publish","type":"product","link":"https:\/\/mouldking.store\/nb\/shop\/moc-71664-episode-5-ending-rebel-fleet-star-wars-by-jellco-moc-factory\/","title":{"rendered":"MOC-71664 EPISODE 5 : Ending&#8230; REBEL FLEET Star Wars by jellco MOC FACTORY"},"content":{"rendered":"<p style=\"text-align: left\">MOC-71664 EPISODE 5 : Ending&#8230; REBEL FLEET Star Wars by jellco MOC FACTORY is a set in Star Wars collection, designed by jellco. This MOC 71664 comes with PDF instruction which is easy to build and find the missing pieces. The set contains 2064 pieces, first released in 2021.<\/p>\n<p style=\"text-align: left\"><strong>MERK:<\/strong><\/p>\n<ul style=\"text-align: center\">\n<li style=\"text-align: left\"><strong>Fargen p\u00e5 individuelle deler tilsvarer ikke fargen p\u00e5 tegningsdeler, noe som ikke p\u00e5virker utseendet.<\/strong><\/li>\n<li style=\"text-align: left\"><strong>Vennligst kj\u00f8p n\u00f8ye for de som ikke er bekymret for n\u00f8yaktigheten, fargeforskjellen til husholdningsdeler.<\/strong><\/li>\n<\/ul>\n<figure id=\"attachment_205070\" aria-describedby=\"caption-attachment-205070\" style=\"width: 800px\" class=\"wp-caption aligncenter\"><a href=\"https:\/\/pay.lpwstore.com\/wp-content\/uploads\/2021\/04\/MOC-71664-EPISODE-5-Ending...-REBEL-FLEET-Star-Wars-by-jellco-MOC-FACTORY.jpg\" target=\"_blank\" rel=\"noopener\"><img fetchpriority=\"high\" decoding=\"async\" class=\"wp-image-205070 size-full\" title=\"MOC-71664 EPISODE 5 : Ending... REBEL FLEET Star Wars by jellco MOC FACTORY\" src=\"https:\/\/pay.lpwstore.com\/wp-content\/uploads\/2021\/04\/MOC-71664-EPISODE-5-Ending...-REBEL-FLEET-Star-Wars-by-jellco-MOC-FACTORY.jpg\" alt=\"MOC-71664 EPISODE 5 : Ending... REBEL FLEET Star Wars by jellco MOC FACTORY\" width=\"800\" height=\"800\" \/><\/a><figcaption id=\"caption-attachment-205070\" class=\"wp-caption-text\">MOC-71664 EPISODE 5 : Ending&#8230; REBEL FLEET Star Wars by jellco MOC FACTORY<\/figcaption><\/figure>\n<p><img decoding=\"async\" class=\"alignnone size-full wp-image-205069 aligncenter\" src=\"https:\/\/pay.lpwstore.com\/wp-content\/uploads\/2021\/04\/MOC-71664-EPISODE-5-Ending...-2jpg.jpg\" alt=\"-\" width=\"800\" height=\"800\" title=\"-\"> <img decoding=\"async\" class=\"alignnone size-full wp-image-205071 aligncenter\" src=\"https:\/\/pay.lpwstore.com\/wp-content\/uploads\/2021\/04\/MOC-71664-EPISODE-5-Ending..-3.jpg\" alt=\"-\" width=\"800\" height=\"800\" title=\"-\"> <img loading=\"lazy\" decoding=\"async\" class=\"alignnone size-full wp-image-205072 aligncenter\" src=\"https:\/\/pay.lpwstore.com\/wp-content\/uploads\/2021\/04\/MOC-71664-EPISODE-5-Ending.4.jpg\" alt=\"-\" width=\"800\" height=\"800\" title=\"-\"> <img loading=\"lazy\" decoding=\"async\" class=\"alignnone size-full wp-image-205073 aligncenter\" src=\"https:\/\/pay.lpwstore.com\/wp-content\/uploads\/2021\/04\/MOC-71664-EPISODE-5-Ending-7.jpg\" alt=\"-\" width=\"800\" height=\"800\" title=\"-\"><\/p>","protected":false},"excerpt":{"rendered":"<ul>\n<li>Inkludere\u00a0<strong>2064+<\/strong>\u00a0stk<\/li>\n<li>Online PDF-instruksjoner<\/li>\n<li>ABS-blokk av h\u00f8y kvalitet<\/li>\n<\/ul>","protected":false},"author":83,"featured_media":23890,"comment_status":"open","ping_status":"closed","template":"","meta":{"_acf_changed":false},"product_cat":[415],"product_tag":[],"class_list":["product","first","outofstock","shipping-taxable","purchasable","product-type-simple"],"acf":[],"_links":{"self":[{"href":"https:\/\/mouldking.store\/nb\/wp-json\/wp\/v2\/product\/23895","targetHints":{"allow":["GET"]}}],"collection":[{"href":"https:\/\/mouldking.store\/nb\/wp-json\/wp\/v2\/product"}],"about":[{"href":"https:\/\/mouldking.store\/nb\/wp-json\/wp\/v2\/types\/product"}],"author":[{"embeddable":true,"href":"https:\/\/mouldking.store\/nb\/wp-json\/wp\/v2\/users\/83"}],"replies":[{"embeddable":true,"href":"https:\/\/mouldking.store\/nb\/wp-json\/wp\/v2\/comments?post=23895"}],"wp:featuredmedia":[{"embeddable":true,"href":"https:\/\/mouldking.store\/nb\/wp-json\/wp\/v2\/media\/23890"}],"wp:attachment":[{"href":"https:\/\/mouldking.store\/nb\/wp-json\/wp\/v2\/media?parent=23895"}],"wp:term":[{"taxonomy":"product_cat","embeddable":true,"href":"https:\/\/mouldking.store\/nb\/wp-json\/wp\/v2\/product_cat?post=23895"},{"taxonomy":"product_tag","embeddable":true,"href":"https:\/\/mouldking.store\/nb\/wp-json\/wp\/v2\/product_tag?post=23895"}],"curies":[{"name":"wp","href":"https:\/\/api.w.org\/{rel}","templated":true}]}}